{"id":2514,"date":"2025-12-24T02:47:22","date_gmt":"2025-12-24T02:47:22","guid":{"rendered":"https:\/\/www.shouyasanitary.com\/?post_type=product&#038;p=2514"},"modified":"2025-12-24T02:47:28","modified_gmt":"2025-12-24T02:47:28","slug":"oem-bathroom-cabinets-with-mirror","status":"publish","type":"product","link":"https:\/\/www.shouyasanitary.com\/de\/produkt\/oem-bathroom-cabinets-with-mirror\/","title":{"rendered":"OEM Bad Schr\u00e4nke mit Spiegel, schwarz vertikal gestreiften Schrank Badezimmer Lieferant"},"content":{"rendered":"<div class=\"wp-block-columns is-layout-flex wp-container-core-columns-is-layout-9d6595d7 wp-block-columns-is-layout-flex\">\n<div class=\"wp-block-column is-layout-flow wp-block-column-is-layout-flow\">\n<h2 class=\"wp-block-heading\">Eigenschaften von Badezimmerschr\u00e4nken mit Spiegel:<\/h2>\n\n\n\n<p><strong>Ausgezeichnete Plastizit\u00e4t bei der Nachbildung von Texturen<\/strong>: Mit der hohen Plastizit\u00e4t des PVC-Materials wird das Geh\u00e4use mit der exquisiten Textur des Metallgitters und der tiefen Kaffeemetalltextur nachgebildet, mit scharfen und raffinierten Linien, die die visuellen Grenzen des PVC-Materials durchbrechen und die \u00e4sthetischen Anforderungen des minimalistischen Designs perfekt erf\u00fcllen.<\/p>\n\n\n\n<p><strong>Feuchtigkeitsresistent und langlebig:<\/strong> PVC-Material hat hervorragende wasser- und feuchtigkeitsbest\u00e4ndige Eigenschaften, die mit der feuchten Umgebung im Badezimmer problemlos zurechtkommen. Es verursacht keine Verformung oder Schimmelprobleme in Massivholzschr\u00e4nken.<\/p>\n\n\n\n<p><strong>Integriertes Keramik-Waschbecken<\/strong>: Durch die t\u00e4gliche Reinigung mit einem feuchten Tuch bleibt der Schrank sauber und neu, und das bei extrem niedrigen Wartungskosten.<\/p>\n\n\n\n<p><strong>Leichter und sicherer Einbau<\/strong>: Das PVC-Material ist leicht, was die Installation von H\u00e4ngeschr\u00e4nken erleichtert. Gleichzeitig ist die Schrankstruktur stabil und die Tragf\u00e4higkeit entspricht der Norm.<\/p>\n\n\n\n<p><strong>Anpassungsl\u00f6sungen:<\/strong> Unterst\u00fctzt die individuelle Anpassung von Gr\u00f6\u00dfe, Farbe, Material, strukturellem Layout und Spiegelschrank-\/Beleuchtungskonfiguration. Wir k\u00f6nnen komplette L\u00f6sungen f\u00fcr Badezimmerschr\u00e4nke anbieten, die auf unterschiedlichen Marktpositionen, Platzanforderungen und Markenstilen basieren und den Zyklus der Einf\u00fchrung neuer Produkte verk\u00fcrzen. Durch die Aufh\u00e4ngung wird nicht nur Platz auf dem Boden gewonnen, sondern auch das Risiko der Verformung und Abl\u00f6sung des Schranks aufgrund von Feuchtigkeit verringert.<\/p>\n<\/div>\n\n\n\n<div class=\"wp-block-column is-layout-flow wp-block-column-is-layout-flow\"><div class=\"wp-block-image\">\n<figure class=\"aligncenter size-full\"><img decoding=\"async\" width=\"700\" height=\"700\" src=\"https:\/\/www.shouyasanitary.com\/wp-content\/uploads\/2025\/12\/custom-bathroom-cabinets-with-mirror.webp\" alt=\"Kundenspezifische Badezimmerschr\u00e4nke mit Spiegel\" class=\"wp-image-2515\" style=\"object-fit:cover\" srcset=\"https:\/\/www.shouyasanitary.com\/wp-content\/uploads\/2025\/12\/custom-bathroom-cabinets-with-mirror.webp 700w, https:\/\/www.shouyasanitary.com\/wp-content\/uploads\/2025\/12\/custom-bathroom-cabinets-with-mirror-300x300.webp 300w, https:\/\/www.shouyasanitary.com\/wp-content\/uploads\/2025\/12\/custom-bathroom-cabinets-with-mirror-150x150.webp 150w, https:\/\/www.shouyasanitary.com\/wp-content\/uploads\/2025\/12\/custom-bathroom-cabinets-with-mirror-12x12.webp 12w, https:\/\/www.shouyasanitary.com\/wp-content\/uploads\/2025\/12\/custom-bathroom-cabinets-with-mirror-600x600.webp 600w, https:\/\/www.shouyasanitary.com\/wp-content\/uploads\/2025\/12\/custom-bathroom-cabinets-with-mirror-100x100.webp 100w\" sizes=\"(max-width: 700px) 100vw, 700px\" \/><\/figure>\n<\/div><\/div>\n<\/div>","protected":false},"excerpt":{"rendered":"<p>OEM-Badschr\u00e4nke mit Spiegeln aus dunkelgrauem PVC, kombiniert mit einem Stauraumsystem, LED-Beleuchtung und einer Arbeitsplatte aus Plattenmaterial, schaffen eine Badl\u00f6sung, die anspruchsvolle \u00c4sthetik mit praktischer Funktionalit\u00e4t verbindet. Kontaktieren Sie uns f\u00fcr L\u00f6sungen!<\/p>\n<h2>Badezimmerschr\u00e4nke mit Spiegel Attribute\uff1a<\/h2>\n<p><strong><br \/>Material des Geh\u00e4uses:<\/strong> PVC<br \/><strong>Farbe des Geh\u00e4uses: <\/strong>Schwarz<br \/><strong>Spiegel:<\/strong> LED-Spiegel (3,5 mm\/3,8 mm), dreifarbige Beleuchtung, One-Touch-Entfogging, gesichert mit mehrlagiger Schaumstoffverpackung<br \/><strong>Installationsart:<\/strong>\u00a0Wandbefestigung<br \/><strong>Abmessungen (L\u00d7B\u00d7H):<\/strong> 100*47*50 cm<br \/><strong>Bruttogewicht:<\/strong> 33kg\/Satz<\/p>\n<h2>Anpassung &amp; Dienstleistungen:<\/h2>\n<p><strong>OEM &amp; ODM<\/strong>: Unterst\u00fctzt<br \/><strong>Gestaltung<\/strong>: Frei<br \/><strong>Zubeh\u00f6r<\/strong>: Waschbecken, Spiegel, Armaturen und anderes Badzubeh\u00f6r<br \/><strong>Verpacken<\/strong>: Einbaufertig<\/p>","protected":false},"featured_media":2515,"comment_status":"closed","ping_status":"closed","template":"","meta":{"_acf_changed":false},"product_brand":[],"product_cat":[24],"product_tag":[],"class_list":{"0":"post-2514","1":"product","2":"type-product","3":"status-publish","4":"has-post-thumbnail","6":"product_cat-wholesale-pvc-bathroom-vanity-cabinets","8":"first","9":"instock","10":"shipping-taxable","11":"product-type-simple"},"acf":[],"_links":{"self":[{"href":"https:\/\/www.shouyasanitary.com\/de\/wp-json\/wp\/v2\/product\/2514","targetHints":{"allow":["GET"]}}],"collection":[{"href":"https:\/\/www.shouyasanitary.com\/de\/wp-json\/wp\/v2\/product"}],"about":[{"href":"https:\/\/www.shouyasanitary.com\/de\/wp-json\/wp\/v2\/types\/product"}],"replies":[{"embeddable":true,"href":"https:\/\/www.shouyasanitary.com\/de\/wp-json\/wp\/v2\/comments?post=2514"}],"wp:featuredmedia":[{"embeddable":true,"href":"https:\/\/www.shouyasanitary.com\/de\/wp-json\/wp\/v2\/media\/2515"}],"wp:attachment":[{"href":"https:\/\/www.shouyasanitary.com\/de\/wp-json\/wp\/v2\/media?parent=2514"}],"wp:term":[{"taxonomy":"product_brand","embeddable":true,"href":"https:\/\/www.shouyasanitary.com\/de\/wp-json\/wp\/v2\/product_brand?post=2514"},{"taxonomy":"product_cat","embeddable":true,"href":"https:\/\/www.shouyasanitary.com\/de\/wp-json\/wp\/v2\/product_cat?post=2514"},{"taxonomy":"product_tag","embeddable":true,"href":"https:\/\/www.shouyasanitary.com\/de\/wp-json\/wp\/v2\/product_tag?post=2514"}],"curies":[{"name":"wp","href":"https:\/\/api.w.org\/{rel}","templated":true}]}}