{"id":2518,"date":"2025-12-24T03:28:54","date_gmt":"2025-12-24T03:28:54","guid":{"rendered":"https:\/\/www.shouyasanitary.com\/?post_type=product&#038;p=2518"},"modified":"2025-12-24T03:29:00","modified_gmt":"2025-12-24T03:29:00","slug":"brown-bathroom-vanity-wholesale","status":"publish","type":"product","link":"https:\/\/www.shouyasanitary.com\/de\/produkt\/brown-bathroom-vanity-wholesale\/","title":{"rendered":"Nussbaumbraune Badezimmer-Eitelkeit Gro\u00dfhandel, schwarzes keramisches Becken &amp; Led-Spiegel Runde benutzerdefinierte"},"content":{"rendered":"<div class=\"wp-block-columns is-layout-flex wp-container-core-columns-is-layout-9d6595d7 wp-block-columns-is-layout-flex\">\n<div class=\"wp-block-column is-layout-flow wp-block-column-is-layout-flow\">\n<h2 class=\"wp-block-heading\">Eigenschaften des braunen Badezimmer-Waschbeckens\uff1a<\/h2>\n\n\n\n<p><strong>Modernes Design:\u00a0<\/strong>Die Verwendung von Walnussbraun verleiht dem Ganzen einen modernen Stil. Die Textur ist deutlich sichtbar und wird mit einer schwarzen Arbeitsplatte kombiniert, wodurch eine hochwertige und luxuri\u00f6se Atmosph\u00e4re im Badezimmer entsteht.<\/p>\n\n\n\n<p><strong>Exquisite Textur:\u00a0<\/strong>Der Nussbaumschrank ist mit einem Keramikbecken ausgestattet. Er ist nicht nur sch\u00f6n, sondern auch von guter Qualit\u00e4t. Das PVC-Material des Schranks ist feuchtigkeitsbest\u00e4ndig und verformungsbest\u00e4ndig.<\/p>\n\n\n\n<p><strong>Raumfreundlich:<\/strong>\u00a0Kompakte Gr\u00f6\u00dfe, geeignet f\u00fcr kleine bis mittelgro\u00dfe B\u00e4der. Das wandmontierte Design macht den Boden frei. Es spart Platz im Bad und macht es f\u00fcr uns bequem zu reinigen.<\/p>\n\n\n\n<p><strong>Hochwertige Sp\u00fcle: <\/strong>Das schwarze Keramikbecken wird bei hoher Temperatur gebrannt und hat keine L\u00fccken oder toten Ecken. Es ist schmutzabweisend und kratzfest. Flecken k\u00f6nnen leicht abgewischt werden und bleiben sauber.<\/p>\n\n\n\n<p><strong>Reichlich Stauraum:\u00a0<\/strong>Doppeltes Schubladendesign, verdeckte U-f\u00f6rmige Griffe, eingebaute Trenngitter, in denen allt\u00e4gliche Dinge wie Toilettenartikel und Hautpflegeprodukte leicht untergebracht werden k\u00f6nnen.<\/p>\n\n\n\n<p><strong>OEM \/ ODM-Dienstleistung:<\/strong> Shouyas ausgereiftes OEM\/ODM-Produktionssystem, das in der Lage ist, Auftragsfertigung nach den Markenstandards des Kunden durchzuf\u00fchren, unterst\u00fctzt die differenzierte Gestaltung von LOGO und Produktdetails und hilft Kunden, ihre eigenen Markenlinien schnell zu etablieren oder zu erweitern.<\/p>\n<\/div>\n\n\n\n<div class=\"wp-block-column is-layout-flow wp-block-column-is-layout-flow\"><div class=\"wp-block-image\">\n<figure class=\"aligncenter size-full\"><img decoding=\"async\" width=\"700\" height=\"700\" src=\"https:\/\/www.shouyasanitary.com\/wp-content\/uploads\/2025\/12\/bulk-purchases-bathroom-cabinet.webp\" alt=\"Gro\u00dfeinkauf Badezimmerschrank\" class=\"wp-image-2519\" style=\"object-fit:cover\" srcset=\"https:\/\/www.shouyasanitary.com\/wp-content\/uploads\/2025\/12\/bulk-purchases-bathroom-cabinet.webp 700w, https:\/\/www.shouyasanitary.com\/wp-content\/uploads\/2025\/12\/bulk-purchases-bathroom-cabinet-300x300.webp 300w, https:\/\/www.shouyasanitary.com\/wp-content\/uploads\/2025\/12\/bulk-purchases-bathroom-cabinet-150x150.webp 150w, https:\/\/www.shouyasanitary.com\/wp-content\/uploads\/2025\/12\/bulk-purchases-bathroom-cabinet-12x12.webp 12w, https:\/\/www.shouyasanitary.com\/wp-content\/uploads\/2025\/12\/bulk-purchases-bathroom-cabinet-600x600.webp 600w, https:\/\/www.shouyasanitary.com\/wp-content\/uploads\/2025\/12\/bulk-purchases-bathroom-cabinet-100x100.webp 100w\" sizes=\"(max-width: 700px) 100vw, 700px\" \/><\/figure>\n<\/div><\/div>\n<\/div>","protected":false},"excerpt":{"rendered":"<p>Premium braune Badezimmer Waschtisch Gro\u00dfhandel, mit modernem Design mit echtem Nussbaum Akzente, PVC und glatte Keramik Waschbecken, ideal f\u00fcr die Schaffung von Unterschrift Badezimmer R\u00e4ume. Wir unterst\u00fctzen komplette OEM\/ODM Dienstleistungen. Kontaktieren Sie uns noch heute f\u00fcr Angebote und Katalogdetails.<\/p>\n<h2>Braunes Badezimmer Eitelkeit Attribute\uff1a<\/h2>\n<p><strong><br \/>Material des Geh\u00e4uses:<\/strong> PVC<br \/><strong>Farbe des Geh\u00e4uses:<\/strong> Braun<br \/><strong>Spiegel:<\/strong> LED-Spiegel (3,5 mm\/3,8 mm), dreifarbige Beleuchtung, One-Touch-Entfogging, gesichert mit mehrlagiger Schaumstoffverpackung<br \/><strong>Installationsart:<\/strong>\u00a0Wandbefestigung<br \/><strong>Abmessungen (L\u00d7B\u00d7H):<\/strong> 60x47x48 cm<br \/><strong>Bruttogewicht:<\/strong> 30kg\/Satz<\/p>\n<h2>Anpassung &amp; Dienstleistungen:<\/h2>\n<p><strong>OEM &amp; ODM<\/strong>: Unterst\u00fctzt<br \/><strong>Gestaltung<\/strong>: Frei<br \/><strong>Zubeh\u00f6r<\/strong>: Waschbecken, Spiegel, Armaturen und anderes Badzubeh\u00f6r<br \/><strong>Verpacken<\/strong>: Einbaufertig<\/p>","protected":false},"featured_media":2519,"comment_status":"closed","ping_status":"closed","template":"","meta":{"_acf_changed":true},"product_brand":[],"product_cat":[24],"product_tag":[],"class_list":{"0":"post-2518","1":"product","2":"type-product","3":"status-publish","4":"has-post-thumbnail","6":"product_cat-wholesale-pvc-bathroom-vanity-cabinets","8":"first","9":"instock","10":"shipping-taxable","11":"product-type-simple"},"acf":[],"_links":{"self":[{"href":"https:\/\/www.shouyasanitary.com\/de\/wp-json\/wp\/v2\/product\/2518","targetHints":{"allow":["GET"]}}],"collection":[{"href":"https:\/\/www.shouyasanitary.com\/de\/wp-json\/wp\/v2\/product"}],"about":[{"href":"https:\/\/www.shouyasanitary.com\/de\/wp-json\/wp\/v2\/types\/product"}],"replies":[{"embeddable":true,"href":"https:\/\/www.shouyasanitary.com\/de\/wp-json\/wp\/v2\/comments?post=2518"}],"wp:featuredmedia":[{"embeddable":true,"href":"https:\/\/www.shouyasanitary.com\/de\/wp-json\/wp\/v2\/media\/2519"}],"wp:attachment":[{"href":"https:\/\/www.shouyasanitary.com\/de\/wp-json\/wp\/v2\/media?parent=2518"}],"wp:term":[{"taxonomy":"product_brand","embeddable":true,"href":"https:\/\/www.shouyasanitary.com\/de\/wp-json\/wp\/v2\/product_brand?post=2518"},{"taxonomy":"product_cat","embeddable":true,"href":"https:\/\/www.shouyasanitary.com\/de\/wp-json\/wp\/v2\/product_cat?post=2518"},{"taxonomy":"product_tag","embeddable":true,"href":"https:\/\/www.shouyasanitary.com\/de\/wp-json\/wp\/v2\/product_tag?post=2518"}],"curies":[{"name":"wp","href":"https:\/\/api.w.org\/{rel}","templated":true}]}}