{"id":2535,"date":"2026-01-09T09:07:13","date_gmt":"2026-01-09T09:07:13","guid":{"rendered":"https:\/\/www.shouyasanitary.com\/?post_type=product&#038;p=2535"},"modified":"2026-01-09T09:12:04","modified_gmt":"2026-01-09T09:12:04","slug":"oem-bathroom-vanities-and-sinks","status":"publish","type":"product","link":"https:\/\/www.shouyasanitary.com\/de\/produkt\/oem-bathroom-vanities-and-sinks\/","title":{"rendered":"OEM Badezimmer Eitelkeiten und Waschbecken, Wandh\u00e4ngende Badezimmerschrank mit Spiegel Schubladen Khaki Lieferant"},"content":{"rendered":"<div class=\"wp-block-columns is-layout-flex wp-container-core-columns-is-layout-9d6595d7 wp-block-columns-is-layout-flex\">\n<div class=\"wp-block-column is-layout-flow wp-block-column-is-layout-flow\">\n<h2 class=\"wp-block-heading\">Eigenschaften von Badezimmer-Eitelkeiten und Waschbecken\uff1a<\/h2>\n\n\n\n<p><strong>Warm \u00c4u\u00dferes Erscheinungsbild: <\/strong>Schwebender Waschtisch in creme-beige mit modernem und luxuri\u00f6sem Stil, geeignet f\u00fcr die meisten Badezimmer.<\/p>\n\n\n\n<p><strong>Langlebig und wasserdicht: <\/strong>Hergestellt aus hochwertigem PVC, feuchtigkeitsbest\u00e4ndig und ideal f\u00fcr feuchte Badezimmerumgebungen, gew\u00e4hrleistet es eine lange Lebensdauer bei Gro\u00dfanlagen.<\/p>\n\n\n\n<p><strong>Platzsparende h\u00e4ngende Konstruktion<\/strong>: Wandmontage mit linkem Schrank mit vertikalem Muster und zwei Schubladen auf der rechten Seite f\u00fcr eine \u00fcbersichtliche und geordnete Aufbewahrung.<\/p>\n\n\n\n<p><strong>Smart-Spiegelkabinett<\/strong>: LED-Spiegel mit Umgebungsbeleuchtung, Dual-Touch-LED, Anti-Beschlag-Funktion und Zeitanzeige - hochwertig und voll funktionsf\u00e4hig.<\/p>\n\n\n\n<p><strong>Praktische Lagerung: <\/strong>Im linken Schrank werden gro\u00dfe Gegenst\u00e4nde wie Handt\u00fccher oder Waschmittel aufbewahrt; in den rechten Schubladen werden kleine Gegenst\u00e4nde wie Zahnb\u00fcrsten und Hautpflegeprodukte aufbewahrt; auf der Arbeitsplatte werden die Dinge des t\u00e4glichen Bedarfs untergebracht.<\/p>\n\n\n\n<p><strong>Bulk &amp; Project Ready:<\/strong> Standardisiertes Design und hochwertiges Material machen es geeignet f\u00fcr die Massenproduktion, schnelle Lieferung und einfache Installation, perfekt f\u00fcr Gro\u00dfhandel und technische Projekte.<\/p>\n<\/div>\n\n\n\n<div class=\"wp-block-column is-layout-flow wp-block-column-is-layout-flow\"><div class=\"wp-block-image\">\n<figure class=\"aligncenter size-full\"><img decoding=\"async\" width=\"700\" height=\"700\" src=\"https:\/\/www.shouyasanitary.com\/wp-content\/uploads\/2025\/12\/bulk-purchase-good-quality-bathroom-cabinet-vanity.jpg\" alt=\"Gro\u00dfeinkauf gute Qualit\u00e4t Badezimmerschrank Eitelkeit\" class=\"wp-image-2536\" style=\"object-fit:cover\" srcset=\"https:\/\/www.shouyasanitary.com\/wp-content\/uploads\/2025\/12\/bulk-purchase-good-quality-bathroom-cabinet-vanity.jpg 700w, https:\/\/www.shouyasanitary.com\/wp-content\/uploads\/2025\/12\/bulk-purchase-good-quality-bathroom-cabinet-vanity-300x300.jpg 300w, https:\/\/www.shouyasanitary.com\/wp-content\/uploads\/2025\/12\/bulk-purchase-good-quality-bathroom-cabinet-vanity-150x150.jpg 150w, https:\/\/www.shouyasanitary.com\/wp-content\/uploads\/2025\/12\/bulk-purchase-good-quality-bathroom-cabinet-vanity-12x12.jpg 12w, https:\/\/www.shouyasanitary.com\/wp-content\/uploads\/2025\/12\/bulk-purchase-good-quality-bathroom-cabinet-vanity-600x600.jpg 600w, https:\/\/www.shouyasanitary.com\/wp-content\/uploads\/2025\/12\/bulk-purchase-good-quality-bathroom-cabinet-vanity-100x100.jpg 100w\" sizes=\"(max-width: 700px) 100vw, 700px\" \/><\/figure>\n<\/div><\/div>\n<\/div>","protected":false},"excerpt":{"rendered":"<p>OEM-Badezimmer Eitelkeiten und Waschbecken mit wasserdichten PVC-Geh\u00e4use, mit Standard-Gr\u00f6\u00dfe, eine leicht zu pflegen Keramik-Becken und einem gro\u00dfen quadratischen LED-Spiegel mit Anti-Beschlag, und organisierte Lagerung. Shouya Fabrik Versorgung gew\u00e4hrleistet Qualit\u00e4t und Lieferung, ideal f\u00fcr Gro\u00dfhandel &amp; Projekte. Kontaktieren Sie uns f\u00fcr ein Angebot.<\/p>\n<h2>Badezimmer Eitelkeiten und Waschbecken Attribute\uff1a<\/h2>\n<p><strong><br \/>Material des Geh\u00e4uses:<\/strong> PVC<br \/><strong>Farbe des Geh\u00e4uses: <\/strong>Khaki<br \/><strong>Spiegel:<\/strong> LED-Spiegel (3,5 mm\/3,8 mm), dreifarbige Beleuchtung, One-Touch-Entfogging, gesichert mit mehrlagiger Schaumstoffverpackung<br \/><strong>Installationsart:<\/strong>\u00a0Wandbefestigung<br \/><strong>Abmessungen (L\u00d7B\u00d7H):<\/strong> 100*47*50 cm<br \/><strong>Bruttogewicht:<\/strong> 35kg\/Satz<\/p>\n<h2>Anpassung &amp; Dienstleistungen:<\/h2>\n<p><strong>OEM &amp; ODM<\/strong>: Unterst\u00fctzt<br \/><strong>Gestaltung<\/strong>: Frei<br \/><strong>Zubeh\u00f6r<\/strong>: Waschbecken, Spiegel, Armaturen und anderes Badzubeh\u00f6r<br \/><strong>Verpacken<\/strong>: Einbaufertig<\/p>","protected":false},"featured_media":2536,"comment_status":"closed","ping_status":"closed","template":"","meta":{"_acf_changed":true},"product_brand":[],"product_cat":[24],"product_tag":[],"class_list":{"0":"post-2535","1":"product","2":"type-product","3":"status-publish","4":"has-post-thumbnail","6":"product_cat-wholesale-pvc-bathroom-vanity-cabinets","8":"first","9":"instock","10":"shipping-taxable","11":"product-type-simple"},"acf":[],"_links":{"self":[{"href":"https:\/\/www.shouyasanitary.com\/de\/wp-json\/wp\/v2\/product\/2535","targetHints":{"allow":["GET"]}}],"collection":[{"href":"https:\/\/www.shouyasanitary.com\/de\/wp-json\/wp\/v2\/product"}],"about":[{"href":"https:\/\/www.shouyasanitary.com\/de\/wp-json\/wp\/v2\/types\/product"}],"replies":[{"embeddable":true,"href":"https:\/\/www.shouyasanitary.com\/de\/wp-json\/wp\/v2\/comments?post=2535"}],"wp:featuredmedia":[{"embeddable":true,"href":"https:\/\/www.shouyasanitary.com\/de\/wp-json\/wp\/v2\/media\/2536"}],"wp:attachment":[{"href":"https:\/\/www.shouyasanitary.com\/de\/wp-json\/wp\/v2\/media?parent=2535"}],"wp:term":[{"taxonomy":"product_brand","embeddable":true,"href":"https:\/\/www.shouyasanitary.com\/de\/wp-json\/wp\/v2\/product_brand?post=2535"},{"taxonomy":"product_cat","embeddable":true,"href":"https:\/\/www.shouyasanitary.com\/de\/wp-json\/wp\/v2\/product_cat?post=2535"},{"taxonomy":"product_tag","embeddable":true,"href":"https:\/\/www.shouyasanitary.com\/de\/wp-json\/wp\/v2\/product_tag?post=2535"}],"curies":[{"name":"wp","href":"https:\/\/api.w.org\/{rel}","templated":true}]}}