{"id":2539,"date":"2026-01-19T10:05:50","date_gmt":"2026-01-19T10:05:50","guid":{"rendered":"https:\/\/www.shouyasanitary.com\/?post_type=product&#038;p=2539"},"modified":"2026-01-19T10:06:13","modified_gmt":"2026-01-19T10:06:13","slug":"custom-bathroom-vanity-with-sinks","status":"publish","type":"product","link":"https:\/\/www.shouyasanitary.com\/de\/produkt\/custom-bathroom-vanity-with-sinks\/","title":{"rendered":"Benutzerdefinierte Badezimmer Eitelkeit mit Waschbecken, gr\u00fcn Badezimmer Schrank Quadrat LED Spiegel Lieferant"},"content":{"rendered":"<div class=\"wp-block-columns is-layout-flex wp-container-core-columns-is-layout-9d6595d7 wp-block-columns-is-layout-flex\">\n<div class=\"wp-block-column is-layout-flow wp-block-column-is-layout-flow\">\n<h2 class=\"wp-block-heading\">Eigenschaften von Badezimmer-Waschtisch mit Waschbecken\uff1a<\/h2>\n\n\n\n<p><strong>Hochwertiges wasserdichtes PVC-Material:<\/strong> Hergestellt aus umweltfreundlichen PVC-Folien, ist es feuchtigkeits- und schimmelbest\u00e4ndig sowie verformungsbest\u00e4ndig und eignet sich f\u00fcr Badezimmer mit hoher Luftfeuchtigkeit. Er ist langlebig und leicht zu pflegen.<\/p>\n\n\n\n<p><strong>Platzsparend<\/strong>: Die Wandmontage verbessert das Raumgef\u00fchl im Bad, ist leicht zu reinigen und verleiht ihm eine moderne, minimalistische \u00c4sthetik.<\/p>\n\n\n\n<p><strong>Optimierte Speicherung:<\/strong> Das doppellagige Schubladendesign mit rationeller Raumaufteilung erleichtert die kategorisierte Aufbewahrung von Toilettenartikeln und sorgt f\u00fcr Ordnung im Badezimmer.<\/p>\n\n\n\n<p><strong>Individuelles integriertes Waschbecken<\/strong>: Im Lieferumfang ist ein passendes Keramik-Waschbecken enthalten. Die Installation ist bequem, und die Gr\u00f6\u00dfe kann je nach Projektbedarf angepasst werden. Massenanpassung wird unterst\u00fctzt.<\/p>\n\n\n\n<p><strong>Moderner quadratischer LED-Spiegel:<\/strong> Das quadratische Design des LED-Spiegels sorgt f\u00fcr ein weiches und gleichm\u00e4\u00dfiges Licht, das Dekoration und Zweckm\u00e4\u00dfigkeit miteinander verbindet und den Gesamtstil des Badezimmers aufwertet.<\/p>\n\n\n\n<p><strong>Anpassungsdienste f\u00fcr B2B-Projektanforderungen verf\u00fcgbar<\/strong>: Verschiedene Gr\u00f6\u00dfen und gr\u00fcne PVC-Farben stehen f\u00fcr die individuelle Gestaltung zur Verf\u00fcgung und eignen sich f\u00fcr Hotels, Wohnh\u00e4user und kommerzielle Projekte. Die Produktion in gro\u00dfen Mengen wird unterst\u00fctzt, um die verschiedenen Marktanforderungen zu erf\u00fcllen.<\/p>\n<\/div>\n\n\n\n<div class=\"wp-block-column is-layout-flow wp-block-column-is-layout-flow\"><div class=\"wp-block-image\">\n<figure class=\"aligncenter size-full\"><img decoding=\"async\" width=\"700\" height=\"700\" src=\"https:\/\/www.shouyasanitary.com\/wp-content\/uploads\/2025\/12\/custom-service-bathroom-cabinet-vanity.jpg\" alt=\"kundenservice badezimmerschrank eitelkeit\" class=\"wp-image-2540\" style=\"object-fit:cover\" srcset=\"https:\/\/www.shouyasanitary.com\/wp-content\/uploads\/2025\/12\/custom-service-bathroom-cabinet-vanity.jpg 700w, https:\/\/www.shouyasanitary.com\/wp-content\/uploads\/2025\/12\/custom-service-bathroom-cabinet-vanity-300x300.jpg 300w, https:\/\/www.shouyasanitary.com\/wp-content\/uploads\/2025\/12\/custom-service-bathroom-cabinet-vanity-150x150.jpg 150w, https:\/\/www.shouyasanitary.com\/wp-content\/uploads\/2025\/12\/custom-service-bathroom-cabinet-vanity-12x12.jpg 12w, https:\/\/www.shouyasanitary.com\/wp-content\/uploads\/2025\/12\/custom-service-bathroom-cabinet-vanity-600x600.jpg 600w, https:\/\/www.shouyasanitary.com\/wp-content\/uploads\/2025\/12\/custom-service-bathroom-cabinet-vanity-100x100.jpg 100w\" sizes=\"(max-width: 700px) 100vw, 700px\" \/><\/figure>\n<\/div><\/div>\n<\/div>","protected":false},"excerpt":{"rendered":"<p>Ma\u00dfgeschneiderter Badezimmer-Waschtisch mit Waschbecken aus gr\u00fcnem PVC, 100 cm lang, wandmontiert, mit praktischem LED-Spiegel und zwei Schubladen, perfekt f\u00fcr B2B-Projekte. Kontaktieren Sie uns f\u00fcr Gro\u00dfhandelsanpassung!<\/p>\n<h2>Badezimmer Waschtisch mit Waschbecken Attribute\uff1a<\/h2>\n<p><strong>Material des Geh\u00e4uses<\/strong>: PVC<br \/><strong>Farbe des Geh\u00e4uses:<\/strong> Gr\u00fcn<br \/><strong>Spiegel:<\/strong> LED-Spiegel (3,5 mm\/3,8 mm), dreifarbige Beleuchtung, One-Touch-Entfogging, gesichert mit mehrlagiger Schaumstoffverpackung<br \/><strong>Installationsart:<\/strong>\u00a0Wandbefestigung<br \/><strong>Abmessungen (L\u00d7B\u00d7H):<\/strong> 100*47*52 cm<br \/><strong>Bruttogewicht:<\/strong> 33kg\/Satz<\/p>\n<h2>Anpassung &amp; Dienstleistungen:<\/h2>\n<p><strong>OEM &amp; ODM<\/strong>: Unterst\u00fctzt<br \/><strong>Gestaltung<\/strong>: Frei<br \/><strong>Zubeh\u00f6r<\/strong>: Waschbecken, Spiegel, Armaturen und anderes Badzubeh\u00f6r<br \/><strong>Verpacken<\/strong>: Einbaufertig<\/p>","protected":false},"featured_media":2540,"comment_status":"closed","ping_status":"closed","template":"","meta":{"_acf_changed":false},"product_brand":[],"product_cat":[24],"product_tag":[],"class_list":{"0":"post-2539","1":"product","2":"type-product","3":"status-publish","4":"has-post-thumbnail","6":"product_cat-wholesale-pvc-bathroom-vanity-cabinets","8":"first","9":"instock","10":"shipping-taxable","11":"product-type-simple"},"acf":[],"_links":{"self":[{"href":"https:\/\/www.shouyasanitary.com\/de\/wp-json\/wp\/v2\/product\/2539","targetHints":{"allow":["GET"]}}],"collection":[{"href":"https:\/\/www.shouyasanitary.com\/de\/wp-json\/wp\/v2\/product"}],"about":[{"href":"https:\/\/www.shouyasanitary.com\/de\/wp-json\/wp\/v2\/types\/product"}],"replies":[{"embeddable":true,"href":"https:\/\/www.shouyasanitary.com\/de\/wp-json\/wp\/v2\/comments?post=2539"}],"wp:featuredmedia":[{"embeddable":true,"href":"https:\/\/www.shouyasanitary.com\/de\/wp-json\/wp\/v2\/media\/2540"}],"wp:attachment":[{"href":"https:\/\/www.shouyasanitary.com\/de\/wp-json\/wp\/v2\/media?parent=2539"}],"wp:term":[{"taxonomy":"product_brand","embeddable":true,"href":"https:\/\/www.shouyasanitary.com\/de\/wp-json\/wp\/v2\/product_brand?post=2539"},{"taxonomy":"product_cat","embeddable":true,"href":"https:\/\/www.shouyasanitary.com\/de\/wp-json\/wp\/v2\/product_cat?post=2539"},{"taxonomy":"product_tag","embeddable":true,"href":"https:\/\/www.shouyasanitary.com\/de\/wp-json\/wp\/v2\/product_tag?post=2539"}],"curies":[{"name":"wp","href":"https:\/\/api.w.org\/{rel}","templated":true}]}}