{"id":2543,"date":"2026-01-19T10:50:56","date_gmt":"2026-01-19T10:50:56","guid":{"rendered":"https:\/\/www.shouyasanitary.com\/?post_type=product&#038;p=2543"},"modified":"2026-01-20T01:21:37","modified_gmt":"2026-01-20T01:21:37","slug":"wholesale-pvc-bathroom-cabinet","status":"publish","type":"product","link":"https:\/\/www.shouyasanitary.com\/de\/produkt\/wholesale-pvc-bathroom-cabinet\/","title":{"rendered":"Gro\u00dfhandel PVC Badezimmer Kabinett, schwimmende Badezimmer Eitelkeit f\u00fcr Hotel Lieferant"},"content":{"rendered":"<div class=\"wp-block-columns is-layout-flex wp-container-core-columns-is-layout-9d6595d7 wp-block-columns-is-layout-flex\">\n<div class=\"wp-block-column is-layout-flow wp-block-column-is-layout-flow\">\n<h2 class=\"wp-block-heading\">Merkmale des PVC-Badeschranks:<\/h2>\n\n\n\n<p><strong>Feuchtigkeits- und korrosionsbest\u00e4ndig<\/strong>: PVC-Material verf\u00fcgt von Natur aus \u00fcber ausgezeichnete wasser- und feuchtigkeitsdichte Eigenschaften und hat keine Angst vor Feuchtigkeit und N\u00e4sse im Badezimmer. Langfristiger Gebrauch verursacht keine Probleme mit Verformung, Schimmel oder Verfall. Im Vergleich zu Holzschr\u00e4nken ist es haltbarer und eignet sich besonders f\u00fcr feuchte Gebiete im S\u00fcden oder schlecht bel\u00fcftete Badezimmer.<\/p>\n\n\n\n<p><strong>Doppeleffizientes Speichersystem<\/strong>: Der oben integrierte intelligente Spiegelschrank bietet nicht nur eine gleichm\u00e4\u00dfige LED-Schminkbeleuchtung, sondern erweitert auch den Stauraum entlang der Wand, was die Nutzung von kleinen R\u00e4umen erheblich verbessert. Die Doppelschubladen im unteren Bereich bieten eine gro\u00dfe Kapazit\u00e4t f\u00fcr die kategorisierte Aufbewahrung von Badutensilien und sorgen f\u00fcr Ordnung auf der Arbeitsfl\u00e4che.<\/p>\n\n\n\n<p><strong>Leicht und robust<\/strong>: Das PVC-Plattenmaterial ist leicht und dennoch strukturell stabil, wodurch ein H\u00e4ngeschrank entsteht, der den tragenden Druck auf die Wand reduziert und die Installation erheblich erleichtert. Ideal f\u00fcr Hotels, Wohnungen und gewerbliche Projekte.<\/p>\n\n\n\n<p><strong>schmutzabweisend, pflegeleicht<\/strong>: Die Oberfl\u00e4che ist glatt und nimmt keinen Schmutz auf. T\u00e4gliche Wasserflecken und Reinigungsflecken k\u00f6nnen leicht mit einem feuchten Tuch gereinigt werden. Die matte Textur kann auch die R\u00fcckst\u00e4nde von Fingerabdr\u00fccken reduzieren und erspart so den \u00c4rger der h\u00e4ufigen Reinigung.<\/p>\n\n\n\n<p><strong>Intelligente Unterst\u00fctzung, verbessertes Erlebnis<\/strong>: Der angepasste, intelligente Spiegel mit LED-Hintergrundbeleuchtung verf\u00fcgt \u00fcber Touch-Dimm- und Entfogging-Funktionen. Das integrierte Design des Spiegelschranks kann kleine Gegenst\u00e4nde aufbewahren und erf\u00fcllt die Bed\u00fcrfnisse des Anziehens, der Aufbewahrung und der Beleuchtung in einem, was ein bequemes Badezimmererlebnis schafft.<\/p>\n<\/div>\n\n\n\n<div class=\"wp-block-column is-layout-flow wp-block-column-is-layout-flow\"><div class=\"wp-block-image\">\n<figure class=\"aligncenter size-full\"><img decoding=\"async\" width=\"700\" height=\"700\" src=\"https:\/\/www.shouyasanitary.com\/wp-content\/uploads\/2025\/12\/Bulk-Purchases-Bathroom-Cabinet.jpg\" alt=\"Bulk Purchases Badezimmerschrank\" class=\"wp-image-2544\" style=\"object-fit:cover\" srcset=\"https:\/\/www.shouyasanitary.com\/wp-content\/uploads\/2025\/12\/Bulk-Purchases-Bathroom-Cabinet.jpg 700w, https:\/\/www.shouyasanitary.com\/wp-content\/uploads\/2025\/12\/Bulk-Purchases-Bathroom-Cabinet-300x300.jpg 300w, https:\/\/www.shouyasanitary.com\/wp-content\/uploads\/2025\/12\/Bulk-Purchases-Bathroom-Cabinet-150x150.jpg 150w, https:\/\/www.shouyasanitary.com\/wp-content\/uploads\/2025\/12\/Bulk-Purchases-Bathroom-Cabinet-12x12.jpg 12w, https:\/\/www.shouyasanitary.com\/wp-content\/uploads\/2025\/12\/Bulk-Purchases-Bathroom-Cabinet-600x600.jpg 600w, https:\/\/www.shouyasanitary.com\/wp-content\/uploads\/2025\/12\/Bulk-Purchases-Bathroom-Cabinet-100x100.jpg 100w\" sizes=\"(max-width: 700px) 100vw, 700px\" \/><\/figure>\n<\/div><\/div>\n<\/div>","protected":false},"excerpt":{"rendered":"<p>Der PVC-Badeschrank f\u00fcr den Gro\u00dfhandel kombiniert feuchtigkeits- und korrosionsbest\u00e4ndige Schr\u00e4nke mit intelligenten LED-Spiegeln, zwei Schubladen f\u00fcr eine geordnete Aufbewahrung und einem leichten, an der Wand montierten Design, ideal f\u00fcr Hotels, Wohnungen und kommerzielle Projekte. Kontaktieren Sie uns f\u00fcr ein Angebot und einen Produktkatalog!<\/p>\n<h2>PVC-Badezimmerschrank Attribut\uff1a<\/h2>\n<p><strong><br \/>Material des Geh\u00e4uses:<\/strong> PVC<br \/><strong>Farbe des Geh\u00e4uses: <\/strong>Gray<br \/><strong>Spiegel:<\/strong> LED-Spiegel (3,5 mm\/3,8 mm), dreifarbige Beleuchtung, One-Touch-Entfogging, gesichert mit mehrlagiger Schaumstoffverpackung<br \/><strong>Installationsart:<\/strong>\u00a0Wandbefestigung<br \/><strong>Abmessungen (L\u00d7B\u00d7H):<\/strong> 100*47*50 cm<br \/><strong>Bruttogewicht:<\/strong> 34kg\/Satz<\/p>\n<h2>Anpassung &amp; Dienstleistungen:<\/h2>\n<p><strong>OEM &amp; ODM<\/strong>: Unterst\u00fctzt<br \/><strong>Gestaltung<\/strong>: Frei<br \/><strong>Zubeh\u00f6r<\/strong>: Waschbecken, Spiegel, Armaturen und anderes Badzubeh\u00f6r<br \/><strong>Verpacken<\/strong>: Einbaufertig<\/p>","protected":false},"featured_media":2544,"comment_status":"closed","ping_status":"closed","template":"","meta":{"_acf_changed":false},"product_brand":[],"product_cat":[24],"product_tag":[],"class_list":{"0":"post-2543","1":"product","2":"type-product","3":"status-publish","4":"has-post-thumbnail","6":"product_cat-wholesale-pvc-bathroom-vanity-cabinets","8":"first","9":"instock","10":"shipping-taxable","11":"product-type-simple"},"acf":[],"_links":{"self":[{"href":"https:\/\/www.shouyasanitary.com\/de\/wp-json\/wp\/v2\/product\/2543","targetHints":{"allow":["GET"]}}],"collection":[{"href":"https:\/\/www.shouyasanitary.com\/de\/wp-json\/wp\/v2\/product"}],"about":[{"href":"https:\/\/www.shouyasanitary.com\/de\/wp-json\/wp\/v2\/types\/product"}],"replies":[{"embeddable":true,"href":"https:\/\/www.shouyasanitary.com\/de\/wp-json\/wp\/v2\/comments?post=2543"}],"wp:featuredmedia":[{"embeddable":true,"href":"https:\/\/www.shouyasanitary.com\/de\/wp-json\/wp\/v2\/media\/2544"}],"wp:attachment":[{"href":"https:\/\/www.shouyasanitary.com\/de\/wp-json\/wp\/v2\/media?parent=2543"}],"wp:term":[{"taxonomy":"product_brand","embeddable":true,"href":"https:\/\/www.shouyasanitary.com\/de\/wp-json\/wp\/v2\/product_brand?post=2543"},{"taxonomy":"product_cat","embeddable":true,"href":"https:\/\/www.shouyasanitary.com\/de\/wp-json\/wp\/v2\/product_cat?post=2543"},{"taxonomy":"product_tag","embeddable":true,"href":"https:\/\/www.shouyasanitary.com\/de\/wp-json\/wp\/v2\/product_tag?post=2543"}],"curies":[{"name":"wp","href":"https:\/\/api.w.org\/{rel}","templated":true}]}}