{"id":2547,"date":"2026-01-19T10:25:37","date_gmt":"2026-01-19T10:25:37","guid":{"rendered":"https:\/\/www.shouyasanitary.com\/?post_type=product&#038;p=2547"},"modified":"2026-01-19T10:25:56","modified_gmt":"2026-01-19T10:25:56","slug":"modern-bathroom-vanities-wholesale","status":"publish","type":"product","link":"https:\/\/www.shouyasanitary.com\/de\/produkt\/modern-bathroom-vanities-wholesale\/","title":{"rendered":"Moderne Badezimmer Eitelkeiten Gro\u00dfhandel, Wand montiert Badezimmer Schrank Hersteller"},"content":{"rendered":"<div class=\"wp-block-columns is-layout-flex wp-container-core-columns-is-layout-9d6595d7 wp-block-columns-is-layout-flex\">\n<div class=\"wp-block-column is-layout-flow wp-block-column-is-layout-flow\">\n<h2 class=\"wp-block-heading\">Moderne Badezimmer-Eitelkeiten\uff1a<\/h2>\n\n\n\n<p><strong>Leicht und einfach zu installieren: <\/strong>PVC-Platten sind leicht und lassen sich gut verarbeiten, so dass ein H\u00e4ngeschrank entsteht, der nicht nur die Traglast der Wand reduziert, sondern auch einen h\u00f6heren Montagekomfort bietet. <\/p>\n\n\n\n<p><strong>Wasserdichtes Material: <\/strong>Das PVC-Material selbst nimmt kein Wasser auf und kann dem Eindringen von Wasserdampf im Badezimmer perfekt widerstehen. Selbst wenn es lange Zeit in einer feuchten Umgebung steht, schimmelt es nicht und verformt sich nicht wie Holzschr\u00e4nke, wodurch es sich besonders f\u00fcr schlecht bel\u00fcftete Badezimmer eignet und f\u00fcr den t\u00e4glichen Gebrauch haltbarer ist.<\/p>\n\n\n\n<p><strong>Modernes Aussehen: <\/strong>Der dunkelgraue PVC-Schrank und das wei\u00dfe Keramikbecken bilden einen klassischen Kontrast, w\u00e4hrend die schlichten, runden Spiegel und die minimalistischen Linien ein Gef\u00fchl von Luxus vermitteln, das sich nahtlos in verschiedene Badezimmerstile einf\u00fcgt.<\/p>\n\n\n\n<p><strong>Einfache Reinigung und Wartung: <\/strong> Die PVC-Oberfl\u00e4che ist glatt und kompakt, und auch das Keramikbecken ist leicht zu reinigen. Die t\u00e4glichen Spritzwasserflecken und der Schaum k\u00f6nnen mit einem Lappen abgewischt werden, und das Geh\u00e4use kann leichten Kratzern widerstehen. Es kann immer sauber und sch\u00f6n gehalten werden, ohne dass man sich um die Wartung k\u00fcmmern muss.<\/p>\n\n\n\n<p><strong>Strenge Qualit\u00e4tskontrolle an der Quelle<\/strong>: Als Hersteller hat Shouya das tiefste Verst\u00e4ndnis f\u00fcr jedes Detail des Produkts, das eine stabile Produktqualit\u00e4t und Konsistenz mit dem Display-Effekt von der Quelle an gew\u00e4hrleisten kann, wodurch die Kosten f\u00fcr die Qualit\u00e4tskontrolle und den Kundendienst reduziert werden.<\/p>\n<\/div>\n\n\n\n<div class=\"wp-block-column is-layout-flow wp-block-column-is-layout-flow\"><div class=\"wp-block-image\">\n<figure class=\"aligncenter size-full\"><img decoding=\"async\" width=\"700\" height=\"700\" src=\"https:\/\/www.shouyasanitary.com\/wp-content\/uploads\/2025\/12\/Custom-Solutions-Bathroom-Cabinet-With-Drawers.jpg\" alt=\"Custom Solutions Badezimmerschrank mit Schubladen\" class=\"wp-image-2548\" style=\"object-fit:cover\" srcset=\"https:\/\/www.shouyasanitary.com\/wp-content\/uploads\/2025\/12\/Custom-Solutions-Bathroom-Cabinet-With-Drawers.jpg 700w, https:\/\/www.shouyasanitary.com\/wp-content\/uploads\/2025\/12\/Custom-Solutions-Bathroom-Cabinet-With-Drawers-300x300.jpg 300w, https:\/\/www.shouyasanitary.com\/wp-content\/uploads\/2025\/12\/Custom-Solutions-Bathroom-Cabinet-With-Drawers-150x150.jpg 150w, https:\/\/www.shouyasanitary.com\/wp-content\/uploads\/2025\/12\/Custom-Solutions-Bathroom-Cabinet-With-Drawers-12x12.jpg 12w, https:\/\/www.shouyasanitary.com\/wp-content\/uploads\/2025\/12\/Custom-Solutions-Bathroom-Cabinet-With-Drawers-600x600.jpg 600w, https:\/\/www.shouyasanitary.com\/wp-content\/uploads\/2025\/12\/Custom-Solutions-Bathroom-Cabinet-With-Drawers-100x100.jpg 100w\" sizes=\"(max-width: 700px) 100vw, 700px\" \/><\/figure>\n<\/div><\/div>\n<\/div>","protected":false},"excerpt":{"rendered":"<p>Die modernen Badezimmerschr\u00e4nke von Shouya f\u00fcr den Gro\u00dfhandel sind wandmontierte PVC-Schr\u00e4nke mit Schubladen und Spiegeln, die minimalistisches Design mit platzsparender Funktionalit\u00e4t kombinieren und sich perfekt f\u00fcr B2B-Projekte eignen. Willkommen bei uns f\u00fcr ein Angebot und Produktkatalog zu kontaktieren!<\/p>\n<h2>Moderne Badezimmer-Eitelkeiten Attribute\uff1a<\/h2>\n<p><strong>Material des Geh\u00e4uses:<\/strong> PVC<br \/><strong>Farbe des Geh\u00e4uses:\u00a0<\/strong>Gray<br \/><strong>Spiegel:<\/strong> LED-Spiegel (3,5 mm\/3,8 mm), dreifarbige Beleuchtung, One-Touch-Entfogging, gesichert mit mehrlagiger Schaumstoffverpackung<br \/><strong>Installationsart:<\/strong>\u00a0Wandbefestigung<br \/><strong>Abmessungen (L\u00d7B\u00d7H):<\/strong> 100*47,5*50 cm<br \/><strong>Bruttogewicht:<\/strong> 38kg\/Satz<\/p>\n<h2>Anpassung &amp; Dienstleistungen:<\/h2>\n<p><strong>OEM &amp; ODM<\/strong>: Unterst\u00fctzt<br \/><strong>Gestaltung<\/strong>: Frei<br \/><strong>Zubeh\u00f6r<\/strong>: Waschbecken, Spiegel, Armaturen und anderes Badzubeh\u00f6r<br \/><strong>Verpacken<\/strong>: Einbaufertig<\/p>","protected":false},"featured_media":2548,"comment_status":"closed","ping_status":"closed","template":"","meta":{"_acf_changed":true},"product_brand":[],"product_cat":[24],"product_tag":[],"class_list":{"0":"post-2547","1":"product","2":"type-product","3":"status-publish","4":"has-post-thumbnail","6":"product_cat-wholesale-pvc-bathroom-vanity-cabinets","8":"first","9":"instock","10":"shipping-taxable","11":"product-type-simple"},"acf":[],"_links":{"self":[{"href":"https:\/\/www.shouyasanitary.com\/de\/wp-json\/wp\/v2\/product\/2547","targetHints":{"allow":["GET"]}}],"collection":[{"href":"https:\/\/www.shouyasanitary.com\/de\/wp-json\/wp\/v2\/product"}],"about":[{"href":"https:\/\/www.shouyasanitary.com\/de\/wp-json\/wp\/v2\/types\/product"}],"replies":[{"embeddable":true,"href":"https:\/\/www.shouyasanitary.com\/de\/wp-json\/wp\/v2\/comments?post=2547"}],"wp:featuredmedia":[{"embeddable":true,"href":"https:\/\/www.shouyasanitary.com\/de\/wp-json\/wp\/v2\/media\/2548"}],"wp:attachment":[{"href":"https:\/\/www.shouyasanitary.com\/de\/wp-json\/wp\/v2\/media?parent=2547"}],"wp:term":[{"taxonomy":"product_brand","embeddable":true,"href":"https:\/\/www.shouyasanitary.com\/de\/wp-json\/wp\/v2\/product_brand?post=2547"},{"taxonomy":"product_cat","embeddable":true,"href":"https:\/\/www.shouyasanitary.com\/de\/wp-json\/wp\/v2\/product_cat?post=2547"},{"taxonomy":"product_tag","embeddable":true,"href":"https:\/\/www.shouyasanitary.com\/de\/wp-json\/wp\/v2\/product_tag?post=2547"}],"curies":[{"name":"wp","href":"https:\/\/api.w.org\/{rel}","templated":true}]}}