{"id":2610,"date":"2026-01-24T08:44:36","date_gmt":"2026-01-24T08:44:36","guid":{"rendered":"https:\/\/www.shouyasanitary.com\/?post_type=product&#038;p=2610"},"modified":"2026-01-24T08:46:09","modified_gmt":"2026-01-24T08:46:09","slug":"custom-green-bathroom-vanity-cabinet","status":"publish","type":"product","link":"https:\/\/www.shouyasanitary.com\/de\/produkt\/custom-green-bathroom-vanity-cabinet\/","title":{"rendered":"Benutzerdefinierte gr\u00fcne Badezimmer Eitelkeit Schrank, Wand geh\u00e4ngt BadezimmerSchrank PVC f\u00fcr Wohnung Hotel in Bulk"},"content":{"rendered":"<div class=\"wp-block-columns is-layout-flex wp-container-core-columns-is-layout-9d6595d7 wp-block-columns-is-layout-flex\">\n<div class=\"wp-block-column is-layout-flow wp-block-column-is-layout-flow\">\n<h2 class=\"wp-block-heading\">Eigenschaften von Green Bathroom Vanity Cabinet\uff1a<\/h2>\n\n\n\n<p><strong>PVC-Schrank:<\/strong> Hergestellt aus hochwertigem PVC-Karton mit matter Oberfl\u00e4che und zartem Griff. Sie hat nicht nur ein frisches und heilendes Aussehen, sondern auch eine ausgezeichnete Feuchtigkeits- und Fleckenbest\u00e4ndigkeit. Die molekulare Struktur des PVC-Materials ist dicht, wodurch Wasserdampf und Feuchtigkeit im Badezimmer isoliert werden k\u00f6nnen. Es ist nicht leicht zu schimmeln oder sich nach l\u00e4ngerem Gebrauch zu verformen.<\/p>\n\n\n\n<p><strong>Einfach zu warten<\/strong>in: F\u00fcr die t\u00e4gliche Reinigung gen\u00fcgt ein feuchtes Tuch zum Abwischen, und Wasserflecken und Schmutz auf der Oberfl\u00e4che lassen sich m\u00fchelos und ohne Wartungsaufwand entfernen.<\/p>\n\n\n\n<p><strong>Antibakterielles Keramikbecken integriert<\/strong>ein: Das integrierte Becken aus angepasster Keramik wird bei hoher Temperatur gebrannt und hat eine glatte und dichte Oberfl\u00e4che, auf der sich nicht so leicht Bakterien ansiedeln k\u00f6nnen und Flecken sofort abgewischt werden k\u00f6nnen. Das integrierte Design beseitigt die hygienischen toten Winkel am Rand des Beckens und macht Schluss mit dem Problem des Wasseraustritts und der Schimmelbildung bei herk\u00f6mmlichen Becken. So bleibt die Arbeitsplatte immer sauber und erfrischend.<\/p>\n\n\n\n<p><strong>Intelligenter leuchtender Spiegelschrank:<\/strong> Auf beiden Seiten des Spiegelgeh\u00e4uses sind LED-Lichtleisten mit weichem und blendfreiem Licht angebracht, die beim Schminken und bei der Hautpflege die Details des Gesichts deutlich sichtbar machen. Der Spiegel verf\u00fcgt \u00fcber eine Zeitanzeige und eine Ein-Klick-Beschlagsfunktion, mit der Sie nach dem Baden schnell ein klares Bild wiederherstellen k\u00f6nnen, ohne abwischen zu m\u00fcssen.<\/p>\n\n\n\n<p><strong>Geschichtetes Aufbewahrungsdesign:<\/strong> Die Kombination aus einer geschlossenen Schrankt\u00fcr auf der linken Seite und einer Doppelschublade auf der rechten Seite erm\u00f6glicht eine wissenschaftliche Aufteilung der Badartikel. Die \u00fcblichen Toilettenartikel k\u00f6nnen in den Schubladen aufbewahrt werden, w\u00e4hrend gro\u00dfe Gegenst\u00e4nde wie Handt\u00fccher und Badem\u00e4ntel in den seitlichen Schr\u00e4nken untergebracht werden k\u00f6nnen, so dass sich die Arbeitsplatte von der Unordnung verabschieden kann und ein sauberes und geordnetes Badezimmer entsteht.<\/p>\n<\/div>\n\n\n\n<div class=\"wp-block-column is-layout-flow wp-block-column-is-layout-flow\"><div class=\"wp-block-image\">\n<figure class=\"aligncenter size-full\"><img decoding=\"async\" width=\"700\" height=\"700\" src=\"https:\/\/www.shouyasanitary.com\/wp-content\/uploads\/2026\/01\/Custom-Solutions-Bathroom-Vanity-1.webp\" alt=\"\" class=\"wp-image-2612\" style=\"object-fit:cover\" srcset=\"https:\/\/www.shouyasanitary.com\/wp-content\/uploads\/2026\/01\/Custom-Solutions-Bathroom-Vanity-1.webp 700w, https:\/\/www.shouyasanitary.com\/wp-content\/uploads\/2026\/01\/Custom-Solutions-Bathroom-Vanity-1-300x300.webp 300w, https:\/\/www.shouyasanitary.com\/wp-content\/uploads\/2026\/01\/Custom-Solutions-Bathroom-Vanity-1-150x150.webp 150w, https:\/\/www.shouyasanitary.com\/wp-content\/uploads\/2026\/01\/Custom-Solutions-Bathroom-Vanity-1-12x12.webp 12w, https:\/\/www.shouyasanitary.com\/wp-content\/uploads\/2026\/01\/Custom-Solutions-Bathroom-Vanity-1-600x600.webp 600w, https:\/\/www.shouyasanitary.com\/wp-content\/uploads\/2026\/01\/Custom-Solutions-Bathroom-Vanity-1-100x100.webp 100w\" sizes=\"(max-width: 700px) 100vw, 700px\" \/><\/figure>\n<\/div><\/div>\n<\/div>\n\n\n\n<p><\/p>","protected":false},"excerpt":{"rendered":"<p>Ma\u00dfgefertigter gr\u00fcner Badezimmerschrank mit PVC-Korpus, antibakteriellem Keramikbecken, LED-Spiegel und intelligentem Stauraum, der Komfort und Eleganz f\u00fcr private und gewerbliche Projekte perfekt vereint. Bitte kontaktieren Sie uns f\u00fcr ein Angebot und einen Produktkatalog!<\/p>\n<h2>Gr\u00fcner Badezimmerschrank Attribute\uff1a<\/h2>\n<p><strong>Modell:<\/strong>6108-80<strong><br \/>Material des Geh\u00e4uses:<\/strong> PVC<br \/><strong>Farbe des Geh\u00e4uses: <\/strong>Gr\u00fcn<br \/><strong>Spiegel:<\/strong> LED-Spiegel (3,5 mm\/3,8 mm), dreifarbige Beleuchtung, One-Touch-Entfogging, gesichert mit mehrlagiger Schaumstoffverpackung<br \/><strong>Installationsart:<\/strong>\u00a0Wandbefestigung<br \/><strong>Abmessungen (L\u00d7B\u00d7H):<\/strong> 80*48*50 cm<br \/><strong>Bruttogewicht:<\/strong> 32kg\/Satz<\/p>\n<h2>Anpassung &amp; Dienstleistungen:<\/h2>\n<p><strong>OEM &amp; ODM<\/strong>: Unterst\u00fctzt<br \/><strong>Gestaltung<\/strong>: Frei<br \/><strong>Zubeh\u00f6r<\/strong>: Waschbecken, Spiegel, Armaturen und anderes Badzubeh\u00f6r<br \/><strong>Verpacken<\/strong>: Einbaufertig<\/p>","protected":false},"featured_media":2614,"comment_status":"closed","ping_status":"closed","template":"","meta":{"_acf_changed":true},"product_brand":[],"product_cat":[24],"product_tag":[],"class_list":{"0":"post-2610","1":"product","2":"type-product","3":"status-publish","4":"has-post-thumbnail","6":"product_cat-wholesale-pvc-bathroom-vanity-cabinets","8":"first","9":"instock","10":"shipping-taxable","11":"product-type-simple"},"acf":[],"_links":{"self":[{"href":"https:\/\/www.shouyasanitary.com\/de\/wp-json\/wp\/v2\/product\/2610","targetHints":{"allow":["GET"]}}],"collection":[{"href":"https:\/\/www.shouyasanitary.com\/de\/wp-json\/wp\/v2\/product"}],"about":[{"href":"https:\/\/www.shouyasanitary.com\/de\/wp-json\/wp\/v2\/types\/product"}],"replies":[{"embeddable":true,"href":"https:\/\/www.shouyasanitary.com\/de\/wp-json\/wp\/v2\/comments?post=2610"}],"wp:featuredmedia":[{"embeddable":true,"href":"https:\/\/www.shouyasanitary.com\/de\/wp-json\/wp\/v2\/media\/2614"}],"wp:attachment":[{"href":"https:\/\/www.shouyasanitary.com\/de\/wp-json\/wp\/v2\/media?parent=2610"}],"wp:term":[{"taxonomy":"product_brand","embeddable":true,"href":"https:\/\/www.shouyasanitary.com\/de\/wp-json\/wp\/v2\/product_brand?post=2610"},{"taxonomy":"product_cat","embeddable":true,"href":"https:\/\/www.shouyasanitary.com\/de\/wp-json\/wp\/v2\/product_cat?post=2610"},{"taxonomy":"product_tag","embeddable":true,"href":"https:\/\/www.shouyasanitary.com\/de\/wp-json\/wp\/v2\/product_tag?post=2610"}],"curies":[{"name":"wp","href":"https:\/\/api.w.org\/{rel}","templated":true}]}}