{"id":2615,"date":"2026-01-24T09:01:53","date_gmt":"2026-01-24T09:01:53","guid":{"rendered":"https:\/\/www.shouyasanitary.com\/?post_type=product&#038;p=2615"},"modified":"2026-01-24T09:11:37","modified_gmt":"2026-01-24T09:11:37","slug":"oem-bathroom-vanity-cabinet-with-sink","status":"publish","type":"product","link":"https:\/\/www.shouyasanitary.com\/de\/produkt\/oem-bathroom-vanity-cabinet-with-sink\/","title":{"rendered":"OEM Badezimmerschrank mit Waschbecken, Einzelner Badezimmerschrank mit Smart LED-Spiegel Lieferant"},"content":{"rendered":"<div class=\"wp-block-columns is-layout-flex wp-container-core-columns-is-layout-9d6595d7 wp-block-columns-is-layout-flex\">\n<div class=\"wp-block-column is-layout-flow wp-block-column-is-layout-flow\">\n<h2 class=\"wp-block-heading\">Merkmale des Badezimmerunterschranks mit Waschbecken\uff1a<\/h2>\n\n\n\n<p><strong>Minimalistischer Stil:<\/strong> Der Hauptschrank ist in einer einzigen Goldfarbe gehalten, die sehr edel wirkt und in die moderne Zeit passt. Es handelt sich um ein luxuri\u00f6ses Bad mit schlichter Optik und hochwertigen Materialien.<\/p>\n\n\n\n<p><strong>Praktische Aufbewahrung:<\/strong>\u00a0Der Schrankkorpus mit einer Schublade erm\u00f6glicht die einfache Aufbewahrung von Toilettenartikeln. Die Wandmontage spart Bodenfl\u00e4che und vermeidet gleichzeitig versteckte Ecken, was die Reinigung erleichtert.<\/p>\n\n\n\n<p><strong>Integriertes Keramikbecken<\/strong>in: Die Arbeitsplatte bietet ausreichend Platz f\u00fcr die t\u00e4gliche W\u00e4sche und andere Gegenst\u00e4nde und ist leicht zu handhaben, schmutzabweisend und leicht zu reinigen. Wischen Sie es einfach mit einem Reinigungstuch ab und die Flecken lassen sich leicht entfernen.<\/p>\n\n\n\n<p><strong>Hochwertige Materialien:<\/strong>\u00a0Verwendet hochwertiges und umweltfreundliches PVC-Material. Es ist wasserdicht und feuchtigkeitsbest\u00e4ndig, die Oberfl\u00e4che der Schrankt\u00fcr ist kratzfest und verschlei\u00dffest und hat eine lange Lebensdauer.<\/p>\n\n\n\n<p><strong>Professioneller Sanit\u00e4rhersteller:<\/strong> Ein Team mit 20 Jahren Exporterfahrung pr\u00fcft streng die Qualit\u00e4t, die gesamte Produktionskette kontrolliert die Qualit\u00e4t, fertigt hochwertige Verpackungen an, um den Transport zu gew\u00e4hrleisten, und der Kundendienst ist ausgezeichnet, so dass der Kauf von Badezimmerschr\u00e4nken doppelten Seelenfrieden mit sich bringt.<\/p>\n<\/div>\n\n\n\n<div class=\"wp-block-column is-layout-flow wp-block-column-is-layout-flow\"><div class=\"wp-block-image\">\n<figure class=\"aligncenter size-full\"><img decoding=\"async\" width=\"700\" height=\"700\" src=\"https:\/\/www.shouyasanitary.com\/wp-content\/uploads\/2026\/01\/wholesale-customization-PVC-wall-mounted-bathroom-vanity.webp\" alt=\"Gro\u00dfhandel Anpassung PVC wandmontierten Bad Eitelkeit\" class=\"wp-image-2616\" style=\"object-fit:cover\" srcset=\"https:\/\/www.shouyasanitary.com\/wp-content\/uploads\/2026\/01\/wholesale-customization-PVC-wall-mounted-bathroom-vanity.webp 700w, https:\/\/www.shouyasanitary.com\/wp-content\/uploads\/2026\/01\/wholesale-customization-PVC-wall-mounted-bathroom-vanity-300x300.webp 300w, https:\/\/www.shouyasanitary.com\/wp-content\/uploads\/2026\/01\/wholesale-customization-PVC-wall-mounted-bathroom-vanity-150x150.webp 150w, https:\/\/www.shouyasanitary.com\/wp-content\/uploads\/2026\/01\/wholesale-customization-PVC-wall-mounted-bathroom-vanity-12x12.webp 12w, https:\/\/www.shouyasanitary.com\/wp-content\/uploads\/2026\/01\/wholesale-customization-PVC-wall-mounted-bathroom-vanity-600x600.webp 600w, https:\/\/www.shouyasanitary.com\/wp-content\/uploads\/2026\/01\/wholesale-customization-PVC-wall-mounted-bathroom-vanity-100x100.webp 100w\" sizes=\"(max-width: 700px) 100vw, 700px\" \/><\/figure>\n<\/div><\/div>\n<\/div>","protected":false},"excerpt":{"rendered":"<p>OEM-Badezimmerunterschrank mit Waschbecken in elegantem Golddesign, umweltfreundlichem PVC-Korpus und integriertem Keramikwaschbecken. Einzelne Schublade wandmontiert Design spart Platz und ist leicht zu reinigen. Shouya Hersteller liefert, bietet Anpassung und hervorragende Dienstleistungen. Willkommen zu kontaktieren Sie uns f\u00fcr ein Angebot heute!<\/p>\n<h2>Badezimmerunterschrank mit Waschbecken Attribute\uff1a<\/h2>\n<p><strong>Modell:<\/strong>6113-80<strong><br \/>Material des Geh\u00e4uses:<\/strong> PVC<br \/><strong>Farbe des Geh\u00e4uses: <\/strong>Braun<br \/><strong>Spiegel:<\/strong> LED-Spiegel (3,5 mm\/3,8 mm), dreifarbige Beleuchtung, One-Touch-Entfogging, gesichert mit mehrlagiger Schaumstoffverpackung<br \/><strong>Installationsart:<\/strong>\u00a0Wandbefestigung<br \/><strong>Abmessungen (L\u00d7B\u00d7H):<\/strong> 80*47*50 cm<br \/><strong>Bruttogewicht:<\/strong> 35kg\/Satz<\/p>\n<h2>Anpassung &amp; Dienstleistungen:<\/h2>\n<p><strong>OEM &amp; ODM<\/strong>: Unterst\u00fctzt<br \/><strong>Gestaltung<\/strong>: Frei<br \/><strong>Zubeh\u00f6r<\/strong>: Waschbecken, Spiegel, Armaturen und anderes Badzubeh\u00f6r<br \/><strong>Verpacken<\/strong>: Einbaufertig<\/p>","protected":false},"featured_media":2616,"comment_status":"closed","ping_status":"closed","template":"","meta":{"_acf_changed":true},"product_brand":[],"product_cat":[24],"product_tag":[],"class_list":{"0":"post-2615","1":"product","2":"type-product","3":"status-publish","4":"has-post-thumbnail","6":"product_cat-wholesale-pvc-bathroom-vanity-cabinets","8":"first","9":"instock","10":"shipping-taxable","11":"product-type-simple"},"acf":[],"_links":{"self":[{"href":"https:\/\/www.shouyasanitary.com\/de\/wp-json\/wp\/v2\/product\/2615","targetHints":{"allow":["GET"]}}],"collection":[{"href":"https:\/\/www.shouyasanitary.com\/de\/wp-json\/wp\/v2\/product"}],"about":[{"href":"https:\/\/www.shouyasanitary.com\/de\/wp-json\/wp\/v2\/types\/product"}],"replies":[{"embeddable":true,"href":"https:\/\/www.shouyasanitary.com\/de\/wp-json\/wp\/v2\/comments?post=2615"}],"wp:featuredmedia":[{"embeddable":true,"href":"https:\/\/www.shouyasanitary.com\/de\/wp-json\/wp\/v2\/media\/2616"}],"wp:attachment":[{"href":"https:\/\/www.shouyasanitary.com\/de\/wp-json\/wp\/v2\/media?parent=2615"}],"wp:term":[{"taxonomy":"product_brand","embeddable":true,"href":"https:\/\/www.shouyasanitary.com\/de\/wp-json\/wp\/v2\/product_brand?post=2615"},{"taxonomy":"product_cat","embeddable":true,"href":"https:\/\/www.shouyasanitary.com\/de\/wp-json\/wp\/v2\/product_cat?post=2615"},{"taxonomy":"product_tag","embeddable":true,"href":"https:\/\/www.shouyasanitary.com\/de\/wp-json\/wp\/v2\/product_tag?post=2615"}],"curies":[{"name":"wp","href":"https:\/\/api.w.org\/{rel}","templated":true}]}}