{"id":2619,"date":"2026-01-30T03:48:26","date_gmt":"2026-01-30T03:48:26","guid":{"rendered":"https:\/\/www.shouyasanitary.com\/?post_type=product&#038;p=2619"},"modified":"2026-03-04T02:59:48","modified_gmt":"2026-03-04T02:59:48","slug":"custom-grey-bathroom-cabinets","status":"publish","type":"product","link":"https:\/\/www.shouyasanitary.com\/de\/produkt\/custom-grey-bathroom-cabinets\/","title":{"rendered":"Custom Grey Badezimmer Schr\u00e4nke, schwimmende Badezimmer Eitelkeit mit Smart Spiegel Doppel Schublade Lieferant"},"content":{"rendered":"<div class=\"wp-block-columns is-layout-flex wp-container-core-columns-is-layout-9d6595d7 wp-block-columns-is-layout-flex\">\n<div class=\"wp-block-column is-layout-flow wp-block-column-is-layout-flow\">\n<h2 class=\"wp-block-heading\">Graue Badezimmerschr\u00e4nke Eigenschaften\uff1a<\/h2>\n\n\n\n<p><strong>Moderner Grauton:<\/strong> Der Korpus des Schranks ist in einem grauen Farbton gehalten und pr\u00e4sentiert sich in einem schlichten Stil. Die Oberfl\u00e4che des Schranks ist mit einem matten Finish behandelt, das eine glatte und haut\u00e4hnliche Textur aufweist, perfekt f\u00fcr ein Hotel oder eine Wohnung. <\/p>\n\n\n\n<p><strong>Wasserdichtes Material<\/strong>: Es ist aus umweltfreundlichem PVC gefertigt, das wasserdicht und feuchtigkeitsbest\u00e4ndig ist und sich hervorragend f\u00fcr feuchte Umgebungen eignet. Die t\u00e4gliche Reinigung erfordert nur ein sanftes Abwischen.<\/p>\n\n\n\n<p><strong>Praktische Funktionen:<\/strong> Er wird h\u00e4ngend installiert und spart so effektiv Platz. Es kann uns helfen, tote Winkel bei der Reinigung zu vermeiden, und ist mit einer Doppelschublade ausgestattet, die die Aufbewahrung von Toilettenartikeln erleichtert.<\/p>\n\n\n\n<p><strong>Intelligenter LED-Spiegelschrank: <\/strong>Der rechteckige LED-Spiegelschrank ist schlicht und elegant. Die Kanten sind mit abgerundeten Ecken versehen, um Kratzer zu vermeiden. Der Spiegel verf\u00fcgt \u00fcber drei Farboptionen, eine Hintergrundbeleuchtung auf der R\u00fcckseite, einen Touch-Control-Schalter und unterst\u00fctzt Beleuchtungs-\/Beschlagsfunktionen, die \u00c4sthetik und Praktikabilit\u00e4t in Einklang bringen.<\/p>\n\n\n\n<p><strong>Stilkompatibilit\u00e4t: <\/strong>Der graue Schrankkorpus und der schlichte, lange Griff, gepaart mit einem wei\u00dfen Keramikbecken und einem Doppelschubladendesign, k\u00f6nnen einen gro\u00dfen Raum f\u00fcr die Aufbewahrung von Alltagsgegenst\u00e4nden und Toilettenartikeln nutzen. Er passt zu verschiedenen Einrichtungsstilen im Bad und unterstreicht die Struktur des Raums.<\/p>\n<\/div>\n\n\n\n<div class=\"wp-block-column is-layout-flow wp-block-column-is-layout-flow\"><div class=\"wp-block-image\">\n<figure class=\"aligncenter size-full\"><img decoding=\"async\" width=\"700\" height=\"700\" src=\"https:\/\/www.shouyasanitary.com\/wp-content\/uploads\/2026\/01\/bulk-purchase-large-size-bathroom-cabinet-vanity.webp\" alt=\"Gro\u00dfeinkauf gro\u00dfformatiger Badezimmerschrank Eitelkeit\" class=\"wp-image-2621\" style=\"object-fit:cover\" srcset=\"https:\/\/www.shouyasanitary.com\/wp-content\/uploads\/2026\/01\/bulk-purchase-large-size-bathroom-cabinet-vanity.webp 700w, https:\/\/www.shouyasanitary.com\/wp-content\/uploads\/2026\/01\/bulk-purchase-large-size-bathroom-cabinet-vanity-300x300.webp 300w, https:\/\/www.shouyasanitary.com\/wp-content\/uploads\/2026\/01\/bulk-purchase-large-size-bathroom-cabinet-vanity-150x150.webp 150w, https:\/\/www.shouyasanitary.com\/wp-content\/uploads\/2026\/01\/bulk-purchase-large-size-bathroom-cabinet-vanity-12x12.webp 12w, https:\/\/www.shouyasanitary.com\/wp-content\/uploads\/2026\/01\/bulk-purchase-large-size-bathroom-cabinet-vanity-600x600.webp 600w, https:\/\/www.shouyasanitary.com\/wp-content\/uploads\/2026\/01\/bulk-purchase-large-size-bathroom-cabinet-vanity-100x100.webp 100w\" sizes=\"(max-width: 700px) 100vw, 700px\" \/><\/figure>\n<\/div><\/div>\n<\/div>","protected":false},"excerpt":{"rendered":"<p>Die grauen Schr\u00e4nke von Shouya sind aus umweltfreundlichem PVC gefertigt, haben eine matte Oberfl\u00e4che und ein platzsparendes H\u00e4ngedesign. Er verf\u00fcgt \u00fcber zwei Schubladen, ein wei\u00dfes Keramikbecken und einen rechteckigen LED-Spiegelschrank mit ber\u00fchrungsempfindlicher Beleuchtung und Beschlagsfunktion. Er passt zu verschiedenen Einrichtungsstilen im Badezimmer. Ma\u00dfanfertigung und Gro\u00dfhandel sind m\u00f6glich. Erkundigen Sie sich jetzt!<\/p>\n<h2>Graue Badezimmerschr\u00e4nke Attribute\uff1a<\/h2>\n<p><strong>Modell:<\/strong> 6610-80<br \/><strong>Material des Geh\u00e4uses:<\/strong> PVC<br \/><strong>Farbe des Geh\u00e4uses: <\/strong>Gray<br \/><strong>Spiegel:<\/strong> LED-Spiegel (3,5 mm\/3,8 mm), dreifarbige Beleuchtung, One-Touch-Entfogging, gesichert mit mehrlagiger Schaumstoffverpackung<br \/><strong>Installationsart:<\/strong>\u00a0Wandbefestigung<br \/><strong>Abmessungen (L\u00d7B\u00d7H):<\/strong> 80*47*50 cm<br \/><strong>Bruttogewicht:<\/strong> 34kg\/Satz<\/p>\n<h2>Anpassung &amp; Dienstleistungen:<\/h2>\n<p><strong>OEM &amp; ODM<\/strong>: Unterst\u00fctzt<br \/><strong>Gestaltung<\/strong>: Frei<br \/><strong>Zubeh\u00f6r<\/strong>: Waschbecken, Spiegel, Armaturen und anderes Badzubeh\u00f6r<br \/><strong>Verpacken<\/strong>: Einbaufertig<\/p>","protected":false},"featured_media":2621,"comment_status":"closed","ping_status":"closed","template":"","meta":{"_acf_changed":false},"product_brand":[],"product_cat":[24],"product_tag":[],"class_list":{"0":"post-2619","1":"product","2":"type-product","3":"status-publish","4":"has-post-thumbnail","6":"product_cat-wholesale-pvc-bathroom-vanity-cabinets","8":"first","9":"instock","10":"shipping-taxable","11":"product-type-simple"},"acf":[],"_links":{"self":[{"href":"https:\/\/www.shouyasanitary.com\/de\/wp-json\/wp\/v2\/product\/2619","targetHints":{"allow":["GET"]}}],"collection":[{"href":"https:\/\/www.shouyasanitary.com\/de\/wp-json\/wp\/v2\/product"}],"about":[{"href":"https:\/\/www.shouyasanitary.com\/de\/wp-json\/wp\/v2\/types\/product"}],"replies":[{"embeddable":true,"href":"https:\/\/www.shouyasanitary.com\/de\/wp-json\/wp\/v2\/comments?post=2619"}],"wp:featuredmedia":[{"embeddable":true,"href":"https:\/\/www.shouyasanitary.com\/de\/wp-json\/wp\/v2\/media\/2621"}],"wp:attachment":[{"href":"https:\/\/www.shouyasanitary.com\/de\/wp-json\/wp\/v2\/media?parent=2619"}],"wp:term":[{"taxonomy":"product_brand","embeddable":true,"href":"https:\/\/www.shouyasanitary.com\/de\/wp-json\/wp\/v2\/product_brand?post=2619"},{"taxonomy":"product_cat","embeddable":true,"href":"https:\/\/www.shouyasanitary.com\/de\/wp-json\/wp\/v2\/product_cat?post=2619"},{"taxonomy":"product_tag","embeddable":true,"href":"https:\/\/www.shouyasanitary.com\/de\/wp-json\/wp\/v2\/product_tag?post=2619"}],"curies":[{"name":"wp","href":"https:\/\/api.w.org\/{rel}","templated":true}]}}