{"id":2633,"date":"2026-02-03T07:33:30","date_gmt":"2026-02-03T07:33:30","guid":{"rendered":"https:\/\/www.shouyasanitary.com\/?post_type=product&#038;p=2633"},"modified":"2026-02-03T07:36:55","modified_gmt":"2026-02-03T07:36:55","slug":"custom-mirrors-for-bathrooms","status":"publish","type":"product","link":"https:\/\/www.shouyasanitary.com\/de\/produkt\/custom-mirrors-for-bathrooms\/","title":{"rendered":"Benutzerdefinierte Spiegel f\u00fcr B\u00e4der Schwarzer Rahmen LED-Spiegel f\u00fcr Hotel"},"content":{"rendered":"<div class=\"wp-block-columns is-layout-flex wp-container-core-columns-is-layout-9d6595d7 wp-block-columns-is-layout-flex\">\n<div class=\"wp-block-column is-layout-flow wp-block-column-is-layout-flow\">\n<h2 class=\"wp-block-heading\">Eigenschaften von Spiegeln f\u00fcr Badezimmer\uff1a<\/h2>\n\n\n\n<p><strong>Intelligentes Aufhelllicht<\/strong>: Die in den Spiegel eingebetteten LED-Perlen sorgen f\u00fcr gleichm\u00e4\u00dfiges und weiches Licht, simulieren nat\u00fcrliche Lichteffekte, reduzieren Gesichtsschatten und stellen Details beim Schminken und bei der Hautpflege genau dar.<\/p>\n\n\n\n<p><strong>Wasserdicht und sicher:<\/strong> Sowohl der Stromkreis als auch die Lampenkugeln sind mit einer wasserfesten Behandlung versehen, die den Sicherheitsstandards f\u00fcr elektrische Badezimmer entspricht.<\/p>\n\n\n\n<p><strong>Lange Lebensdauer<\/strong>: Das feuchtigkeits- und rostfreie Rahmenmaterial h\u00e4lt auch feuchten Umgebungen lange stand, verformt sich nicht so leicht und schimmelt nicht, und hat eine l\u00e4ngere Lebensdauer.<\/p>\n\n\n\n<p><strong>Einfach und sch\u00f6n:<\/strong> Die gew\u00f6lbte Umrandung hat glatte Linien, und die wei\u00dfe Umrandung passt gut zum modernen Badezimmerstil. Es kann die allgemeine Zartheit und Atmosph\u00e4re des Raumes verbessern.<\/p>\n\n\n\n<p><strong>Starke Massenproduktionskapazit\u00e4t:<\/strong> Wir verf\u00fcgen \u00fcber ausgereifte Produktionslinien und Qualit\u00e4tskontrollsysteme, die es uns erm\u00f6glichen, Gro\u00dfauftr\u00e4ge mit stabilen Lieferzeiten abzuwickeln, so dass wir f\u00fcr eine langfristige Zusammenarbeit mit Gro\u00dfh\u00e4ndlern in \u00dcbersee und f\u00fcr technische Projekte geeignet sind.<\/p>\n<\/div>\n\n\n\n<div class=\"wp-block-column is-layout-flow wp-block-column-is-layout-flow\"><div class=\"wp-block-image\">\n<figure class=\"aligncenter size-full\"><img decoding=\"async\" width=\"700\" height=\"700\" src=\"https:\/\/www.shouyasanitary.com\/wp-content\/uploads\/2026\/01\/Custom-With-Mirror.webp\" alt=\"Kundenspezifischer Badezimmerspiegel\" class=\"wp-image-2638\" style=\"object-fit:cover\" srcset=\"https:\/\/www.shouyasanitary.com\/wp-content\/uploads\/2026\/01\/Custom-With-Mirror.webp 700w, https:\/\/www.shouyasanitary.com\/wp-content\/uploads\/2026\/01\/Custom-With-Mirror-300x300.webp 300w, https:\/\/www.shouyasanitary.com\/wp-content\/uploads\/2026\/01\/Custom-With-Mirror-150x150.webp 150w, https:\/\/www.shouyasanitary.com\/wp-content\/uploads\/2026\/01\/Custom-With-Mirror-12x12.webp 12w, https:\/\/www.shouyasanitary.com\/wp-content\/uploads\/2026\/01\/Custom-With-Mirror-600x600.webp 600w, https:\/\/www.shouyasanitary.com\/wp-content\/uploads\/2026\/01\/Custom-With-Mirror-100x100.webp 100w\" sizes=\"(max-width: 700px) 100vw, 700px\" \/><\/figure>\n<\/div><\/div>\n<\/div>","protected":false},"excerpt":{"rendered":"<p>Ma\u00dfgefertigte Spiegel f\u00fcr Badezimmer verf\u00fcgen \u00fcber eine weiche LED-Beleuchtung, die nat\u00fcrliches Licht simuliert, wasserdichte und sichere Schaltkreise, haltbare, feuchtigkeitsresistente Rahmen und ein klares, geschwungenes wei\u00dfes Design. Stabile Massenproduktion verf\u00fcgbar. Kontaktieren Sie uns f\u00fcr Projekt- und Gro\u00dfhandelsanfragen.<\/p>\n<h2>Spiegel f\u00fcr Badezimmer Attribute\uff1a<\/h2>\n<p><strong>Material:<\/strong> ABS-Kunststoff und Glas<br \/><strong>Funktion:<\/strong> Dreifarbige Beleuchtung, One-Touch-Entfogging<strong><br \/><\/strong><strong>Abmessungen:<\/strong> 50\u00d770 cm<br \/><strong>Dicke des Spiegels:<\/strong> 3,5 mm\/3,8 mm<br \/><strong>Bruttogewicht:<\/strong> 5kg\/PCS<\/p>\n<h2>Anpassung &amp; Dienstleistungen:<\/h2>\n<p><strong>OEM &amp; ODM<\/strong>: Unterst\u00fctzt<br \/><strong>Gestaltung<\/strong>: Frei<br \/><strong>Verpacken<\/strong>: Mehrschichtige feste Schaumstoffverpackung<\/p>","protected":false},"featured_media":2638,"comment_status":"closed","ping_status":"closed","template":"","meta":{"_acf_changed":false},"product_brand":[],"product_cat":[26],"product_tag":[],"class_list":{"0":"post-2633","1":"product","2":"type-product","3":"status-publish","4":"has-post-thumbnail","6":"product_cat-wholesale-bathroom-mirror","8":"first","9":"instock","10":"shipping-taxable","11":"product-type-simple"},"acf":[],"_links":{"self":[{"href":"https:\/\/www.shouyasanitary.com\/de\/wp-json\/wp\/v2\/product\/2633","targetHints":{"allow":["GET"]}}],"collection":[{"href":"https:\/\/www.shouyasanitary.com\/de\/wp-json\/wp\/v2\/product"}],"about":[{"href":"https:\/\/www.shouyasanitary.com\/de\/wp-json\/wp\/v2\/types\/product"}],"replies":[{"embeddable":true,"href":"https:\/\/www.shouyasanitary.com\/de\/wp-json\/wp\/v2\/comments?post=2633"}],"wp:featuredmedia":[{"embeddable":true,"href":"https:\/\/www.shouyasanitary.com\/de\/wp-json\/wp\/v2\/media\/2638"}],"wp:attachment":[{"href":"https:\/\/www.shouyasanitary.com\/de\/wp-json\/wp\/v2\/media?parent=2633"}],"wp:term":[{"taxonomy":"product_brand","embeddable":true,"href":"https:\/\/www.shouyasanitary.com\/de\/wp-json\/wp\/v2\/product_brand?post=2633"},{"taxonomy":"product_cat","embeddable":true,"href":"https:\/\/www.shouyasanitary.com\/de\/wp-json\/wp\/v2\/product_cat?post=2633"},{"taxonomy":"product_tag","embeddable":true,"href":"https:\/\/www.shouyasanitary.com\/de\/wp-json\/wp\/v2\/product_tag?post=2633"}],"curies":[{"name":"wp","href":"https:\/\/api.w.org\/{rel}","templated":true}]}}