{"id":2641,"date":"2026-02-03T08:13:37","date_gmt":"2026-02-03T08:13:37","guid":{"rendered":"https:\/\/www.shouyasanitary.com\/?post_type=product&#038;p=2641"},"modified":"2026-02-03T09:09:32","modified_gmt":"2026-02-03T09:09:32","slug":"custom-mirrors-bathroom","status":"publish","type":"product","link":"https:\/\/www.shouyasanitary.com\/de\/produkt\/custom-mirrors-bathroom\/","title":{"rendered":"Benutzerdefinierte Spiegel Badezimmer mit Lichtern, quadratische Aluminium-Spiegel 3 Farbe Modelle Lieferant"},"content":{"rendered":"<div class=\"wp-block-columns is-layout-flex wp-container-core-columns-is-layout-9d6595d7 wp-block-columns-is-layout-flex\">\n<div class=\"wp-block-column is-layout-flow wp-block-column-is-layout-flow\">\n<h2 class=\"wp-block-heading\">Eigenschaften von Spiegeln f\u00fcr das Badezimmer mit Beleuchtung\uff1a<\/h2>\n\n\n\n<p><strong>Atmosph\u00e4re Beleuchtung<\/strong>: Hollywood-Stil Lichteffekte, LED-Licht Perlen in einem kreisf\u00f6rmigen Muster angeordnet, mit hoher Display-Beleuchtung Qualit\u00e4t, gleichm\u00e4\u00dfiges und weiches Licht, wirklich die Farbe der Funktionen zu reproduzieren, und die Kontrolle jedes Detail.<\/p>\n\n\n\n<p><strong>Mehrfarbige Temperatureinstellung<\/strong>: Es stehen drei Farboptionen zur Verf\u00fcgung, die drei Farbtemperaturmodi unterst\u00fctzen: wei\u00dfes Licht, warmes Licht und nat\u00fcrliches Licht. Dr\u00fccken Sie dreimal, um zwischen den drei Lichtern umzuschalten und verschiedene Beleuchtungsanforderungen zu erf\u00fcllen.<\/p>\n\n\n\n<p><strong>Hochwertiger Badezimmerspiegel: <\/strong>Der hochaufl\u00f6sende Aluminiumspiegel sorgt f\u00fcr ein klares und unverf\u00e4lschtes Bild ohne Verformung und mit hoher Genauigkeit bei der Wiedergabe von Farbunterschieden.<\/p>\n\n\n\n<p><strong>Hochfestes Material: <\/strong>Der Rahmen besteht aus einer hochwertigen Aluminiumlegierung, ist oxidations- und korrosionsbest\u00e4ndig, leicht zu montieren und mit einem Befestigungshaken f\u00fcr den langfristigen Gebrauch versehen, so dass er stabil wie neu bleibt. Die Spiegeloberfl\u00e4che wurde einer explosionssicheren Behandlung unterzogen, um unsere Sicherheit zu gew\u00e4hrleisten.<\/p>\n\n\n\n<p><strong>Geeignet f\u00fcr verschiedene Badbereiche:<\/strong> Unsere Badezimmerspiegel umfassen runde, gebogene, rechteckige und ma\u00dfgefertigte Designs in einem minimalistischen und modernen Stil, die sich an verschiedene Badezimmerdekorationen anpassen und die Gesamtqualit\u00e4t des Raums verbessern.<\/p>\n<\/div>\n\n\n\n<div class=\"wp-block-column is-layout-flow wp-block-column-is-layout-flow\"><div class=\"wp-block-image\">\n<figure class=\"aligncenter size-full\"><img decoding=\"async\" width=\"700\" height=\"700\" src=\"https:\/\/www.shouyasanitary.com\/wp-content\/uploads\/2026\/01\/OEM-customization-wall-mounted-led-mirror.webp\" alt=\"OEM-Anpassung wandmontierten led Spiegel\" class=\"wp-image-2643\" style=\"object-fit:cover\" srcset=\"https:\/\/www.shouyasanitary.com\/wp-content\/uploads\/2026\/01\/OEM-customization-wall-mounted-led-mirror.webp 700w, https:\/\/www.shouyasanitary.com\/wp-content\/uploads\/2026\/01\/OEM-customization-wall-mounted-led-mirror-300x300.webp 300w, https:\/\/www.shouyasanitary.com\/wp-content\/uploads\/2026\/01\/OEM-customization-wall-mounted-led-mirror-150x150.webp 150w, https:\/\/www.shouyasanitary.com\/wp-content\/uploads\/2026\/01\/OEM-customization-wall-mounted-led-mirror-12x12.webp 12w, https:\/\/www.shouyasanitary.com\/wp-content\/uploads\/2026\/01\/OEM-customization-wall-mounted-led-mirror-600x600.webp 600w, https:\/\/www.shouyasanitary.com\/wp-content\/uploads\/2026\/01\/OEM-customization-wall-mounted-led-mirror-100x100.webp 100w\" sizes=\"(max-width: 700px) 100vw, 700px\" \/><\/figure>\n<\/div><\/div>\n<\/div>","protected":false},"excerpt":{"rendered":"<p>Kundenspezifische Spiegel f\u00fcr das Badezimmer mit LED-Beleuchtung, dreifarbiger Temperaturregelung, explosionsgesch\u00fctztem HD-Spiegel und robustem Aluminiumrahmen. Mehrere Formen f\u00fcr Projekte und Gro\u00dfbestellungen verf\u00fcgbar. Kontaktieren Sie uns f\u00fcr Anpassungen.<\/p>\n<h2>Spiegel Bad mit Licht Attribute\uff1a<\/h2>\n<p><strong>Material:<\/strong> ABS-Kunststoff und Glas<br \/><strong>Funktion:<\/strong> Dreifarbige Beleuchtung, One-Touch-Entfogging<strong><br \/><\/strong><strong>Abmessungen:<\/strong> 80\u00d760 cm<br \/><strong>Dicke des Spiegels:<\/strong> 3,5 mm\/3,8 mm<br \/><strong>Bruttogewicht:<\/strong> 6kg\/PCS<\/p>\n<h2>Anpassung &amp; Dienstleistungen:<\/h2>\n<p><strong>OEM &amp; ODM<\/strong>: Unterst\u00fctzt<br \/><strong>Gestaltung<\/strong>: Frei<br \/><strong>Verpacken<\/strong>: Mehrschichtige feste Schaumstoffverpackung<\/p>","protected":false},"featured_media":2643,"comment_status":"closed","ping_status":"closed","template":"","meta":{"_acf_changed":true},"product_brand":[],"product_cat":[26],"product_tag":[],"class_list":{"0":"post-2641","1":"product","2":"type-product","3":"status-publish","4":"has-post-thumbnail","6":"product_cat-wholesale-bathroom-mirror","8":"first","9":"instock","10":"shipping-taxable","11":"product-type-simple"},"acf":[],"_links":{"self":[{"href":"https:\/\/www.shouyasanitary.com\/de\/wp-json\/wp\/v2\/product\/2641","targetHints":{"allow":["GET"]}}],"collection":[{"href":"https:\/\/www.shouyasanitary.com\/de\/wp-json\/wp\/v2\/product"}],"about":[{"href":"https:\/\/www.shouyasanitary.com\/de\/wp-json\/wp\/v2\/types\/product"}],"replies":[{"embeddable":true,"href":"https:\/\/www.shouyasanitary.com\/de\/wp-json\/wp\/v2\/comments?post=2641"}],"wp:featuredmedia":[{"embeddable":true,"href":"https:\/\/www.shouyasanitary.com\/de\/wp-json\/wp\/v2\/media\/2643"}],"wp:attachment":[{"href":"https:\/\/www.shouyasanitary.com\/de\/wp-json\/wp\/v2\/media?parent=2641"}],"wp:term":[{"taxonomy":"product_brand","embeddable":true,"href":"https:\/\/www.shouyasanitary.com\/de\/wp-json\/wp\/v2\/product_brand?post=2641"},{"taxonomy":"product_cat","embeddable":true,"href":"https:\/\/www.shouyasanitary.com\/de\/wp-json\/wp\/v2\/product_cat?post=2641"},{"taxonomy":"product_tag","embeddable":true,"href":"https:\/\/www.shouyasanitary.com\/de\/wp-json\/wp\/v2\/product_tag?post=2641"}],"curies":[{"name":"wp","href":"https:\/\/api.w.org\/{rel}","templated":true}]}}