{"id":2642,"date":"2026-02-24T08:24:30","date_gmt":"2026-02-24T08:24:30","guid":{"rendered":"https:\/\/www.shouyasanitary.com\/?post_type=product&#038;p=2642"},"modified":"2026-02-24T08:25:14","modified_gmt":"2026-02-24T08:25:14","slug":"custom-lighted-bathroom-mirror","status":"publish","type":"product","link":"https:\/\/www.shouyasanitary.com\/de\/produkt\/custom-lighted-bathroom-mirror\/","title":{"rendered":"Benutzerdefinierte beleuchteten Badezimmerspiegel, Squircle LED Badezimmerspiegel f\u00fcr Hotel Gro\u00dfhandel"},"content":{"rendered":"<div class=\"wp-block-columns is-layout-flex wp-container-core-columns-is-layout-9d6595d7 wp-block-columns-is-layout-flex\">\n<div class=\"wp-block-column is-layout-flow wp-block-column-is-layout-flow\">\n<h2 class=\"wp-block-heading\">Beleuchteter Badezimmerspiegel Eigenschaften\uff1a<\/h2>\n\n\n\n<p><strong>Organische Silhouette &amp; schwebendes Gl\u00fchen<\/strong>: Erh\u00f6hen Sie Ihr Badezimmer mit einem raffinierten \"Squircle\"-Design. Die versteckte LED-Hintergrundbeleuchtung erzeugt einen atemberaubenden, schwebenden Halo-Effekt, der einen weichen, blendfreien Glanz erzeugt und dem Raum Tiefe verleiht.<\/p>\n\n\n\n<p><strong>Smart Touch passt sich den Bed\u00fcrfnissen an<\/strong>: \u00dcbernehmen Sie die volle Kontrolle \u00fcber Ihr Ambiente. Mit einer einzigen Ber\u00fchrung k\u00f6nnen Sie zwischen 3 Farbtemperaturen umschalten. Dr\u00fccken Sie lange, um die Helligkeit einzustellen, und der integrierte Speicherchip merkt sich Ihre letzte Einstellung f\u00fcr eine nahtlose Routine.<\/p>\n\n\n\n<p><strong>Klare Anti-Beschlag-Technologie<\/strong>: Ausgestattet mit einem Schnellheizelement und einer Nanobeschichtung, wird die Mitte des Spiegels nach einer hei\u00dfen Dusche sofort klar. Kein Wischen mehr, keine Streifen mehr - nur ein makelloses Spiegelbild, jedes Mal.<\/p>\n\n\n\n<p><strong>Naturgetreue Farbe (CRI 90+)<\/strong>: Entwickelt f\u00fcr Pr\u00e4zision. Unser hochaufl\u00f6sendes Glas mit einem Farbwiedergabeindex (CRI) von 90+ sorgt daf\u00fcr, dass Ihre Reflexion so nat\u00fcrlich wie Tageslicht ist. Perfekt f\u00fcr makellosen Make-up-Auftrag, K\u00f6rperpflege und Hautpflege.<\/p>\n\n\n\n<p><strong>Wasserdicht<\/strong>: Speziell f\u00fcr das feuchte Badezimmer entwickelt. Mit professioneller Versiegelungstechnologie und bruchsicherem Glas ist dieser Spiegel hochgradig wasser- und staubbest\u00e4ndig und garantiert jahrelangen sicheren Gebrauch.<\/p>\n\n\n\n<p><strong>Erstklassige OEM\/ODM-Anpassung<\/strong>: Als engagierter Hersteller bieten wir eine umfassende Anpassung an. Passen Sie die Abmessungen, die Glasdicke, die LED-Farbtemperatur (CCT) und die Anordnung der Ber\u00fchrungssensoren an Ihre spezifischen Projektanforderungen oder Ihre Markenidentit\u00e4t an.<\/p>\n<\/div>\n\n\n\n<div class=\"wp-block-column is-layout-flow wp-block-column-is-layout-flow\"><div class=\"wp-block-image\">\n<figure class=\"aligncenter size-full\"><img decoding=\"async\" width=\"700\" height=\"700\" src=\"https:\/\/www.shouyasanitary.com\/wp-content\/uploads\/2026\/01\/OEM-Mirror-with-Lighting.webp\" alt=\"OEM-Spiegel mit Beleuchtung\" class=\"wp-image-2646\" style=\"object-fit:cover\" srcset=\"https:\/\/www.shouyasanitary.com\/wp-content\/uploads\/2026\/01\/OEM-Mirror-with-Lighting.webp 700w, https:\/\/www.shouyasanitary.com\/wp-content\/uploads\/2026\/01\/OEM-Mirror-with-Lighting-300x300.webp 300w, https:\/\/www.shouyasanitary.com\/wp-content\/uploads\/2026\/01\/OEM-Mirror-with-Lighting-150x150.webp 150w, https:\/\/www.shouyasanitary.com\/wp-content\/uploads\/2026\/01\/OEM-Mirror-with-Lighting-12x12.webp 12w, https:\/\/www.shouyasanitary.com\/wp-content\/uploads\/2026\/01\/OEM-Mirror-with-Lighting-600x600.webp 600w, https:\/\/www.shouyasanitary.com\/wp-content\/uploads\/2026\/01\/OEM-Mirror-with-Lighting-100x100.webp 100w\" sizes=\"(max-width: 700px) 100vw, 700px\" \/><\/figure>\n<\/div><\/div>\n<\/div>","protected":false},"excerpt":{"rendered":"<p>Hochwertiger, individuell beleuchteter Badezimmerspiegel mit LED-Hintergrundbeleuchtung, Anti-Beschlag-Funktion, CRI 90+ Glas und wasserdichtem Material. Vollst\u00e4ndig anpassbar in Gr\u00f6\u00dfe, Farbtemperatur und Touch-Steuerung, ideal f\u00fcr Hotels, Wohnprojekte und OEM-Branding. Kontaktieren Sie uns f\u00fcr ein Angebot und einen Produktkatalog.<\/p>\n<h2>Beleuchteter Badezimmerspiegel Attribute\uff1a<\/h2>\n<p><strong>Material:<\/strong>\u00a0ABS-Kunststoff und Glas<br \/><strong>Funktion:<\/strong>\u00a0Dreifarbige Beleuchtung, One-Touch-Entfogging<strong><br \/><\/strong><strong>Abmessungen:<\/strong> 60\u00d760 cm<br \/><strong>Dicke des Spiegels:<\/strong>\u00a03,5 mm\/3,8 mm<br \/><strong>Bruttogewicht:<\/strong> 5kg\/PCS<\/p>\n<h2>Anpassung &amp; Dienstleistungen:<\/h2>\n<p><strong>OEM &amp; ODM<\/strong>: Unterst\u00fctzt<br \/><strong>Gestaltung<\/strong>: Frei<br \/><strong>Verpacken<\/strong>: Mehrschichtige feste Schaumstoffverpackung<\/p>","protected":false},"featured_media":2646,"comment_status":"closed","ping_status":"closed","template":"","meta":{"_acf_changed":false},"product_brand":[],"product_cat":[26],"product_tag":[],"class_list":{"0":"post-2642","1":"product","2":"type-product","3":"status-publish","4":"has-post-thumbnail","6":"product_cat-wholesale-bathroom-mirror","8":"first","9":"instock","10":"shipping-taxable","11":"product-type-simple"},"acf":[],"_links":{"self":[{"href":"https:\/\/www.shouyasanitary.com\/de\/wp-json\/wp\/v2\/product\/2642","targetHints":{"allow":["GET"]}}],"collection":[{"href":"https:\/\/www.shouyasanitary.com\/de\/wp-json\/wp\/v2\/product"}],"about":[{"href":"https:\/\/www.shouyasanitary.com\/de\/wp-json\/wp\/v2\/types\/product"}],"replies":[{"embeddable":true,"href":"https:\/\/www.shouyasanitary.com\/de\/wp-json\/wp\/v2\/comments?post=2642"}],"wp:featuredmedia":[{"embeddable":true,"href":"https:\/\/www.shouyasanitary.com\/de\/wp-json\/wp\/v2\/media\/2646"}],"wp:attachment":[{"href":"https:\/\/www.shouyasanitary.com\/de\/wp-json\/wp\/v2\/media?parent=2642"}],"wp:term":[{"taxonomy":"product_brand","embeddable":true,"href":"https:\/\/www.shouyasanitary.com\/de\/wp-json\/wp\/v2\/product_brand?post=2642"},{"taxonomy":"product_cat","embeddable":true,"href":"https:\/\/www.shouyasanitary.com\/de\/wp-json\/wp\/v2\/product_cat?post=2642"},{"taxonomy":"product_tag","embeddable":true,"href":"https:\/\/www.shouyasanitary.com\/de\/wp-json\/wp\/v2\/product_tag?post=2642"}],"curies":[{"name":"wp","href":"https:\/\/api.w.org\/{rel}","templated":true}]}}