{"id":2664,"date":"2026-02-24T09:02:27","date_gmt":"2026-02-24T09:02:27","guid":{"rendered":"https:\/\/www.shouyasanitary.com\/?post_type=product&#038;p=2664"},"modified":"2026-02-24T09:03:37","modified_gmt":"2026-02-24T09:03:37","slug":"custom-led-bathroom-mirror","status":"publish","type":"product","link":"https:\/\/www.shouyasanitary.com\/de\/produkt\/custom-led-bathroom-mirror\/","title":{"rendered":"Benutzerdefinierte LED-Badezimmer Spiegel Ei-f\u00f6rmigen hintergrundbeleuchteten Spiegel Modern in Bulk"},"content":{"rendered":"<div class=\"wp-block-columns is-layout-flex wp-container-core-columns-is-layout-9d6595d7 wp-block-columns-is-layout-flex\">\n<div class=\"wp-block-column is-layout-flow wp-block-column-is-layout-flow\">\n<h2 class=\"wp-block-heading\">LED-Badezimmer-Spiegel Eigenschaften\uff1a<\/h2>\n\n\n\n<p><strong>Weiche und gleichm\u00e4\u00dfige LED-Beleuchtung<\/strong>: Doppellagig eingebettete LED-Streifen sorgen f\u00fcr eine gleichm\u00e4\u00dfige, blendfreie Ausleuchtung. Stellt den Hautton und die Details der Gesichtshaut pr\u00e4zise wieder her und sorgt so f\u00fcr ein akkurates Make-up und Hautpflege f\u00fcr Hotels, Wohnprojekte und OEM-Bestellungen von Markenherstellern.<\/p>\n\n\n\n<p><strong>Modernes eif\u00f6rmiges Design:<\/strong> Die glatte Ei-Kontur mit zarten Goldr\u00e4ndern sorgt f\u00fcr Weichheit und Eleganz. Ideal f\u00fcr Wabi Sabi, modernen Luxus oder B\u00e4der im Boutique-Stil, um den Wiedererkennungswert und die allgemeine Design\u00e4sthetik zu erh\u00f6hen.<\/p>\n\n\n\n<p><strong>Hochaufl\u00f6sender Anti-Beschlag-Spiegel<\/strong>: Hergestellt mit hochwertigem Silberspiegel und Nano-Anti-Beschlag-Beschichtung. Bleibt sofort nach dem Baden klar, erm\u00f6glicht sofortiges Haarstyling und Make-up-Kontrollen und verbessert die Effizienz in gewerblichen oder privaten Projekten.<\/p>\n\n\n\n<p><strong>Anpassbar f\u00fcr Projekte:<\/strong> Vollst\u00e4ndig anpassbare Abmessungen, LED-Farbtemperatur, Touch-Bedienelemente und OEM\/ODM-Branding-Optionen - perfekt f\u00fcr Gro\u00dfbestellungen, Hotelinstallationen und Designerprojekte.<\/p>\n<\/div>\n\n\n\n<div class=\"wp-block-column is-layout-flow wp-block-column-is-layout-flow\"><div class=\"wp-block-image\">\n<figure class=\"aligncenter size-full\"><img decoding=\"async\" width=\"700\" height=\"700\" src=\"https:\/\/www.shouyasanitary.com\/wp-content\/uploads\/2026\/01\/Wholesale-Mirror.webp\" alt=\"Gro\u00dfhandelsspiegel\" class=\"wp-image-2665\" style=\"object-fit:cover\" srcset=\"https:\/\/www.shouyasanitary.com\/wp-content\/uploads\/2026\/01\/Wholesale-Mirror.webp 700w, https:\/\/www.shouyasanitary.com\/wp-content\/uploads\/2026\/01\/Wholesale-Mirror-300x300.webp 300w, https:\/\/www.shouyasanitary.com\/wp-content\/uploads\/2026\/01\/Wholesale-Mirror-150x150.webp 150w, https:\/\/www.shouyasanitary.com\/wp-content\/uploads\/2026\/01\/Wholesale-Mirror-12x12.webp 12w, https:\/\/www.shouyasanitary.com\/wp-content\/uploads\/2026\/01\/Wholesale-Mirror-600x600.webp 600w, https:\/\/www.shouyasanitary.com\/wp-content\/uploads\/2026\/01\/Wholesale-Mirror-100x100.webp 100w\" sizes=\"(max-width: 700px) 100vw, 700px\" \/><\/figure>\n<\/div><\/div>\n<\/div>","protected":false},"excerpt":{"rendered":"<p data-start=\"91\" data-end=\"360\">Shouya kundenspezifischer LED-Badezimmerspiegel mit weicher, blendfreier Beleuchtung, hochaufl\u00f6sender Anti-Beschlag-Oberfl\u00e4che und eleganten eif\u00f6rmigen R\u00e4ndern. Vollst\u00e4ndig anpassbar in Bezug auf Gr\u00f6\u00dfe, LED-Farbe, Touch-Bedienelemente und OEM\/ODM-Branding, ideal f\u00fcr Hotels, Wohnprojekte und Designer-Installationen. Nehmen Sie jetzt Kontakt mit uns auf!<\/p>\n<h2>LED-Badezimmerspiegel Attribute\uff1a<\/h2>\n<p><strong>Material:<\/strong> Rahmen und Glas aus Aluminiumlegierung<br \/><strong>Funktion:<\/strong>\u00a0Dreifarbige Beleuchtung, One-Touch-Entfogging<strong><br \/><\/strong><strong>Abmessungen:<\/strong> 50\u00d780 cm<br \/><strong>Dicke des Spiegels:<\/strong>\u00a03,5 mm\/3,8 mm<br \/><strong>Bruttogewicht:<\/strong> 6kg\/PCS<\/p>\n<h2>Anpassung &amp; Dienstleistungen:<\/h2>\n<p><strong>OEM &amp; ODM<\/strong>: Unterst\u00fctzt<br \/><strong>Gestaltung<\/strong>: Frei<br \/><strong>Verpacken<\/strong>: Mehrschichtige feste Schaumstoffverpackung<\/p>","protected":false},"featured_media":2665,"comment_status":"closed","ping_status":"closed","template":"","meta":{"_acf_changed":false},"product_brand":[],"product_cat":[26],"product_tag":[],"class_list":{"0":"post-2664","1":"product","2":"type-product","3":"status-publish","4":"has-post-thumbnail","6":"product_cat-wholesale-bathroom-mirror","8":"first","9":"instock","10":"shipping-taxable","11":"product-type-simple"},"acf":[],"_links":{"self":[{"href":"https:\/\/www.shouyasanitary.com\/de\/wp-json\/wp\/v2\/product\/2664","targetHints":{"allow":["GET"]}}],"collection":[{"href":"https:\/\/www.shouyasanitary.com\/de\/wp-json\/wp\/v2\/product"}],"about":[{"href":"https:\/\/www.shouyasanitary.com\/de\/wp-json\/wp\/v2\/types\/product"}],"replies":[{"embeddable":true,"href":"https:\/\/www.shouyasanitary.com\/de\/wp-json\/wp\/v2\/comments?post=2664"}],"wp:featuredmedia":[{"embeddable":true,"href":"https:\/\/www.shouyasanitary.com\/de\/wp-json\/wp\/v2\/media\/2665"}],"wp:attachment":[{"href":"https:\/\/www.shouyasanitary.com\/de\/wp-json\/wp\/v2\/media?parent=2664"}],"wp:term":[{"taxonomy":"product_brand","embeddable":true,"href":"https:\/\/www.shouyasanitary.com\/de\/wp-json\/wp\/v2\/product_brand?post=2664"},{"taxonomy":"product_cat","embeddable":true,"href":"https:\/\/www.shouyasanitary.com\/de\/wp-json\/wp\/v2\/product_cat?post=2664"},{"taxonomy":"product_tag","embeddable":true,"href":"https:\/\/www.shouyasanitary.com\/de\/wp-json\/wp\/v2\/product_tag?post=2664"}],"curies":[{"name":"wp","href":"https:\/\/api.w.org\/{rel}","templated":true}]}}