{"id":2668,"date":"2026-03-14T03:12:50","date_gmt":"2026-03-14T03:12:50","guid":{"rendered":"https:\/\/www.shouyasanitary.com\/?post_type=product&#038;p=2668"},"modified":"2026-03-14T03:17:48","modified_gmt":"2026-03-14T03:17:48","slug":"custom-round-led-bathroom-mirror","status":"publish","type":"product","link":"https:\/\/www.shouyasanitary.com\/de\/produkt\/custom-round-led-bathroom-mirror\/","title":{"rendered":"Benutzerdefinierte Runde LED-Badezimmer-Spiegel, Badezimmer Wandspiegel mit Licht f\u00fcr Hotel Lieferant"},"content":{"rendered":"<div class=\"wp-block-columns is-layout-flex wp-container-core-columns-is-layout-9d6595d7 wp-block-columns-is-layout-flex\">\n<div class=\"wp-block-column is-layout-flow wp-block-column-is-layout-flow\">\n<h2 class=\"wp-block-heading\">Runder LED-Badezimmerspiegel Eigenschaften\uff1a<\/h2>\n\n\n\n<p><strong>Kreisf\u00f6rmige Umgebungslichtquelle: <\/strong>Der runde LED-Spiegel verf\u00fcgt \u00fcber eine eingebettete kreisf\u00f6rmige Lichtleiste, und das Licht wird gleichm\u00e4\u00dfig gestreut, nachdem es durch den matten Rand abgeschw\u00e4cht wurde. Er kann als zus\u00e4tzliche Lichtquelle f\u00fcr das Make-up oder als Umgebungslicht im Badezimmer verwendet werden, das dem kalten Raum eine warme Schicht hinzuf\u00fcgt und sich von der Monotonie im Waschbereich verabschiedet.<\/p>\n\n\n\n<p><strong>Minimalistisches Design mit schmalem Rand: <\/strong>Mattschwarze, schmale R\u00e4nder gepaart mit scharfen, runden Konturen schw\u00e4chen die Schwere der Spiegel ab, so dass sie nicht nur f\u00fcr moderne, minimalistische B\u00e4der geeignet sind, sondern auch in grenz\u00fcberschreitende Szenen wie Teestuben und Freizeitbereiche integriert werden k\u00f6nnen, indem sie Funktionalit\u00e4t und Dekoration miteinander verbinden und zu einem optischen Highlight im Raum werden.<\/p>\n\n\n\n<p><strong>Hochaufl\u00f6sende Bildqualit\u00e4t:<\/strong>\u00a0Der hochtransparente Silberspiegel ist verzerrungsfrei und kann die Hautstruktur und Make-up-Details deutlich wiedergeben. Bei der t\u00e4glichen Hautpflege oder dem Styling muss man nicht nah herangehen, um die Details zu sehen, was die Effizienz und Erfahrung beim Waschen und Schminken verbessert.<\/p>\n\n\n\n<p><strong>Ma\u00dfgeschneiderter Gro\u00dfhandelsservice<\/strong>: Unterst\u00fctzt die individuelle Anpassung von Gr\u00f6\u00dfe, Beleuchtung, Materialien usw., direkt ab Werk, stabile Produktionskapazit\u00e4t und Qualit\u00e4tskontrolle, um den Bedarf von B2B-Kunden an Gro\u00dfeink\u00e4ufen und grenz\u00fcberschreitenden Lieferungen zu decken.<\/p>\n<\/div>\n\n\n\n<div class=\"wp-block-column is-layout-flow wp-block-column-is-layout-flow\"><div class=\"wp-block-image\">\n<figure class=\"aligncenter size-full\"><img decoding=\"async\" width=\"700\" height=\"700\" src=\"https:\/\/www.shouyasanitary.com\/wp-content\/uploads\/2026\/01\/Custom-Solutions-with-mirror-1.webp\" alt=\"Individuelle L\u00f6sungen mit Spiegel\" class=\"wp-image-2669\" style=\"object-fit:cover\" srcset=\"https:\/\/www.shouyasanitary.com\/wp-content\/uploads\/2026\/01\/Custom-Solutions-with-mirror-1.webp 700w, https:\/\/www.shouyasanitary.com\/wp-content\/uploads\/2026\/01\/Custom-Solutions-with-mirror-1-300x300.webp 300w, https:\/\/www.shouyasanitary.com\/wp-content\/uploads\/2026\/01\/Custom-Solutions-with-mirror-1-150x150.webp 150w, https:\/\/www.shouyasanitary.com\/wp-content\/uploads\/2026\/01\/Custom-Solutions-with-mirror-1-12x12.webp 12w, https:\/\/www.shouyasanitary.com\/wp-content\/uploads\/2026\/01\/Custom-Solutions-with-mirror-1-600x600.webp 600w, https:\/\/www.shouyasanitary.com\/wp-content\/uploads\/2026\/01\/Custom-Solutions-with-mirror-1-100x100.webp 100w\" sizes=\"(max-width: 700px) 100vw, 700px\" \/><\/figure>\n<\/div><\/div>\n<\/div>\n\n\n\n<p><\/p>","protected":false},"excerpt":{"rendered":"<p>Shouya benutzerdefinierte runde LED-Badezimmerspiegel verf\u00fcgt \u00fcber einen eingebetteten ringf\u00f6rmigen Umgebungslichtstreifen, eine mattschwarze schmale L\u00fcnette und eine hochaufl\u00f6sende Bildgebung. Anpassung und Gro\u00dfhandel sind unterst\u00fctzt, geeignet f\u00fcr Badezimmer, B\u00fcro Pausenr\u00e4ume und andere Einstellungen. Kontaktieren Sie uns f\u00fcr ein Angebot und einen Produktkatalog.<\/p>\n<h2>Runder LED-Badezimmer-Spiegel Attribute\uff1a<\/h2>\n<p><strong>Material:<\/strong>\u00a0ABS-Kunststoff und Glas<br \/><strong>Funktion:<\/strong>\u00a0Dreifarbige Beleuchtung, One-Touch-Entfogging<strong><br \/><\/strong><strong>Abmessungen:<\/strong> 60\u00d760 cm<br \/><strong>Dicke des Spiegels:<\/strong>\u00a03,5 mm\/3,8 mm<br \/><strong>Bruttogewicht:<\/strong> 5kg\/PCS<\/p>\n<h2>Anpassung &amp; Dienstleistungen:<\/h2>\n<p><strong>OEM &amp; ODM<\/strong>: Unterst\u00fctzt<br \/><strong>Gestaltung<\/strong>: Frei<br \/><strong>Verpacken<\/strong>: Mehrschichtige feste Schaumstoffverpackung<\/p>","protected":false},"featured_media":2669,"comment_status":"closed","ping_status":"closed","template":"","meta":{"_acf_changed":false},"product_brand":[],"product_cat":[26],"product_tag":[],"class_list":{"0":"post-2668","1":"product","2":"type-product","3":"status-publish","4":"has-post-thumbnail","6":"product_cat-wholesale-bathroom-mirror","8":"first","9":"instock","10":"shipping-taxable","11":"product-type-simple"},"acf":[],"_links":{"self":[{"href":"https:\/\/www.shouyasanitary.com\/de\/wp-json\/wp\/v2\/product\/2668","targetHints":{"allow":["GET"]}}],"collection":[{"href":"https:\/\/www.shouyasanitary.com\/de\/wp-json\/wp\/v2\/product"}],"about":[{"href":"https:\/\/www.shouyasanitary.com\/de\/wp-json\/wp\/v2\/types\/product"}],"replies":[{"embeddable":true,"href":"https:\/\/www.shouyasanitary.com\/de\/wp-json\/wp\/v2\/comments?post=2668"}],"wp:featuredmedia":[{"embeddable":true,"href":"https:\/\/www.shouyasanitary.com\/de\/wp-json\/wp\/v2\/media\/2669"}],"wp:attachment":[{"href":"https:\/\/www.shouyasanitary.com\/de\/wp-json\/wp\/v2\/media?parent=2668"}],"wp:term":[{"taxonomy":"product_brand","embeddable":true,"href":"https:\/\/www.shouyasanitary.com\/de\/wp-json\/wp\/v2\/product_brand?post=2668"},{"taxonomy":"product_cat","embeddable":true,"href":"https:\/\/www.shouyasanitary.com\/de\/wp-json\/wp\/v2\/product_cat?post=2668"},{"taxonomy":"product_tag","embeddable":true,"href":"https:\/\/www.shouyasanitary.com\/de\/wp-json\/wp\/v2\/product_tag?post=2668"}],"curies":[{"name":"wp","href":"https:\/\/api.w.org\/{rel}","templated":true}]}}