{"id":2672,"date":"2026-03-14T03:36:27","date_gmt":"2026-03-14T03:36:27","guid":{"rendered":"https:\/\/www.shouyasanitary.com\/?post_type=product&#038;p=2672"},"modified":"2026-03-14T03:37:24","modified_gmt":"2026-03-14T03:37:24","slug":"custom-mirrors-for-bathroom","status":"publish","type":"product","link":"https:\/\/www.shouyasanitary.com\/de\/produkt\/custom-mirrors-for-bathroom\/","title":{"rendered":"Benutzerdefinierte Spiegel f\u00fcr Badezimmer, luxuri\u00f6se Floral LED Smart Spiegel mit Gold Aluminium in Bulk"},"content":{"rendered":"<div class=\"wp-block-columns is-layout-flex wp-container-core-columns-is-layout-9d6595d7 wp-block-columns-is-layout-flex\">\n<div class=\"wp-block-column is-layout-flow wp-block-column-is-layout-flow\">\n<h2 class=\"wp-block-heading\">Eigenschaften von Spiegeln f\u00fcr das Badezimmer\uff1a<\/h2>\n\n\n\n<p><strong>Luxuri\u00f6ses k\u00fcnstlerisches Erscheinungsbild<\/strong>: Ein goldener Aluminiumrahmen mit bl\u00fctenblattf\u00f6rmigen Details und strahlenden Linien schafft einen Look, der Luxus und Kunstfertigkeit miteinander verbindet, verschiedene Einrichtungsstile erg\u00e4nzt und zu einem visuellen Blickfang wird.<\/p>\n\n\n\n<p><strong>Intelligent dimmbare Beleuchtung:<\/strong> Der LED-Streifen unterst\u00fctzt das Schalten von drei Farben und sorgt f\u00fcr gleichm\u00e4\u00dfiges und weiches Licht. Ein Knopfdruck zum Ein- und Ausschalten und langes Dr\u00fccken zum Einstellen der Helligkeit sorgen f\u00fcr klare Hautt\u00f6ne und Make-up-Details beim Auftragen und Pflegen der Haut.<\/p>\n\n\n\n<p><strong>Hochaufl\u00f6sende und langlebige Bildgebung<\/strong>: Durch die Verwendung eines hochaufl\u00f6senden Silberspiegels ist das Bild klar und verzerrungsfrei, wodurch das wahre Aussehen wiederhergestellt wird. Der Aluminiumrahmen ist feuchtigkeits- und rostbest\u00e4ndig und eignet sich f\u00fcr den langfristigen Einsatz in feuchten Badezimmern.<\/p>\n\n\n\n<p><strong>Anpassungsf\u00e4hige Anpassungsf\u00e4higkeit:<\/strong> Unterst\u00fctzt die individuelle Anpassung von Gr\u00f6\u00dfe, Beleuchtung und optischen Details, um den Anforderungen von B2B-Gro\u00dfh\u00e4ndlern und der individuellen Heimdekoration gerecht zu werden und ein Gleichgewicht zwischen \u00c4sthetik und Zweckm\u00e4\u00dfigkeit herzustellen.<\/p>\n\n\n\n<p><strong>Vielseitige Szenenkompatibilit\u00e4t: <\/strong>Er eignet sich f\u00fcr die Pflege im Bad und f\u00fcr Make-up, aber auch als dekorativer Spiegel in Eingangsbereichen und Wohnzimmern und passt sich nahtlos an verschiedene Raumstile wie Luxus, Natur und Moderne an.<\/p>\n<\/div>\n\n\n\n<div class=\"wp-block-column is-layout-flow wp-block-column-is-layout-flow\"><div class=\"wp-block-image\">\n<figure class=\"aligncenter size-full\"><img decoding=\"async\" width=\"700\" height=\"700\" src=\"https:\/\/www.shouyasanitary.com\/wp-content\/uploads\/2026\/01\/oem-purchase-smart-mirror-with-3-color.webp\" alt=\"oem Kauf smart Spiegel mit 3 Farbe\" class=\"wp-image-2674\" style=\"object-fit:cover\" srcset=\"https:\/\/www.shouyasanitary.com\/wp-content\/uploads\/2026\/01\/oem-purchase-smart-mirror-with-3-color.webp 700w, https:\/\/www.shouyasanitary.com\/wp-content\/uploads\/2026\/01\/oem-purchase-smart-mirror-with-3-color-300x300.webp 300w, https:\/\/www.shouyasanitary.com\/wp-content\/uploads\/2026\/01\/oem-purchase-smart-mirror-with-3-color-150x150.webp 150w, https:\/\/www.shouyasanitary.com\/wp-content\/uploads\/2026\/01\/oem-purchase-smart-mirror-with-3-color-12x12.webp 12w, https:\/\/www.shouyasanitary.com\/wp-content\/uploads\/2026\/01\/oem-purchase-smart-mirror-with-3-color-600x600.webp 600w, https:\/\/www.shouyasanitary.com\/wp-content\/uploads\/2026\/01\/oem-purchase-smart-mirror-with-3-color-100x100.webp 100w\" sizes=\"(max-width: 700px) 100vw, 700px\" \/><\/figure>\n<\/div><\/div>\n<\/div>","protected":false},"excerpt":{"rendered":"<p>Ma\u00dfgefertigte Spiegel f\u00fcr Badezimmer verf\u00fcgen \u00fcber einen luxuri\u00f6sen goldenen Aluminiumrahmen im Bl\u00fctendesign mit dreifarbiger dimmbarer LED-Beleuchtung und einem hochaufl\u00f6senden silbernen Spiegel, der eine klare Abbildung und elegante Beleuchtung f\u00fcr moderne Badezimmer bietet. Direkte Lieferung ab Werk mit anpassbaren Gr\u00f6\u00dfen und Beleuchtungsoptionen. Kontaktieren Sie uns f\u00fcr Gro\u00dfhandelspreise und Details zur Anpassung.<\/p>\n<h2>Badezimmer-Spiegel Attribute\uff1a<\/h2>\n<p><strong>Material:<\/strong>\u00a0ABS-Kunststoff und Glas<br \/><strong>Funktion:<\/strong>\u00a0Dreifarbige Beleuchtung, One-Touch-Entfogging<strong><br \/><\/strong><strong>Abmessungen:<\/strong> 60\u00d760 cm<br \/><strong>Dicke des Spiegels:<\/strong>\u00a03,5 mm\/3,8 mm<br \/><strong>Bruttogewicht:<\/strong> 5kg\/PCS<\/p>\n<h2>Anpassung &amp; Dienstleistungen:<\/h2>\n<p><strong>OEM &amp; ODM<\/strong>: Unterst\u00fctzt<br \/><strong>Gestaltung<\/strong>: Frei<br \/><strong>Verpacken<\/strong>: Mehrschichtige feste Schaumstoffverpackung<\/p>","protected":false},"featured_media":2674,"comment_status":"closed","ping_status":"closed","template":"","meta":{"_acf_changed":false},"product_brand":[],"product_cat":[26],"product_tag":[],"class_list":{"0":"post-2672","1":"product","2":"type-product","3":"status-publish","4":"has-post-thumbnail","6":"product_cat-wholesale-bathroom-mirror","8":"first","9":"instock","10":"shipping-taxable","11":"product-type-simple"},"acf":[],"_links":{"self":[{"href":"https:\/\/www.shouyasanitary.com\/de\/wp-json\/wp\/v2\/product\/2672","targetHints":{"allow":["GET"]}}],"collection":[{"href":"https:\/\/www.shouyasanitary.com\/de\/wp-json\/wp\/v2\/product"}],"about":[{"href":"https:\/\/www.shouyasanitary.com\/de\/wp-json\/wp\/v2\/types\/product"}],"replies":[{"embeddable":true,"href":"https:\/\/www.shouyasanitary.com\/de\/wp-json\/wp\/v2\/comments?post=2672"}],"wp:featuredmedia":[{"embeddable":true,"href":"https:\/\/www.shouyasanitary.com\/de\/wp-json\/wp\/v2\/media\/2674"}],"wp:attachment":[{"href":"https:\/\/www.shouyasanitary.com\/de\/wp-json\/wp\/v2\/media?parent=2672"}],"wp:term":[{"taxonomy":"product_brand","embeddable":true,"href":"https:\/\/www.shouyasanitary.com\/de\/wp-json\/wp\/v2\/product_brand?post=2672"},{"taxonomy":"product_cat","embeddable":true,"href":"https:\/\/www.shouyasanitary.com\/de\/wp-json\/wp\/v2\/product_cat?post=2672"},{"taxonomy":"product_tag","embeddable":true,"href":"https:\/\/www.shouyasanitary.com\/de\/wp-json\/wp\/v2\/product_tag?post=2672"}],"curies":[{"name":"wp","href":"https:\/\/api.w.org\/{rel}","templated":true}]}}