{"id":2673,"date":"2026-03-14T04:01:50","date_gmt":"2026-03-14T04:01:50","guid":{"rendered":"https:\/\/www.shouyasanitary.com\/?post_type=product&#038;p=2673"},"modified":"2026-03-14T06:13:34","modified_gmt":"2026-03-14T06:13:34","slug":"custom-bathroom-mirror-with-lights","status":"publish","type":"product","link":"https:\/\/www.shouyasanitary.com\/de\/produkt\/custom-bathroom-mirror-with-lights\/","title":{"rendered":"Benutzerdefinierte Badezimmer-Spiegel mit Lichtern, kreisf\u00f6rmige LED Make-up-Spiegel mit 3-Farben-Beleuchtung Gro\u00dfhandel"},"content":{"rendered":"<div class=\"wp-block-columns is-layout-flex wp-container-core-columns-is-layout-9d6595d7 wp-block-columns-is-layout-flex\">\n<div class=\"wp-block-column is-layout-flow wp-block-column-is-layout-flow\">\n<h2 class=\"wp-block-heading\">Badezimmerspiegel mit Beleuchtung Eigenschaften\uff1a<\/h2>\n\n\n\n<p><strong>Klassisches Hollywood-Lichtring-Design<\/strong>: Der Spiegel ist von hellen LED-Lampen umgeben, die sich gleichm\u00e4\u00dfig und blendfrei verteilen und die Atmosph\u00e4re einer Prominentengarderobe nachahmen. Ausgezeichnete Spiegelqualit\u00e4t, die Funktionalit\u00e4t f\u00fcr Sch\u00f6nheit und Wohnkultur vereint.<\/p>\n\n\n\n<p><strong>Intelligente Dimmung mit dreifarbiger Temperatur<\/strong>: Mit einem Knopfdruck kann zwischen k\u00fchlem Licht (6000K), nat\u00fcrlichem Licht (4500K) und warmem Licht (3000K) umgeschaltet werden. Durch langes Dr\u00fccken der Tasten l\u00e4sst sich die Helligkeit einstellen, um verschiedene Beleuchtungsszenarien zu simulieren, die den Bed\u00fcrfnissen von Pendlern, B\u00fcroangestellten und Hautpflegern entsprechen.<\/p>\n\n\n\n<p><strong>Dual-Mode-Installation f\u00fcr mehr Flexibilit\u00e4t<\/strong>: Unterst\u00fctzt sowohl die Wand- als auch die Tischmontage. Die Wandmontage spart Platz im Bad, w\u00e4hrend die Tischplatte f\u00fcr Schminktische beweglich ist. Komplettes Zubeh\u00f6r erleichtert die Installation und erf\u00fcllt verschiedene Nutzungsszenarien.<\/p>\n\n\n\n<p><strong>Sicher, langlebig und kosteneffektiv:<\/strong> Der Spiegel besteht aus explosionsgesch\u00fctztem Glas, das die Sicherheit erh\u00f6ht. Durch die langfristige Nutzung entf\u00e4llt die Notwendigkeit eines h\u00e4ufigen Austauschs, was eine hohe Lebensdauer und ein hervorragendes Preis-Leistungs-Verh\u00e4ltnis bietet.<\/p>\n\n\n\n<p><strong>Individuelle Anpassung und Unterst\u00fctzung f\u00fcr Gro\u00dfh\u00e4ndler<\/strong>: Unterst\u00fctzt die Anpassung von Gr\u00f6\u00dfe, Anzahl der LED-Gl\u00fchbirnen und Aussehen. Die direkte Lieferung ab Werk gew\u00e4hrleistet eine stabile Qualit\u00e4tskontrolle und deckt den Bedarf von Gro\u00dfh\u00e4ndlern, Distributoren und Heimwerkerprojekten.<\/p>\n<\/div>\n\n\n\n<div class=\"wp-block-column is-layout-flow wp-block-column-is-layout-flow\"><div class=\"wp-block-image\">\n<figure class=\"aligncenter size-full\"><img decoding=\"async\" width=\"700\" height=\"700\" src=\"https:\/\/www.shouyasanitary.com\/wp-content\/uploads\/2026\/01\/wholesale-led-Hollywood-lamp-ring-design-mirror.webp\" alt=\"Gro\u00dfhandel f\u00fchrte Hollywood Lampe Ring Design Spiegel\" class=\"wp-image-2677\" style=\"object-fit:cover\" srcset=\"https:\/\/www.shouyasanitary.com\/wp-content\/uploads\/2026\/01\/wholesale-led-Hollywood-lamp-ring-design-mirror.webp 700w, https:\/\/www.shouyasanitary.com\/wp-content\/uploads\/2026\/01\/wholesale-led-Hollywood-lamp-ring-design-mirror-300x300.webp 300w, https:\/\/www.shouyasanitary.com\/wp-content\/uploads\/2026\/01\/wholesale-led-Hollywood-lamp-ring-design-mirror-150x150.webp 150w, https:\/\/www.shouyasanitary.com\/wp-content\/uploads\/2026\/01\/wholesale-led-Hollywood-lamp-ring-design-mirror-12x12.webp 12w, https:\/\/www.shouyasanitary.com\/wp-content\/uploads\/2026\/01\/wholesale-led-Hollywood-lamp-ring-design-mirror-600x600.webp 600w, https:\/\/www.shouyasanitary.com\/wp-content\/uploads\/2026\/01\/wholesale-led-Hollywood-lamp-ring-design-mirror-100x100.webp 100w\" sizes=\"(max-width: 700px) 100vw, 700px\" \/><\/figure>\n<\/div><\/div>\n<\/div>","protected":false},"excerpt":{"rendered":"<p>Der benutzerdefinierte Badezimmerspiegel mit Beleuchtung verf\u00fcgt \u00fcber einen LED-Gl\u00fchlampenring im Hollywood-Stil mit dimmbarer 3-Farben-Beleuchtung f\u00fcr helle, gleichm\u00e4\u00dfige Ausleuchtung. Installation an der Wand oder auf dem Tisch mit anpassbaren Optionen. Kontaktieren Sie uns f\u00fcr Gro\u00dfhandelsanfragen.<\/p>\n<h2>Badezimmerspiegel mit Licht Attribute\uff1a<\/h2>\n<p><strong><br \/>Material:<\/strong> ABS-Kunststoff und Glas<br \/><strong>Funktion:<\/strong> Dreifarbige Beleuchtung, One-Touch-Entfogging<strong><br \/><\/strong><strong>Abmessungen:<\/strong> 70\u00d770 cm<br \/><strong>Dicke des Spiegels:<\/strong> 3,5 mm\/3,8 mm<br \/><strong>Bruttogewicht:<\/strong> 7kg\/PCS<\/p>\n<h2>Anpassung &amp; Dienstleistungen:<\/h2>\n<p><strong>OEM &amp; ODM<\/strong>: Unterst\u00fctzt<br \/><strong>Gestaltung<\/strong>: Frei<br \/><strong>Verpacken<\/strong>: Mehrschichtige feste Schaumstoffverpackung<\/p>","protected":false},"featured_media":2677,"comment_status":"closed","ping_status":"closed","template":"","meta":{"_acf_changed":false},"product_brand":[],"product_cat":[26],"product_tag":[],"class_list":{"0":"post-2673","1":"product","2":"type-product","3":"status-publish","4":"has-post-thumbnail","6":"product_cat-wholesale-bathroom-mirror","8":"first","9":"instock","10":"shipping-taxable","11":"product-type-simple"},"acf":[],"_links":{"self":[{"href":"https:\/\/www.shouyasanitary.com\/de\/wp-json\/wp\/v2\/product\/2673","targetHints":{"allow":["GET"]}}],"collection":[{"href":"https:\/\/www.shouyasanitary.com\/de\/wp-json\/wp\/v2\/product"}],"about":[{"href":"https:\/\/www.shouyasanitary.com\/de\/wp-json\/wp\/v2\/types\/product"}],"replies":[{"embeddable":true,"href":"https:\/\/www.shouyasanitary.com\/de\/wp-json\/wp\/v2\/comments?post=2673"}],"wp:featuredmedia":[{"embeddable":true,"href":"https:\/\/www.shouyasanitary.com\/de\/wp-json\/wp\/v2\/media\/2677"}],"wp:attachment":[{"href":"https:\/\/www.shouyasanitary.com\/de\/wp-json\/wp\/v2\/media?parent=2673"}],"wp:term":[{"taxonomy":"product_brand","embeddable":true,"href":"https:\/\/www.shouyasanitary.com\/de\/wp-json\/wp\/v2\/product_brand?post=2673"},{"taxonomy":"product_cat","embeddable":true,"href":"https:\/\/www.shouyasanitary.com\/de\/wp-json\/wp\/v2\/product_cat?post=2673"},{"taxonomy":"product_tag","embeddable":true,"href":"https:\/\/www.shouyasanitary.com\/de\/wp-json\/wp\/v2\/product_tag?post=2673"}],"curies":[{"name":"wp","href":"https:\/\/api.w.org\/{rel}","templated":true}]}}