{"id":2728,"date":"2026-03-14T07:59:38","date_gmt":"2026-03-14T07:59:38","guid":{"rendered":"https:\/\/www.shouyasanitary.com\/?post_type=product&#038;p=2728"},"modified":"2026-03-14T08:03:50","modified_gmt":"2026-03-14T08:03:50","slug":"free-standing-bathroom-vanities-custom","status":"publish","type":"product","link":"https:\/\/www.shouyasanitary.com\/de\/produkt\/free-standing-bathroom-vanities-custom\/","title":{"rendered":"Freistehende Badezimmer Eitelkeiten benutzerdefinierte, braun Badezimmer Schr\u00e4nke mit Spiegel Doppel Schubladen Gro\u00dfhandel"},"content":{"rendered":"<div class=\"wp-block-columns is-layout-flex wp-container-core-columns-is-layout-9d6595d7 wp-block-columns-is-layout-flex\">\n<div class=\"wp-block-column is-layout-flow wp-block-column-is-layout-flow\">\n<h2 class=\"wp-block-heading\">Freistehende Badezimmer-Eitelkeiten Merkmale\uff1a<\/h2>\n\n\n\n<p><strong>Vielseitige Farbpalette<\/strong>: Neutrale Braunt\u00f6ne f\u00fcgen sich nahtlos in jedes Dekor, Handt\u00fccher, Teppiche oder Kunstwerke ein und schaffen eine ruhige, spa-\u00e4hnliche Atmosph\u00e4re im Bad.<\/p>\n\n\n\n<p><strong>Ger\u00e4umiges Design mit zwei Schubladen<\/strong>: Zwei Schubladen mit Vollauszug bieten reichlich Stauraum f\u00fcr Toilettenartikel, Handt\u00fccher, Haartrockner, Kosmetika und Reinigungsmittel und halten die Arbeitsfl\u00e4che frei von Unordnung.<\/p>\n\n\n\n<p><strong>Premium-Keramik-Becken:<\/strong> Das bei hoher Temperatur gebrannte wei\u00dfe Keramikbecken ist nahtlos, kratzfest und leicht zu reinigen und gew\u00e4hrleistet eine lange Lebensdauer und Hygiene.<\/p>\n\n\n\n<p><strong>Leichtes Gewicht und einfache Installation<\/strong>: Das leichte Design des Schranks macht die Handhabung, Wandmontage und Installation m\u00fchelos. Sein geringes Transportgewicht reduziert die Kosten f\u00fcr grenz\u00fcberschreitende Logistik und Lagerung.<\/p>\n\n\n\n<p><strong>OEM\/ODM-Anpassung:<\/strong> Shouya unterst\u00fctzt die markenspezifische Auftragsfertigung mit flexiblen Gestaltungsm\u00f6glichkeiten f\u00fcr Logos und Produktdetails, ideal f\u00fcr den Aufbau oder die Erweiterung von B2B-Markenlinien.<\/p>\n<\/div>\n\n\n\n<div class=\"wp-block-column is-layout-flow wp-block-column-is-layout-flow\"><div class=\"wp-block-image\">\n<figure class=\"aligncenter size-full\"><img decoding=\"async\" width=\"700\" height=\"700\" src=\"https:\/\/www.shouyasanitary.com\/wp-content\/uploads\/2026\/03\/wholesale-floor-standing-cabinet.webp\" alt=\"Gro\u00dfhandel Standschrank\" class=\"wp-image-2729\" style=\"object-fit:cover\" srcset=\"https:\/\/www.shouyasanitary.com\/wp-content\/uploads\/2026\/03\/wholesale-floor-standing-cabinet.webp 700w, https:\/\/www.shouyasanitary.com\/wp-content\/uploads\/2026\/03\/wholesale-floor-standing-cabinet-300x300.webp 300w, https:\/\/www.shouyasanitary.com\/wp-content\/uploads\/2026\/03\/wholesale-floor-standing-cabinet-150x150.webp 150w, https:\/\/www.shouyasanitary.com\/wp-content\/uploads\/2026\/03\/wholesale-floor-standing-cabinet-12x12.webp 12w, https:\/\/www.shouyasanitary.com\/wp-content\/uploads\/2026\/03\/wholesale-floor-standing-cabinet-600x600.webp 600w, https:\/\/www.shouyasanitary.com\/wp-content\/uploads\/2026\/03\/wholesale-floor-standing-cabinet-100x100.webp 100w\" sizes=\"(max-width: 700px) 100vw, 700px\" \/><\/figure>\n<\/div><\/div>\n<\/div>","protected":false},"excerpt":{"rendered":"<p>Freistehende Badezimmer-Eitelkeiten sind mit einer neutralen braunen Oberfl\u00e4che, zwei ger\u00e4umigen Schubladen und einem langlebigen Keramikbecken ausgestattet. Leicht, einfach zu installieren und OEM\/ODM anpassbar. Kontaktieren Sie uns f\u00fcr Gro\u00dfhandelsanfragen und Katalogdetails.<\/p>\n<h2>Freistehende Badezimmer-Eitelkeiten Attribute\uff1a<\/h2>\n<p><strong>Modell\uff1a<\/strong>SYY26BA14<br \/><strong>Material des Geh\u00e4uses:<\/strong> PVC<br \/><strong>Farbe des Geh\u00e4uses:<\/strong> Braun<br \/><strong>Spiegel:<\/strong> LED-Spiegel (3,5 mm\/3,8 mm), dreifarbige Beleuchtung, One-Touch-Entfogging, gesichert mit mehrlagiger Schaumstoffverpackung<br \/><strong>Installationsart:<\/strong> Bodenstehend<br \/><strong>Abmessungen (L\u00d7B\u00d7H):<\/strong> 50x47x70 cm<br \/><strong>Bruttogewicht:<\/strong> 30kg\/Satz<\/p>\n<h2>Anpassung &amp; Dienstleistungen:<\/h2>\n<p><strong>OEM &amp; ODM<\/strong>: Unterst\u00fctzt<br \/><strong>Gestaltung<\/strong>: Frei<br \/><strong>Zubeh\u00f6r<\/strong>: Waschbecken, Spiegel, Armaturen und anderes Badzubeh\u00f6r<br \/><strong>Verpacken<\/strong>: Einbaufertig<\/p>","protected":false},"featured_media":2729,"comment_status":"closed","ping_status":"closed","template":"","meta":{"_acf_changed":false},"product_brand":[],"product_cat":[24],"product_tag":[],"class_list":{"0":"post-2728","1":"product","2":"type-product","3":"status-publish","4":"has-post-thumbnail","6":"product_cat-wholesale-pvc-bathroom-vanity-cabinets","8":"first","9":"instock","10":"shipping-taxable","11":"product-type-simple"},"acf":[],"_links":{"self":[{"href":"https:\/\/www.shouyasanitary.com\/de\/wp-json\/wp\/v2\/product\/2728","targetHints":{"allow":["GET"]}}],"collection":[{"href":"https:\/\/www.shouyasanitary.com\/de\/wp-json\/wp\/v2\/product"}],"about":[{"href":"https:\/\/www.shouyasanitary.com\/de\/wp-json\/wp\/v2\/types\/product"}],"replies":[{"embeddable":true,"href":"https:\/\/www.shouyasanitary.com\/de\/wp-json\/wp\/v2\/comments?post=2728"}],"wp:featuredmedia":[{"embeddable":true,"href":"https:\/\/www.shouyasanitary.com\/de\/wp-json\/wp\/v2\/media\/2729"}],"wp:attachment":[{"href":"https:\/\/www.shouyasanitary.com\/de\/wp-json\/wp\/v2\/media?parent=2728"}],"wp:term":[{"taxonomy":"product_brand","embeddable":true,"href":"https:\/\/www.shouyasanitary.com\/de\/wp-json\/wp\/v2\/product_brand?post=2728"},{"taxonomy":"product_cat","embeddable":true,"href":"https:\/\/www.shouyasanitary.com\/de\/wp-json\/wp\/v2\/product_cat?post=2728"},{"taxonomy":"product_tag","embeddable":true,"href":"https:\/\/www.shouyasanitary.com\/de\/wp-json\/wp\/v2\/product_tag?post=2728"}],"curies":[{"name":"wp","href":"https:\/\/api.w.org\/{rel}","templated":true}]}}