{"id":2732,"date":"2026-03-14T07:28:07","date_gmt":"2026-03-14T07:28:07","guid":{"rendered":"https:\/\/www.shouyasanitary.com\/?post_type=product&#038;p=2732"},"modified":"2026-03-14T07:29:24","modified_gmt":"2026-03-14T07:29:24","slug":"custom-wall-bathroom-cabinets","status":"publish","type":"product","link":"https:\/\/www.shouyasanitary.com\/de\/produkt\/custom-wall-bathroom-cabinets\/","title":{"rendered":"Benutzerdefinierte Wand Badezimmer Schr\u00e4nke, Wei\u00df Double Layers Modern Badezimmer Eitelkeit Lieferant"},"content":{"rendered":"<div class=\"wp-block-columns is-layout-flex wp-container-core-columns-is-layout-9d6595d7 wp-block-columns-is-layout-flex\">\n<div class=\"wp-block-column is-layout-flow wp-block-column-is-layout-flow\">\n<h2 class=\"wp-block-heading\">Wand-Badezimmerschr\u00e4nke Merkmale\uff1a<\/h2>\n\n\n\n<p><strong>Schlank und ger\u00e4umig:<\/strong>\u00a0Maximieren Sie die Bodenfl\u00e4che mit diesem minimalistischen\u00a0<strong>wandh\u00e4ngender Waschtisch<\/strong>. Die strahlend wei\u00dfe Oberfl\u00e4che sorgt f\u00fcr einen luftigen, sauberen Look.<\/p>\n\n\n\n<p><strong>Clevere Lagerung:<\/strong>\u00a0Zwei tiefe, sanft schlie\u00dfende Schubladen bieten reichlich versteckten Stauraum, um die Arbeitsfl\u00e4che frei von Unordnung zu halten.<\/p>\n\n\n\n<p><strong>Atemberaubendes Merkmal Spiegel:<\/strong>\u00a0Der mitgelieferte Spiegel hat ein funktionelles und dekoratives Design, ist mit einer LED-Beleuchtung ausgestattet und soll das Herzst\u00fcck der Badezimmerwand sein.<\/p>\n\n\n\n<p><strong>Gesundheit und Sicherheit<\/strong>: Umweltfreundliche PVC-Platten, formaldehydfrei, geruchsneutral, nach der Verlegung sofort einsatzbereit, geeignet f\u00fcr Wohnungen, Hotels und Wohnprojekte.<\/p>\n\n\n\n<p><strong>OEM \/ ODM-Dienstleistung:<\/strong> Shouyas ausgereiftes OEM\/ODM-Produktionssystem, das in der Lage ist, Auftragsfertigung nach den Markenstandards des Kunden durchzuf\u00fchren, unterst\u00fctzt die differenzierte Gestaltung von LOGO und Produktdetails und hilft Kunden, ihre eigenen Markenlinien schnell zu etablieren oder zu erweitern.<\/p>\n<\/div>\n\n\n\n<div class=\"wp-block-column is-layout-flow wp-block-column-is-layout-flow\"><div class=\"wp-block-image\">\n<figure class=\"aligncenter size-full\"><img decoding=\"async\" width=\"700\" height=\"700\" src=\"https:\/\/www.shouyasanitary.com\/wp-content\/uploads\/2026\/03\/bulk-purchase-cabinet.webp\" alt=\"Gro\u00dfeinkaufsschrank\" class=\"wp-image-2733\" style=\"object-fit:cover\" srcset=\"https:\/\/www.shouyasanitary.com\/wp-content\/uploads\/2026\/03\/bulk-purchase-cabinet.webp 700w, https:\/\/www.shouyasanitary.com\/wp-content\/uploads\/2026\/03\/bulk-purchase-cabinet-300x300.webp 300w, https:\/\/www.shouyasanitary.com\/wp-content\/uploads\/2026\/03\/bulk-purchase-cabinet-150x150.webp 150w, https:\/\/www.shouyasanitary.com\/wp-content\/uploads\/2026\/03\/bulk-purchase-cabinet-12x12.webp 12w, https:\/\/www.shouyasanitary.com\/wp-content\/uploads\/2026\/03\/bulk-purchase-cabinet-600x600.webp 600w, https:\/\/www.shouyasanitary.com\/wp-content\/uploads\/2026\/03\/bulk-purchase-cabinet-100x100.webp 100w\" sizes=\"(max-width: 700px) 100vw, 700px\" \/><\/figure>\n<\/div><\/div>\n<\/div>","protected":false},"excerpt":{"rendered":"<div class=\"flex max-w-full flex-col gap-4 grow\">\n<div class=\"min-h-8 text-message relative flex w-full flex-col items-end gap-2 text-start break-words whitespace-normal [.text-message+&amp;]:mt-1\" dir=\"auto\" data-message-author-role=\"assistant\" data-message-id=\"e034d4b1-bcf6-43c8-82b7-0a3fa7fa4b8f\" data-message-model-slug=\"gpt-5-mini\">\n<div class=\"flex w-full flex-col gap-1 empty:hidden\">\n<div class=\"markdown prose dark:prose-invert w-full wrap-break-word light markdown-new-styling\">\n<p data-start=\"0\" data-end=\"260\" data-is-last-node=\"\" data-is-only-node=\"\">Ma\u00dfgefertigte Wandbadezimmerschr\u00e4nke bieten ein elegantes, wandh\u00e4ngendes Design mit zwei Schubladen mit Soft-Close-Funktion, einem dekorativen LED-Spiegel und einer umweltfreundlichen PVC-Konstruktion. Mehrere Modelle und OEM\/ODM-Anpassung m\u00f6glich. Kontaktieren Sie uns f\u00fcr Gro\u00dfhandels- und Branding-Optionen.<\/p>\n<\/div>\n<\/div>\n<\/div>\n<\/div>\n<h2>Wand-Badezimmerschr\u00e4nke Attribute\uff1a<\/h2>\n<p><strong>Modell\uff1a<\/strong>SYY26BA15<br \/><strong>Material des Geh\u00e4uses:<\/strong> PVC<br \/><strong>Farbe des Geh\u00e4uses:<\/strong> Wei\u00df<br \/><strong>Spiegel:<\/strong> LED-Spiegel (3,5 mm\/3,8 mm), dreifarbige Beleuchtung, One-Touch-Entfogging, gesichert mit mehrlagiger Schaumstoffverpackung<br \/><strong>Installationsart:<\/strong> Wandbefestigung<br \/><strong>Abmessungen (L\u00d7B\u00d7H):<\/strong> 80x47x48 cm<br \/><strong>Bruttogewicht:<\/strong> 32kg\/Satz<\/p>\n<h2>Anpassung &amp; Dienstleistungen:<\/h2>\n<p><strong>OEM &amp; ODM<\/strong>: Unterst\u00fctzt<br \/><strong>Gestaltung<\/strong>: Frei<br \/><strong>Zubeh\u00f6r<\/strong>: Waschbecken, Spiegel, Armaturen und anderes Badzubeh\u00f6r<br \/><strong>Verpacken<\/strong>: Einbaufertig<\/p>","protected":false},"featured_media":2733,"comment_status":"closed","ping_status":"closed","template":"","meta":{"_acf_changed":false},"product_brand":[],"product_cat":[24],"product_tag":[],"class_list":{"0":"post-2732","1":"product","2":"type-product","3":"status-publish","4":"has-post-thumbnail","6":"product_cat-wholesale-pvc-bathroom-vanity-cabinets","8":"first","9":"instock","10":"shipping-taxable","11":"product-type-simple"},"acf":[],"_links":{"self":[{"href":"https:\/\/www.shouyasanitary.com\/de\/wp-json\/wp\/v2\/product\/2732","targetHints":{"allow":["GET"]}}],"collection":[{"href":"https:\/\/www.shouyasanitary.com\/de\/wp-json\/wp\/v2\/product"}],"about":[{"href":"https:\/\/www.shouyasanitary.com\/de\/wp-json\/wp\/v2\/types\/product"}],"replies":[{"embeddable":true,"href":"https:\/\/www.shouyasanitary.com\/de\/wp-json\/wp\/v2\/comments?post=2732"}],"wp:featuredmedia":[{"embeddable":true,"href":"https:\/\/www.shouyasanitary.com\/de\/wp-json\/wp\/v2\/media\/2733"}],"wp:attachment":[{"href":"https:\/\/www.shouyasanitary.com\/de\/wp-json\/wp\/v2\/media?parent=2732"}],"wp:term":[{"taxonomy":"product_brand","embeddable":true,"href":"https:\/\/www.shouyasanitary.com\/de\/wp-json\/wp\/v2\/product_brand?post=2732"},{"taxonomy":"product_cat","embeddable":true,"href":"https:\/\/www.shouyasanitary.com\/de\/wp-json\/wp\/v2\/product_cat?post=2732"},{"taxonomy":"product_tag","embeddable":true,"href":"https:\/\/www.shouyasanitary.com\/de\/wp-json\/wp\/v2\/product_tag?post=2732"}],"curies":[{"name":"wp","href":"https:\/\/api.w.org\/{rel}","templated":true}]}}