{"id":2736,"date":"2026-03-14T08:51:23","date_gmt":"2026-03-14T08:51:23","guid":{"rendered":"https:\/\/www.shouyasanitary.com\/?post_type=product&#038;p=2736"},"modified":"2026-03-14T09:11:41","modified_gmt":"2026-03-14T09:11:41","slug":"double-vanity-bathroom-wholesale","status":"publish","type":"product","link":"https:\/\/www.shouyasanitary.com\/de\/produkt\/double-vanity-bathroom-wholesale\/","title":{"rendered":"Doppelte Eitelkeit Badezimmer Gro\u00dfhandel, Wand h\u00e4ngte Badezimmerschrank Set grau SPC Lieferant"},"content":{"rendered":"<div class=\"wp-block-columns is-layout-flex wp-container-core-columns-is-layout-9d6595d7 wp-block-columns-is-layout-flex\">\n<div class=\"wp-block-column is-layout-flow wp-block-column-is-layout-flow\">\n<h2 class=\"wp-block-heading\">Doppel-Vanity-Badausstattung\uff1a<\/h2>\n\n\n\n<p><strong>Platzsparendes Design f\u00fcr die Wandmontage<\/strong>: Schafft Platz auf dem Boden f\u00fcr ein offeneres Badezimmer, ideal f\u00fcr Hotels und kompakte Wohneinheiten. Keine L\u00fccken unter dem Schrank f\u00fcr eine einfache Reinigung und weniger Feuchtigkeitsansammlungen.<\/p>\n\n\n\n<p><strong>Feuchtigkeitsresistente SPC-Konstruktion:<\/strong> Das hochwertige, wasserdichte SPC-Material 100% verhindert Verformung, Rissbildung und Abbl\u00e4ttern und gew\u00e4hrleistet so eine lange Haltbarkeit in Badezimmern mit hoher Luftfeuchtigkeit und minimiert Garantieanspr\u00fcche f\u00fcr Gro\u00dfabnehmer.<\/p>\n\n\n\n<p><strong>Doppelsp\u00fcle Layout: <\/strong>Zwei ger\u00e4umige Waschbecken erm\u00f6glichen die gleichzeitige Nutzung, was die Effizienz in Hotelb\u00e4dern, Pensionen und gro\u00dfen Familienh\u00e4usern maximiert und die morgendliche und abendliche Routine vereinfacht.<\/p>\n\n\n\n<p><strong>Moderne, vielseitige \u00c4sthetik:<\/strong> Die stilvolle graue Oberfl\u00e4che passt zu einer Vielzahl von Designstilen - von minimalistisch bis industriell - und ist ein modischer Blickpunkt, der trendbewusste K\u00e4ufer anspricht.<\/p>\n\n\n\n<p><strong>Direktlieferung durch den Hersteller: <\/strong>Shouya bietet eine werkseigene Produktion von Badezimmer-Waschtischen mit stabiler Qualit\u00e4tskontrolle, die M\u00f6glichkeit der Lieferung in gro\u00dfen Mengen und OEM\/ODM-Anpassung f\u00fcr Marken, Gr\u00f6\u00dfen und Designdetails, ideal f\u00fcr H\u00e4ndler, Projektanbieter und B2B-K\u00e4ufer.<\/p>\n<\/div>\n\n\n\n<div class=\"wp-block-column is-layout-flow wp-block-column-is-layout-flow\"><div class=\"wp-block-image\">\n<figure class=\"aligncenter size-full\"><img decoding=\"async\" width=\"700\" height=\"700\" src=\"https:\/\/www.shouyasanitary.com\/wp-content\/uploads\/2026\/03\/bulk-lot-bathroom-cabinet.webp\" alt=\"Bulkware Badezimmerschrank\" class=\"wp-image-2738\" style=\"object-fit:cover\" srcset=\"https:\/\/www.shouyasanitary.com\/wp-content\/uploads\/2026\/03\/bulk-lot-bathroom-cabinet.webp 700w, https:\/\/www.shouyasanitary.com\/wp-content\/uploads\/2026\/03\/bulk-lot-bathroom-cabinet-300x300.webp 300w, https:\/\/www.shouyasanitary.com\/wp-content\/uploads\/2026\/03\/bulk-lot-bathroom-cabinet-150x150.webp 150w, https:\/\/www.shouyasanitary.com\/wp-content\/uploads\/2026\/03\/bulk-lot-bathroom-cabinet-12x12.webp 12w, https:\/\/www.shouyasanitary.com\/wp-content\/uploads\/2026\/03\/bulk-lot-bathroom-cabinet-600x600.webp 600w, https:\/\/www.shouyasanitary.com\/wp-content\/uploads\/2026\/03\/bulk-lot-bathroom-cabinet-100x100.webp 100w\" sizes=\"(max-width: 700px) 100vw, 700px\" \/><\/figure>\n<\/div><\/div>\n<\/div>","protected":false},"excerpt":{"rendered":"<p>Shouya Doppel-Waschtisch Bad Gro\u00dfhandel mit wandmontierten SPC-Design und moderne graue Oberfl\u00e4che bietet dauerhafte, platzsparende L\u00f6sungen f\u00fcr Hotels und Projekte. Fabrik direktes Angebot mit Gro\u00dfhandelspreisen und kundenspezifischen Optionen! Kontaktieren Sie uns, um ein Angebot zu erhalten!<\/p>\n<h2>Doppel-Vanity-Bad-Attribute\uff1a<\/h2>\n<p><strong>Artikel Nr.:<\/strong>SYY26BA16<strong><br \/>Material des Geh\u00e4uses: <\/strong>Stein-Kunststoffplatte<br \/><strong>Farbe des Geh\u00e4uses: <\/strong>Gray<br \/><strong>Spiegel:<\/strong> LED-Spiegel (3,5 mm\/3,8 mm), dreifarbige Beleuchtung, One-Touch-Entfogging, gesichert mit mehrlagiger Schaumstoffverpackung<br \/><strong>Installationsart:<\/strong>\u00a0Wandbefestigung<br \/><strong>Abmessungen (L\u00d7B\u00d7H):<\/strong> 100*47,5*48,5 cm<br \/><strong>Bruttogewicht:<\/strong> 28kg\/Satz<\/p>\n<h2>Anpassung &amp; Dienstleistungen:<\/h2>\n<p><strong>OEM &amp; ODM<\/strong>: Unterst\u00fctzt<br \/><strong>Gestaltung<\/strong>: Frei<br \/><strong>Zubeh\u00f6r<\/strong>: Waschbecken, Spiegel, Armaturen und anderes Badzubeh\u00f6r<br \/><strong>Verpacken<\/strong>: Einbaufertig<\/p>","protected":false},"featured_media":2738,"comment_status":"closed","ping_status":"closed","template":"","meta":{"_acf_changed":true},"product_brand":[],"product_cat":[29],"product_tag":[],"class_list":{"0":"post-2736","1":"product","2":"type-product","3":"status-publish","4":"has-post-thumbnail","6":"product_cat-wholesale-spc-bathroom-vanity-cabinets","8":"first","9":"instock","10":"shipping-taxable","11":"product-type-simple"},"acf":[],"_links":{"self":[{"href":"https:\/\/www.shouyasanitary.com\/de\/wp-json\/wp\/v2\/product\/2736","targetHints":{"allow":["GET"]}}],"collection":[{"href":"https:\/\/www.shouyasanitary.com\/de\/wp-json\/wp\/v2\/product"}],"about":[{"href":"https:\/\/www.shouyasanitary.com\/de\/wp-json\/wp\/v2\/types\/product"}],"replies":[{"embeddable":true,"href":"https:\/\/www.shouyasanitary.com\/de\/wp-json\/wp\/v2\/comments?post=2736"}],"wp:featuredmedia":[{"embeddable":true,"href":"https:\/\/www.shouyasanitary.com\/de\/wp-json\/wp\/v2\/media\/2738"}],"wp:attachment":[{"href":"https:\/\/www.shouyasanitary.com\/de\/wp-json\/wp\/v2\/media?parent=2736"}],"wp:term":[{"taxonomy":"product_brand","embeddable":true,"href":"https:\/\/www.shouyasanitary.com\/de\/wp-json\/wp\/v2\/product_brand?post=2736"},{"taxonomy":"product_cat","embeddable":true,"href":"https:\/\/www.shouyasanitary.com\/de\/wp-json\/wp\/v2\/product_cat?post=2736"},{"taxonomy":"product_tag","embeddable":true,"href":"https:\/\/www.shouyasanitary.com\/de\/wp-json\/wp\/v2\/product_tag?post=2736"}],"curies":[{"name":"wp","href":"https:\/\/api.w.org\/{rel}","templated":true}]}}