{"id":2737,"date":"2026-03-18T08:39:05","date_gmt":"2026-03-18T08:39:05","guid":{"rendered":"https:\/\/www.shouyasanitary.com\/?post_type=product&#038;p=2737"},"modified":"2026-03-18T08:46:13","modified_gmt":"2026-03-18T08:46:13","slug":"custom-floating-vanity-for-bathroom","status":"publish","type":"product","link":"https:\/\/www.shouyasanitary.com\/de\/produkt\/custom-floating-vanity-for-bathroom\/","title":{"rendered":"Custom Floating Vanity f\u00fcr Badezimmer Modern Wei\u00df mit LED-Spiegel und Side Cabinet Lieferant"},"content":{"rendered":"<div class=\"wp-block-columns is-layout-flex wp-container-core-columns-is-layout-9d6595d7 wp-block-columns-is-layout-flex\">\n<div class=\"wp-block-column is-layout-flow wp-block-column-is-layout-flow\">\n<h2 class=\"wp-block-heading\">Merkmale eines schwimmenden Waschbeckens f\u00fcr das Badezimmer\uff1a<\/h2>\n\n\n\n<p><strong>\u00dcberlegene Langlebigkeit:<\/strong> Dieser wandh\u00e4ngende Waschtisch aus wasserfestem Aluminium ist resistent gegen Verformungen in feuchten Umgebungen und wird mit einer 10-Jahres-Garantie geliefert, ideal f\u00fcr Hotels und Wohnprojekte.<\/p>\n\n\n\n<p><strong>Platzsparendes Design:<\/strong> Das wandmontierte Layout und der schmale Seitenturm maximieren den Stauraum auf dem Boden und in der Vertikalen und eignen sich perfekt f\u00fcr kompakte B\u00e4der, in denen die Toilettenartikel gut organisiert sind.<\/p>\n\n\n\n<p><strong>Integrierte moderne Funktionalit\u00e4ten: <\/strong>Der integrierte LED-Spiegel mit bewegungssensitiver Beleuchtung sorgt f\u00fcr eine schattenfreie Ausleuchtung, was das Benutzererlebnis verbessert und den Bedarf an separaten Spiegeln \u00fcberfl\u00fcssig macht.<\/p>\n\n\n\n<p><strong>Modulare &amp; anpassbare Konfiguration<\/strong>: Das 3-teilige Set, bestehend aus Waschtisch, Spiegel und Seitenschrank, erm\u00f6glicht eine flexible Installation und Gro\u00dfbestellungen; die RAL-Farben und Beschl\u00e4ge k\u00f6nnen f\u00fcr verschiedene Projektspezifikationen angepasst werden.<\/p>\n\n\n\n<p><strong>OEM\/ODM-Unterst\u00fctzung<\/strong>: Vollst\u00e4ndig anpassbare Optionen f\u00fcr Farbe, Gr\u00f6\u00dfe, Spiegelstil und Beleuchtungsfunktionen, um den unterschiedlichen Anforderungen von Ingenieurs-, Hotel- oder Wohnprojekten gerecht zu werden.<\/p>\n<\/div>\n\n\n\n<div class=\"wp-block-column is-layout-flow wp-block-column-is-layout-flow\"><div class=\"wp-block-image\">\n<figure class=\"aligncenter size-full\"><img decoding=\"async\" width=\"700\" height=\"700\" src=\"https:\/\/www.shouyasanitary.com\/wp-content\/uploads\/2026\/03\/wholesale-bathroom-cabinet.webp\" alt=\"Gro\u00dfhandel Badezimmerschrank\" class=\"wp-image-2741\" style=\"object-fit:cover\" srcset=\"https:\/\/www.shouyasanitary.com\/wp-content\/uploads\/2026\/03\/wholesale-bathroom-cabinet.webp 700w, https:\/\/www.shouyasanitary.com\/wp-content\/uploads\/2026\/03\/wholesale-bathroom-cabinet-300x300.webp 300w, https:\/\/www.shouyasanitary.com\/wp-content\/uploads\/2026\/03\/wholesale-bathroom-cabinet-150x150.webp 150w, https:\/\/www.shouyasanitary.com\/wp-content\/uploads\/2026\/03\/wholesale-bathroom-cabinet-12x12.webp 12w, https:\/\/www.shouyasanitary.com\/wp-content\/uploads\/2026\/03\/wholesale-bathroom-cabinet-600x600.webp 600w, https:\/\/www.shouyasanitary.com\/wp-content\/uploads\/2026\/03\/wholesale-bathroom-cabinet-100x100.webp 100w\" sizes=\"(max-width: 700px) 100vw, 700px\" \/><\/figure>\n<\/div><\/div>\n<\/div>","protected":false},"excerpt":{"rendered":"<p>Individuell gestalteter, schwebender Waschtisch f\u00fcr das Badezimmer mit wasserdichtem Aluminium, platzsparendem, wandh\u00e4ngendem Design, zwei Schubladen und einem Seitenschrank f\u00fcr die Aufbewahrung sowie einem eingebauten LED-Spiegel mit Bewegungssensor-Beleuchtung. Modular, langlebig und OEM\/ODM anpassbar, kontaktieren Sie uns f\u00fcr Gro\u00dfhandelsanfragen.<\/p>\n<h2>Schwimmende Eitelkeit f\u00fcr Badezimmer Attribute\uff1a<\/h2>\n<p><strong>Artikel Nr.: <\/strong>SYY26BA16<strong><br \/>Material des Geh\u00e4uses:<\/strong> Aluminium<br \/><strong>Farbe des Geh\u00e4uses:<\/strong> Wei\u00df<br \/><strong>Spiegel:<\/strong> LED-Spiegel (3,5 mm\/3,8 mm), dreifarbige Beleuchtung, One-Touch-Entfogging, gesichert mit mehrlagiger Schaumstoffverpackung<br \/><strong>Installationsart:<\/strong>\u00a0Wandbefestigung<br \/><strong>Abmessungen (L\u00d7B\u00d7H):<\/strong> 80x47x45 cm 25x22x90 cm<br \/><strong>Bruttogewicht:<\/strong> 35kg\/Satz<\/p>\n<h2>Anpassung &amp; Dienstleistungen:<\/h2>\n<p><strong>OEM &amp; ODM<\/strong>: Unterst\u00fctzt<br \/><strong>Gestaltung<\/strong>: Frei<br \/><strong>Zubeh\u00f6r<\/strong>: Waschbecken, Spiegel, Armaturen und anderes Badzubeh\u00f6r<br \/><strong>Verpacken<\/strong>: Einbaufertig<\/p>","protected":false},"featured_media":2741,"comment_status":"closed","ping_status":"closed","template":"","meta":{"_acf_changed":false},"product_brand":[],"product_cat":[23],"product_tag":[],"class_list":{"0":"post-2737","1":"product","2":"type-product","3":"status-publish","4":"has-post-thumbnail","6":"product_cat-wholesale-aluminum-bathroom-vanity-cabinets","8":"first","9":"instock","10":"shipping-taxable","11":"product-type-simple"},"acf":[],"_links":{"self":[{"href":"https:\/\/www.shouyasanitary.com\/de\/wp-json\/wp\/v2\/product\/2737","targetHints":{"allow":["GET"]}}],"collection":[{"href":"https:\/\/www.shouyasanitary.com\/de\/wp-json\/wp\/v2\/product"}],"about":[{"href":"https:\/\/www.shouyasanitary.com\/de\/wp-json\/wp\/v2\/types\/product"}],"replies":[{"embeddable":true,"href":"https:\/\/www.shouyasanitary.com\/de\/wp-json\/wp\/v2\/comments?post=2737"}],"wp:featuredmedia":[{"embeddable":true,"href":"https:\/\/www.shouyasanitary.com\/de\/wp-json\/wp\/v2\/media\/2741"}],"wp:attachment":[{"href":"https:\/\/www.shouyasanitary.com\/de\/wp-json\/wp\/v2\/media?parent=2737"}],"wp:term":[{"taxonomy":"product_brand","embeddable":true,"href":"https:\/\/www.shouyasanitary.com\/de\/wp-json\/wp\/v2\/product_brand?post=2737"},{"taxonomy":"product_cat","embeddable":true,"href":"https:\/\/www.shouyasanitary.com\/de\/wp-json\/wp\/v2\/product_cat?post=2737"},{"taxonomy":"product_tag","embeddable":true,"href":"https:\/\/www.shouyasanitary.com\/de\/wp-json\/wp\/v2\/product_tag?post=2737"}],"curies":[{"name":"wp","href":"https:\/\/api.w.org\/{rel}","templated":true}]}}