{"id":2745,"date":"2026-03-18T09:07:44","date_gmt":"2026-03-18T09:07:44","guid":{"rendered":"https:\/\/www.shouyasanitary.com\/?post_type=product&#038;p=2745"},"modified":"2026-03-18T09:08:41","modified_gmt":"2026-03-18T09:08:41","slug":"bathroom-vanity-double-sink-wholesale","status":"publish","type":"product","link":"https:\/\/www.shouyasanitary.com\/de\/produkt\/bathroom-vanity-double-sink-wholesale\/","title":{"rendered":"Badezimmer Eitelkeit doppeltes Waschbecken Gro\u00dfhandel, Wand h\u00e4ngte Badezimmer Kabinett Luxus Holzmaserung benutzerdefinierte"},"content":{"rendered":"<div class=\"wp-block-columns is-layout-flex wp-container-core-columns-is-layout-9d6595d7 wp-block-columns-is-layout-flex\">\n<div class=\"wp-block-column is-layout-flow wp-block-column-is-layout-flow\">\n<h2 class=\"wp-block-heading\">Eigenschaften von Badezimmer Waschtisch Doppelwaschbecken\uff1a<\/h2>\n\n\n\n<p><strong>Platzsparendes Design f\u00fcr die Wandmontage<\/strong>: Die schwebende Installation maximiert die Bodenfl\u00e4che, h\u00e4lt den Bereich sauber und schafft ein modernes, aufger\u00e4umtes Erscheinungsbild - perfekt f\u00fcr Wohn- und Hotelb\u00e4der.<\/p>\n\n\n\n<p><strong>Doppel-Keramik-Sp\u00fclbecken:<\/strong> Zwei hochwertige Keramikbecken bieten reichlich Platz zum Waschen, glatte und kratzfeste Oberfl\u00e4chen und eine einfache Reinigung f\u00fcr die Familie oder den stark frequentierten gewerblichen Einsatz.<\/p>\n\n\n\n<p><strong>Holzmaserung gestreift Oberfl\u00e4che: <\/strong>Die stilvolle, gestreifte Holzstruktur verbindet nat\u00fcrliche W\u00e4rme mit moderner \u00c4sthetik; hergestellt aus wasserdichtem, feuchtigkeitsbest\u00e4ndigem PVC f\u00fcr lange Haltbarkeit in feuchten Umgebungen.<\/p>\n\n\n\n<p><strong>Intelligenter LED-Beschlagsspiegel:<\/strong> Der integrierte energiesparende LED-Spiegel mit Anti-Beschlag-Funktion bietet eine weiche, gleichm\u00e4\u00dfige Beleuchtung und eine hochaufl\u00f6sende Reflexion, die das Schminken, die K\u00f6rperpflege und das gesamte Badezimmererlebnis verbessert.<\/p>\n\n\n\n<p><strong>Flexible Anpassung f\u00fcr B2B-Projekte: <\/strong>Erh\u00e4ltlich in einer Reihe von Gr\u00f6\u00dfen und Farben, die auf die Bed\u00fcrfnisse von Hotels, Wohnr\u00e4umen und gewerblichen Projekten zugeschnitten sind. Gro\u00dfbestellungen werden f\u00fcr die unterschiedlichen Marktanforderungen umfassend unterst\u00fctzt.<\/p>\n<\/div>\n\n\n\n<div class=\"wp-block-column is-layout-flow wp-block-column-is-layout-flow\"><div class=\"wp-block-image\">\n<figure class=\"aligncenter size-full\"><img decoding=\"async\" width=\"700\" height=\"700\" src=\"https:\/\/www.shouyasanitary.com\/wp-content\/uploads\/2026\/03\/Container-load-bathroom-cabinet.webp\" alt=\"Containerladung Badezimmerschrank\" class=\"wp-image-2746\" style=\"object-fit:cover\" srcset=\"https:\/\/www.shouyasanitary.com\/wp-content\/uploads\/2026\/03\/Container-load-bathroom-cabinet.webp 700w, https:\/\/www.shouyasanitary.com\/wp-content\/uploads\/2026\/03\/Container-load-bathroom-cabinet-300x300.webp 300w, https:\/\/www.shouyasanitary.com\/wp-content\/uploads\/2026\/03\/Container-load-bathroom-cabinet-150x150.webp 150w, https:\/\/www.shouyasanitary.com\/wp-content\/uploads\/2026\/03\/Container-load-bathroom-cabinet-12x12.webp 12w, https:\/\/www.shouyasanitary.com\/wp-content\/uploads\/2026\/03\/Container-load-bathroom-cabinet-600x600.webp 600w, https:\/\/www.shouyasanitary.com\/wp-content\/uploads\/2026\/03\/Container-load-bathroom-cabinet-100x100.webp 100w\" sizes=\"(max-width: 700px) 100vw, 700px\" \/><\/figure>\n<\/div><\/div>\n<\/div>","protected":false},"excerpt":{"rendered":"<p>Badezimmer-Waschtisch mit Doppelwaschbecken im Gro\u00dfhandel bietet ein platzsparendes Design f\u00fcr die Wandmontage, zwei Keramikbecken, eine Holzmaserung und einen intelligenten LED-Beschlagspiegel. Anpassbar f\u00fcr B2B-Projekte mit stabiler Qualit\u00e4t und kosteng\u00fcnstig, perfekt f\u00fcr Hotelprojekte, H\u00e4ndler, Importeure und globale K\u00e4ufer. Kontaktieren Sie uns f\u00fcr Gro\u00dfhandels-Angebote!<\/p>\n<h2>Badezimmer Waschtisch Doppelwaschbecken Attribute\uff1a<\/h2>\n<p><strong>Artikel Nr.:<\/strong>SYY26BA12<strong><br \/>Material des Geh\u00e4uses: <\/strong>Stein-Kunststoffplatte<br \/><strong>Farbe des Geh\u00e4uses: <\/strong>Gelb<br \/><strong>Spiegel:<\/strong> LED-Spiegel (3,5 mm\/3,8 mm), dreifarbige Beleuchtung, One-Touch-Entfogging, gesichert mit mehrlagiger Schaumstoffverpackung<br \/><strong>Installationsart:<\/strong>\u00a0Wandbefestigung<br \/><strong>Abmessungen (L\u00d7B\u00d7H):<\/strong> 100*47,5*48,5 cm<br \/><strong>Bruttogewicht:<\/strong> 28kg\/Satz<\/p>\n<h2>Anpassung &amp; Dienstleistungen:<\/h2>\n<p><strong>OEM &amp; ODM<\/strong>: Unterst\u00fctzt<br \/><strong>Gestaltung<\/strong>: Frei<br \/><strong>Zubeh\u00f6r<\/strong>: Waschbecken, Spiegel, Armaturen und anderes Badzubeh\u00f6r<br \/><strong>Verpacken<\/strong>: Einbaufertig<\/p>","protected":false},"featured_media":2746,"comment_status":"closed","ping_status":"closed","template":"","meta":{"_acf_changed":false},"product_brand":[],"product_cat":[29],"product_tag":[],"class_list":{"0":"post-2745","1":"product","2":"type-product","3":"status-publish","4":"has-post-thumbnail","6":"product_cat-wholesale-spc-bathroom-vanity-cabinets","8":"first","9":"instock","10":"shipping-taxable","11":"product-type-simple"},"acf":[],"_links":{"self":[{"href":"https:\/\/www.shouyasanitary.com\/de\/wp-json\/wp\/v2\/product\/2745","targetHints":{"allow":["GET"]}}],"collection":[{"href":"https:\/\/www.shouyasanitary.com\/de\/wp-json\/wp\/v2\/product"}],"about":[{"href":"https:\/\/www.shouyasanitary.com\/de\/wp-json\/wp\/v2\/types\/product"}],"replies":[{"embeddable":true,"href":"https:\/\/www.shouyasanitary.com\/de\/wp-json\/wp\/v2\/comments?post=2745"}],"wp:featuredmedia":[{"embeddable":true,"href":"https:\/\/www.shouyasanitary.com\/de\/wp-json\/wp\/v2\/media\/2746"}],"wp:attachment":[{"href":"https:\/\/www.shouyasanitary.com\/de\/wp-json\/wp\/v2\/media?parent=2745"}],"wp:term":[{"taxonomy":"product_brand","embeddable":true,"href":"https:\/\/www.shouyasanitary.com\/de\/wp-json\/wp\/v2\/product_brand?post=2745"},{"taxonomy":"product_cat","embeddable":true,"href":"https:\/\/www.shouyasanitary.com\/de\/wp-json\/wp\/v2\/product_cat?post=2745"},{"taxonomy":"product_tag","embeddable":true,"href":"https:\/\/www.shouyasanitary.com\/de\/wp-json\/wp\/v2\/product_tag?post=2745"}],"curies":[{"name":"wp","href":"https:\/\/api.w.org\/{rel}","templated":true}]}}