{"id":379,"date":"2025-04-09T12:55:25","date_gmt":"2025-04-09T12:55:25","guid":{"rendered":"https:\/\/www.shouyasanitary.com\/?post_type=product&#038;p=379"},"modified":"2025-05-12T10:19:33","modified_gmt":"2025-05-12T10:19:33","slug":"custom-bathroom-vanity-cabinets","status":"publish","type":"product","link":"https:\/\/www.shouyasanitary.com\/de\/produkt\/custom-bathroom-vanity-cabinets\/","title":{"rendered":"Kundenspezifische Badezimmerschr\u00e4nke Sperrholz Waschbeckeneinheit in Bulk"},"content":{"rendered":"<div class=\"wp-block-columns is-layout-flex wp-container-core-columns-is-layout-9d6595d7 wp-block-columns-is-layout-flex\">\n<div class=\"wp-block-column is-layout-flow wp-block-column-is-layout-flow\">\n<h2 class=\"wp-block-heading\">Eigenschaften von Badezimmerschr\u00e4nken\uff1a<\/h2>\n\n\n\n<p><strong>Hochwertiges Sperrholzmaterial<\/strong>: Umweltfreundlich, langlebig und feuchtigkeitsbest\u00e4ndig, perfekt f\u00fcr feuchte Badezimmer.<\/p>\n\n\n\n<p><strong>Stilvolle moderne Ausf\u00fchrung<\/strong>: Moderne graue Farbe, glatte Oberfl\u00e4che ist nicht leicht, Flecken zu behalten, eleganten und modischen Stil, die Verbesserung der allgemeinen Sch\u00f6nheit.<\/p>\n\n\n\n<p><strong>Platzsparendes Design f\u00fcr die Wandmontage<\/strong>: Der moderne schwebende Stil maximiert die Bodenfl\u00e4che und l\u00e4sst das Bad ger\u00e4umiger und aufger\u00e4umter erscheinen.<\/p>\n\n\n\n<p><strong>Kundenspezifische LED-Spiegel-Integration<\/strong>: Energiesparende LED-Beleuchtung, intelligente Touch-Steuerung, optionale Helligkeits-, Zeit- und Temperaturanzeige, einfach zu bedienen, kann die Sichtbarkeit und Sch\u00f6nheit zu verbessern.<\/p>\n\n\n\n<p><strong>Vielseitiges Aufbewahrungsdesign<\/strong>: Mehrere Staur\u00e4ume, leise schlie\u00dfende Schubladen und F\u00e4cher, ger\u00e4uschloser Betrieb.<\/p>\n\n\n\n<p><strong>Unterst\u00fctzung f\u00fcr Gro\u00dfhandel und Kunden<\/strong>: Erh\u00e4ltlich in einer Vielzahl von Gr\u00f6\u00dfen, Farben und Ausf\u00fchrungen f\u00fcr Marken- und Designflexibilit\u00e4t.<\/p>\n<\/div>\n\n\n\n<div class=\"wp-block-column is-layout-flow wp-block-column-is-layout-flow\"><div class=\"wp-block-image\">\n<figure class=\"aligncenter size-full\"><img decoding=\"async\" width=\"800\" height=\"800\" src=\"https:\/\/www.shouyasanitary.com\/wp-content\/uploads\/2025\/04\/Custom-Bathroom-Vanity-Cabinets-Wash-Basin-Unit-Wholesale-3.webp\" alt=\"Benutzerdefinierte Badezimmer Schr\u00e4nke Waschbecken Einheit Gro\u00dfhandel (3)\" class=\"wp-image-380\" style=\"object-fit:cover\" srcset=\"https:\/\/www.shouyasanitary.com\/wp-content\/uploads\/2025\/04\/Custom-Bathroom-Vanity-Cabinets-Wash-Basin-Unit-Wholesale-3.webp 800w, https:\/\/www.shouyasanitary.com\/wp-content\/uploads\/2025\/04\/Custom-Bathroom-Vanity-Cabinets-Wash-Basin-Unit-Wholesale-3-300x300.webp 300w, https:\/\/www.shouyasanitary.com\/wp-content\/uploads\/2025\/04\/Custom-Bathroom-Vanity-Cabinets-Wash-Basin-Unit-Wholesale-3-150x150.webp 150w, https:\/\/www.shouyasanitary.com\/wp-content\/uploads\/2025\/04\/Custom-Bathroom-Vanity-Cabinets-Wash-Basin-Unit-Wholesale-3-768x768.webp 768w, https:\/\/www.shouyasanitary.com\/wp-content\/uploads\/2025\/04\/Custom-Bathroom-Vanity-Cabinets-Wash-Basin-Unit-Wholesale-3-600x600.webp 600w, https:\/\/www.shouyasanitary.com\/wp-content\/uploads\/2025\/04\/Custom-Bathroom-Vanity-Cabinets-Wash-Basin-Unit-Wholesale-3-100x100.webp 100w\" sizes=\"(max-width: 800px) 100vw, 800px\" \/><\/figure>\n<\/div><\/div>\n<\/div>","protected":false},"excerpt":{"rendered":"<p>Ma\u00dfgeschneiderte Badezimmerschr\u00e4nke, modernes wandmontiertes Design, mehrschichtige Schubladen, passende LED-Spiegel, Armaturen und Badezimmerzubeh\u00f6r, usw. Stabile Liefergarantie, Gro\u00dfhandelspreise. Kontaktieren Sie uns jetzt, um ein Angebot f\u00fcr eine Gro\u00dfhandelsl\u00f6sung zu erhalten!\u00a0<\/p>\n<h2>Sperrholz-Badeschrank Eigenschaften\uff1a<\/h2>\n<p><strong>Artikel Nr.: <\/strong>SY2011-80<strong><br \/>Material des Geh\u00e4uses:<\/strong>\u00a0Sperrholz<br \/><strong>Farbe des Geh\u00e4uses:<\/strong> Grau<br \/><strong>Spiegel:<\/strong> LED-Spiegel (3,5 mm\/3,8 mm), dreifarbige Beleuchtung, One-Touch-Entfogging, gesichert mit mehrlagiger Schaumstoffverpackung<br \/><strong>Installationsart:<\/strong>\u00a0Wandbefestigung<br \/><strong>Abmessungen (L\u00d7B\u00d7H):<\/strong> 80x47x47 cm<br \/><strong>Bruttogewicht:<\/strong> 30kg\/Satz<\/p>\n<h2>Anpassung &amp; Dienstleistungen:<\/h2>\n<p><strong>OEM &amp; ODM<\/strong>: Unterst\u00fctzt<br \/><strong>Gestaltung<\/strong>: Frei<br \/><strong>Zubeh\u00f6r<\/strong>: Waschbecken, Spiegel, Armaturen und anderes Badzubeh\u00f6r<br \/><strong>Verpacken<\/strong>: Einbaufertig<\/p>","protected":false},"featured_media":380,"comment_status":"closed","ping_status":"closed","template":"","meta":{"_acf_changed":true},"product_brand":[],"product_cat":[20],"product_tag":[],"class_list":{"0":"post-379","1":"product","2":"type-product","3":"status-publish","4":"has-post-thumbnail","6":"product_cat-wholesale-plywood-bathroom-vanity-cabinets","8":"first","9":"instock","10":"shipping-taxable","11":"product-type-simple"},"acf":[],"_links":{"self":[{"href":"https:\/\/www.shouyasanitary.com\/de\/wp-json\/wp\/v2\/product\/379","targetHints":{"allow":["GET"]}}],"collection":[{"href":"https:\/\/www.shouyasanitary.com\/de\/wp-json\/wp\/v2\/product"}],"about":[{"href":"https:\/\/www.shouyasanitary.com\/de\/wp-json\/wp\/v2\/types\/product"}],"replies":[{"embeddable":true,"href":"https:\/\/www.shouyasanitary.com\/de\/wp-json\/wp\/v2\/comments?post=379"}],"wp:featuredmedia":[{"embeddable":true,"href":"https:\/\/www.shouyasanitary.com\/de\/wp-json\/wp\/v2\/media\/380"}],"wp:attachment":[{"href":"https:\/\/www.shouyasanitary.com\/de\/wp-json\/wp\/v2\/media?parent=379"}],"wp:term":[{"taxonomy":"product_brand","embeddable":true,"href":"https:\/\/www.shouyasanitary.com\/de\/wp-json\/wp\/v2\/product_brand?post=379"},{"taxonomy":"product_cat","embeddable":true,"href":"https:\/\/www.shouyasanitary.com\/de\/wp-json\/wp\/v2\/product_cat?post=379"},{"taxonomy":"product_tag","embeddable":true,"href":"https:\/\/www.shouyasanitary.com\/de\/wp-json\/wp\/v2\/product_tag?post=379"}],"curies":[{"name":"wp","href":"https:\/\/api.w.org\/{rel}","templated":true}]}}