{"id":392,"date":"2025-04-09T12:09:18","date_gmt":"2025-04-09T12:09:18","guid":{"rendered":"https:\/\/www.shouyasanitary.com\/?post_type=product&#038;p=392"},"modified":"2025-05-12T10:11:17","modified_gmt":"2025-05-12T10:11:17","slug":"custom-bathroom-cabinets","status":"publish","type":"product","link":"https:\/\/www.shouyasanitary.com\/de\/produkt\/custom-bathroom-cabinets\/","title":{"rendered":"Kundenspezifische Badezimmerschr\u00e4nke mit Spiegelkabinett, Moderner Sperrholz-Waschtisch Lieferant"},"content":{"rendered":"<div class=\"wp-block-columns is-layout-flex wp-container-core-columns-is-layout-9d6595d7 wp-block-columns-is-layout-flex\">\n<div class=\"wp-block-column is-layout-flow wp-block-column-is-layout-flow\">\n<h2 class=\"wp-block-heading\">Badezimmerschr\u00e4nke Merkmale:<\/h2>\n\n\n\n<p><strong>Moderner, minimalistischer Stil: <\/strong>Dieser Badezimmerschrank ist in einem raffinierten dunkelgrauen Farbton gehalten, der perfekt zu den aktuellen Trends im Baddesign passt. Seine schlichte, moderne Ausstrahlung wertet jeden modernen Raum auf.<\/p>\n\n\n\n<p><strong>Wandmontierte Ausf\u00fchrung: <\/strong>Dieses an der Wand montierte Ger\u00e4t maximiert den Platz auf dem Boden, vermeidet Feuchtigkeit und erleichtert die Reinigung des Bodens, besonders geeignet f\u00fcr Hotel- und Wohnungsprojekte.<\/p>\n\n\n\n<p><strong>Spiegelschrank: <\/strong>Der LED-Spiegel in Kombination mit dem Stauraum kann ge\u00f6ffnet werden, um Gegenst\u00e4nde leicht zug\u00e4nglich auszustellen, oder geschlossen werden, um Kleinigkeiten zu verstecken, den Raum zu versch\u00f6nern und die doppelten Bed\u00fcrfnisse von Funktion und Dekoration zu erf\u00fcllen.<\/p>\n\n\n\n<p><strong>Umgebender LED-Lichtstreifen:<\/strong> An den vier Seiten des Spiegels und des Badezimmerschranks sind LED-Lichtleisten angebracht, die ein weiches und gleichm\u00e4\u00dfiges Licht spenden, das f\u00fcr den Benutzer auch nachts angenehm zu nutzen ist.<\/p>\n\n\n\n<p><strong>Massenanpassungsdienst: <\/strong>Wir bieten halbindividuelle L\u00f6sungen mit einer Reihe von Auswahlm\u00f6glichkeiten wie Schrankfarben, Spiegelschrankkonfigurationen, Arbeitsplattenmaterialien und Armaturentypen, die es Ihnen erm\u00f6glichen, das Design an Ihre spezifischen Bed\u00fcrfnisse anzupassen.<\/p>\n<\/div>\n\n\n\n<div class=\"wp-block-column is-layout-flow wp-block-column-is-layout-flow\"><div class=\"wp-block-image\">\n<figure class=\"aligncenter size-full\"><img decoding=\"async\" width=\"800\" height=\"800\" src=\"https:\/\/www.shouyasanitary.com\/wp-content\/uploads\/2025\/04\/custom-bathroom-cabinets-modern-vanity-wholesale-3.webp\" alt=\"kundenspezifische Badezimmerschr\u00e4nke moderne Eitelkeiten Gro\u00dfhandel (3)\" class=\"wp-image-386\" style=\"object-fit:cover\" srcset=\"https:\/\/www.shouyasanitary.com\/wp-content\/uploads\/2025\/04\/custom-bathroom-cabinets-modern-vanity-wholesale-3.webp 800w, https:\/\/www.shouyasanitary.com\/wp-content\/uploads\/2025\/04\/custom-bathroom-cabinets-modern-vanity-wholesale-3-300x300.webp 300w, https:\/\/www.shouyasanitary.com\/wp-content\/uploads\/2025\/04\/custom-bathroom-cabinets-modern-vanity-wholesale-3-150x150.webp 150w, https:\/\/www.shouyasanitary.com\/wp-content\/uploads\/2025\/04\/custom-bathroom-cabinets-modern-vanity-wholesale-3-768x768.webp 768w, https:\/\/www.shouyasanitary.com\/wp-content\/uploads\/2025\/04\/custom-bathroom-cabinets-modern-vanity-wholesale-3-600x600.webp 600w, https:\/\/www.shouyasanitary.com\/wp-content\/uploads\/2025\/04\/custom-bathroom-cabinets-modern-vanity-wholesale-3-100x100.webp 100w\" sizes=\"(max-width: 800px) 100vw, 800px\" \/><\/figure>\n<\/div><\/div>\n<\/div>","protected":false},"excerpt":{"rendered":"<p>Willkommen bei benutzerdefinierten und Gro\u00dfhandel Bad Schr\u00e4nke mit LED-Spiegel Schr\u00e4nke, ein dunkelgraues Design, ist ein modernes Bad Eitelkeit L\u00f6sung. Bulk semi-custom Produkte auf Lager mit verschiedenen Anpassungsm\u00f6glichkeiten. Schnelle Lieferung. Kontaktieren Sie uns jetzt, um ein Angebot zu erhalten!<\/p>\n<h2>Badezimmerschr\u00e4nke Attribute\uff1a<\/h2>\n<p><strong>Artikel Nr.<\/strong>: LD3684-80G<br \/><strong>Material des Geh\u00e4uses<\/strong>: Sperrholz<br \/><strong>Farbe des Geh\u00e4uses<\/strong>: Dunkelgrau<br \/><strong>Spiegel<\/strong>: LED-Spiegel (3,5 mm \/ 3,8 mm), dreifarbige Beleuchtung, One-Touch-Enteisung, mit mehrschichtiger Schaumstoffverpackung gesichert <br \/><strong>Einbauart<\/strong>: Wandbefestigung <br \/><strong>Abmessungen (L \u00d7 B \u00d7 H)<\/strong>: 80 x 47 x 48 cm<br \/><strong>Bruttogewicht<\/strong>: 31 kg\/Satz<\/p>\n<h2>Anpassung &amp; Dienstleistungen:<\/h2>\n<p><strong>OEM &amp; ODM<\/strong>: Unterst\u00fctzt<br \/><strong>Gestaltung<\/strong>: Frei<br \/><strong>Zubeh\u00f6r<\/strong>: Waschbecken, Spiegel, Armaturen und anderes Badzubeh\u00f6r<br \/><strong>Verpacken<\/strong>: Einbaufertig<\/p>","protected":false},"featured_media":386,"comment_status":"closed","ping_status":"closed","template":"","meta":{"_acf_changed":true},"product_brand":[],"product_cat":[20],"product_tag":[],"class_list":{"0":"post-392","1":"product","2":"type-product","3":"status-publish","4":"has-post-thumbnail","6":"product_cat-wholesale-plywood-bathroom-vanity-cabinets","8":"first","9":"instock","10":"shipping-taxable","11":"product-type-simple"},"acf":[],"_links":{"self":[{"href":"https:\/\/www.shouyasanitary.com\/de\/wp-json\/wp\/v2\/product\/392","targetHints":{"allow":["GET"]}}],"collection":[{"href":"https:\/\/www.shouyasanitary.com\/de\/wp-json\/wp\/v2\/product"}],"about":[{"href":"https:\/\/www.shouyasanitary.com\/de\/wp-json\/wp\/v2\/types\/product"}],"replies":[{"embeddable":true,"href":"https:\/\/www.shouyasanitary.com\/de\/wp-json\/wp\/v2\/comments?post=392"}],"wp:featuredmedia":[{"embeddable":true,"href":"https:\/\/www.shouyasanitary.com\/de\/wp-json\/wp\/v2\/media\/386"}],"wp:attachment":[{"href":"https:\/\/www.shouyasanitary.com\/de\/wp-json\/wp\/v2\/media?parent=392"}],"wp:term":[{"taxonomy":"product_brand","embeddable":true,"href":"https:\/\/www.shouyasanitary.com\/de\/wp-json\/wp\/v2\/product_brand?post=392"},{"taxonomy":"product_cat","embeddable":true,"href":"https:\/\/www.shouyasanitary.com\/de\/wp-json\/wp\/v2\/product_cat?post=392"},{"taxonomy":"product_tag","embeddable":true,"href":"https:\/\/www.shouyasanitary.com\/de\/wp-json\/wp\/v2\/product_tag?post=392"}],"curies":[{"name":"wp","href":"https:\/\/api.w.org\/{rel}","templated":true}]}}