{"id":393,"date":"2025-04-09T12:30:12","date_gmt":"2025-04-09T12:30:12","guid":{"rendered":"https:\/\/www.shouyasanitary.com\/?post_type=product&#038;p=393"},"modified":"2025-10-28T07:04:10","modified_gmt":"2025-10-28T07:04:10","slug":"bathroom-cabinet-wholesale","status":"publish","type":"product","link":"https:\/\/www.shouyasanitary.com\/de\/produkt\/bathroom-cabinet-wholesale\/","title":{"rendered":"Sperrholz Badezimmer Schrank Gro\u00dfhandel, schwimmende Badezimmer Eitelkeit mit ovalen Spiegel Lieferant"},"content":{"rendered":"<div class=\"wp-block-columns is-layout-flex wp-container-core-columns-is-layout-9d6595d7 wp-block-columns-is-layout-flex\">\n<div class=\"wp-block-column is-layout-flow wp-block-column-is-layout-flow\">\n<h2 class=\"wp-block-heading\">Sperrholz-Badeschrank Merkmale:<\/h2>\n\n\n\n<p><strong>Hochwertiges Sperrholzmaterial<\/strong>Stabile Struktur, feuchtigkeitsbest\u00e4ndig und langlebig, leichtes Material, einfach zu transportieren und zu installieren.<\/p>\n\n\n\n<p><strong>Einzigartige ovale Spiegelform:<\/strong> Die elegante ovale Form schafft visuelle Weichheit und r\u00e4umliche Flie\u00dff\u00e4higkeit, wertet den Badezimmerbereich modisch auf und eignet sich f\u00fcr gehobene Wohnungen und Boutique-Hotels.<\/p>\n\n\n\n<p><strong>Einbau gegen die Wand<\/strong>: bodennahes Design, feuchtigkeits- und schimmelbest\u00e4ndig, leicht zu reinigen, besonders geeignet f\u00fcr gehobene Hotels, Clubs, Wohnungen usw.<\/p>\n\n\n\n<p><strong>Sanft abgerundete Ecken<\/strong>: Die Ecken des Schranks und des Spiegels sind mit abgerundeten Fasen versehen, die kollisionsfrei und sicher sind, und die Linien zeigen eine glatte Textur und erstklassige Handwerkskunst.<\/p>\n\n\n\n<p><strong>Unterst\u00fctzung ma\u00dfgeschneiderter Dienstleistungen<\/strong>: kann mehrere Spezifikationen der Anpassung, Unterst\u00fctzung Spiegel Farbe, Schrank Farbe, und Dekoration Anpassung an die Bed\u00fcrfnisse der verschiedenen Dekoration Projekte zu erf\u00fcllen.<\/p>\n\n\n\n<p><strong>Fabrikverkauf, stabile Versorgung<\/strong>: Bei der Massenanpassung werden mehr Rabatte gew\u00e4hrt, um den Beschaffungsbedarf zu decken.<\/p>\n<\/div>\n\n\n\n<div class=\"wp-block-column is-layout-flow wp-block-column-is-layout-flow\"><div class=\"wp-block-image\">\n<figure class=\"aligncenter size-full\"><img decoding=\"async\" width=\"1080\" height=\"1080\" src=\"https:\/\/www.shouyasanitary.com\/wp-content\/uploads\/2025\/04\/bathroom-cabinet-wholesale-luxury-vanities-custom-1.webp\" alt=\"Badezimmerschrank Gro\u00dfhandel Luxus Eitelkeiten benutzerdefinierte (1)\" class=\"wp-image-381\" style=\"object-fit:cover\" srcset=\"https:\/\/www.shouyasanitary.com\/wp-content\/uploads\/2025\/04\/bathroom-cabinet-wholesale-luxury-vanities-custom-1.webp 1080w, https:\/\/www.shouyasanitary.com\/wp-content\/uploads\/2025\/04\/bathroom-cabinet-wholesale-luxury-vanities-custom-1-300x300.webp 300w, https:\/\/www.shouyasanitary.com\/wp-content\/uploads\/2025\/04\/bathroom-cabinet-wholesale-luxury-vanities-custom-1-150x150.webp 150w, https:\/\/www.shouyasanitary.com\/wp-content\/uploads\/2025\/04\/bathroom-cabinet-wholesale-luxury-vanities-custom-1-768x768.webp 768w, https:\/\/www.shouyasanitary.com\/wp-content\/uploads\/2025\/04\/bathroom-cabinet-wholesale-luxury-vanities-custom-1-600x600.webp 600w, https:\/\/www.shouyasanitary.com\/wp-content\/uploads\/2025\/04\/bathroom-cabinet-wholesale-luxury-vanities-custom-1-100x100.webp 100w\" sizes=\"(max-width: 1080px) 100vw, 1080px\" \/><\/figure>\n<\/div><\/div>\n<\/div>","protected":false},"excerpt":{"rendered":"<p>Willkommen im Gro\u00dfhandel Bad Schr\u00e4nke mit ovalen LED-Spiegel, Waschbecken, Armaturen, etc. Moderne Wandschrank Design, Bulk-Lager, Unterst\u00fctzung OEM-Anpassung, Shouya Fabrik Direktvertrieb, willkommen zu erkundigen!<\/p>\n<h2>Eigenschaften des Badezimmerschranks\uff1a<\/h2>\n<p><strong>Artikel Nr.:<\/strong>LD2026-80<strong><br \/>Material des Geh\u00e4uses:<\/strong> Sperrholz<br \/><strong>Farbe des Geh\u00e4uses: <\/strong> Wei\u00df<br \/><strong>Spiegel:<\/strong>\u00a0LED-Spiegel (3,5 mm \/ 3,8 mm), dreifarbige Beleuchtung, One-Touch-Enteisung, gesichert mit mehrlagiger Schaumstoffverpackung<br \/><strong>Installationsart:<\/strong>\u00a0Wandbefestigung<br \/><strong>Abmessungen (L \u00d7 B \u00d7 H):<\/strong> 80 x 50 x 47 cm<br \/><strong>Bruttogewicht:<\/strong> 30 kg\/Satz<\/p>\n<h2>Anpassung &amp; Dienstleistungen:<\/h2>\n<p><strong>OEM &amp; ODM<\/strong>: Unterst\u00fctzt<br \/><strong>Gestaltung<\/strong>: Frei<br \/><strong>Zubeh\u00f6r<\/strong>: Waschbecken, Spiegel, Armaturen und anderes Badzubeh\u00f6r<br \/><strong>Verpacken<\/strong>: Einbaufertig<\/p>","protected":false},"featured_media":381,"comment_status":"closed","ping_status":"closed","template":"","meta":{"_acf_changed":false},"product_brand":[],"product_cat":[20],"product_tag":[],"class_list":{"0":"post-393","1":"product","2":"type-product","3":"status-publish","4":"has-post-thumbnail","6":"product_cat-wholesale-plywood-bathroom-vanity-cabinets","8":"first","9":"instock","10":"shipping-taxable","11":"product-type-simple"},"acf":[],"_links":{"self":[{"href":"https:\/\/www.shouyasanitary.com\/de\/wp-json\/wp\/v2\/product\/393","targetHints":{"allow":["GET"]}}],"collection":[{"href":"https:\/\/www.shouyasanitary.com\/de\/wp-json\/wp\/v2\/product"}],"about":[{"href":"https:\/\/www.shouyasanitary.com\/de\/wp-json\/wp\/v2\/types\/product"}],"replies":[{"embeddable":true,"href":"https:\/\/www.shouyasanitary.com\/de\/wp-json\/wp\/v2\/comments?post=393"}],"wp:featuredmedia":[{"embeddable":true,"href":"https:\/\/www.shouyasanitary.com\/de\/wp-json\/wp\/v2\/media\/381"}],"wp:attachment":[{"href":"https:\/\/www.shouyasanitary.com\/de\/wp-json\/wp\/v2\/media?parent=393"}],"wp:term":[{"taxonomy":"product_brand","embeddable":true,"href":"https:\/\/www.shouyasanitary.com\/de\/wp-json\/wp\/v2\/product_brand?post=393"},{"taxonomy":"product_cat","embeddable":true,"href":"https:\/\/www.shouyasanitary.com\/de\/wp-json\/wp\/v2\/product_cat?post=393"},{"taxonomy":"product_tag","embeddable":true,"href":"https:\/\/www.shouyasanitary.com\/de\/wp-json\/wp\/v2\/product_tag?post=393"}],"curies":[{"name":"wp","href":"https:\/\/api.w.org\/{rel}","templated":true}]}}