{"id":394,"date":"2025-04-09T12:43:10","date_gmt":"2025-04-09T12:43:10","guid":{"rendered":"https:\/\/www.shouyasanitary.com\/?post_type=product&#038;p=394"},"modified":"2025-05-12T10:17:23","modified_gmt":"2025-05-12T10:17:23","slug":"wholesale-bathroom-cabinets","status":"publish","type":"product","link":"https:\/\/www.shouyasanitary.com\/de\/produkt\/wholesale-bathroom-cabinets\/","title":{"rendered":"Gro\u00dfhandel Badezimmer Schr\u00e4nke Wand mit Spiegel, Badezimmer Eitelkeit Bulk montiert"},"content":{"rendered":"<div class=\"wp-block-columns is-layout-flex wp-container-core-columns-is-layout-9d6595d7 wp-block-columns-is-layout-flex\">\n<div class=\"wp-block-column is-layout-flow wp-block-column-is-layout-flow\">\n<h2 class=\"wp-block-heading\">Eigenschaften des Badezimmerschranks\uff1a<\/h2>\n\n\n\n<p><strong>Hochfestes Sperrholz: <\/strong>Mehrschichtige Massivholzstruktur zur Verbesserung der Verformungsfestigkeit und Haltbarkeit. Hervorragende feuchtigkeitsbest\u00e4ndige Eigenschaften sorgen daf\u00fcr, dass sich der Schrank an die hohe Luftfeuchtigkeit im Badezimmer anpassen kann.<\/p>\n\n\n\n<p><strong>Wandmontierte Ausf\u00fchrung: <\/strong>Die h\u00e4ngende Installation spart Bodenfl\u00e4che, ist leicht zu reinigen und unterstreicht das Gef\u00fchl eines modernen Badezimmers. Passt sich den Installationsanforderungen in unterschiedlichen H\u00f6hen an und ist sehr flexibel.<\/p>\n\n\n\n<p><strong>LED-Spiegelschrank mit intelligenter Beleuchtung:<\/strong> Eingebaute weiche LED-Lichtleiste, die nat\u00fcrliches Licht spendet. Ber\u00fchrungs- oder Induktionsschalter, einfach zu bedienen.<\/p>\n\n\n\n<p><strong>Multifunktionaler Stauraum: <\/strong>Kombination aus Spiegelschrank und Hauptschrank, Trennung von Trocken- und Nassbereich, klassifizierte Lagerung. Verstellbare Einlegeb\u00f6den und leise Ausz\u00fcge machen die Lagerung effizienter und reibungsloser.<\/p>\n\n\n\n<p><strong>Einfach zu installieren: <\/strong>Badezimmerschr\u00e4nke sind einfach zu installieren und k\u00f6nnen ohne komplizierte Vorg\u00e4nge schnell zusammengebaut werden, was Zeit und Arbeit spart.<\/p>\n\n\n\n<p><strong>Mehrfarbig und mehrfarbig m\u00f6glich: <\/strong>bieten eine Vielzahl von Oberfl\u00e4chen und Gr\u00f6\u00dfenoptionen, um individuelle Bed\u00fcrfnisse zu erf\u00fcllen. Unterst\u00fctzung von OEM\/ODM-Anpassungen<\/p>\n<\/div>\n\n\n\n<div class=\"wp-block-column is-layout-flow wp-block-column-is-layout-flow\"><div class=\"wp-block-image\">\n<figure class=\"aligncenter size-full\"><img decoding=\"async\" width=\"800\" height=\"800\" src=\"https:\/\/www.shouyasanitary.com\/wp-content\/uploads\/2025\/04\/wholesale-bathroom-cabinets-wall-mounted-vanity-bulk-1.webp\" alt=\"Gro\u00dfhandel Bad Schr\u00e4nke Wand montiert Eitelkeit bulk (1)\" class=\"wp-image-389\" style=\"object-fit:cover\" srcset=\"https:\/\/www.shouyasanitary.com\/wp-content\/uploads\/2025\/04\/wholesale-bathroom-cabinets-wall-mounted-vanity-bulk-1.webp 800w, https:\/\/www.shouyasanitary.com\/wp-content\/uploads\/2025\/04\/wholesale-bathroom-cabinets-wall-mounted-vanity-bulk-1-300x300.webp 300w, https:\/\/www.shouyasanitary.com\/wp-content\/uploads\/2025\/04\/wholesale-bathroom-cabinets-wall-mounted-vanity-bulk-1-150x150.webp 150w, https:\/\/www.shouyasanitary.com\/wp-content\/uploads\/2025\/04\/wholesale-bathroom-cabinets-wall-mounted-vanity-bulk-1-768x768.webp 768w, https:\/\/www.shouyasanitary.com\/wp-content\/uploads\/2025\/04\/wholesale-bathroom-cabinets-wall-mounted-vanity-bulk-1-600x600.webp 600w, https:\/\/www.shouyasanitary.com\/wp-content\/uploads\/2025\/04\/wholesale-bathroom-cabinets-wall-mounted-vanity-bulk-1-100x100.webp 100w\" sizes=\"(max-width: 800px) 100vw, 800px\" \/><\/figure>\n<\/div><\/div>\n<\/div>","protected":false},"excerpt":{"rendered":"<p>Gro\u00dfhandel Bad Schr\u00e4nke mit Doppel-Schubladen, Spiegelschrank und Wasserhahn, voller Satz von Bad Eitelkeit L\u00f6sungen. Modernes und einfaches Aussehen, High-End und elegant, einfach zu installieren, unterst\u00fctzen OEM \/ ODM-Service. Kontaktieren Sie uns jetzt f\u00fcr individuelle L\u00f6sungen und Gro\u00dfhandel Angebote!<\/p>\n<h2>Eigenschaften des Badezimmerschranks\uff1a<\/h2>\n<p><strong>Artikel Nr.<\/strong>: SY2016-60<br \/><strong>Material des Geh\u00e4uses:<\/strong>\u00a0Sperrholz<br \/><strong>Farbe des Geh\u00e4uses: <\/strong>Wei\u00df<br \/><strong>Spiegel:<\/strong> LED-Spiegel (3,5 mm\/3,8 mm), dreifarbige Beleuchtung, One-Touch-Entfogging, gesichert mit mehrlagiger Schaumstoffverpackung<br \/><strong>Installationsart:<\/strong>\u00a0Wandbefestigung<br \/><strong>Abmessungen (L\u00d7B\u00d7H):<\/strong> 60x50x47 cm<br \/><strong>Bruttogewicht:<\/strong> 27 kg\/Satz<\/p>\n<h2>Anpassung &amp; Dienstleistungen:<\/h2>\n<p><strong>OEM &amp; ODM<\/strong>: Unterst\u00fctzt<br \/><strong>Gestaltung<\/strong>: Frei<br \/><strong>Zubeh\u00f6r<\/strong>: Waschbecken, Spiegel, Armaturen und anderes Badzubeh\u00f6r<br \/><strong>Verpacken<\/strong>: Einbaufertig<\/p>","protected":false},"featured_media":389,"comment_status":"closed","ping_status":"closed","template":"","meta":{"_acf_changed":true},"product_brand":[],"product_cat":[20],"product_tag":[],"class_list":{"0":"post-394","1":"product","2":"type-product","3":"status-publish","4":"has-post-thumbnail","6":"product_cat-wholesale-plywood-bathroom-vanity-cabinets","8":"first","9":"instock","10":"shipping-taxable","11":"product-type-simple"},"acf":[],"_links":{"self":[{"href":"https:\/\/www.shouyasanitary.com\/de\/wp-json\/wp\/v2\/product\/394","targetHints":{"allow":["GET"]}}],"collection":[{"href":"https:\/\/www.shouyasanitary.com\/de\/wp-json\/wp\/v2\/product"}],"about":[{"href":"https:\/\/www.shouyasanitary.com\/de\/wp-json\/wp\/v2\/types\/product"}],"replies":[{"embeddable":true,"href":"https:\/\/www.shouyasanitary.com\/de\/wp-json\/wp\/v2\/comments?post=394"}],"wp:featuredmedia":[{"embeddable":true,"href":"https:\/\/www.shouyasanitary.com\/de\/wp-json\/wp\/v2\/media\/389"}],"wp:attachment":[{"href":"https:\/\/www.shouyasanitary.com\/de\/wp-json\/wp\/v2\/media?parent=394"}],"wp:term":[{"taxonomy":"product_brand","embeddable":true,"href":"https:\/\/www.shouyasanitary.com\/de\/wp-json\/wp\/v2\/product_brand?post=394"},{"taxonomy":"product_cat","embeddable":true,"href":"https:\/\/www.shouyasanitary.com\/de\/wp-json\/wp\/v2\/product_cat?post=394"},{"taxonomy":"product_tag","embeddable":true,"href":"https:\/\/www.shouyasanitary.com\/de\/wp-json\/wp\/v2\/product_tag?post=394"}],"curies":[{"name":"wp","href":"https:\/\/api.w.org\/{rel}","templated":true}]}}