{"id":411,"date":"2025-04-09T11:14:20","date_gmt":"2025-04-09T11:14:20","guid":{"rendered":"https:\/\/www.shouyasanitary.com\/?post_type=product&#038;p=411"},"modified":"2025-05-12T10:07:50","modified_gmt":"2025-05-12T10:07:50","slug":"bathroom-vanity-wholesale","status":"publish","type":"product","link":"https:\/\/www.shouyasanitary.com\/de\/produkt\/bathroom-vanity-wholesale\/","title":{"rendered":"Badezimmer Eitelkeit Gro\u00dfhandel, moderne Wand montierte Waschbecken Schrank benutzerdefinierte"},"content":{"rendered":"<div class=\"wp-block-columns is-layout-flex wp-container-core-columns-is-layout-9d6595d7 wp-block-columns-is-layout-flex\">\n<div class=\"wp-block-column is-layout-flow wp-block-column-is-layout-flow\">\n<h2 class=\"wp-block-heading\">Eigenschaften des Badezimmer-Waschbeckens\uff1a<\/h2>\n\n\n\n<p><strong>Hochwertiges bewegliches Material:<\/strong> verschlei\u00dffest und dick, leicht zu reinigen, so dass der Badezimmerschrank auch in einer feuchten Umgebung lange Zeit in gutem Zustand bleiben kann.<\/p>\n\n\n\n<p><strong>Rosa Holzdekoration: <\/strong>nat\u00fcrliches rosafarbenes Gesteinskorndesign, modisch, geeignet f\u00fcr hochwertige B\u00e4der<\/p>\n\n\n\n<p><strong>Wandmontierte Ausf\u00fchrung: <\/strong>Das wandmontierte Design erleichtert die Reinigung des Badschranks, vergr\u00f6\u00dfert den Stauraum, verhindert Wasseransammlungen und h\u00e4lt ihn sauber und ordentlich.<\/p>\n\n\n\n<p><strong>Doppeltes Waschbecken: <\/strong>Das Doppelwaschbecken bietet mehr Nutzfl\u00e4che f\u00fcr private oder \u00f6ffentliche B\u00e4der.<\/p>\n\n\n\n<p><strong>Luxuri\u00f6se L\u00f6sung f\u00fcr das Badezimmer: <\/strong>ausgestattet mit Bad-Accessoires wie mattschwarzen Armaturen und gro\u00dfen intelligenten LED-Spiegeln, um einen luxuri\u00f6sen und modischen Frisiertisch f\u00fcr das Badezimmer zu schaffen<\/p>\n\n\n\n<p><strong>Unterst\u00fctzung von OEM- und ODM-Anpassungen: <\/strong>Gr\u00f6\u00dfe, Farbe, Spiegelstil, Armaturenzubeh\u00f6r usw. k\u00f6nnen angepasst werden. Bieten Sie flexible Kooperationspl\u00e4ne wie Projektierung, Markenagentur, Gro\u00dfhandelsvertrieb, etc.<\/p>\n<\/div>\n\n\n\n<div class=\"wp-block-column is-layout-flow wp-block-column-is-layout-flow\"><div class=\"wp-block-image\">\n<figure class=\"aligncenter size-full\"><img decoding=\"async\" width=\"1200\" height=\"1200\" src=\"https:\/\/www.shouyasanitary.com\/wp-content\/uploads\/2025\/04\/Bathroom-Vanity-Wholesale-Wash-Basin-Cabinet-Bulk-4.webp\" alt=\"Badezimmer Eitelkeit Gro\u00dfhandel Waschbecken Kabinett Bulk (4)\" class=\"wp-image-428\" style=\"object-fit:cover\" srcset=\"https:\/\/www.shouyasanitary.com\/wp-content\/uploads\/2025\/04\/Bathroom-Vanity-Wholesale-Wash-Basin-Cabinet-Bulk-4.webp 1200w, https:\/\/www.shouyasanitary.com\/wp-content\/uploads\/2025\/04\/Bathroom-Vanity-Wholesale-Wash-Basin-Cabinet-Bulk-4-300x300.webp 300w, https:\/\/www.shouyasanitary.com\/wp-content\/uploads\/2025\/04\/Bathroom-Vanity-Wholesale-Wash-Basin-Cabinet-Bulk-4-150x150.webp 150w, https:\/\/www.shouyasanitary.com\/wp-content\/uploads\/2025\/04\/Bathroom-Vanity-Wholesale-Wash-Basin-Cabinet-Bulk-4-768x768.webp 768w, https:\/\/www.shouyasanitary.com\/wp-content\/uploads\/2025\/04\/Bathroom-Vanity-Wholesale-Wash-Basin-Cabinet-Bulk-4-600x600.webp 600w, https:\/\/www.shouyasanitary.com\/wp-content\/uploads\/2025\/04\/Bathroom-Vanity-Wholesale-Wash-Basin-Cabinet-Bulk-4-100x100.webp 100w\" sizes=\"(max-width: 1200px) 100vw, 1200px\" \/><\/figure>\n<\/div><\/div>\n<\/div>","protected":false},"excerpt":{"rendered":"<p>Willkommen bei den Gro\u00dfhandels- und kundenspezifischen Badezimmer-Waschtischen, die eine stilvolle Wandstruktur mit einer eleganten Marmoroberfl\u00e4che aufweisen. Ausgestattet mit eingebauter Beleuchtung, Wasserh\u00e4hnen und intelligenten LED-Spiegeln, schaffen Sie luxuri\u00f6se Badezimmerl\u00f6sungen. Profitieren Sie von Fabrikpreisen und zuverl\u00e4ssigen Logistikdienstleistungen f\u00fcr Gro\u00dfauftr\u00e4ge. Kontaktieren Sie uns jetzt f\u00fcr kostenlose Angebote und Produktkataloge!<\/p>\n<h2>Badezimmer Waschtisch Attribute\uff1a<\/h2>\n<p><strong>Artikel Nr.<\/strong>: SYZ1052<br \/><strong>Material des Geh\u00e4uses<\/strong>: Marmor <br \/><strong>Farbe des Geh\u00e4uses<\/strong>: Rosa<br \/><strong>Spiegel<\/strong>: LED-Spiegel (3,5 mm \/ 3,8 mm), dreifarbige Beleuchtung, One-Touch-Enteisung, mit mehrschichtiger Schaumstoffverpackung gesichert <br \/><strong>Einbauart<\/strong>: Wandbefestigung <br \/><strong>Abmessungen (L \u00d7 B \u00d7 H)<\/strong>: 100 \u00d7 47 \u00d7 25 cm <br \/><strong>Bruttogewicht<\/strong>: 30 kg\/Satz<\/p>\n<h2>Anpassung &amp; Dienstleistungen:<\/h2>\n<p><strong>OEM &amp; ODM<\/strong>: Unterst\u00fctzt<br \/><strong>Gestaltung<\/strong>: Frei<br \/><strong>Zubeh\u00f6r<\/strong>: Waschbecken, Spiegel, Armaturen und anderes Badzubeh\u00f6r<br \/><strong>Verpacken<\/strong>: Einbaufertig<\/p>","protected":false},"featured_media":428,"comment_status":"closed","ping_status":"closed","template":"","meta":{"_acf_changed":true},"product_brand":[],"product_cat":[22],"product_tag":[],"class_list":{"0":"post-411","1":"product","2":"type-product","3":"status-publish","4":"has-post-thumbnail","6":"product_cat-wholesale-marble-bathroom-vanity-cabinets","8":"first","9":"instock","10":"shipping-taxable","11":"product-type-simple"},"acf":[],"_links":{"self":[{"href":"https:\/\/www.shouyasanitary.com\/de\/wp-json\/wp\/v2\/product\/411","targetHints":{"allow":["GET"]}}],"collection":[{"href":"https:\/\/www.shouyasanitary.com\/de\/wp-json\/wp\/v2\/product"}],"about":[{"href":"https:\/\/www.shouyasanitary.com\/de\/wp-json\/wp\/v2\/types\/product"}],"replies":[{"embeddable":true,"href":"https:\/\/www.shouyasanitary.com\/de\/wp-json\/wp\/v2\/comments?post=411"}],"wp:featuredmedia":[{"embeddable":true,"href":"https:\/\/www.shouyasanitary.com\/de\/wp-json\/wp\/v2\/media\/428"}],"wp:attachment":[{"href":"https:\/\/www.shouyasanitary.com\/de\/wp-json\/wp\/v2\/media?parent=411"}],"wp:term":[{"taxonomy":"product_brand","embeddable":true,"href":"https:\/\/www.shouyasanitary.com\/de\/wp-json\/wp\/v2\/product_brand?post=411"},{"taxonomy":"product_cat","embeddable":true,"href":"https:\/\/www.shouyasanitary.com\/de\/wp-json\/wp\/v2\/product_cat?post=411"},{"taxonomy":"product_tag","embeddable":true,"href":"https:\/\/www.shouyasanitary.com\/de\/wp-json\/wp\/v2\/product_tag?post=411"}],"curies":[{"name":"wp","href":"https:\/\/api.w.org\/{rel}","templated":true}]}}