{"id":422,"date":"2025-04-09T07:47:56","date_gmt":"2025-04-09T07:47:56","guid":{"rendered":"https:\/\/www.shouyasanitary.com\/?post_type=product&#038;p=422"},"modified":"2025-10-28T06:54:39","modified_gmt":"2025-10-28T06:54:39","slug":"wholesale-bathroom-vanity","status":"publish","type":"product","link":"https:\/\/www.shouyasanitary.com\/de\/produkt\/wholesale-bathroom-vanity\/","title":{"rendered":"Gro\u00dfhandel Badezimmer Eitelkeit Marmor Badezimmerschrank mit Spiegel Doppelwaschbecken"},"content":{"rendered":"<div class=\"wp-block-columns is-layout-flex wp-container-core-columns-is-layout-9d6595d7 wp-block-columns-is-layout-flex\">\n<div class=\"wp-block-column is-layout-flow wp-block-column-is-layout-flow\">\n<h2 class=\"wp-block-heading\">Eigenschaften von Gro\u00dfhandel Badezimmer Eitelkeit:<\/h2>\n\n\n\n<p><strong>Hochwertiges Marmor-Material:<\/strong> Aus Marmor gefertigt, ist er wasserdicht, glatt, verschlei\u00dffest und sehr langlebig.<\/p>\n\n\n\n<p><strong>Spezielles Marmormuster<\/strong>: Das Marmordesign bietet eine unverwechselbare und nat\u00fcrliche Textur, die Modernit\u00e4t und Natur verbindet und Eleganz ins Bad bringt.<\/p>\n\n\n\n<p><strong>Doppelsp\u00fcle mit gro\u00dfem Fassungsverm\u00f6gen: <\/strong>Das Doppelwaschbecken kann von mehreren Personen gleichzeitig benutzt werden, das verbreiterte, tiefe Waschbecken ist spritzwassergesch\u00fctzt, und der Abfluss ist schnell und verstopfungsfrei, was f\u00fcr mehrk\u00f6pfige Familien und kommerzielle Szenen geeignet ist.<\/p>\n\n\n\n<p><strong>Wandmontierte Ausf\u00fchrung:<\/strong> Sparen Sie Bodenfl\u00e4che, verbessern Sie das visuelle Erlebnis des Badezimmers und erh\u00f6hen Sie das Gef\u00fchl der Offenheit des Badezimmers.<\/p>\n\n\n\n<p><strong>Flexibler Anpassungsservice:<\/strong> Wir unterst\u00fctzen kundenspezifische Gr\u00f6\u00dfe, Farbe, Logoanpassung und andere Anforderungen und bieten OEM\/ODM-Dienstleistungen.<\/p>\n<\/div>\n\n\n\n<div class=\"wp-block-column is-layout-flow wp-block-column-is-layout-flow\"><div class=\"wp-block-image\">\n<figure class=\"aligncenter size-full\"><img decoding=\"async\" width=\"1200\" height=\"1200\" src=\"https:\/\/www.shouyasanitary.com\/wp-content\/uploads\/2025\/04\/Wholesale-Bathroom-Vanity-Double-Sink-Custom-4-1.webp\" alt=\"Gro\u00dfhandel Badezimmer Eitelkeit Double Sink Custom (4)\" class=\"wp-image-425\" style=\"object-fit:cover\" srcset=\"https:\/\/www.shouyasanitary.com\/wp-content\/uploads\/2025\/04\/Wholesale-Bathroom-Vanity-Double-Sink-Custom-4-1.webp 1200w, https:\/\/www.shouyasanitary.com\/wp-content\/uploads\/2025\/04\/Wholesale-Bathroom-Vanity-Double-Sink-Custom-4-1-300x300.webp 300w, https:\/\/www.shouyasanitary.com\/wp-content\/uploads\/2025\/04\/Wholesale-Bathroom-Vanity-Double-Sink-Custom-4-1-150x150.webp 150w, https:\/\/www.shouyasanitary.com\/wp-content\/uploads\/2025\/04\/Wholesale-Bathroom-Vanity-Double-Sink-Custom-4-1-768x768.webp 768w, https:\/\/www.shouyasanitary.com\/wp-content\/uploads\/2025\/04\/Wholesale-Bathroom-Vanity-Double-Sink-Custom-4-1-600x600.webp 600w, https:\/\/www.shouyasanitary.com\/wp-content\/uploads\/2025\/04\/Wholesale-Bathroom-Vanity-Double-Sink-Custom-4-1-100x100.webp 100w\" sizes=\"(max-width: 1200px) 100vw, 1200px\" \/><\/figure>\n<\/div><\/div>\n<\/div>","protected":false},"excerpt":{"rendered":"<p>Gro\u00dfhandel Badezimmerschrank mit Doppelwaschbecken, verf\u00fcgt \u00fcber eine einzigartige gew\u00f6lbte hohle Arbeitsplatte Design, modern und elegant. Shouya Bad Schrank Hersteller Direktvertrieb, bietet kundenspezifische Dienstleistungen und die komplette Reihe von Bad-Accessoires Gro\u00dfauftrag, willkommen zu erkundigen!<\/p>\n<h2>Badezimmer Waschtisch Attribute\uff1a<\/h2>\n<p><strong>Artikel Nr.<\/strong>: SYZ1051<br \/><strong>Material des Geh\u00e4uses<\/strong>: Marmor <br \/><strong>Farbe des Geh\u00e4uses<\/strong>: Schwarz und Wei\u00df <br \/><strong>Spiegel<\/strong>: LED-Spiegel (3,5 mm \/ 3,8 mm), dreifarbige Beleuchtung, One-Touch-Enteisung, mit mehrschichtiger Schaumstoffverpackung gesichert <br \/><strong>Einbauart<\/strong>: Wandbefestigung <br \/><strong>Abmessungen (L \u00d7 B \u00d7 H)<\/strong>: 100 \u00d7 47 \u00d7 25 cm <br \/><strong>Bruttogewicht<\/strong>: 31 kg\/Satz<\/p>\n<h2>Anpassung &amp; Dienstleistungen:<\/h2>\n<p><strong>OEM &amp; ODM<\/strong>: Unterst\u00fctzt<br \/><strong>Gestaltung<\/strong>: Frei<br \/><strong>Zubeh\u00f6r<\/strong>: Waschbecken, Spiegel, Armaturen und anderes Badzubeh\u00f6r<br \/><strong>Verpacken<\/strong>: Einbaufertig<\/p>","protected":false},"featured_media":425,"comment_status":"closed","ping_status":"closed","template":"","meta":{"_acf_changed":false},"product_brand":[],"product_cat":[22],"product_tag":[],"class_list":{"0":"post-422","1":"product","2":"type-product","3":"status-publish","4":"has-post-thumbnail","6":"product_cat-wholesale-marble-bathroom-vanity-cabinets","8":"first","9":"instock","10":"shipping-taxable","11":"product-type-simple"},"acf":[],"_links":{"self":[{"href":"https:\/\/www.shouyasanitary.com\/de\/wp-json\/wp\/v2\/product\/422","targetHints":{"allow":["GET"]}}],"collection":[{"href":"https:\/\/www.shouyasanitary.com\/de\/wp-json\/wp\/v2\/product"}],"about":[{"href":"https:\/\/www.shouyasanitary.com\/de\/wp-json\/wp\/v2\/types\/product"}],"replies":[{"embeddable":true,"href":"https:\/\/www.shouyasanitary.com\/de\/wp-json\/wp\/v2\/comments?post=422"}],"wp:featuredmedia":[{"embeddable":true,"href":"https:\/\/www.shouyasanitary.com\/de\/wp-json\/wp\/v2\/media\/425"}],"wp:attachment":[{"href":"https:\/\/www.shouyasanitary.com\/de\/wp-json\/wp\/v2\/media?parent=422"}],"wp:term":[{"taxonomy":"product_brand","embeddable":true,"href":"https:\/\/www.shouyasanitary.com\/de\/wp-json\/wp\/v2\/product_brand?post=422"},{"taxonomy":"product_cat","embeddable":true,"href":"https:\/\/www.shouyasanitary.com\/de\/wp-json\/wp\/v2\/product_cat?post=422"},{"taxonomy":"product_tag","embeddable":true,"href":"https:\/\/www.shouyasanitary.com\/de\/wp-json\/wp\/v2\/product_tag?post=422"}],"curies":[{"name":"wp","href":"https:\/\/api.w.org\/{rel}","templated":true}]}}