{"id":430,"date":"2025-04-09T06:43:34","date_gmt":"2025-04-09T06:43:34","guid":{"rendered":"https:\/\/www.shouyasanitary.com\/?post_type=product&#038;p=430"},"modified":"2025-05-12T10:01:33","modified_gmt":"2025-05-12T10:01:33","slug":"bathroom-cabinets-wholesale","status":"publish","type":"product","link":"https:\/\/www.shouyasanitary.com\/de\/produkt\/bathroom-cabinets-wholesale\/","title":{"rendered":"Badezimmer Schr\u00e4nke Gro\u00dfhandel, Marmor Einzel Eitelkeit Bulk Custom"},"content":{"rendered":"<div class=\"wp-block-columns is-layout-flex wp-container-core-columns-is-layout-9d6595d7 wp-block-columns-is-layout-flex\">\n<div class=\"wp-block-column is-layout-flow wp-block-column-is-layout-flow\">\n<h2 class=\"wp-block-heading\">Eigenschaften von Marmor Badezimmer Schr\u00e4nke Gro\u00dfhandel\uff1a<\/h2>\n\n\n\n<p><strong>Modernes minimalistisches Design: <\/strong>Die schlanke, geometrische Form mit integriertem Waschbecken und Arbeitsplatte ist platzsparend und eignet sich hervorragend f\u00fcr moderne gewerbliche und private Badprojekte.<\/p>\n\n\n\n<p><strong>Hochwertige Marmoroberfl\u00e4che:<\/strong> Die stilvolle Marmorstruktur mit schwarzer Maserung, glatter Oberfl\u00e4che, hervorragender Wasserfestigkeit und Kratzfestigkeit sorgt f\u00fcr ein luxuri\u00f6ses und zeitloses Aussehen.<\/p>\n\n\n\n<p><strong>Wandmontiertes Einzelwaschbecken:<\/strong> Geeignet f\u00fcr kleine und mittelgro\u00dfe B\u00e4der, die zus\u00e4tzliche Seitenplattform ist praktisch f\u00fcr die Aufbewahrung von Badutensilien, einfache und effiziente Nutzung, um den t\u00e4glichen Waschbedarf zu decken.<\/p>\n\n\n\n<p><strong>Spiegel mit LED: <\/strong>Der Spiegel des Badezimmerschranks ist mit einer LED-Lichtleiste ausgestattet, die energiesparend und bequem ist und eine klare und helle Beleuchtung bietet.<\/p>\n\n\n\n<p><strong>Anpassungsm\u00f6glichkeiten (Gro\u00dfbestellung):<\/strong> Es ist eine Vielzahl von Marmormustern und Farbausf\u00fchrungen erh\u00e4ltlich. Optionale Spiegelarten, Armaturentypen und Beschlagsausf\u00fchrungen. Unterst\u00fctzung von OEM- und ODM-Diensten, Projektanpassung ist m\u00f6glich.<\/p>\n<\/div>\n\n\n\n<div class=\"wp-block-column is-layout-flow wp-block-column-is-layout-flow\"><div class=\"wp-block-image\">\n<figure class=\"aligncenter size-full\"><img decoding=\"async\" width=\"1200\" height=\"1200\" src=\"https:\/\/www.shouyasanitary.com\/wp-content\/uploads\/2025\/04\/Bathroom-Cabinets-Wholesale-Single-Vanity-in-Bulk-1.webp\" alt=\"Badezimmerschr\u00e4nke Gro\u00dfhandel einzelne Eitelkeit in Bulk (1)\" class=\"wp-image-416\" style=\"object-fit:cover\" srcset=\"https:\/\/www.shouyasanitary.com\/wp-content\/uploads\/2025\/04\/Bathroom-Cabinets-Wholesale-Single-Vanity-in-Bulk-1.webp 1200w, https:\/\/www.shouyasanitary.com\/wp-content\/uploads\/2025\/04\/Bathroom-Cabinets-Wholesale-Single-Vanity-in-Bulk-1-300x300.webp 300w, https:\/\/www.shouyasanitary.com\/wp-content\/uploads\/2025\/04\/Bathroom-Cabinets-Wholesale-Single-Vanity-in-Bulk-1-150x150.webp 150w, https:\/\/www.shouyasanitary.com\/wp-content\/uploads\/2025\/04\/Bathroom-Cabinets-Wholesale-Single-Vanity-in-Bulk-1-768x768.webp 768w, https:\/\/www.shouyasanitary.com\/wp-content\/uploads\/2025\/04\/Bathroom-Cabinets-Wholesale-Single-Vanity-in-Bulk-1-600x600.webp 600w, https:\/\/www.shouyasanitary.com\/wp-content\/uploads\/2025\/04\/Bathroom-Cabinets-Wholesale-Single-Vanity-in-Bulk-1-100x100.webp 100w\" sizes=\"(max-width: 1200px) 100vw, 1200px\" \/><\/figure>\n<\/div><\/div>\n<\/div>","protected":false},"excerpt":{"rendered":"<p>Gro\u00dfhandel Badezimmerschrank mit Einzelwaschbecken, LED-Spiegel, Wasserhahn. Moderne und einfache Bad Eitelkeit L\u00f6sung, aus hochwertigem Marmor, mit seitlichen Arbeitsplatten f\u00fcr bequeme Lagerung ausgestattet. Fabrikverkauf, Bulk semi-custom Lager, bieten OEM-und ODM-Dienstleistungen, um Ihr Projekt oder Marke Bed\u00fcrfnisse zu erf\u00fcllen!<\/p>\n<h2>Badezimmerschr\u00e4nke Attribute\uff1a<\/h2>\n<p><strong>Artikel Nr.<\/strong>: SYY1054 <br \/><strong>Material des Geh\u00e4uses<\/strong>: Marmor <br \/><strong>Farbe des Geh\u00e4uses<\/strong>: Schwarz und Wei\u00df <br \/><strong>Spiegel<\/strong>: LED-Spiegel (3,5 mm \/ 3,8 mm), dreifarbige Beleuchtung, One-Touch-Enteisung, mit mehrschichtiger Schaumstoffverpackung gesichert <br \/><strong>Einbauart<\/strong>: Wandbefestigung <br \/><strong>Abmessungen (L \u00d7 B \u00d7 H)<\/strong>: 80 \u00d7 48 \u00d7 25 cm <br \/><strong>Bruttogewicht<\/strong>: 30 kg\/Satz<\/p>\n<h2>Anpassung &amp; Dienstleistungen:<\/h2>\n<p><strong>OEM &amp; ODM<\/strong>: Unterst\u00fctzt<br \/><strong>Gestaltung<\/strong>: Frei<br \/><strong>Zubeh\u00f6r<\/strong>: Waschbecken, Spiegel, Armaturen und anderes Badzubeh\u00f6r<br \/><strong>Verpacken<\/strong>: Einbaufertig<\/p>","protected":false},"featured_media":416,"comment_status":"closed","ping_status":"closed","template":"","meta":{"_acf_changed":false},"product_brand":[],"product_cat":[22],"product_tag":[],"class_list":{"0":"post-430","1":"product","2":"type-product","3":"status-publish","4":"has-post-thumbnail","6":"product_cat-wholesale-marble-bathroom-vanity-cabinets","8":"first","9":"instock","10":"shipping-taxable","11":"product-type-simple"},"acf":[],"_links":{"self":[{"href":"https:\/\/www.shouyasanitary.com\/de\/wp-json\/wp\/v2\/product\/430","targetHints":{"allow":["GET"]}}],"collection":[{"href":"https:\/\/www.shouyasanitary.com\/de\/wp-json\/wp\/v2\/product"}],"about":[{"href":"https:\/\/www.shouyasanitary.com\/de\/wp-json\/wp\/v2\/types\/product"}],"replies":[{"embeddable":true,"href":"https:\/\/www.shouyasanitary.com\/de\/wp-json\/wp\/v2\/comments?post=430"}],"wp:featuredmedia":[{"embeddable":true,"href":"https:\/\/www.shouyasanitary.com\/de\/wp-json\/wp\/v2\/media\/416"}],"wp:attachment":[{"href":"https:\/\/www.shouyasanitary.com\/de\/wp-json\/wp\/v2\/media?parent=430"}],"wp:term":[{"taxonomy":"product_brand","embeddable":true,"href":"https:\/\/www.shouyasanitary.com\/de\/wp-json\/wp\/v2\/product_brand?post=430"},{"taxonomy":"product_cat","embeddable":true,"href":"https:\/\/www.shouyasanitary.com\/de\/wp-json\/wp\/v2\/product_cat?post=430"},{"taxonomy":"product_tag","embeddable":true,"href":"https:\/\/www.shouyasanitary.com\/de\/wp-json\/wp\/v2\/product_tag?post=430"}],"curies":[{"name":"wp","href":"https:\/\/api.w.org\/{rel}","templated":true}]}}