{"id":510,"date":"2025-04-10T18:04:39","date_gmt":"2025-04-10T18:04:39","guid":{"rendered":"https:\/\/www.shouyasanitary.com\/?post_type=product&#038;p=510"},"modified":"2025-05-12T10:25:56","modified_gmt":"2025-05-12T10:25:56","slug":"custom-cabinets-bathroom","status":"publish","type":"product","link":"https:\/\/www.shouyasanitary.com\/de\/produkt\/custom-cabinets-bathroom\/","title":{"rendered":"Benutzerdefinierte Schr\u00e4nke Badezimmer, Wand montiert Eitelkeit Einheit Gro\u00dfhandel"},"content":{"rendered":"<div class=\"wp-block-columns is-layout-flex wp-container-core-columns-is-layout-9d6595d7 wp-block-columns-is-layout-flex\">\n<div class=\"wp-block-column is-layout-flow wp-block-column-is-layout-flow\">\n<h2 class=\"wp-block-heading\">Schr\u00e4nke Badezimmer Ausstattung\uff1a<\/h2>\n\n\n\n<p><strong>Hochwertiges PVC-Material<\/strong>: Mit einer dauerhaften und robusten PVC-Materialstruktur, ist es nicht leicht zu knacken und zu verformen und hat ausgezeichnete wasserdichte und feuchtigkeitsdichte Eigenschaften, geeignet f\u00fcr feuchte Badezimmer Umgebungen.<\/p>\n\n\n\n<p><strong>Modernes und hochwertiges Erscheinungsbild:<\/strong> Der Spiegelschrank und der Badezimmerschrank sind einfach und elegant, und die rein wei\u00dfe Farbe verst\u00e4rkt die Helligkeit und die Textur des Raumes.<\/p>\n\n\n\n<p><strong>Wandmontierte Ausf\u00fchrung<\/strong>: Die Wandmontage ist leicht zu reinigen und visuell transparent. Sie eignet sich f\u00fcr moderne Wohnungen, Hotels und andere Orte mit hohen Anforderungen an Sch\u00f6nheit und Zweckm\u00e4\u00dfigkeit.<\/p>\n\n\n\n<p><strong>Multifunktionaler Spiegelschrank<\/strong>: Der Spiegelschrank ist mit hochaufl\u00f6senden Spiegeln, LED-Lichtleisten, Entfogger und Touch-Funktionen ausgestattet, um das Erlebnis im Badezimmer zu verbessern. Die interne mehrschichtige Ablagefl\u00e4che erf\u00fcllt die Bed\u00fcrfnisse der klassifizierten Lagerung von Toilettenartikeln.<\/p>\n\n\n\n<p><strong>Einfach zu installieren<\/strong>: Die modulare Struktur erm\u00f6glicht eine bequeme und schnelle Installation an der Wand und spart Bauzeit und Arbeitskosten.<\/p>\n\n\n\n<p><strong>Unterst\u00fctzung ma\u00dfgeschneiderter L\u00f6sungen<\/strong>: Wir bieten zahlreiche kundenspezifische Dienstleistungen in Bezug auf Gr\u00f6\u00dfe, Farbe, Material, LOGO und Verpackung an und passen uns flexibel an die verschiedenen Marktanforderungen auf der ganzen Welt an.<\/p>\n<\/div>\n\n\n\n<div class=\"wp-block-column is-layout-flow wp-block-column-is-layout-flow\"><div class=\"wp-block-image\">\n<figure class=\"aligncenter size-full\"><img decoding=\"async\" width=\"3000\" height=\"3000\" src=\"https:\/\/www.shouyasanitary.com\/wp-content\/uploads\/2025\/04\/Custom-Cabinets-Bathroom-Modern-Wall-Mounted-Vanity-Unit-Wholesale-1.webp\" alt=\"Benutzerdefinierte Schr\u00e4nke Badezimmer Modern Wall Mounted Vanity Unit Gro\u00dfhandel (1)\" class=\"wp-image-512\" style=\"object-fit:cover\" srcset=\"https:\/\/www.shouyasanitary.com\/wp-content\/uploads\/2025\/04\/Custom-Cabinets-Bathroom-Modern-Wall-Mounted-Vanity-Unit-Wholesale-1.webp 3000w, https:\/\/www.shouyasanitary.com\/wp-content\/uploads\/2025\/04\/Custom-Cabinets-Bathroom-Modern-Wall-Mounted-Vanity-Unit-Wholesale-1-300x300.webp 300w, https:\/\/www.shouyasanitary.com\/wp-content\/uploads\/2025\/04\/Custom-Cabinets-Bathroom-Modern-Wall-Mounted-Vanity-Unit-Wholesale-1-150x150.webp 150w, https:\/\/www.shouyasanitary.com\/wp-content\/uploads\/2025\/04\/Custom-Cabinets-Bathroom-Modern-Wall-Mounted-Vanity-Unit-Wholesale-1-768x768.webp 768w, https:\/\/www.shouyasanitary.com\/wp-content\/uploads\/2025\/04\/Custom-Cabinets-Bathroom-Modern-Wall-Mounted-Vanity-Unit-Wholesale-1-1200x1200.webp 1200w, https:\/\/www.shouyasanitary.com\/wp-content\/uploads\/2025\/04\/Custom-Cabinets-Bathroom-Modern-Wall-Mounted-Vanity-Unit-Wholesale-1-600x600.webp 600w, https:\/\/www.shouyasanitary.com\/wp-content\/uploads\/2025\/04\/Custom-Cabinets-Bathroom-Modern-Wall-Mounted-Vanity-Unit-Wholesale-1-100x100.webp 100w\" sizes=\"(max-width: 3000px) 100vw, 3000px\" \/><\/figure>\n<\/div><\/div>\n<\/div>","protected":false},"excerpt":{"rendered":"<p>Benutzerdefinierte Schr\u00e4nke Bad, wei\u00df moderne Wand-Design, mit Spiegelschr\u00e4nke und andere Bad-Accessoires abgestimmt, praktisch und sch\u00f6n. Fabrik direkt, Gro\u00dfhandelspreis, willkommen, uns f\u00fcr Angebote und Bad Eitelkeit L\u00f6sungen zu kontaktieren!<\/p>\n<h2>Schr\u00e4nke Badezimmer Attribute\uff1a<\/h2>\n<p><strong>Artikel Nr.: <\/strong>JL1001-60VD<strong><br \/>Material des Geh\u00e4uses:<\/strong> PVC<br \/><strong>Farbe des Geh\u00e4uses:<\/strong> Wei\u00df<br \/><strong>Spiegel:<\/strong> LED-Spiegel (3,5 mm\/3,8 mm), dreifarbige Beleuchtung, One-Touch-Entfogging, gesichert mit mehrlagiger Schaumstoffverpackung<br \/><strong>Installationsart:<\/strong>\u00a0Wandbefestigung<br \/><strong>Abmessungen (L\u00d7B\u00d7H):<\/strong> 60x47x45 cm<br \/><strong>Bruttogewicht:<\/strong> 27kg\/Satz<\/p>\n<h2>Anpassung &amp; Dienstleistungen:<\/h2>\n<p><strong>OEM &amp; ODM<\/strong>: Unterst\u00fctzt<br \/><strong>Gestaltung<\/strong>: Frei<br \/><strong>Zubeh\u00f6r<\/strong>: Waschbecken, Spiegel, Armaturen und anderes Badzubeh\u00f6r<br \/><strong>Verpacken<\/strong>: Einbaufertig<\/p>","protected":false},"featured_media":512,"comment_status":"closed","ping_status":"closed","template":"","meta":{"_acf_changed":true},"product_brand":[],"product_cat":[24],"product_tag":[],"class_list":{"0":"post-510","1":"product","2":"type-product","3":"status-publish","4":"has-post-thumbnail","6":"product_cat-wholesale-pvc-bathroom-vanity-cabinets","8":"first","9":"instock","10":"shipping-taxable","11":"product-type-simple"},"acf":[],"_links":{"self":[{"href":"https:\/\/www.shouyasanitary.com\/de\/wp-json\/wp\/v2\/product\/510","targetHints":{"allow":["GET"]}}],"collection":[{"href":"https:\/\/www.shouyasanitary.com\/de\/wp-json\/wp\/v2\/product"}],"about":[{"href":"https:\/\/www.shouyasanitary.com\/de\/wp-json\/wp\/v2\/types\/product"}],"replies":[{"embeddable":true,"href":"https:\/\/www.shouyasanitary.com\/de\/wp-json\/wp\/v2\/comments?post=510"}],"wp:featuredmedia":[{"embeddable":true,"href":"https:\/\/www.shouyasanitary.com\/de\/wp-json\/wp\/v2\/media\/512"}],"wp:attachment":[{"href":"https:\/\/www.shouyasanitary.com\/de\/wp-json\/wp\/v2\/media?parent=510"}],"wp:term":[{"taxonomy":"product_brand","embeddable":true,"href":"https:\/\/www.shouyasanitary.com\/de\/wp-json\/wp\/v2\/product_brand?post=510"},{"taxonomy":"product_cat","embeddable":true,"href":"https:\/\/www.shouyasanitary.com\/de\/wp-json\/wp\/v2\/product_cat?post=510"},{"taxonomy":"product_tag","embeddable":true,"href":"https:\/\/www.shouyasanitary.com\/de\/wp-json\/wp\/v2\/product_tag?post=510"}],"curies":[{"name":"wp","href":"https:\/\/api.w.org\/{rel}","templated":true}]}}