{"id":514,"date":"2025-04-10T18:08:24","date_gmt":"2025-04-10T18:08:24","guid":{"rendered":"https:\/\/www.shouyasanitary.com\/?post_type=product&#038;p=514"},"modified":"2025-05-12T10:27:22","modified_gmt":"2025-05-12T10:27:22","slug":"bathroom-cabinets-custom","status":"publish","type":"product","link":"https:\/\/www.shouyasanitary.com\/de\/produkt\/bathroom-cabinets-custom\/","title":{"rendered":"Schwarze Badezimmerschr\u00e4nke Custom, Eitelkeit mit Spiegelschrank Gro\u00dfhandel"},"content":{"rendered":"<div class=\"wp-block-columns is-layout-flex wp-container-core-columns-is-layout-9d6595d7 wp-block-columns-is-layout-flex\">\n<div class=\"wp-block-column is-layout-flow wp-block-column-is-layout-flow\">\n<h2 class=\"wp-block-heading\">Merkmale der Badezimmerschr\u00e4nke\uff1a<\/h2>\n\n\n\n<p><strong>Mattschwarzer Stil<\/strong>: Schwarz ist ruhig und taktil und steht f\u00fcr ein geradliniges, luxuri\u00f6ses und modernes Badezimmer, das sich perfekt f\u00fcr Hotels, Wohnungen und hochwertige Wohnprojekte eignet.<\/p>\n\n\n\n<p><strong>Gr\u00fcne PVC-Platte<\/strong>: Die dicke PVC-Folie ist wasserdicht, feuchtigkeitsbest\u00e4ndig, schimmelbest\u00e4ndig, abriebfest und langlebig, ideal f\u00fcr hei\u00dfe und feuchte Badezimmer.<\/p>\n\n\n\n<p><strong>Anti-Kratz-Oberfl\u00e4che<\/strong>: Die Oberfl\u00e4che des Schranks ist verschlei\u00dffest und besonders kratzfest und hinterl\u00e4sst auch nach l\u00e4ngerem Gebrauch kaum Spuren.<\/p>\n\n\n\n<p><strong>Spiegelschrank integriert<\/strong>: Der Schrank und der Spiegel sind integriert, und es gibt LED-Leuchten, die Aufbewahrungsfunktionen besitzen und die Bed\u00fcrfnisse der Dressing, modern und praktisch erf\u00fcllen k\u00f6nnen.<\/p>\n\n\n\n<p><strong>Leicht zu reinigen<\/strong>: Die sehr glatte PVC-Oberfl\u00e4che nimmt nicht so leicht Wasserflecken oder Staub auf, und Wasserflecken und Staub k\u00f6nnen einfach abgewischt werden.<\/p>\n\n\n\n<p><strong>Flexible kundenspezifische L\u00f6sungen<\/strong>: F\u00fcr PVC-Badezimmerschr\u00e4nke k\u00f6nnen ma\u00dfgeschneiderte L\u00f6sungen angeboten werden, z. B. Farbe, Ausf\u00fchrung, Gr\u00f6\u00dfe, Marke, Logo usw., um Ihren Markenanforderungen zu entsprechen.<\/p>\n<\/div>\n\n\n\n<div class=\"wp-block-column is-layout-flow wp-block-column-is-layout-flow\"><div class=\"wp-block-image\">\n<figure class=\"aligncenter size-full\"><img decoding=\"async\" width=\"3000\" height=\"3000\" src=\"https:\/\/www.shouyasanitary.com\/wp-content\/uploads\/2025\/04\/Bathroom-Cabinets-Custom-PVC-Black-Bathroom-with-Mirror-Manufacturer-1.webp\" alt=\"Badezimmerschr\u00e4nke Custom PVC Schwarz Badezimmer mit Spiegel Hersteller (1)\" class=\"wp-image-515\" style=\"object-fit:cover\" srcset=\"https:\/\/www.shouyasanitary.com\/wp-content\/uploads\/2025\/04\/Bathroom-Cabinets-Custom-PVC-Black-Bathroom-with-Mirror-Manufacturer-1.webp 3000w, https:\/\/www.shouyasanitary.com\/wp-content\/uploads\/2025\/04\/Bathroom-Cabinets-Custom-PVC-Black-Bathroom-with-Mirror-Manufacturer-1-300x300.webp 300w, https:\/\/www.shouyasanitary.com\/wp-content\/uploads\/2025\/04\/Bathroom-Cabinets-Custom-PVC-Black-Bathroom-with-Mirror-Manufacturer-1-150x150.webp 150w, https:\/\/www.shouyasanitary.com\/wp-content\/uploads\/2025\/04\/Bathroom-Cabinets-Custom-PVC-Black-Bathroom-with-Mirror-Manufacturer-1-768x768.webp 768w, https:\/\/www.shouyasanitary.com\/wp-content\/uploads\/2025\/04\/Bathroom-Cabinets-Custom-PVC-Black-Bathroom-with-Mirror-Manufacturer-1-1200x1200.webp 1200w, https:\/\/www.shouyasanitary.com\/wp-content\/uploads\/2025\/04\/Bathroom-Cabinets-Custom-PVC-Black-Bathroom-with-Mirror-Manufacturer-1-600x600.webp 600w, https:\/\/www.shouyasanitary.com\/wp-content\/uploads\/2025\/04\/Bathroom-Cabinets-Custom-PVC-Black-Bathroom-with-Mirror-Manufacturer-1-100x100.webp 100w\" sizes=\"(max-width: 3000px) 100vw, 3000px\" \/><\/figure>\n<\/div><\/div>\n<\/div>","protected":false},"excerpt":{"rendered":"<p>Badezimmerschr\u00e4nke benutzerdefinierte, wandmontiert, PVC-Material ist langlebig und umweltfreundlich, geeignet f\u00fcr verschiedene Badezimmer Umgebungen. Stabile Versorgung, Gro\u00dfhandelspreis, und kundenspezifische L\u00f6sungen sind verf\u00fcgbar. Kontaktieren Sie uns f\u00fcr ein Angebot.<\/p>\n<h2>PVC-Badezimmerschr\u00e4nke Attribute\uff1a<\/h2>\n<p><strong>Artikel Nr.: <\/strong>JL1007<strong><br \/>Material des Geh\u00e4uses:<\/strong> PVC<br \/><strong>Farbe des Geh\u00e4uses:<\/strong> Schwarz<br \/><strong>Spiegel:<\/strong> LED-Spiegel (3,5 mm\/3,8 mm), dreifarbige Beleuchtung, One-Touch-Entfogging, gesichert mit mehrlagiger Schaumstoffverpackung<br \/><strong>Installationsart:<\/strong>\u00a0Wandbefestigung<br \/><strong>Abmessungen (L\u00d7B\u00d7H):<\/strong> 80x47x45 cm<br \/><strong>Bruttogewicht:<\/strong> 30kg\/Satz<\/p>\n<h2>Anpassung &amp; Dienstleistungen:<\/h2>\n<p><strong>OEM &amp; ODM<\/strong>: Unterst\u00fctzt<br \/><strong>Gestaltung<\/strong>: Frei<br \/><strong>Zubeh\u00f6r<\/strong>: Waschbecken, Spiegel, Armaturen und anderes Badzubeh\u00f6r<br \/><strong>Verpacken<\/strong>: Einbaufertig<\/p>","protected":false},"featured_media":515,"comment_status":"closed","ping_status":"closed","template":"","meta":{"_acf_changed":false},"product_brand":[],"product_cat":[24],"product_tag":[],"class_list":{"0":"post-514","1":"product","2":"type-product","3":"status-publish","4":"has-post-thumbnail","6":"product_cat-wholesale-pvc-bathroom-vanity-cabinets","8":"first","9":"instock","10":"shipping-taxable","11":"product-type-simple"},"acf":[],"_links":{"self":[{"href":"https:\/\/www.shouyasanitary.com\/de\/wp-json\/wp\/v2\/product\/514","targetHints":{"allow":["GET"]}}],"collection":[{"href":"https:\/\/www.shouyasanitary.com\/de\/wp-json\/wp\/v2\/product"}],"about":[{"href":"https:\/\/www.shouyasanitary.com\/de\/wp-json\/wp\/v2\/types\/product"}],"replies":[{"embeddable":true,"href":"https:\/\/www.shouyasanitary.com\/de\/wp-json\/wp\/v2\/comments?post=514"}],"wp:featuredmedia":[{"embeddable":true,"href":"https:\/\/www.shouyasanitary.com\/de\/wp-json\/wp\/v2\/media\/515"}],"wp:attachment":[{"href":"https:\/\/www.shouyasanitary.com\/de\/wp-json\/wp\/v2\/media?parent=514"}],"wp:term":[{"taxonomy":"product_brand","embeddable":true,"href":"https:\/\/www.shouyasanitary.com\/de\/wp-json\/wp\/v2\/product_brand?post=514"},{"taxonomy":"product_cat","embeddable":true,"href":"https:\/\/www.shouyasanitary.com\/de\/wp-json\/wp\/v2\/product_cat?post=514"},{"taxonomy":"product_tag","embeddable":true,"href":"https:\/\/www.shouyasanitary.com\/de\/wp-json\/wp\/v2\/product_tag?post=514"}],"curies":[{"name":"wp","href":"https:\/\/api.w.org\/{rel}","templated":true}]}}