{"id":518,"date":"2025-04-10T17:58:20","date_gmt":"2025-04-10T17:58:20","guid":{"rendered":"https:\/\/www.shouyasanitary.com\/?post_type=product&#038;p=518"},"modified":"2025-05-12T10:24:10","modified_gmt":"2025-05-12T10:24:10","slug":"custom-bathroom-vanity","status":"publish","type":"product","link":"https:\/\/www.shouyasanitary.com\/de\/produkt\/custom-bathroom-vanity\/","title":{"rendered":"Benutzerdefinierte Badezimmer Eitelkeit, Gro\u00dfhandel Badezimmer Medizinschrank mit Spiegel"},"content":{"rendered":"<div class=\"wp-block-columns is-layout-flex wp-container-core-columns-is-layout-9d6595d7 wp-block-columns-is-layout-flex\">\n<div class=\"wp-block-column is-layout-flow wp-block-column-is-layout-flow\">\n<h2 class=\"wp-block-heading\">Eigenschaften des Badezimmer-Waschbeckens\uff1a<\/h2>\n\n\n\n<p><strong>Moderner minimalistischer Stil<\/strong>: Das Gesamtdesign ist minimalistisch mit einer hellgrauen, glatten Oberfl\u00e4che, die die Textur des Badezimmers hervorhebt. Geeignet f\u00fcr gehobene Wohnungen, Luxushotels, Villen, Appartements, technische Projekte usw.<\/p>\n\n\n\n<p><strong>Langlebiges Aluminium-Material<\/strong>: Hochwertiges Material aus Aluminiumlegierung hat eine h\u00f6here Korrosionsbest\u00e4ndigkeit und Haltbarkeit, insbesondere in feuchten Umgebungen.<\/p>\n\n\n\n<p><strong>Gro\u00dfe Speicherkapazit\u00e4t<\/strong>: Der h\u00e4ngende Badezimmerschrank und der Spiegelschrank bieten viel Stauraum, bewahren Gegenst\u00e4nde effektiv auf und sorgen f\u00fcr ein ordentliches und sauberes Badezimmer.<\/p>\n\n\n\n<p><strong>Spiegelschrank mit Lichtleiste:<\/strong> Der Spiegelschrank ist mit einer LED-Lichtleiste, einem hochaufl\u00f6senden Spiegel, einer Smart-Touch- und einer Entfog-Funktion ausgestattet und bietet so ein vielseitiges t\u00e4gliches Nutzungserlebnis.<\/p>\n\n\n\n<p><strong>Massenanpassungsdienst<\/strong>: Wir bieten eine gro\u00dfe Anzahl von Semi-Custom-Optionen, wie z.B. Schrankfarbe, Gr\u00f6\u00dfe, Finish, Spiegelschrankkonfiguration und Armaturenstil und andere Merkmale, die auf Ihren Anforderungen basieren.<\/p>\n<\/div>\n\n\n\n<div class=\"wp-block-column is-layout-flow wp-block-column-is-layout-flow\"><div class=\"wp-block-image\">\n<figure class=\"aligncenter size-full\"><img decoding=\"async\" width=\"545\" height=\"547\" src=\"https:\/\/www.shouyasanitary.com\/wp-content\/uploads\/2025\/04\/Custom-Bathroom-Vanity-Wholesale-Bathroom-Medicine-Cabinet-with-Mirror-1.webp\" alt=\"Custom Badezimmer Eitelkeit Gro\u00dfhandel Badezimmer Medizinschrank mit Spiegel (1)\" class=\"wp-image-519\" style=\"object-fit:cover\" srcset=\"https:\/\/www.shouyasanitary.com\/wp-content\/uploads\/2025\/04\/Custom-Bathroom-Vanity-Wholesale-Bathroom-Medicine-Cabinet-with-Mirror-1.webp 545w, https:\/\/www.shouyasanitary.com\/wp-content\/uploads\/2025\/04\/Custom-Bathroom-Vanity-Wholesale-Bathroom-Medicine-Cabinet-with-Mirror-1-300x300.webp 300w, https:\/\/www.shouyasanitary.com\/wp-content\/uploads\/2025\/04\/Custom-Bathroom-Vanity-Wholesale-Bathroom-Medicine-Cabinet-with-Mirror-1-150x150.webp 150w, https:\/\/www.shouyasanitary.com\/wp-content\/uploads\/2025\/04\/Custom-Bathroom-Vanity-Wholesale-Bathroom-Medicine-Cabinet-with-Mirror-1-100x100.webp 100w\" sizes=\"(max-width: 545px) 100vw, 545px\" \/><\/figure>\n<\/div><\/div>\n<\/div>","protected":false},"excerpt":{"rendered":"<p>Gro\u00dfhandel benutzerdefinierte Bad Eitelkeit Schr\u00e4nke sind aus langlebigem Aluminium-Legierung, die leicht und einfach zu installieren ist gemacht. Ausgestattet mit LED-Spiegelschr\u00e4nke, Waschbecken, etc., kann es das Bad Bed\u00fcrfnisse der verschiedenen Szenen zu erf\u00fcllen. Unterst\u00fctzung Gro\u00dfhandel Anpassung, willkommen zu konsultieren.<\/p>\n<h2>Badezimmer Waschtisch Attribute\uff1a<\/h2>\n<p><strong>Artikel Nr.: <\/strong>SY604<strong><br \/>Material des Geh\u00e4uses:<\/strong> Aluminium<br \/><strong>Farbe des Geh\u00e4uses:<\/strong> Grau<br \/><strong>Spiegel:<\/strong> LED-Spiegel (3,5 mm\/3,8 mm), dreifarbige Beleuchtung, One-Touch-Entfogging, gesichert mit mehrlagiger Schaumstoffverpackung<br \/><strong>Installationsart:<\/strong>\u00a0Wandbefestigung<br \/><strong>Abmessungen (L\u00d7B\u00d7H):<\/strong> 60x47x44 cm<br \/><strong>Bruttogewicht:<\/strong> 27kg\/Satz<\/p>\n<h2>Anpassung &amp; Dienstleistungen:<\/h2>\n<p><strong>OEM &amp; ODM<\/strong>: Unterst\u00fctzt<br \/><strong>Gestaltung<\/strong>: Frei<br \/><strong>Zubeh\u00f6r<\/strong>: Waschbecken, Spiegel, Armaturen und anderes Badzubeh\u00f6r<br \/><strong>Verpacken<\/strong>: Einbaufertig<\/p>","protected":false},"featured_media":519,"comment_status":"closed","ping_status":"closed","template":"","meta":{"_acf_changed":true},"product_brand":[],"product_cat":[23],"product_tag":[],"class_list":{"0":"post-518","1":"product","2":"type-product","3":"status-publish","4":"has-post-thumbnail","6":"product_cat-wholesale-aluminum-bathroom-vanity-cabinets","8":"first","9":"instock","10":"shipping-taxable","11":"product-type-simple"},"acf":[],"_links":{"self":[{"href":"https:\/\/www.shouyasanitary.com\/de\/wp-json\/wp\/v2\/product\/518","targetHints":{"allow":["GET"]}}],"collection":[{"href":"https:\/\/www.shouyasanitary.com\/de\/wp-json\/wp\/v2\/product"}],"about":[{"href":"https:\/\/www.shouyasanitary.com\/de\/wp-json\/wp\/v2\/types\/product"}],"replies":[{"embeddable":true,"href":"https:\/\/www.shouyasanitary.com\/de\/wp-json\/wp\/v2\/comments?post=518"}],"wp:featuredmedia":[{"embeddable":true,"href":"https:\/\/www.shouyasanitary.com\/de\/wp-json\/wp\/v2\/media\/519"}],"wp:attachment":[{"href":"https:\/\/www.shouyasanitary.com\/de\/wp-json\/wp\/v2\/media?parent=518"}],"wp:term":[{"taxonomy":"product_brand","embeddable":true,"href":"https:\/\/www.shouyasanitary.com\/de\/wp-json\/wp\/v2\/product_brand?post=518"},{"taxonomy":"product_cat","embeddable":true,"href":"https:\/\/www.shouyasanitary.com\/de\/wp-json\/wp\/v2\/product_cat?post=518"},{"taxonomy":"product_tag","embeddable":true,"href":"https:\/\/www.shouyasanitary.com\/de\/wp-json\/wp\/v2\/product_tag?post=518"}],"curies":[{"name":"wp","href":"https:\/\/api.w.org\/{rel}","templated":true}]}}