{"id":526,"date":"2025-04-12T12:39:16","date_gmt":"2025-04-12T12:39:16","guid":{"rendered":"https:\/\/www.shouyasanitary.com\/?post_type=product&#038;p=526"},"modified":"2025-05-12T10:30:08","modified_gmt":"2025-05-12T10:30:08","slug":"custom-bathroom-mirrors","status":"publish","type":"product","link":"https:\/\/www.shouyasanitary.com\/de\/produkt\/custom-bathroom-mirrors\/","title":{"rendered":"Benutzerdefinierte Badezimmer-Spiegel mit Lichtern, runde Spiegel Gro\u00dfhandel"},"content":{"rendered":"<div class=\"wp-block-columns is-layout-flex wp-container-core-columns-is-layout-9d6595d7 wp-block-columns-is-layout-flex\">\n<div class=\"wp-block-column is-layout-flow wp-block-column-is-layout-flow\">\n<h2 class=\"wp-block-heading\">Badezimmer-Spiegel Eigenschaften\uff1a<\/h2>\n\n\n\n<p><strong>Hochwertiger moderner Stil<\/strong>: Das runde Design mit den weichen Linien entspricht dem aktuellen Trend zur \u00c4sthetik im gehobenen Bad.<\/p>\n\n\n\n<p><strong><strong>Umgeben von<\/strong> LED-Licht<\/strong>: Ausgestattet mit hellen LED-Lichtleisten, die sanft und nicht blendend sind, eine hochwertige Atmosph\u00e4re schaffen und den Stil des Badezimmers aufwerten.<\/p>\n\n\n\n<p><strong>Hochaufl\u00f6sender Anti-Beschlag-Spiegel<\/strong>: Die Anti-Beschlag-Funktion kommt mit der feuchten Umgebung im Badezimmer gut zurecht und sorgt f\u00fcr eine klare Sicht.<\/p>\n\n\n\n<p><strong>Hochwertiges Material<\/strong>: Der Spiegel ist aus hochwertigem Silberspiegel gefertigt, der Reflexionseffekt ist nat\u00fcrlich und transparent, und der Rahmen und der Sockel sind aus feuchtigkeits- und rostbest\u00e4ndigen Materialien gefertigt.<\/p>\n\n\n\n<p><strong>Eine Vielzahl anpassbarer Optionen<\/strong>: Sie unterst\u00fctzen die individuelle Anpassung verschiedener Gr\u00f6\u00dfen, Lichtfarben, Ber\u00fchrungsschalter, Zeit- und Temperaturanzeigen und anderer Funktionen.<\/p>\n<\/div>\n\n\n\n<div class=\"wp-block-column is-layout-flow wp-block-column-is-layout-flow\"><div class=\"wp-block-image\">\n<figure class=\"aligncenter size-full\"><img decoding=\"async\" width=\"1280\" height=\"1280\" src=\"https:\/\/www.shouyasanitary.com\/wp-content\/uploads\/2025\/04\/Custom-Bathroom-Mirrors-with-Lights-Round-Shaped-Bathroom-Cabinets-Mirror-Wholesale-3.webp\" alt=\"Benutzerdefinierte Badezimmer-Spiegel mit Lichtern Runde geformte Badezimmerschr\u00e4nke Spiegel Gro\u00dfhandel (3)\" class=\"wp-image-536\" style=\"object-fit:cover\" srcset=\"https:\/\/www.shouyasanitary.com\/wp-content\/uploads\/2025\/04\/Custom-Bathroom-Mirrors-with-Lights-Round-Shaped-Bathroom-Cabinets-Mirror-Wholesale-3.webp 1280w, https:\/\/www.shouyasanitary.com\/wp-content\/uploads\/2025\/04\/Custom-Bathroom-Mirrors-with-Lights-Round-Shaped-Bathroom-Cabinets-Mirror-Wholesale-3-300x300.webp 300w, https:\/\/www.shouyasanitary.com\/wp-content\/uploads\/2025\/04\/Custom-Bathroom-Mirrors-with-Lights-Round-Shaped-Bathroom-Cabinets-Mirror-Wholesale-3-150x150.webp 150w, https:\/\/www.shouyasanitary.com\/wp-content\/uploads\/2025\/04\/Custom-Bathroom-Mirrors-with-Lights-Round-Shaped-Bathroom-Cabinets-Mirror-Wholesale-3-768x768.webp 768w, https:\/\/www.shouyasanitary.com\/wp-content\/uploads\/2025\/04\/Custom-Bathroom-Mirrors-with-Lights-Round-Shaped-Bathroom-Cabinets-Mirror-Wholesale-3-1200x1200.webp 1200w, https:\/\/www.shouyasanitary.com\/wp-content\/uploads\/2025\/04\/Custom-Bathroom-Mirrors-with-Lights-Round-Shaped-Bathroom-Cabinets-Mirror-Wholesale-3-600x600.webp 600w, https:\/\/www.shouyasanitary.com\/wp-content\/uploads\/2025\/04\/Custom-Bathroom-Mirrors-with-Lights-Round-Shaped-Bathroom-Cabinets-Mirror-Wholesale-3-100x100.webp 100w\" sizes=\"(max-width: 1280px) 100vw, 1280px\" \/><\/figure>\n<\/div><\/div>\n<\/div>","protected":false},"excerpt":{"rendered":"<p>Kundenspezifische Badezimmerspiegel sind mit kreisf\u00f6rmiger LED-Hintergrundbeleuchtung, hochaufl\u00f6senden Anti-Beschlag-Spiegeln und minimalistischem, rundem Design ausgestattet. Wir unterst\u00fctzen eine flexible Anpassung an die Bed\u00fcrfnisse verschiedener kommerzieller Szenarien. Willkommen bei uns f\u00fcr Angebote und L\u00f6sungen zu kontaktieren!<\/p>\n<h2>Badezimmer-Spiegel Attribute\uff1a<\/h2>\n<p><strong>Artikel Nr.: <\/strong>SYM240801<strong><br \/>Material:<\/strong> ABS-Kunststoff und Glas<br \/><strong>Funktion:<\/strong> Dreifarbige Beleuchtung, One-Touch-Entfogging<strong><br \/><\/strong><strong>Abmessungen:<\/strong> 60\u00d760 cm<br \/><strong>Dicke des Spiegels:<\/strong> 3,5 mm\/3,8 mm<br \/><strong>Bruttogewicht:<\/strong> 5kg\/PCS<\/p>\n<h2>Anpassung &amp; Dienstleistungen:<\/h2>\n<p><strong>OEM &amp; ODM<\/strong>: Unterst\u00fctzt<br \/><strong>Gestaltung<\/strong>: Frei<br \/><strong>Verpacken<\/strong>: Mehrschichtige feste Schaumstoffverpackung<\/p>","protected":false},"featured_media":536,"comment_status":"closed","ping_status":"closed","template":"","meta":{"_acf_changed":false},"product_brand":[],"product_cat":[26],"product_tag":[],"class_list":{"0":"post-526","1":"product","2":"type-product","3":"status-publish","4":"has-post-thumbnail","6":"product_cat-wholesale-bathroom-mirror","8":"first","9":"instock","10":"shipping-taxable","11":"product-type-simple"},"acf":[],"_links":{"self":[{"href":"https:\/\/www.shouyasanitary.com\/de\/wp-json\/wp\/v2\/product\/526","targetHints":{"allow":["GET"]}}],"collection":[{"href":"https:\/\/www.shouyasanitary.com\/de\/wp-json\/wp\/v2\/product"}],"about":[{"href":"https:\/\/www.shouyasanitary.com\/de\/wp-json\/wp\/v2\/types\/product"}],"replies":[{"embeddable":true,"href":"https:\/\/www.shouyasanitary.com\/de\/wp-json\/wp\/v2\/comments?post=526"}],"wp:featuredmedia":[{"embeddable":true,"href":"https:\/\/www.shouyasanitary.com\/de\/wp-json\/wp\/v2\/media\/536"}],"wp:attachment":[{"href":"https:\/\/www.shouyasanitary.com\/de\/wp-json\/wp\/v2\/media?parent=526"}],"wp:term":[{"taxonomy":"product_brand","embeddable":true,"href":"https:\/\/www.shouyasanitary.com\/de\/wp-json\/wp\/v2\/product_brand?post=526"},{"taxonomy":"product_cat","embeddable":true,"href":"https:\/\/www.shouyasanitary.com\/de\/wp-json\/wp\/v2\/product_cat?post=526"},{"taxonomy":"product_tag","embeddable":true,"href":"https:\/\/www.shouyasanitary.com\/de\/wp-json\/wp\/v2\/product_tag?post=526"}],"curies":[{"name":"wp","href":"https:\/\/api.w.org\/{rel}","templated":true}]}}