{"id":541,"date":"2025-04-12T12:52:51","date_gmt":"2025-04-12T12:52:51","guid":{"rendered":"https:\/\/www.shouyasanitary.com\/?post_type=product&#038;p=541"},"modified":"2025-05-12T10:31:28","modified_gmt":"2025-05-12T10:31:28","slug":"wholesale-bathroom-mirrors","status":"publish","type":"product","link":"https:\/\/www.shouyasanitary.com\/de\/produkt\/wholesale-bathroom-mirrors\/","title":{"rendered":"Gro\u00dfhandel Badspiegel, LED Runde Spiegel benutzerdefinierte Bulk"},"content":{"rendered":"<div class=\"wp-block-columns is-layout-flex wp-container-core-columns-is-layout-9d6595d7 wp-block-columns-is-layout-flex\">\n<div class=\"wp-block-column is-layout-flow wp-block-column-is-layout-flow\">\n<h2 class=\"wp-block-heading\">Badezimmer-Spiegel Eigenschaften\uff1a<\/h2>\n\n\n\n<p><strong>Luxuri\u00f6ser High-End-Stil<\/strong>Die LED-Panoramablende und der einfache runde Spiegel sorgen f\u00fcr einen gro\u00dfartigen und klaren Gesamteindruck, der in den meisten Badezimmern der gehobenen Klasse eingesetzt werden kann.<\/p>\n\n\n\n<p><strong>Ring LED-Licht<\/strong>: Die eingebettete LED-Lichtleiste umgibt den Spiegelk\u00f6rper mit gleichm\u00e4\u00dfiger Helligkeit und kann f\u00fcr die Beleuchtung in verschiedenen Szenen wie Make-up und Waschen verwendet werden.<\/p>\n\n\n\n<p><strong>Anti-Beschlag und Touch-Funktion<\/strong>: Anti-Beschlag-Funktion Design und ber\u00fchrungsempfindliche Schalter, einfach zu bedienen, die Anpassung an den Trend der modernen Smart Home.<\/p>\n\n\n\n<p><strong>Leicht zu reinigen<\/strong>: Der Spiegelk\u00f6rper und die LED-Lichtleiste passen nahtlos, mit kompakter Struktur, ist es nicht leicht, Schmutz zu verstecken.<\/p>\n\n\n\n<p><strong>Ma\u00dfgeschneiderte Unterst\u00fctzung<\/strong> <strong>Dienstleistungen<\/strong>: Wir bieten kundenspezifische Anpassungen des Aussehens, der funktionalen Konfiguration usw., einschlie\u00dflich Spiegelgr\u00f6\u00dfe, Form, Rahmenfarbe, Lichtfarbe usw., um den Anforderungen der technischen Projekte gerecht zu werden.<\/p>\n\n\n\n<p><strong>Fabrik direkt liefern, Gro\u00dfhandelspreis<\/strong>: Shouya Spiegel Fabrik, hohe Qualit\u00e4t der Herstellung, direkte Lieferung, bieten Fabrikpreis und Bulk Custom Rabatt.<\/p>\n<\/div>\n\n\n\n<div class=\"wp-block-column is-layout-flow wp-block-column-is-layout-flow\"><div class=\"wp-block-image\">\n<figure class=\"aligncenter size-full\"><img decoding=\"async\" width=\"1008\" height=\"1008\" src=\"https:\/\/www.shouyasanitary.com\/wp-content\/uploads\/2025\/04\/Wholesale-Bathroom-Mirrors-Wall-Mounted-Bathroom-Vanity-Mirror-Modern-Makeup-Mirror-1.webp\" alt=\"Gro\u00dfhandel Badezimmer Spiegel Wand montiert Badezimmer Eitelkeit Spiegel Modern Make-up Spiegel (1)\" class=\"wp-image-537\" style=\"object-fit:cover\" srcset=\"https:\/\/www.shouyasanitary.com\/wp-content\/uploads\/2025\/04\/Wholesale-Bathroom-Mirrors-Wall-Mounted-Bathroom-Vanity-Mirror-Modern-Makeup-Mirror-1.webp 1008w, https:\/\/www.shouyasanitary.com\/wp-content\/uploads\/2025\/04\/Wholesale-Bathroom-Mirrors-Wall-Mounted-Bathroom-Vanity-Mirror-Modern-Makeup-Mirror-1-300x300.webp 300w, https:\/\/www.shouyasanitary.com\/wp-content\/uploads\/2025\/04\/Wholesale-Bathroom-Mirrors-Wall-Mounted-Bathroom-Vanity-Mirror-Modern-Makeup-Mirror-1-150x150.webp 150w, https:\/\/www.shouyasanitary.com\/wp-content\/uploads\/2025\/04\/Wholesale-Bathroom-Mirrors-Wall-Mounted-Bathroom-Vanity-Mirror-Modern-Makeup-Mirror-1-768x768.webp 768w, https:\/\/www.shouyasanitary.com\/wp-content\/uploads\/2025\/04\/Wholesale-Bathroom-Mirrors-Wall-Mounted-Bathroom-Vanity-Mirror-Modern-Makeup-Mirror-1-600x600.webp 600w, https:\/\/www.shouyasanitary.com\/wp-content\/uploads\/2025\/04\/Wholesale-Bathroom-Mirrors-Wall-Mounted-Bathroom-Vanity-Mirror-Modern-Makeup-Mirror-1-100x100.webp 100w\" sizes=\"(max-width: 1008px) 100vw, 1008px\" \/><\/figure>\n<\/div><\/div>\n<\/div>","protected":false},"excerpt":{"rendered":"<p>Willkommen im Gro\u00dfhandel Badspiegel, mit Ring LED-Lampen, High-Definition-Anti-Beschlag-Spiegel, Touch-Funktion, etc., geeignet f\u00fcr private und gewerbliche Situationen. Unterst\u00fctzen Sie gro\u00dfe kundenspezifische Auftr\u00e4ge zum Fabrikpreis. Kontaktieren Sie uns jetzt!<\/p>\n<h2>Badezimmer-Spiegel Attribute\uff1a<\/h2>\n<p><strong>Artikel Nr.: <\/strong>SYM240802<strong><br \/>Material:<\/strong>\u00a0ABS-Kunststoff und Glas<br \/><strong>Funktion:<\/strong>\u00a0Dreifarbige Beleuchtung, One-Touch-Entfogging<strong><br \/><\/strong><strong>Abmessungen:<\/strong> 80\u00d780 cm<br \/><strong>Dicke des Spiegels:<\/strong>\u00a03,5 mm\/3,8 mm<br \/><strong>Bruttogewicht:<\/strong> 7kg\/PCS<\/p>\n<h2>Anpassung &amp; Dienstleistungen:<\/h2>\n<p><strong>OEM &amp; ODM<\/strong>: Unterst\u00fctzt<br \/><strong>Gestaltung<\/strong>: Frei<br \/><strong>Verpacken<\/strong>: Mehrschichtige feste Schaumstoffverpackung<\/p>","protected":false},"featured_media":538,"comment_status":"closed","ping_status":"closed","template":"","meta":{"_acf_changed":false},"product_brand":[],"product_cat":[26],"product_tag":[],"class_list":{"0":"post-541","1":"product","2":"type-product","3":"status-publish","4":"has-post-thumbnail","6":"product_cat-wholesale-bathroom-mirror","8":"first","9":"instock","10":"shipping-taxable","11":"product-type-simple"},"acf":[],"_links":{"self":[{"href":"https:\/\/www.shouyasanitary.com\/de\/wp-json\/wp\/v2\/product\/541","targetHints":{"allow":["GET"]}}],"collection":[{"href":"https:\/\/www.shouyasanitary.com\/de\/wp-json\/wp\/v2\/product"}],"about":[{"href":"https:\/\/www.shouyasanitary.com\/de\/wp-json\/wp\/v2\/types\/product"}],"replies":[{"embeddable":true,"href":"https:\/\/www.shouyasanitary.com\/de\/wp-json\/wp\/v2\/comments?post=541"}],"wp:featuredmedia":[{"embeddable":true,"href":"https:\/\/www.shouyasanitary.com\/de\/wp-json\/wp\/v2\/media\/538"}],"wp:attachment":[{"href":"https:\/\/www.shouyasanitary.com\/de\/wp-json\/wp\/v2\/media?parent=541"}],"wp:term":[{"taxonomy":"product_brand","embeddable":true,"href":"https:\/\/www.shouyasanitary.com\/de\/wp-json\/wp\/v2\/product_brand?post=541"},{"taxonomy":"product_cat","embeddable":true,"href":"https:\/\/www.shouyasanitary.com\/de\/wp-json\/wp\/v2\/product_cat?post=541"},{"taxonomy":"product_tag","embeddable":true,"href":"https:\/\/www.shouyasanitary.com\/de\/wp-json\/wp\/v2\/product_tag?post=541"}],"curies":[{"name":"wp","href":"https:\/\/api.w.org\/{rel}","templated":true}]}}