{"id":543,"date":"2025-04-12T13:06:41","date_gmt":"2025-04-12T13:06:41","guid":{"rendered":"https:\/\/www.shouyasanitary.com\/?post_type=product&#038;p=543"},"modified":"2025-05-12T10:33:30","modified_gmt":"2025-05-12T10:33:30","slug":"custom-bathroom-accessories","status":"publish","type":"product","link":"https:\/\/www.shouyasanitary.com\/de\/produkt\/custom-bathroom-accessories\/","title":{"rendered":"Benutzerdefinierte Bad-Accessoires, schwarzes Handtuch Regal Gro\u00dfhandel"},"content":{"rendered":"<div class=\"wp-block-columns is-layout-flex wp-container-core-columns-is-layout-9d6595d7 wp-block-columns-is-layout-flex\">\n<div class=\"wp-block-column is-layout-flow wp-block-column-is-layout-flow\">\n<h2 class=\"wp-block-heading\">Bad-Accessoires Eigenschaften\uff1a<\/h2>\n\n\n\n<p><strong>Hochwertiges Material<\/strong>: Hergestellt aus hochwertigem Edelstahl und Milchglas, hat es gute Anti-Korrosions-und Anti-Rost-F\u00e4higkeiten, starke Haltbarkeit.<\/p>\n\n\n\n<p><strong>Ablage aus geh\u00e4rtetem Glas<\/strong>Starke Tragf\u00e4higkeit, abgerundete Kanten, die nicht in die H\u00e4nde schneiden, sch\u00f6n und sicher sind.<\/p>\n\n\n\n<p><strong>Minimalistischer schwarzer Stil<\/strong>: Das gesamte Zubeh\u00f6r ist mit einer mattschwarzen Oberfl\u00e4che versehen, die modern ist und zu vielen Badstilen passt.<\/p>\n\n\n\n<p><strong>Wandmontierte Ausf\u00fchrung<\/strong>: Das gesamte Zubeh\u00f6r wird an der Wand montiert, spart Bodenfl\u00e4che und ist einfach zu installieren. Es eignet sich f\u00fcr alle Arten von gewerblichen und privaten Badezimmern.<\/p>\n\n\n\n<p><strong>Multifunktionale Zubeh\u00f6rkombination<\/strong>: einschlie\u00dflich Ablage, Handtuchring, Handtuchhalter, Seifenschale, Toilettenb\u00fcrstenbecher, um den t\u00e4glichen Bedarf im Badezimmer in allen Szenarien zu decken.<\/p>\n\n\n\n<p><strong>Unterst\u00fctzung von OEM\/ODM-Anpassungen<\/strong>Erscheinungsbild: Farbe, Gr\u00f6\u00dfe, Kombination, LOGO, Verpackung und andere mehrdimensionale Anpassungen k\u00f6nnen nach Kundenwunsch durchgef\u00fchrt werden.<\/p>\n<\/div>\n\n\n\n<div class=\"wp-block-column is-layout-flow wp-block-column-is-layout-flow\"><div class=\"wp-block-image\">\n<figure class=\"aligncenter size-full\"><img decoding=\"async\" width=\"800\" height=\"800\" src=\"https:\/\/www.shouyasanitary.com\/wp-content\/uploads\/2025\/04\/Custom-Bathroom-Accessories-Wall-Mounted-Design-Bathroom-Hardware-Set-Supplier-1.webp\" alt=\"Benutzerdefinierte Bad-Accessoires Wand montiert Design Bad Hardware Set Lieferant (1)\" class=\"wp-image-544\" style=\"object-fit:cover\" srcset=\"https:\/\/www.shouyasanitary.com\/wp-content\/uploads\/2025\/04\/Custom-Bathroom-Accessories-Wall-Mounted-Design-Bathroom-Hardware-Set-Supplier-1.webp 800w, https:\/\/www.shouyasanitary.com\/wp-content\/uploads\/2025\/04\/Custom-Bathroom-Accessories-Wall-Mounted-Design-Bathroom-Hardware-Set-Supplier-1-300x300.webp 300w, https:\/\/www.shouyasanitary.com\/wp-content\/uploads\/2025\/04\/Custom-Bathroom-Accessories-Wall-Mounted-Design-Bathroom-Hardware-Set-Supplier-1-150x150.webp 150w, https:\/\/www.shouyasanitary.com\/wp-content\/uploads\/2025\/04\/Custom-Bathroom-Accessories-Wall-Mounted-Design-Bathroom-Hardware-Set-Supplier-1-768x768.webp 768w, https:\/\/www.shouyasanitary.com\/wp-content\/uploads\/2025\/04\/Custom-Bathroom-Accessories-Wall-Mounted-Design-Bathroom-Hardware-Set-Supplier-1-600x600.webp 600w, https:\/\/www.shouyasanitary.com\/wp-content\/uploads\/2025\/04\/Custom-Bathroom-Accessories-Wall-Mounted-Design-Bathroom-Hardware-Set-Supplier-1-100x100.webp 100w\" sizes=\"(max-width: 800px) 100vw, 800px\" \/><\/figure>\n<\/div><\/div>\n<\/div>","protected":false},"excerpt":{"rendered":"<p>Benutzerdefinierte und Gro\u00dfhandel Bad-Accessoires, schwarzem Edelstahl, einschlie\u00dflich Handtuchhalter, Handtuchhalter, Papierhalter, und WC-B\u00fcrstenhalter. Modernes minimalistisches Design, langlebig und sch\u00f6n. Wir bieten Sanit\u00e4rl\u00f6sungen f\u00fcr H\u00e4ndler, Bauunternehmer, etc. Willkommen bei uns f\u00fcr ein Angebot zu kontaktieren!<\/p>\n<h2>Bad-Accessoires Attribute\uff1a<\/h2>\n<p><strong>Artikel Nr.:<\/strong> SYA250301<strong><br \/>Material:<\/strong> Rostfreier Stahl 304, Glas<br \/><strong>Farbe: <\/strong>Schwarz<br \/><strong>Satztyp:<\/strong> Handtuchhalter, Handtuchstange, Papierhalter, Toilettenb\u00fcrstenhalter<br \/><strong>Abmessungen (L\u00d7B\u00d7H):<\/strong> 60x24x15 cm<br \/><strong>Bruttogewicht:<\/strong> 3kg\/Satz<br \/><strong>OEM &amp; ODM<\/strong>: Unterst\u00fctzt<\/p>","protected":false},"featured_media":544,"comment_status":"closed","ping_status":"closed","template":"","meta":{"_acf_changed":false},"product_brand":[],"product_cat":[21],"product_tag":[],"class_list":{"0":"post-543","1":"product","2":"type-product","3":"status-publish","4":"has-post-thumbnail","6":"product_cat-wholesale-bathroom-accessories","8":"first","9":"instock","10":"shipping-taxable","11":"product-type-simple"},"acf":[],"_links":{"self":[{"href":"https:\/\/www.shouyasanitary.com\/de\/wp-json\/wp\/v2\/product\/543","targetHints":{"allow":["GET"]}}],"collection":[{"href":"https:\/\/www.shouyasanitary.com\/de\/wp-json\/wp\/v2\/product"}],"about":[{"href":"https:\/\/www.shouyasanitary.com\/de\/wp-json\/wp\/v2\/types\/product"}],"replies":[{"embeddable":true,"href":"https:\/\/www.shouyasanitary.com\/de\/wp-json\/wp\/v2\/comments?post=543"}],"wp:featuredmedia":[{"embeddable":true,"href":"https:\/\/www.shouyasanitary.com\/de\/wp-json\/wp\/v2\/media\/544"}],"wp:attachment":[{"href":"https:\/\/www.shouyasanitary.com\/de\/wp-json\/wp\/v2\/media?parent=543"}],"wp:term":[{"taxonomy":"product_brand","embeddable":true,"href":"https:\/\/www.shouyasanitary.com\/de\/wp-json\/wp\/v2\/product_brand?post=543"},{"taxonomy":"product_cat","embeddable":true,"href":"https:\/\/www.shouyasanitary.com\/de\/wp-json\/wp\/v2\/product_cat?post=543"},{"taxonomy":"product_tag","embeddable":true,"href":"https:\/\/www.shouyasanitary.com\/de\/wp-json\/wp\/v2\/product_tag?post=543"}],"curies":[{"name":"wp","href":"https:\/\/api.w.org\/{rel}","templated":true}]}}