{"id":554,"date":"2025-04-12T13:22:34","date_gmt":"2025-04-12T13:22:34","guid":{"rendered":"https:\/\/www.shouyasanitary.com\/?post_type=product&#038;p=554"},"modified":"2025-05-12T10:34:55","modified_gmt":"2025-05-12T10:34:55","slug":"wholesale-bathroom-vanity-faucets","status":"publish","type":"product","link":"https:\/\/www.shouyasanitary.com\/de\/produkt\/wholesale-bathroom-vanity-faucets\/","title":{"rendered":"Gro\u00dfhandel Bad Eitelkeit Wasserh\u00e4hne, Edelstahl Waschbecken Wasserhahn Bulk"},"content":{"rendered":"<div class=\"wp-block-columns is-layout-flex wp-container-core-columns-is-layout-9d6595d7 wp-block-columns-is-layout-flex\">\n<div class=\"wp-block-column is-layout-flow wp-block-column-is-layout-flow\">\n<h2 class=\"wp-block-heading\">Eigenschaften von Badezimmerarmaturen\uff1a<\/h2>\n\n\n\n<p><strong>Modernes minimalistisches Design<\/strong>: Klare Linien mit matter Metalltextur, einfach und hochwertig, verbessern die Sch\u00f6nheit des Badezimmers insgesamt.<\/p>\n\n\n\n<p><strong>Hochwertiges Material aus rostfreiem Stahl<\/strong>: Aus hochwertigem Edelstahl gefertigt, ist er korrosions- und rostbest\u00e4ndig und bleibt auch nach langem Gebrauch gl\u00e4nzend und sauber wie neu.<\/p>\n\n\n\n<p><strong>Stabile Grundstruktur<\/strong>: Die Struktur der unteren Installationsschnittstelle ist optimiert, sitzt sicher auf der Arbeitsplatte, ist wackelfrei und passt zu einer Vielzahl von Waschbecken-Arbeitsplatten.<\/p>\n\n\n\n<p><strong>One-Touch-Steuerung der Wasserflussgeschwindigkeit:<\/strong> Ausgestattet mit einer Taste f\u00fcr die niedrige und einer f\u00fcr die hohe Wassergeschwindigkeit, die mit einem Tastendruck umgeschaltet werden k\u00f6nnen, um die verschiedenen Wasserdurchflussbereiche und -geschwindigkeiten zu \u00e4ndern und die Benutzerfreundlichkeit zu verbessern.<\/p>\n\n\n\n<p><strong>Leicht zu reinigen<\/strong>: Die Oberfl\u00e4che ist geb\u00fcrstet, hat eine hochwertige Textur und ist gegen Fingerabdr\u00fccke und Wasserflecken gesch\u00fctzt.<\/p>\n\n\n\n<p><strong>Anpassungsoptionen sind verf\u00fcgbar<\/strong>: Wir bieten kundenspezifische Dienstleistungen wie Farbe, LOGO-Lasergravur, etc. und unterst\u00fctzen die Massenproduktion.<\/p>\n<\/div>\n\n\n\n<div class=\"wp-block-column is-layout-flow wp-block-column-is-layout-flow\"><div class=\"wp-block-image\">\n<figure class=\"aligncenter size-full\"><img decoding=\"async\" width=\"1124\" height=\"1124\" src=\"https:\/\/www.shouyasanitary.com\/wp-content\/uploads\/2025\/04\/Wholesale-Bathroom-Vanity-Faucets-Stainless-Steel-Kitchen-Faucet-Manufacturer-1.webp\" alt=\"Gro\u00dfhandel Badezimmer Eitelkeit Wasserh\u00e4hne Edelstahl K\u00fcchenarmatur Hersteller (1)\" class=\"wp-image-539\" style=\"object-fit:cover\" srcset=\"https:\/\/www.shouyasanitary.com\/wp-content\/uploads\/2025\/04\/Wholesale-Bathroom-Vanity-Faucets-Stainless-Steel-Kitchen-Faucet-Manufacturer-1.webp 1124w, https:\/\/www.shouyasanitary.com\/wp-content\/uploads\/2025\/04\/Wholesale-Bathroom-Vanity-Faucets-Stainless-Steel-Kitchen-Faucet-Manufacturer-1-300x300.webp 300w, https:\/\/www.shouyasanitary.com\/wp-content\/uploads\/2025\/04\/Wholesale-Bathroom-Vanity-Faucets-Stainless-Steel-Kitchen-Faucet-Manufacturer-1-150x150.webp 150w, https:\/\/www.shouyasanitary.com\/wp-content\/uploads\/2025\/04\/Wholesale-Bathroom-Vanity-Faucets-Stainless-Steel-Kitchen-Faucet-Manufacturer-1-768x768.webp 768w, https:\/\/www.shouyasanitary.com\/wp-content\/uploads\/2025\/04\/Wholesale-Bathroom-Vanity-Faucets-Stainless-Steel-Kitchen-Faucet-Manufacturer-1-600x600.webp 600w, https:\/\/www.shouyasanitary.com\/wp-content\/uploads\/2025\/04\/Wholesale-Bathroom-Vanity-Faucets-Stainless-Steel-Kitchen-Faucet-Manufacturer-1-100x100.webp 100w\" sizes=\"(max-width: 1124px) 100vw, 1124px\" \/><\/figure>\n<\/div><\/div>\n<\/div>\n\n\n\n<p><\/p>","protected":false},"excerpt":{"rendered":"<p>Willkommen im Gro\u00dfhandel Bad Eitelkeit Wasserh\u00e4hne, aus hochwertigem Edelstahl, mit einer stabilen Basis und einem stilvollen schwarzen Aussehen. Fabrik Direktvertrieb, bietet Gro\u00dfhandel und Anpassung Dienstleistungen an die verschiedenen Projekte \"Stile und funktionale Anforderungen zu erf\u00fcllen.<\/p>\n<h2>Badezimmer-Waschtischarmaturen Attribute\uff1a<\/h2>\n<p><strong>Artikel Nr.: <\/strong>SYF250301<strong><br \/>Material:<\/strong> Messing<br \/><strong>Farbe:<\/strong> Silbrig<br \/><strong>Abmessungen (L\u00d7B\u00d7H):<\/strong> 18x5x19 cm<br \/><strong>Bruttogewicht:<\/strong> 2kg\/PCS<br \/><strong>OEM &amp; ODM<\/strong>: Unterst\u00fctzt<\/p>","protected":false},"featured_media":539,"comment_status":"closed","ping_status":"closed","template":"","meta":{"_acf_changed":false},"product_brand":[],"product_cat":[21],"product_tag":[],"class_list":{"0":"post-554","1":"product","2":"type-product","3":"status-publish","4":"has-post-thumbnail","6":"product_cat-wholesale-bathroom-accessories","8":"first","9":"instock","10":"shipping-taxable","11":"product-type-simple"},"acf":[],"_links":{"self":[{"href":"https:\/\/www.shouyasanitary.com\/de\/wp-json\/wp\/v2\/product\/554","targetHints":{"allow":["GET"]}}],"collection":[{"href":"https:\/\/www.shouyasanitary.com\/de\/wp-json\/wp\/v2\/product"}],"about":[{"href":"https:\/\/www.shouyasanitary.com\/de\/wp-json\/wp\/v2\/types\/product"}],"replies":[{"embeddable":true,"href":"https:\/\/www.shouyasanitary.com\/de\/wp-json\/wp\/v2\/comments?post=554"}],"wp:featuredmedia":[{"embeddable":true,"href":"https:\/\/www.shouyasanitary.com\/de\/wp-json\/wp\/v2\/media\/539"}],"wp:attachment":[{"href":"https:\/\/www.shouyasanitary.com\/de\/wp-json\/wp\/v2\/media?parent=554"}],"wp:term":[{"taxonomy":"product_brand","embeddable":true,"href":"https:\/\/www.shouyasanitary.com\/de\/wp-json\/wp\/v2\/product_brand?post=554"},{"taxonomy":"product_cat","embeddable":true,"href":"https:\/\/www.shouyasanitary.com\/de\/wp-json\/wp\/v2\/product_cat?post=554"},{"taxonomy":"product_tag","embeddable":true,"href":"https:\/\/www.shouyasanitary.com\/de\/wp-json\/wp\/v2\/product_tag?post=554"}],"curies":[{"name":"wp","href":"https:\/\/api.w.org\/{rel}","templated":true}]}}