{"id":560,"date":"2025-04-12T13:33:33","date_gmt":"2025-04-12T13:33:33","guid":{"rendered":"https:\/\/www.shouyasanitary.com\/?post_type=product&#038;p=560"},"modified":"2025-05-12T10:41:09","modified_gmt":"2025-05-12T10:41:09","slug":"wholesale-wall-hung-toilets","status":"publish","type":"product","link":"https:\/\/www.shouyasanitary.com\/de\/produkt\/wholesale-wall-hung-toilets\/","title":{"rendered":"Gro\u00dfhandel Wandh\u00e4ngende Toiletten, Keramische Toilette f\u00fcr Badezimmer Bulk"},"content":{"rendered":"<div class=\"wp-block-columns is-layout-flex wp-container-core-columns-is-layout-9d6595d7 wp-block-columns-is-layout-flex\">\n<div class=\"wp-block-column is-layout-flow wp-block-column-is-layout-flow\">\n<h2 class=\"wp-block-heading\">Merkmale der wandh\u00e4ngenden Toiletten\uff1a<\/h2>\n\n\n\n<p><strong>Wandmontierte Ausf\u00fchrung<\/strong>: Die Toilette wird an der Wand montiert, um Bodenfl\u00e4che zu gewinnen, was besonders f\u00fcr moderne, kompakte Badezimmer geeignet ist.<\/p>\n\n\n\n<p><strong>Elegantes und einfaches Aussehen<\/strong>: Die quadratische Form wird mit abgerundeten Ecken kombiniert, um den Raum im Bad zu versch\u00f6nern.<\/p>\n\n\n\n<p><strong>Bei hoher Temperatur gebrannte Keramiken<\/strong>: Aus hochwertiger Keramik hergestellt, ist die Glasur glatt, kann Schmutz nicht so leicht verbergen und ist leichter zu reinigen.<\/p>\n\n\n\n<p><strong>Ger\u00e4uschloses Design<\/strong>: Der Toilettendeckel hat eine verlangsamte Struktur, um Ger\u00e4usche effektiv zu vermeiden, so dass er bequemer und leiser zu benutzen ist.<\/p>\n\n\n\n<p><strong>Wassersparendes Sp\u00fclsystem<\/strong>: Sie verf\u00fcgt \u00fcber eine effiziente, wassersparende Sp\u00fclstruktur mit starker Sp\u00fclkraft und geringem Wasserverbrauch und bietet umweltfreundliche und energiesparende L\u00f6sungen f\u00fcr das Badezimmer.<\/p>\n\n\n\n<p><strong>Versteckte Abw\u00e4sser<\/strong>: Kompatibel mit vielen Marken von wandmontierten Wassertanks auf dem Markt, verbirgt die Wandabflussstruktur den Wassertank und die Rohre in der Wand, mit einem sauberen Aussehen und leicht zu reinigen.<\/p>\n\n\n\n<p><strong>Flexible kundenspezifische L\u00f6sungen<\/strong>: Die Gr\u00f6\u00dfe der Toilette, der Wasserzulauf, der Wasserablauf und die Aufh\u00e4ngeh\u00f6he k\u00f6nnen je nach Installationsumgebung angepasst werden und eignen sich f\u00fcr verschiedene bauliche Anforderungen.<\/p>\n<\/div>\n\n\n\n<div class=\"wp-block-column is-layout-flow wp-block-column-is-layout-flow\"><div class=\"wp-block-image\">\n<figure class=\"aligncenter size-full\"><img decoding=\"async\" width=\"827\" height=\"827\" src=\"https:\/\/www.shouyasanitary.com\/wp-content\/uploads\/2025\/04\/Custom-Wall-Hung-Toilets-Modern-Ceramic-White-Toilet-for-Small-Bathroom-Wholesale-1.webp\" alt=\"Benutzerdefinierte Wandh\u00e4ngende Toiletten Moderne keramische wei\u00dfe Toilette f\u00fcr kleine Badezimmer Gro\u00dfhandel (1)\" class=\"wp-image-570\" style=\"object-fit:cover\" srcset=\"https:\/\/www.shouyasanitary.com\/wp-content\/uploads\/2025\/04\/Custom-Wall-Hung-Toilets-Modern-Ceramic-White-Toilet-for-Small-Bathroom-Wholesale-1.webp 827w, https:\/\/www.shouyasanitary.com\/wp-content\/uploads\/2025\/04\/Custom-Wall-Hung-Toilets-Modern-Ceramic-White-Toilet-for-Small-Bathroom-Wholesale-1-300x300.webp 300w, https:\/\/www.shouyasanitary.com\/wp-content\/uploads\/2025\/04\/Custom-Wall-Hung-Toilets-Modern-Ceramic-White-Toilet-for-Small-Bathroom-Wholesale-1-150x150.webp 150w, https:\/\/www.shouyasanitary.com\/wp-content\/uploads\/2025\/04\/Custom-Wall-Hung-Toilets-Modern-Ceramic-White-Toilet-for-Small-Bathroom-Wholesale-1-768x768.webp 768w, https:\/\/www.shouyasanitary.com\/wp-content\/uploads\/2025\/04\/Custom-Wall-Hung-Toilets-Modern-Ceramic-White-Toilet-for-Small-Bathroom-Wholesale-1-600x600.webp 600w, https:\/\/www.shouyasanitary.com\/wp-content\/uploads\/2025\/04\/Custom-Wall-Hung-Toilets-Modern-Ceramic-White-Toilet-for-Small-Bathroom-Wholesale-1-100x100.webp 100w\" sizes=\"(max-width: 827px) 100vw, 827px\" \/><\/figure>\n<\/div><\/div>\n<\/div>","protected":false},"excerpt":{"rendered":"<p>Gro\u00dfhandel wandh\u00e4ngende Toiletten f\u00fcr hochwertige B\u00e4der. Wei\u00dfes Keramikmaterial, langlebig und leicht zu reinigen. Wir bieten One-Stop-Bad Sanit\u00e4rl\u00f6sungen einschlie\u00dflich Badezimmer Eitelkeiten. Willkommen bei uns f\u00fcr ein Angebot zu kontaktieren!<\/p>\n<h2>Wandh\u00e4ngende Toiletten Attribute\uff1a<\/h2>\n<p><strong>Artikel Nr.:<\/strong>SYT250301<strong><br \/>Material: <\/strong> Keramik<br \/><strong>Farbe:<\/strong> Wei\u00df<br \/><strong>Abmessungen (L\u00d7B\u00d7H):<\/strong> 52x36x35 cm<br \/><strong>Bruttogewicht:<\/strong> 15kg\/PCS<br \/><strong>OEM &amp; ODM<\/strong>: Unterst\u00fctzt<\/p>","protected":false},"featured_media":570,"comment_status":"closed","ping_status":"closed","template":"","meta":{"_acf_changed":false},"product_brand":[],"product_cat":[28],"product_tag":[],"class_list":{"0":"post-560","1":"product","2":"type-product","3":"status-publish","4":"has-post-thumbnail","6":"product_cat-wholesale-toilet","8":"first","9":"instock","10":"shipping-taxable","11":"product-type-simple"},"acf":[],"_links":{"self":[{"href":"https:\/\/www.shouyasanitary.com\/de\/wp-json\/wp\/v2\/product\/560","targetHints":{"allow":["GET"]}}],"collection":[{"href":"https:\/\/www.shouyasanitary.com\/de\/wp-json\/wp\/v2\/product"}],"about":[{"href":"https:\/\/www.shouyasanitary.com\/de\/wp-json\/wp\/v2\/types\/product"}],"replies":[{"embeddable":true,"href":"https:\/\/www.shouyasanitary.com\/de\/wp-json\/wp\/v2\/comments?post=560"}],"wp:featuredmedia":[{"embeddable":true,"href":"https:\/\/www.shouyasanitary.com\/de\/wp-json\/wp\/v2\/media\/570"}],"wp:attachment":[{"href":"https:\/\/www.shouyasanitary.com\/de\/wp-json\/wp\/v2\/media?parent=560"}],"wp:term":[{"taxonomy":"product_brand","embeddable":true,"href":"https:\/\/www.shouyasanitary.com\/de\/wp-json\/wp\/v2\/product_brand?post=560"},{"taxonomy":"product_cat","embeddable":true,"href":"https:\/\/www.shouyasanitary.com\/de\/wp-json\/wp\/v2\/product_cat?post=560"},{"taxonomy":"product_tag","embeddable":true,"href":"https:\/\/www.shouyasanitary.com\/de\/wp-json\/wp\/v2\/product_tag?post=560"}],"curies":[{"name":"wp","href":"https:\/\/api.w.org\/{rel}","templated":true}]}}