{"id":721,"date":"2025-04-14T10:19:20","date_gmt":"2025-04-14T10:19:20","guid":{"rendered":"https:\/\/www.shouyasanitary.com\/?post_type=product&#038;p=721"},"modified":"2025-05-12T10:42:48","modified_gmt":"2025-05-12T10:42:48","slug":"wholesale-bathroom-accessories","status":"publish","type":"product","link":"https:\/\/www.shouyasanitary.com\/de\/produkt\/wholesale-bathroom-accessories\/","title":{"rendered":"Gro\u00dfhandel Bad-Accessoires, schwarze Handtuchhalter benutzerdefinierte Bulk"},"content":{"rendered":"<div class=\"wp-block-columns is-layout-flex wp-container-core-columns-is-layout-9d6595d7 wp-block-columns-is-layout-flex\">\n<div class=\"wp-block-column is-layout-flow wp-block-column-is-layout-flow\">\n<h2 class=\"wp-block-heading\">Bad-Accessoires Eigenschaften\uff1a<\/h2>\n\n\n\n<p><strong>Ein komplettes Set an Badezimmerzubeh\u00f6r<\/strong>: Dazu geh\u00f6ren Handtuchhalter, Handtuchringe, Kleiderhaken, doppel- oder einst\u00f6ckige Handtuchhalter, Seifenschalen, Toilettenb\u00fcrstenhalter usw., um die umfassenden funktionalen Anforderungen des Badezimmers zu erf\u00fcllen.<\/p>\n\n\n\n<p><strong>Moderne schwarze matte Textur<\/strong>: Hochwertige mattschwarze Oberfl\u00e4chenbehandlung, minimalistisches Design, passend zu modernen, nordischen, industriellen und anderen Einrichtungsstilen im Badezimmer.<\/p>\n\n\n\n<p><strong>Hochwertige Materialien und Handwerkskunst<\/strong>: Hergestellt aus rostfreiem Stahl, rostfrei und korrosionsbest\u00e4ndig. Nach einer mehrschichtigen Spr\u00fchbehandlung ist die Oberfl\u00e4che kratzfest und langlebig, geeignet f\u00fcr feuchte Umgebungen.<\/p>\n\n\n\n<p><strong>Zuverl\u00e4ssig und langlebig<\/strong>: Wandmontiertes Design, komplettes Installationszubeh\u00f6r, geeignet f\u00fcr verschiedene Fliesen, Steine und andere W\u00e4nde, die Installation ist fest und nicht lose.<\/p>\n\n\n\n<p><strong>Unterst\u00fctzung von Kundenanpassung und Gro\u00dfhandel<\/strong>: Wir bieten kundenspezifische Farben, Verpackungen, Logodrucke und andere L\u00f6sungen, um die Bed\u00fcrfnisse unserer Kunden zu erf\u00fcllen, unterst\u00fctzen eine umfangreiche OEM\/ODM-Zusammenarbeit, Direktlieferungen ab Werk und mehr Kosteneffizienz.<\/p>\n<\/div>\n\n\n\n<div class=\"wp-block-column is-layout-flow wp-block-column-is-layout-flow\"><div class=\"wp-block-image\">\n<figure class=\"aligncenter size-full\"><img decoding=\"async\" width=\"800\" height=\"800\" src=\"https:\/\/www.shouyasanitary.com\/wp-content\/uploads\/2025\/04\/Wholesale-Bathroom-Accessories-Black-Towel-Bar-Custom-Bulk-1.webp\" alt=\"Gro\u00dfhandel Bad-Accessoires, schwarze Handtuchhalter benutzerdefinierte Bulk (1)\" class=\"wp-image-736\" style=\"object-fit:cover\" srcset=\"https:\/\/www.shouyasanitary.com\/wp-content\/uploads\/2025\/04\/Wholesale-Bathroom-Accessories-Black-Towel-Bar-Custom-Bulk-1.webp 800w, https:\/\/www.shouyasanitary.com\/wp-content\/uploads\/2025\/04\/Wholesale-Bathroom-Accessories-Black-Towel-Bar-Custom-Bulk-1-300x300.webp 300w, https:\/\/www.shouyasanitary.com\/wp-content\/uploads\/2025\/04\/Wholesale-Bathroom-Accessories-Black-Towel-Bar-Custom-Bulk-1-150x150.webp 150w, https:\/\/www.shouyasanitary.com\/wp-content\/uploads\/2025\/04\/Wholesale-Bathroom-Accessories-Black-Towel-Bar-Custom-Bulk-1-768x768.webp 768w, https:\/\/www.shouyasanitary.com\/wp-content\/uploads\/2025\/04\/Wholesale-Bathroom-Accessories-Black-Towel-Bar-Custom-Bulk-1-600x600.webp 600w, https:\/\/www.shouyasanitary.com\/wp-content\/uploads\/2025\/04\/Wholesale-Bathroom-Accessories-Black-Towel-Bar-Custom-Bulk-1-100x100.webp 100w\" sizes=\"(max-width: 800px) 100vw, 800px\" \/><\/figure>\n<\/div><\/div>\n<\/div>","protected":false},"excerpt":{"rendered":"<p>Willkommen im Gro\u00dfhandel f\u00fcr Badezimmerzubeh\u00f6r. Das komplette Set besteht aus einem Handtuchhalter, einem Handtuchring, einer Seifenschale, einem Toilettenb\u00fcrstenhalter, etc. Annahme schwarz matt Handwerk, modern und einfach, ist f\u00fcr alle Arten von B\u00e4dern geeignet. Support-Anpassung und Gro\u00dfhandel, kontaktieren Sie uns f\u00fcr ein Angebot.<\/p>\n<h2>Bad-Accessoires Attribute\uff1a<\/h2>\n<p><strong>Artikel Nr.: <\/strong>SYA250302<strong><br \/>Material:<\/strong> Rostfreier Stahl 304, Glas<br \/><strong>Farbe: <\/strong>Schwarz<br \/><strong>Satztyp:<\/strong> Handtuchhalter, Handtuchstange, Papierhalter, Toilettenb\u00fcrstenhalter, Seifenschale<br \/><strong>Abmessungen (L\u00d7B\u00d7H):<\/strong> 60x24x15 cm<br \/><strong>Bruttogewicht:<\/strong> 3kg\/Satz<br \/><strong>OEM &amp; ODM<\/strong>: Unterst\u00fctzt<\/p>","protected":false},"featured_media":736,"comment_status":"closed","ping_status":"closed","template":"","meta":{"_acf_changed":false},"product_brand":[],"product_cat":[21],"product_tag":[],"class_list":{"0":"post-721","1":"product","2":"type-product","3":"status-publish","4":"has-post-thumbnail","6":"product_cat-wholesale-bathroom-accessories","8":"first","9":"instock","10":"shipping-taxable","11":"product-type-simple"},"acf":[],"_links":{"self":[{"href":"https:\/\/www.shouyasanitary.com\/de\/wp-json\/wp\/v2\/product\/721","targetHints":{"allow":["GET"]}}],"collection":[{"href":"https:\/\/www.shouyasanitary.com\/de\/wp-json\/wp\/v2\/product"}],"about":[{"href":"https:\/\/www.shouyasanitary.com\/de\/wp-json\/wp\/v2\/types\/product"}],"replies":[{"embeddable":true,"href":"https:\/\/www.shouyasanitary.com\/de\/wp-json\/wp\/v2\/comments?post=721"}],"wp:featuredmedia":[{"embeddable":true,"href":"https:\/\/www.shouyasanitary.com\/de\/wp-json\/wp\/v2\/media\/736"}],"wp:attachment":[{"href":"https:\/\/www.shouyasanitary.com\/de\/wp-json\/wp\/v2\/media?parent=721"}],"wp:term":[{"taxonomy":"product_brand","embeddable":true,"href":"https:\/\/www.shouyasanitary.com\/de\/wp-json\/wp\/v2\/product_brand?post=721"},{"taxonomy":"product_cat","embeddable":true,"href":"https:\/\/www.shouyasanitary.com\/de\/wp-json\/wp\/v2\/product_cat?post=721"},{"taxonomy":"product_tag","embeddable":true,"href":"https:\/\/www.shouyasanitary.com\/de\/wp-json\/wp\/v2\/product_tag?post=721"}],"curies":[{"name":"wp","href":"https:\/\/api.w.org\/{rel}","templated":true}]}}