{"id":745,"date":"2025-04-14T10:26:47","date_gmt":"2025-04-14T10:26:47","guid":{"rendered":"https:\/\/www.shouyasanitary.com\/?post_type=product&#038;p=745"},"modified":"2025-05-12T10:44:11","modified_gmt":"2025-05-12T10:44:11","slug":"bathroom-accessories-set-wholesale","status":"publish","type":"product","link":"https:\/\/www.shouyasanitary.com\/de\/produkt\/bathroom-accessories-set-wholesale\/","title":{"rendered":"Bad-Accessoires Set Gro\u00dfhandel, Gold Tissue Holder Wall Mounted Supplies"},"content":{"rendered":"<div class=\"wp-block-columns is-layout-flex wp-container-core-columns-is-layout-9d6595d7 wp-block-columns-is-layout-flex\">\n<div class=\"wp-block-column is-layout-flow wp-block-column-is-layout-flow\">\n<h2 class=\"wp-block-heading\">Badezimmer-Accessoires-Set Eigenschaften\uff1a<\/h2>\n\n\n\n<p><strong>Hochwertiges Material aus rostfreiem Stahl<\/strong>: Durch die Verwendung von rostfreiem Stahl 304 verf\u00fcgt er \u00fcber ausgezeichnete feuchtigkeitsbest\u00e4ndige, korrosions- und oxidationshemmende Eigenschaften und ist f\u00fcr feuchte Umgebungen geeignet.<\/p>\n\n\n\n<p><strong>Feines Galvanisierungsverfahren:<\/strong> Mattgold-Oberfl\u00e4chenbehandlung, Vakuum-Galvanik-Technologie, nicht leicht zu verblassen, weich im Griff, und verbessern das Bad Textur.<\/p>\n\n\n\n<p><strong>Runder Sockel<\/strong>: Mit glatten Linien von horizontalen St\u00e4ben und Ringen, wandmontierte Installation, visuelle Leichtigkeit, Stabilit\u00e4t und Haltbarkeit, verbessern das Gef\u00fchl der Sauberkeit des Raumes.<\/p>\n\n\n\n<p><strong>Glatt polierte Oberfl\u00e4che<\/strong>: Die Kontaktteile sind gratfrei, um ein Zerkratzen der H\u00e4nde zu vermeiden, und eignen sich besonders f\u00fcr Badezimmer in privaten und gewerblichen R\u00e4umen.<\/p>\n\n\n\n<p><strong>Angemessene Gr\u00f6\u00dfenanpassung<\/strong>: Der Handtuchhalter hat eine moderate L\u00e4nge, die zum Aufh\u00e4ngen von Badet\u00fcchern oder trockenen und nassen F\u00e4chern verwendet werden kann; der Papierhandtuchhalter ist glatt und nicht leicht zu verrutschen; der Handtuchring ist praktisch f\u00fcr das t\u00e4gliche Aufh\u00e4ngen von Handt\u00fcchern.<\/p>\n\n\n\n<p><strong>Ma\u00dfgeschneiderte Dienstleistungen bereitstellen<\/strong>: Farbe, Galvanisierungsmethode, Abstand der Installationsl\u00f6cher, LOGO usw. k\u00f6nnen je nach Kundenwunsch angepasst werden, um technische Projekte und Markenbeschaffung zu erf\u00fcllen.<\/p>\n<\/div>\n\n\n\n<div class=\"wp-block-column is-layout-flow wp-block-column-is-layout-flow\"><div class=\"wp-block-image\">\n<figure class=\"aligncenter size-full\"><img decoding=\"async\" width=\"800\" height=\"800\" src=\"https:\/\/www.shouyasanitary.com\/wp-content\/uploads\/2025\/04\/Bathroom-Accessories-Set-Wholesale-Gold-Tissue-Holder-Wall-Mounted-Supplies-1.webp\" alt=\"Bad-Accessoires Set Gro\u00dfhandel, Gold Tissue Holder Wall Mounted Supplies (1)\" class=\"wp-image-729\" style=\"object-fit:cover\" srcset=\"https:\/\/www.shouyasanitary.com\/wp-content\/uploads\/2025\/04\/Bathroom-Accessories-Set-Wholesale-Gold-Tissue-Holder-Wall-Mounted-Supplies-1.webp 800w, https:\/\/www.shouyasanitary.com\/wp-content\/uploads\/2025\/04\/Bathroom-Accessories-Set-Wholesale-Gold-Tissue-Holder-Wall-Mounted-Supplies-1-300x300.webp 300w, https:\/\/www.shouyasanitary.com\/wp-content\/uploads\/2025\/04\/Bathroom-Accessories-Set-Wholesale-Gold-Tissue-Holder-Wall-Mounted-Supplies-1-150x150.webp 150w, https:\/\/www.shouyasanitary.com\/wp-content\/uploads\/2025\/04\/Bathroom-Accessories-Set-Wholesale-Gold-Tissue-Holder-Wall-Mounted-Supplies-1-768x768.webp 768w, https:\/\/www.shouyasanitary.com\/wp-content\/uploads\/2025\/04\/Bathroom-Accessories-Set-Wholesale-Gold-Tissue-Holder-Wall-Mounted-Supplies-1-600x600.webp 600w, https:\/\/www.shouyasanitary.com\/wp-content\/uploads\/2025\/04\/Bathroom-Accessories-Set-Wholesale-Gold-Tissue-Holder-Wall-Mounted-Supplies-1-100x100.webp 100w\" sizes=\"(max-width: 800px) 100vw, 800px\" \/><\/figure>\n<\/div><\/div>\n<\/div>","protected":false},"excerpt":{"rendered":"<p>Badezimmerzubeh\u00f6r Set Gro\u00dfhandel umfasst einen Handtuchring, Handtuchhalter und Papierhandtuchhalter. Das Material ist ausgew\u00e4hlter Edelstahl, dessen Oberfl\u00e4che mit mattem Gold beschichtet ist, rostfrei, langlebig und hat eine gute Textur, entworfen f\u00fcr das moderne Badezimmer. Wir bieten Gro\u00dfhandels- und Anpassungsdienstleistungen an, um Ihre Marke Projekt Bed\u00fcrfnisse zu erf\u00fcllen.<\/p>\n<h2>Bad-Accessoires-Set Attribute\uff1a<\/h2>\n<p><strong>Artikel Nr.:<\/strong>SYA250303<strong><br \/>Material:<\/strong> Rostfreier Stahl 304<br \/><strong>Farbe: <\/strong>Goldene<br \/><strong>Satztyp:<\/strong> Handtuchhalter, Handtuchring, Papierhalter<br \/><strong>Abmessungen (L\u00d7B\u00d7H):<\/strong> 60x8x5,5 cm<br \/><strong>Bruttogewicht:<\/strong> 2,5 kg\/Satz<br \/><strong>OEM &amp; ODM<\/strong>: Unterst\u00fctzt<\/p>","protected":false},"featured_media":729,"comment_status":"closed","ping_status":"closed","template":"","meta":{"_acf_changed":false},"product_brand":[],"product_cat":[21],"product_tag":[],"class_list":{"0":"post-745","1":"product","2":"type-product","3":"status-publish","4":"has-post-thumbnail","6":"product_cat-wholesale-bathroom-accessories","8":"first","9":"instock","10":"shipping-taxable","11":"product-type-simple"},"acf":[],"_links":{"self":[{"href":"https:\/\/www.shouyasanitary.com\/de\/wp-json\/wp\/v2\/product\/745","targetHints":{"allow":["GET"]}}],"collection":[{"href":"https:\/\/www.shouyasanitary.com\/de\/wp-json\/wp\/v2\/product"}],"about":[{"href":"https:\/\/www.shouyasanitary.com\/de\/wp-json\/wp\/v2\/types\/product"}],"replies":[{"embeddable":true,"href":"https:\/\/www.shouyasanitary.com\/de\/wp-json\/wp\/v2\/comments?post=745"}],"wp:featuredmedia":[{"embeddable":true,"href":"https:\/\/www.shouyasanitary.com\/de\/wp-json\/wp\/v2\/media\/729"}],"wp:attachment":[{"href":"https:\/\/www.shouyasanitary.com\/de\/wp-json\/wp\/v2\/media?parent=745"}],"wp:term":[{"taxonomy":"product_brand","embeddable":true,"href":"https:\/\/www.shouyasanitary.com\/de\/wp-json\/wp\/v2\/product_brand?post=745"},{"taxonomy":"product_cat","embeddable":true,"href":"https:\/\/www.shouyasanitary.com\/de\/wp-json\/wp\/v2\/product_cat?post=745"},{"taxonomy":"product_tag","embeddable":true,"href":"https:\/\/www.shouyasanitary.com\/de\/wp-json\/wp\/v2\/product_tag?post=745"}],"curies":[{"name":"wp","href":"https:\/\/api.w.org\/{rel}","templated":true}]}}