{"id":774,"date":"2025-04-14T10:48:29","date_gmt":"2025-04-14T10:48:29","guid":{"rendered":"https:\/\/www.shouyasanitary.com\/?post_type=product&#038;p=774"},"modified":"2025-10-27T03:58:17","modified_gmt":"2025-10-27T03:58:17","slug":"bathroom-accessories-custom","status":"publish","type":"product","link":"https:\/\/www.shouyasanitary.com\/de\/produkt\/bathroom-accessories-custom\/","title":{"rendered":"5-tlg. Bad-Accessoires Custom Edelstahl"},"content":{"rendered":"<div class=\"wp-block-columns is-layout-flex wp-container-core-columns-is-layout-9d6595d7 wp-block-columns-is-layout-flex\">\n<div class=\"wp-block-column is-layout-flow wp-block-column-is-layout-flow\">\n<h2 class=\"wp-block-heading\">Bad-Accessoires Eigenschaften\uff1a<\/h2>\n\n\n\n<p><strong>Moderner minimalistischer Stil<\/strong>: Aus hochwertigem Edelstahl gefertigt, pr\u00e4sentiert die silberne Spiegelstruktur einen hochwertigen, modernen Stil, verbessert das visuelle Gesamterlebnis und ist f\u00fcr verschiedene Badezimmer geeignet.<\/p>\n\n\n\n<p><strong>Ausgezeichnete Galvanotechnik<\/strong>: Durch die Verwendung einer hochwertigen Galvanotechnik ist die Oberfl\u00e4che gl\u00e4nzend und langlebig, korrosionsbest\u00e4ndig, kratzfest und f\u00fcr langfristige feuchte Umgebungen geeignet.<\/p>\n\n\n\n<p><strong>Wandmontierte Ausf\u00fchrung<\/strong>: Alle Zubeh\u00f6rteile werden an der Wand montiert, wodurch der vertikale Raum effektiv genutzt wird, um das Bad organisierter und ger\u00e4umiger zu gestalten.<\/p>\n\n\n\n<p><strong>Umfassende Set-Kombination<\/strong>: Das Set enth\u00e4lt funktionelles Zubeh\u00f6r wie Handtuchhalter, Handtuchstangen, Seifenhalter, Papierhalter, Toilettenb\u00fcrstenhalter usw., die den t\u00e4glichen Bedarf an Aufbewahrung und Reinigung im Bad decken.<\/p>\n\n\n\n<p><strong>Leicht zu reinigen<\/strong>:  Die Oberfl\u00e4che aus galvanisiertem Edelstahl ist glatt und hat keine toten Ecken. Staub und Wasserflecken k\u00f6nnen sich nicht so leicht festsetzen, und ein einfaches Abwischen h\u00e4lt das Bad sauber und ordentlich.<\/p>\n\n\n\n<p><strong>Einfach zu installieren<\/strong>: Komplettes Zubeh\u00f6r, einfache und bequeme Installation, geeignet f\u00fcr eine Vielzahl von Wandmaterialien, geeignet f\u00fcr pers\u00f6nliche und technische Projekte.<\/p>\n\n\n\n<p><strong>Unterst\u00fctzung von OEM\/ODM-L\u00f6sungen<\/strong>: Die Gr\u00f6\u00dfe, die Struktur, das Logo und die Verpackung k\u00f6nnen je nach Kundenwunsch angepasst werden, was die Anpassung der Marke und die Massenproduktion unterst\u00fctzt und den Kunden hilft, den Markt zu erweitern.<\/p>\n<\/div>\n\n\n\n<div class=\"wp-block-column is-layout-flow wp-block-column-is-layout-flow\"><div class=\"wp-block-image\">\n<figure class=\"aligncenter size-full\"><img decoding=\"async\" width=\"1919\" height=\"1919\" src=\"https:\/\/www.shouyasanitary.com\/wp-content\/uploads\/2025\/04\/Bathroom-Accessories-Custom-Stainless-Steel-Bathroom-Toilet-Paper-Holder-Wholesale-1.webp\" alt=\"Bad-Accessoires benutzerdefinierte, Edelstahl Badezimmer Toilettenpapierhalter Gro\u00dfhandel (1)\" class=\"wp-image-723\" style=\"object-fit:cover\" srcset=\"https:\/\/www.shouyasanitary.com\/wp-content\/uploads\/2025\/04\/Bathroom-Accessories-Custom-Stainless-Steel-Bathroom-Toilet-Paper-Holder-Wholesale-1.webp 1919w, https:\/\/www.shouyasanitary.com\/wp-content\/uploads\/2025\/04\/Bathroom-Accessories-Custom-Stainless-Steel-Bathroom-Toilet-Paper-Holder-Wholesale-1-300x300.webp 300w, https:\/\/www.shouyasanitary.com\/wp-content\/uploads\/2025\/04\/Bathroom-Accessories-Custom-Stainless-Steel-Bathroom-Toilet-Paper-Holder-Wholesale-1-150x150.webp 150w, https:\/\/www.shouyasanitary.com\/wp-content\/uploads\/2025\/04\/Bathroom-Accessories-Custom-Stainless-Steel-Bathroom-Toilet-Paper-Holder-Wholesale-1-768x768.webp 768w, https:\/\/www.shouyasanitary.com\/wp-content\/uploads\/2025\/04\/Bathroom-Accessories-Custom-Stainless-Steel-Bathroom-Toilet-Paper-Holder-Wholesale-1-1200x1200.webp 1200w, https:\/\/www.shouyasanitary.com\/wp-content\/uploads\/2025\/04\/Bathroom-Accessories-Custom-Stainless-Steel-Bathroom-Toilet-Paper-Holder-Wholesale-1-600x600.webp 600w, https:\/\/www.shouyasanitary.com\/wp-content\/uploads\/2025\/04\/Bathroom-Accessories-Custom-Stainless-Steel-Bathroom-Toilet-Paper-Holder-Wholesale-1-100x100.webp 100w\" sizes=\"(max-width: 1919px) 100vw, 1919px\" \/><\/figure>\n<\/div><\/div>\n<\/div>","protected":false},"excerpt":{"rendered":"<p>5-teilige Bad-Accessoires benutzerdefinierte, aus hochwertigem Edelstahl, Wand-Design spart Platz, was den modernen minimalistischen Stil. Reichhaltiges Zubeh\u00f6r, komplette Funktionen, geeignet f\u00fcr verschiedene Szenarien in privaten und gewerblichen Projekten. Wir unterst\u00fctzen OEM\/ODM-Anpassung und Gro\u00dfhandel, um die verschiedenen Bed\u00fcrfnisse der Kunden zu erf\u00fcllen. Willkommen zu erkundigen!<\/p>\n<h2>Bad-Accessoires Attribute\uff1a<\/h2>\n<p><strong>Artikel Nr.: <\/strong>SYA250304<strong><br \/>Material:<\/strong> Rostfreier Stahl 304<br \/><strong>Farbe: <\/strong>Silbrig<br \/><strong>Satztyp:<\/strong> Handtuchhalter, einzelne Stange f\u00fcr h\u00e4ngende Handt\u00fccher, Papierhalter, Toilettenb\u00fcrstenbecher, Handtuchhalter<br \/><strong>Abmessungen (L\u00d7B\u00d7H):<\/strong> 60x24x15 cm<br \/><strong>Bruttogewicht:<\/strong> 3kg\/Satz<br \/><strong>OEM &amp; ODM<\/strong>: Unterst\u00fctzt<\/p>","protected":false},"featured_media":723,"comment_status":"closed","ping_status":"closed","template":"","meta":{"_acf_changed":true},"product_brand":[],"product_cat":[21],"product_tag":[],"class_list":{"0":"post-774","1":"product","2":"type-product","3":"status-publish","4":"has-post-thumbnail","6":"product_cat-wholesale-bathroom-accessories","8":"first","9":"instock","10":"shipping-taxable","11":"product-type-simple"},"acf":[],"_links":{"self":[{"href":"https:\/\/www.shouyasanitary.com\/de\/wp-json\/wp\/v2\/product\/774","targetHints":{"allow":["GET"]}}],"collection":[{"href":"https:\/\/www.shouyasanitary.com\/de\/wp-json\/wp\/v2\/product"}],"about":[{"href":"https:\/\/www.shouyasanitary.com\/de\/wp-json\/wp\/v2\/types\/product"}],"replies":[{"embeddable":true,"href":"https:\/\/www.shouyasanitary.com\/de\/wp-json\/wp\/v2\/comments?post=774"}],"wp:featuredmedia":[{"embeddable":true,"href":"https:\/\/www.shouyasanitary.com\/de\/wp-json\/wp\/v2\/media\/723"}],"wp:attachment":[{"href":"https:\/\/www.shouyasanitary.com\/de\/wp-json\/wp\/v2\/media?parent=774"}],"wp:term":[{"taxonomy":"product_brand","embeddable":true,"href":"https:\/\/www.shouyasanitary.com\/de\/wp-json\/wp\/v2\/product_brand?post=774"},{"taxonomy":"product_cat","embeddable":true,"href":"https:\/\/www.shouyasanitary.com\/de\/wp-json\/wp\/v2\/product_cat?post=774"},{"taxonomy":"product_tag","embeddable":true,"href":"https:\/\/www.shouyasanitary.com\/de\/wp-json\/wp\/v2\/product_tag?post=774"}],"curies":[{"name":"wp","href":"https:\/\/api.w.org\/{rel}","templated":true}]}}