{"id":842,"date":"2025-04-14T10:56:38","date_gmt":"2025-04-14T10:56:38","guid":{"rendered":"https:\/\/www.shouyasanitary.com\/?post_type=product&#038;p=842"},"modified":"2025-05-12T10:47:53","modified_gmt":"2025-05-12T10:47:53","slug":"bathroom-faucet-wholesale","status":"publish","type":"product","link":"https:\/\/www.shouyasanitary.com\/de\/produkt\/bathroom-faucet-wholesale\/","title":{"rendered":"Single Hole Badezimmer Wasserhahn Gro\u00dfhandel, Pull Down Wasserh\u00e4hne benutzerdefinierte Bulk"},"content":{"rendered":"<div class=\"wp-block-columns is-layout-flex wp-container-core-columns-is-layout-9d6595d7 wp-block-columns-is-layout-flex\">\n<div class=\"wp-block-column is-layout-flow wp-block-column-is-layout-flow\">\n<h2 class=\"wp-block-heading\">Eigenschaften der Badezimmerarmatur\uff1a<\/h2>\n\n\n\n<p><strong>Luxuri\u00f6ses Aussehen in Gold<\/strong>Die Oberfl\u00e4che ist hell und gl\u00e4nzend, weist eine hochwertige Textur auf, ist korrosionsbest\u00e4ndig, verhindert Fingerabdr\u00fccke und unterstreicht den Gesamtstil des Badezimmers.<\/p>\n\n\n\n<p><strong>Nach unten gezogener Wasserauslass<\/strong>Flexibel und einziehbar, mit sanftem R\u00fcckprall, f\u00fcr unterschiedliche Einsatzzwecke, bequemere Bedienung und bessere Erfahrung im t\u00e4glichen Gebrauch.<\/p>\n\n\n\n<p><strong>Ein-Loch-Installationsstruktur<\/strong>Einfache Struktur, geeignet f\u00fcr die meisten Badezimmerschr\u00e4nke, einfach zu installieren und schnell zu ersetzen, und verbessert die Effizienz der Nutzung.<\/p>\n\n\n\n<p><strong>Hochwertiges Messingmaterial:<\/strong> aus hochwertigem Kupfer, robust und langlebig, druckfest und explosionssicher, mit langer Lebensdauer, geeignet f\u00fcr hochfrequente Einsatzszenarien.<\/p>\n\n\n\n<p><strong>Warm- und Kaltwasser-Doppelschaltung<\/strong>Ergonomisches Griffdesign, sanfte und genaue Temperaturregelung, die sowohl die Funktion als auch den Komfort ber\u00fccksichtigt.<\/p>\n\n\n\n<p><strong>Unterst\u00fctzung von Kundenanpassung und Gro\u00dfhandel<\/strong>Oberfl\u00e4chenbehandlung, Farbe, Verpackung, etc. k\u00f6nnen je nach Kundenwunsch angepasst werden. Werksdirektverkauf, Batch-Semi-Custom-Inventar, um verschiedene Markenpositionierung und Marktanforderungen zu erf\u00fcllen.<\/p>\n<\/div>\n\n\n\n<div class=\"wp-block-column is-layout-flow wp-block-column-is-layout-flow\"><div class=\"wp-block-image\">\n<figure class=\"aligncenter size-full\"><img decoding=\"async\" width=\"5279\" height=\"5279\" src=\"https:\/\/www.shouyasanitary.com\/wp-content\/uploads\/2025\/04\/Single-Hole-Bathroom-Faucet-Wholesale-Gold-Pull-Down-Faucets-Custom-Bulk-1.webp\" alt=\"Einzelne Loch Bad Wasserhahn Gro\u00dfhandel, Gold Pull Down Wasserh\u00e4hne benutzerdefinierte Bulk (1)\" class=\"wp-image-732\" style=\"object-fit:cover\" srcset=\"https:\/\/www.shouyasanitary.com\/wp-content\/uploads\/2025\/04\/Single-Hole-Bathroom-Faucet-Wholesale-Gold-Pull-Down-Faucets-Custom-Bulk-1.webp 5279w, https:\/\/www.shouyasanitary.com\/wp-content\/uploads\/2025\/04\/Single-Hole-Bathroom-Faucet-Wholesale-Gold-Pull-Down-Faucets-Custom-Bulk-1-300x300.webp 300w, https:\/\/www.shouyasanitary.com\/wp-content\/uploads\/2025\/04\/Single-Hole-Bathroom-Faucet-Wholesale-Gold-Pull-Down-Faucets-Custom-Bulk-1-150x150.webp 150w, https:\/\/www.shouyasanitary.com\/wp-content\/uploads\/2025\/04\/Single-Hole-Bathroom-Faucet-Wholesale-Gold-Pull-Down-Faucets-Custom-Bulk-1-768x768.webp 768w, https:\/\/www.shouyasanitary.com\/wp-content\/uploads\/2025\/04\/Single-Hole-Bathroom-Faucet-Wholesale-Gold-Pull-Down-Faucets-Custom-Bulk-1-1200x1200.webp 1200w, https:\/\/www.shouyasanitary.com\/wp-content\/uploads\/2025\/04\/Single-Hole-Bathroom-Faucet-Wholesale-Gold-Pull-Down-Faucets-Custom-Bulk-1-600x600.webp 600w, https:\/\/www.shouyasanitary.com\/wp-content\/uploads\/2025\/04\/Single-Hole-Bathroom-Faucet-Wholesale-Gold-Pull-Down-Faucets-Custom-Bulk-1-100x100.webp 100w\" sizes=\"(max-width: 5279px) 100vw, 5279px\" \/><\/figure>\n<\/div><\/div>\n<\/div>\n\n\n\n<p><\/p>","protected":false},"excerpt":{"rendered":"<p>Die Einloch-Badarmatur Gro\u00dfhandel hat eine luxuri\u00f6se Gold Aussehen. Hochwertiges Kupfer Material ist langlebig. Die flexible Pull-Down-Wasserauslass und Einzelloch-Design sorgen f\u00fcr einfache und reibungslose Bedienung. Unterst\u00fctzen Sie ma\u00dfgeschneiderte Gro\u00dfhandel Dienstleistungen f\u00fcr verschiedene Bed\u00fcrfnisse zu erf\u00fcllen. Willkommen bei uns f\u00fcr ein Angebot zu kontaktieren!<\/p>\n<h2>Einloch-Badewasserhahn Attribute\uff1a<\/h2>\n<p><strong>Artikel Nr.: <\/strong>SYF250302<strong><br \/>Material:<\/strong> Messing<br \/><strong>Farbe:<\/strong> Goldene<br \/><strong>Abmessungen (L\u00d7B\u00d7H):<\/strong> 18x5x19 cm<br \/><strong>Bruttogewicht:<\/strong> 2kg\/PCS<br \/><strong>OEM &amp; ODM<\/strong>: Unterst\u00fctzt<\/p>","protected":false},"featured_media":733,"comment_status":"closed","ping_status":"closed","template":"","meta":{"_acf_changed":true},"product_brand":[],"product_cat":[21],"product_tag":[],"class_list":{"0":"post-842","1":"product","2":"type-product","3":"status-publish","4":"has-post-thumbnail","6":"product_cat-wholesale-bathroom-accessories","8":"first","9":"instock","10":"shipping-taxable","11":"product-type-simple"},"acf":[],"_links":{"self":[{"href":"https:\/\/www.shouyasanitary.com\/de\/wp-json\/wp\/v2\/product\/842","targetHints":{"allow":["GET"]}}],"collection":[{"href":"https:\/\/www.shouyasanitary.com\/de\/wp-json\/wp\/v2\/product"}],"about":[{"href":"https:\/\/www.shouyasanitary.com\/de\/wp-json\/wp\/v2\/types\/product"}],"replies":[{"embeddable":true,"href":"https:\/\/www.shouyasanitary.com\/de\/wp-json\/wp\/v2\/comments?post=842"}],"wp:featuredmedia":[{"embeddable":true,"href":"https:\/\/www.shouyasanitary.com\/de\/wp-json\/wp\/v2\/media\/733"}],"wp:attachment":[{"href":"https:\/\/www.shouyasanitary.com\/de\/wp-json\/wp\/v2\/media?parent=842"}],"wp:term":[{"taxonomy":"product_brand","embeddable":true,"href":"https:\/\/www.shouyasanitary.com\/de\/wp-json\/wp\/v2\/product_brand?post=842"},{"taxonomy":"product_cat","embeddable":true,"href":"https:\/\/www.shouyasanitary.com\/de\/wp-json\/wp\/v2\/product_cat?post=842"},{"taxonomy":"product_tag","embeddable":true,"href":"https:\/\/www.shouyasanitary.com\/de\/wp-json\/wp\/v2\/product_tag?post=842"}],"curies":[{"name":"wp","href":"https:\/\/api.w.org\/{rel}","templated":true}]}}