{"id":984,"date":"2025-04-30T09:43:16","date_gmt":"2025-04-30T09:43:16","guid":{"rendered":"https:\/\/www.shouyasanitary.com\/?post_type=product&#038;p=984"},"modified":"2025-05-13T10:30:21","modified_gmt":"2025-05-13T10:30:21","slug":"wholesale-bathroom-vanity-cabinets","status":"publish","type":"product","link":"https:\/\/www.shouyasanitary.com\/de\/produkt\/wholesale-bathroom-vanity-cabinets\/","title":{"rendered":"Gro\u00dfhandel Badezimmer Eitelkeit Schr\u00e4nke grau mit einteiligen Becken in Bulk"},"content":{"rendered":"<div class=\"wp-block-columns is-layout-flex wp-container-core-columns-is-layout-9d6595d7 wp-block-columns-is-layout-flex\">\n<div class=\"wp-block-column is-layout-flow wp-block-column-is-layout-flow\">\n<h2 class=\"wp-block-heading\">Eigenschaften von Badezimmerschr\u00e4nken\uff1a<\/h2>\n\n\n\n<p><strong>Edelstahl der Milit\u00e4rklasse 304 f\u00fcr die Luft- und Raumfahrt: <\/strong>Wir verwenden hochwertige Rohstoffe aus rostfreiem Stahl, um einen 10-j\u00e4hrigen Korrosionsschutz, einen Salzspr\u00fchnebeltest von \u00fcber 5000 Stunden und keine Korrosion in feuchten Umgebungen zu erreichen.<\/p>\n\n\n\n<p><strong>Lebensmittelechte Beschichtung: <\/strong>Antibakterielle Beschichtung mit dem gleichen Material wie Babyflaschen, 24 Stunden antibakterielle Rate \u2265 99,6%, sicher und ungiftig.<\/p>\n\n\n\n<p><strong>Moderne und elegante graue Farbe<\/strong>: Die moderne graue Farbe ist warm, zeigt eine elegante Textur und l\u00e4sst sich leicht mit verschiedenen modernen Badumgebungen kombinieren.<\/p>\n\n\n\n<p><strong>Einteiliges Keramik-Becken:<\/strong> Arbeitsplatte und Waschbecken sind in einem St\u00fcck geformt, mit glatten Linien, so dass es nicht leicht ist, Schmutz zu verstecken, leicht zu reinigen.<\/p>\n\n\n\n<p><strong>Nahtloses Spiegel-Laserschwei\u00dfen<\/strong>: 0,5 mm Pr\u00e4zisions-Laserschwei\u00dftechnik erm\u00f6glicht nahtlose Ecken, spiegelglatte Oberfl\u00e4chen und feine Details.<\/p>\n\n\n\n<p><strong>0 Formaldehyd-Emissionszertifikat: <\/strong>Umweltschutz, Mutterschaft-Ebene Sicherheitsstandards, die Installation ist bis zu den Bedingungen der Besetzung, m\u00fcssen nicht \u00fcber den Geruch von neuen Produkten nach der Installation zu k\u00fcmmern.<\/p>\n\n\n\n<p><strong>Hohe Belastbarkeit<\/strong>: Einlagige Trennwand kann 80 kg tragen, Flaschen und Dosen gestapelt, ohne Angst vor Verformung, auch wenn das Gewicht der \u00fcbergro\u00dfen Gegenst\u00e4nde sind furchtlos.<\/p>\n\n\n\n<p><strong>Multifunktions-Spiegelschrank mit 3-farbigem LED-Licht<\/strong>: Die Lichtleiste verf\u00fcgt \u00fcber die Funktion der Beleuchtung, praktisch f\u00fcr den t\u00e4glichen Gebrauch, und der angemessene Stauraum erf\u00fcllt die Anforderungen an die Aufbewahrung von Toilettenartikeln.<\/p>\n\n\n\n<p><strong>Unterst\u00fctzung von OEM\/ODM-Anpassungen<\/strong>: Wir bieten professionelle Anpassungsdienste an, um das Markendesign und die funktionalen Anforderungen von Einzelhandels- und Projektkunden zu erf\u00fcllen.<\/p>\n<\/div>\n\n\n\n<div class=\"wp-block-column is-layout-flow wp-block-column-is-layout-flow\"><div class=\"wp-block-image\">\n<figure class=\"aligncenter size-full\"><img decoding=\"async\" width=\"1000\" height=\"1000\" src=\"https:\/\/www.shouyasanitary.com\/wp-content\/uploads\/2025\/04\/Wholesale-Bathroom-Vanity-Cabinets-1.webp\" alt=\"Gro\u00dfhandel Badezimmer Schr\u00e4nke (1)\" class=\"wp-image-1050\" style=\"object-fit:cover\" srcset=\"https:\/\/www.shouyasanitary.com\/wp-content\/uploads\/2025\/04\/Wholesale-Bathroom-Vanity-Cabinets-1.webp 1000w, https:\/\/www.shouyasanitary.com\/wp-content\/uploads\/2025\/04\/Wholesale-Bathroom-Vanity-Cabinets-1-300x300.webp 300w, https:\/\/www.shouyasanitary.com\/wp-content\/uploads\/2025\/04\/Wholesale-Bathroom-Vanity-Cabinets-1-150x150.webp 150w, https:\/\/www.shouyasanitary.com\/wp-content\/uploads\/2025\/04\/Wholesale-Bathroom-Vanity-Cabinets-1-768x768.webp 768w, https:\/\/www.shouyasanitary.com\/wp-content\/uploads\/2025\/04\/Wholesale-Bathroom-Vanity-Cabinets-1-12x12.webp 12w, https:\/\/www.shouyasanitary.com\/wp-content\/uploads\/2025\/04\/Wholesale-Bathroom-Vanity-Cabinets-1-600x600.webp 600w, https:\/\/www.shouyasanitary.com\/wp-content\/uploads\/2025\/04\/Wholesale-Bathroom-Vanity-Cabinets-1-100x100.webp 100w\" sizes=\"(max-width: 1000px) 100vw, 1000px\" \/><\/figure>\n<\/div><\/div>\n<\/div>","protected":false},"excerpt":{"rendered":"<p>Gro\u00dfhandel Bad Eitelkeit Schr\u00e4nke, hochwertige Edelstahl-Material, moderne graue minimalistisches Design, mit Keramik-Becken, elegant und sch\u00f6n, geeignet f\u00fcr verschiedene Bad-Layouts. Unterst\u00fctzung OEM\/ODM-Anpassung, willkommen, uns f\u00fcr ein Angebot zu kontaktieren.<\/p>\n<h2>Badezimmer-Unterschr\u00e4nke Attribute\uff1a<\/h2>\n<p><strong>Artikel Nr.: <\/strong>SY2504<strong><br \/>Material des Geh\u00e4uses:<\/strong> Rostfreier Stahl<br \/><strong>Farbe des Geh\u00e4uses: <\/strong>Gray<br \/><strong>Spiegel: <\/strong>LED-Spiegel (3,5 mm\/3,8 mm), dreifarbige Beleuchtung, One-Touch-Entfogging, gesichert mit mehrlagiger Schaumstoffverpackung<strong><br \/>Installationsart: <\/strong>Wandbefestigung<br \/><strong>Abmessungen (L\u00d7B\u00d7H):<\/strong> 80*47*47 cm<br \/><strong>Bruttogewicht:<\/strong> 28kg\/Satz<\/p>\n<h2>Anpassung &amp; Dienstleistungen:<\/h2>\n<p><strong>OEM &amp; ODM<\/strong>: Unterst\u00fctzt<br \/><strong>Gestaltung<\/strong>: Frei<br \/><strong>Zubeh\u00f6r<\/strong>: Waschbecken, Spiegel, Armaturen und anderes Badzubeh\u00f6r<br \/><strong>Verpacken<\/strong>: Einbaufertig<\/p>","protected":false},"featured_media":1050,"comment_status":"closed","ping_status":"closed","template":"","meta":{"_acf_changed":true},"product_brand":[],"product_cat":[27],"product_tag":[],"class_list":{"0":"post-984","1":"product","2":"type-product","3":"status-publish","4":"has-post-thumbnail","6":"product_cat-wholesale-stainless-steel-bathroom-vanity-cabinets","8":"first","9":"instock","10":"shipping-taxable","11":"product-type-simple"},"acf":[],"_links":{"self":[{"href":"https:\/\/www.shouyasanitary.com\/de\/wp-json\/wp\/v2\/product\/984","targetHints":{"allow":["GET"]}}],"collection":[{"href":"https:\/\/www.shouyasanitary.com\/de\/wp-json\/wp\/v2\/product"}],"about":[{"href":"https:\/\/www.shouyasanitary.com\/de\/wp-json\/wp\/v2\/types\/product"}],"replies":[{"embeddable":true,"href":"https:\/\/www.shouyasanitary.com\/de\/wp-json\/wp\/v2\/comments?post=984"}],"wp:featuredmedia":[{"embeddable":true,"href":"https:\/\/www.shouyasanitary.com\/de\/wp-json\/wp\/v2\/media\/1050"}],"wp:attachment":[{"href":"https:\/\/www.shouyasanitary.com\/de\/wp-json\/wp\/v2\/media?parent=984"}],"wp:term":[{"taxonomy":"product_brand","embeddable":true,"href":"https:\/\/www.shouyasanitary.com\/de\/wp-json\/wp\/v2\/product_brand?post=984"},{"taxonomy":"product_cat","embeddable":true,"href":"https:\/\/www.shouyasanitary.com\/de\/wp-json\/wp\/v2\/product_cat?post=984"},{"taxonomy":"product_tag","embeddable":true,"href":"https:\/\/www.shouyasanitary.com\/de\/wp-json\/wp\/v2\/product_tag?post=984"}],"curies":[{"name":"wp","href":"https:\/\/api.w.org\/{rel}","templated":true}]}}