{"id":988,"date":"2025-04-30T03:34:23","date_gmt":"2025-04-30T03:34:23","guid":{"rendered":"https:\/\/www.shouyasanitary.com\/?post_type=product&#038;p=988"},"modified":"2025-05-12T10:59:39","modified_gmt":"2025-05-12T10:59:39","slug":"wholesale-bathroom-vanities","status":"publish","type":"product","link":"https:\/\/www.shouyasanitary.com\/de\/produkt\/wholesale-bathroom-vanities\/","title":{"rendered":"Gro\u00dfhandel Badezimmer Eitelkeiten Edelstahl Kabinett Bad benutzerdefinierte"},"content":{"rendered":"<div class=\"wp-block-columns is-layout-flex wp-container-core-columns-is-layout-9d6595d7 wp-block-columns-is-layout-flex\">\n<div class=\"wp-block-column is-layout-flow wp-block-column-is-layout-flow\">\n<h2 class=\"wp-block-heading\">Edelstahl-Badezimmer-Eitelkeiten\uff1a<\/h2>\n\n\n\n<p><strong>Hochwertiges Material aus rostfreiem Stahl: <\/strong>Der Badezimmerschrank ist aus rostfreiem Stahl 304 gefertigt. Nach der Oberfl\u00e4chenbehandlung ist er glatter und haltbarer. Die matte Metallstruktur pr\u00e4sentiert einen minimalistischen, luxuri\u00f6sen Stil, der dem aktuellen Trend des jungen Konsums entspricht.<\/p>\n\n\n\n<p><strong>Elegante hellgraue Holzmaserung: <\/strong>Die Oberfl\u00e4che des Badezimmerschranks ist mit einer nat\u00fcrlichen Holzmaserung beschichtet, die mit hellgrauen T\u00f6nen abgestimmt ist, nat\u00fcrlich und weich, geeignet f\u00fcr verschiedene Badezimmerstile.<\/p>\n\n\n\n<p><strong>Hohe Wasserdichtigkeit und antibakterielle Wirkung:<\/strong> 304 Edelstahl Badezimmerschrank ist wasserdicht und ist ein gutes Material f\u00fcr antibakterielle und Antioxidans. Ob in einer feuchten Umgebung oder einer dunklen Ecke, wird der Edelstahl-Badeschrank nicht schimmeln oder knacken und verformen.<\/p>\n\n\n\n<p><strong>Wandmontierte Ausf\u00fchrung: <\/strong>Die Wandmontage spart Bodenfl\u00e4che, verbessert den Gesamteffekt der Bel\u00fcftung und hat eine einfache und saubere optische Wirkung.<\/p>\n\n\n\n<p><strong>Bereitstellung von L\u00f6sungen f\u00fcr die Massenanpassung: <\/strong>Gr\u00f6\u00dfe, Farbe und Konfiguration k\u00f6nnen je nach Kundenbedarf angepasst werden. Geeignet f\u00fcr technische Projekte und Batch-Anpassung von High-End-Bad-Marken.<\/p>\n<\/div>\n\n\n\n<div class=\"wp-block-column is-layout-flow wp-block-column-is-layout-flow\"><div class=\"wp-block-image\">\n<figure class=\"aligncenter size-full\"><img decoding=\"async\" width=\"1000\" height=\"1000\" src=\"https:\/\/www.shouyasanitary.com\/wp-content\/uploads\/2025\/04\/Wholesale-Bathroom-Vanities-Stainless-Steel-Cabinet-Bathroom-Custom-1-1.webp\" alt=\"Gro\u00dfhandel Badezimmer Eitelkeiten Edelstahl Kabinett Bad benutzerdefinierte (1)\" class=\"wp-image-1057\" style=\"object-fit:cover\" srcset=\"https:\/\/www.shouyasanitary.com\/wp-content\/uploads\/2025\/04\/Wholesale-Bathroom-Vanities-Stainless-Steel-Cabinet-Bathroom-Custom-1-1.webp 1000w, https:\/\/www.shouyasanitary.com\/wp-content\/uploads\/2025\/04\/Wholesale-Bathroom-Vanities-Stainless-Steel-Cabinet-Bathroom-Custom-1-1-300x300.webp 300w, https:\/\/www.shouyasanitary.com\/wp-content\/uploads\/2025\/04\/Wholesale-Bathroom-Vanities-Stainless-Steel-Cabinet-Bathroom-Custom-1-1-150x150.webp 150w, https:\/\/www.shouyasanitary.com\/wp-content\/uploads\/2025\/04\/Wholesale-Bathroom-Vanities-Stainless-Steel-Cabinet-Bathroom-Custom-1-1-768x768.webp 768w, https:\/\/www.shouyasanitary.com\/wp-content\/uploads\/2025\/04\/Wholesale-Bathroom-Vanities-Stainless-Steel-Cabinet-Bathroom-Custom-1-1-12x12.webp 12w, https:\/\/www.shouyasanitary.com\/wp-content\/uploads\/2025\/04\/Wholesale-Bathroom-Vanities-Stainless-Steel-Cabinet-Bathroom-Custom-1-1-600x600.webp 600w, https:\/\/www.shouyasanitary.com\/wp-content\/uploads\/2025\/04\/Wholesale-Bathroom-Vanities-Stainless-Steel-Cabinet-Bathroom-Custom-1-1-100x100.webp 100w\" sizes=\"(max-width: 1000px) 100vw, 1000px\" \/><\/figure>\n<\/div><\/div>\n<\/div>","protected":false},"excerpt":{"rendered":"<p>Gro\u00dfhandel Bad Eitelkeit aus hochwertigem 304 Edelstahl, mit Holzmaserung Textur Design, elegant, wasserdicht und langlebig. Wir bieten den vollen Satz von Fabrik Preis Bad Schr\u00e4nke und Bad-Accessoires L\u00f6sungen. Willkommen zu erkundigen, unterst\u00fctzen Anpassung und Gro\u00dfeinkauf!<\/p>\n<h2>Edelstahl-Badezimmer-Eitelkeiten Attribute\uff1a<\/h2>\n<p><strong>Artikel Nr.:<\/strong> SY2502<strong><br \/>Material des Geh\u00e4uses:<\/strong> Rostfreier Stahl<br \/><strong>Farbe des Geh\u00e4uses: <\/strong>Hellgrau<br \/><strong>Spiegel: <\/strong>LED-Spiegel (3,5 mm\/3,8 mm), dreifarbige Beleuchtung, One-Touch-Entfogging, gesichert mit mehrlagiger Schaumstoffverpackung<strong><br \/>Installationsart: <\/strong>Wandbefestigung<br \/><strong>Abmessungen (L\u00d7B\u00d7H): <\/strong>90*47*45 cm<br \/><strong>Bruttogewicht: <\/strong>30kg\/Satz<\/p>\n<h2>Anpassung &amp; Dienstleistungen:<\/h2>\n<p><strong>OEM &amp; ODM<\/strong>: Unterst\u00fctzt<br \/><strong>Gestaltung<\/strong>: Frei<br \/><strong>Zubeh\u00f6r<\/strong>: Waschbecken, Spiegel, Armaturen und anderes Badzubeh\u00f6r<br \/><strong>Verpacken<\/strong>: Einbaufertig<\/p>","protected":false},"featured_media":1057,"comment_status":"closed","ping_status":"closed","template":"","meta":{"_acf_changed":true},"product_brand":[],"product_cat":[27],"product_tag":[],"class_list":{"0":"post-988","1":"product","2":"type-product","3":"status-publish","4":"has-post-thumbnail","6":"product_cat-wholesale-stainless-steel-bathroom-vanity-cabinets","8":"first","9":"instock","10":"shipping-taxable","11":"product-type-simple"},"acf":[],"_links":{"self":[{"href":"https:\/\/www.shouyasanitary.com\/de\/wp-json\/wp\/v2\/product\/988","targetHints":{"allow":["GET"]}}],"collection":[{"href":"https:\/\/www.shouyasanitary.com\/de\/wp-json\/wp\/v2\/product"}],"about":[{"href":"https:\/\/www.shouyasanitary.com\/de\/wp-json\/wp\/v2\/types\/product"}],"replies":[{"embeddable":true,"href":"https:\/\/www.shouyasanitary.com\/de\/wp-json\/wp\/v2\/comments?post=988"}],"wp:featuredmedia":[{"embeddable":true,"href":"https:\/\/www.shouyasanitary.com\/de\/wp-json\/wp\/v2\/media\/1057"}],"wp:attachment":[{"href":"https:\/\/www.shouyasanitary.com\/de\/wp-json\/wp\/v2\/media?parent=988"}],"wp:term":[{"taxonomy":"product_brand","embeddable":true,"href":"https:\/\/www.shouyasanitary.com\/de\/wp-json\/wp\/v2\/product_brand?post=988"},{"taxonomy":"product_cat","embeddable":true,"href":"https:\/\/www.shouyasanitary.com\/de\/wp-json\/wp\/v2\/product_cat?post=988"},{"taxonomy":"product_tag","embeddable":true,"href":"https:\/\/www.shouyasanitary.com\/de\/wp-json\/wp\/v2\/product_tag?post=988"}],"curies":[{"name":"wp","href":"https:\/\/api.w.org\/{rel}","templated":true}]}}