{"id":1000,"date":"2025-04-30T10:21:13","date_gmt":"2025-04-30T10:21:13","guid":{"rendered":"https:\/\/www.shouyasanitary.com\/?post_type=product&#038;p=1000"},"modified":"2025-10-27T03:48:32","modified_gmt":"2025-10-27T03:48:32","slug":"wholesale-bathroom-mirror-vanity","status":"publish","type":"product","link":"https:\/\/www.shouyasanitary.com\/es\/producto\/wholesale-bathroom-mirror-vanity\/","title":{"rendered":"Mayorista Ba\u00f1o Espejo Vanidad, Gris Oscuro Gabinete de Ba\u00f1o de Acero Inoxidable Proveedor"},"content":{"rendered":"<div class=\"wp-block-columns is-layout-flex wp-container-core-columns-is-layout-9d6595d7 wp-block-columns-is-layout-flex\">\n<div class=\"wp-block-column is-layout-flow wp-block-column-is-layout-flow\">\n<h2 class=\"wp-block-heading\">Espejo de ba\u00f1o Vanidad Caracter\u00edsticas\uff1a<\/h2>\n\n\n\n<p><strong>Material antihumedad de alta calidad<\/strong>: Utiliza acero inoxidable 304 de alta calidad como material, que tiene excelentes propiedades a prueba de humedad y a prueba de \u00f3xido, no se deforma ni se corroe despu\u00e9s de un uso prolongado y es especialmente adecuado para entornos de ba\u00f1o h\u00famedos.<\/p>\n\n\n\n<p><strong>Tratamiento negro mate<\/strong>: Se adopta un tratamiento de pulverizaci\u00f3n avanzado, la superficie es delicada, y el negro es tranquilo y discreto, creando un efecto visual moderno y avanzado. Anti-huellas y f\u00e1cil de limpiar, el mantenimiento diario es m\u00e1s f\u00e1cil.<\/p>\n\n\n\n<p><strong>Dise\u00f1o de estructura modular<\/strong>: Los armarios, los lavabos y los armarios con espejo pueden combinarse libremente seg\u00fan las diversas estructuras de los cuartos de ba\u00f1o. F\u00e1cil instalaci\u00f3n y transporte, y coste de construcci\u00f3n economizado.<\/p>\n\n\n\n<p><strong>Iluminaci\u00f3n inteligente de espejos LED<\/strong>: Las suaves tiras de luz LED incorporadas proporcionan luz natural. Los interruptores t\u00e1ctiles o de inducci\u00f3n son convenientes, y est\u00e1n equipados con una funci\u00f3n anti-vaho, y la superficie del espejo es siempre clara.<\/p>\n\n\n\n<p><strong>Dise\u00f1o de almacenamiento razonable<\/strong>: La estructura del armario est\u00e1 dise\u00f1ada cient\u00edficamente y proporciona particiones de rejilla m\u00faltiple para satisfacer las necesidades de almacenamiento clasificadas de art\u00edculos de tocador, art\u00edculos de limpieza, etc., y mejorar la eficiencia de uso.<\/p>\n\n\n\n<p><strong>Servicios OEM\/ODM<\/strong>: El tama\u00f1o, el color y la configuraci\u00f3n se pueden personalizar seg\u00fan las necesidades del cliente, adecuado para la decoraci\u00f3n del hogar, espacio comercial, proyectos de ingenier\u00eda y otros escenarios.<\/p>\n\n\n\n<p><strong>Venta directa de f\u00e1brica, precios preferenciales<\/strong>: Suministro directo de f\u00e1brica, calidad del producto y plazo de entrega garantizados, precios m\u00e1s bajos y competitivos. Apoyo a los pedidos de lotes peque\u00f1os y compras al por mayor a granel.<\/p>\n<\/div>\n\n\n\n<div class=\"wp-block-column is-layout-flow wp-block-column-is-layout-flow\"><div class=\"wp-block-image\">\n<figure class=\"aligncenter size-full\"><img decoding=\"async\" width=\"1000\" height=\"1000\" src=\"https:\/\/www.shouyasanitary.com\/wp-content\/uploads\/2025\/04\/Wholesale-Bathroom-Mirror-Vanity-Dark-Grey-Stainless-Steel-Cabinet-Bulk-1-1.webp\" alt=\"Mayorista Espejo de Ba\u00f1o Vanidad, Gris Oscuro Gabinete de Acero Inoxidable a Granel (1)\" class=\"wp-image-1044\" style=\"object-fit:cover\" srcset=\"https:\/\/www.shouyasanitary.com\/wp-content\/uploads\/2025\/04\/Wholesale-Bathroom-Mirror-Vanity-Dark-Grey-Stainless-Steel-Cabinet-Bulk-1-1.webp 1000w, https:\/\/www.shouyasanitary.com\/wp-content\/uploads\/2025\/04\/Wholesale-Bathroom-Mirror-Vanity-Dark-Grey-Stainless-Steel-Cabinet-Bulk-1-1-300x300.webp 300w, https:\/\/www.shouyasanitary.com\/wp-content\/uploads\/2025\/04\/Wholesale-Bathroom-Mirror-Vanity-Dark-Grey-Stainless-Steel-Cabinet-Bulk-1-1-150x150.webp 150w, https:\/\/www.shouyasanitary.com\/wp-content\/uploads\/2025\/04\/Wholesale-Bathroom-Mirror-Vanity-Dark-Grey-Stainless-Steel-Cabinet-Bulk-1-1-768x768.webp 768w, https:\/\/www.shouyasanitary.com\/wp-content\/uploads\/2025\/04\/Wholesale-Bathroom-Mirror-Vanity-Dark-Grey-Stainless-Steel-Cabinet-Bulk-1-1-12x12.webp 12w, https:\/\/www.shouyasanitary.com\/wp-content\/uploads\/2025\/04\/Wholesale-Bathroom-Mirror-Vanity-Dark-Grey-Stainless-Steel-Cabinet-Bulk-1-1-600x600.webp 600w, https:\/\/www.shouyasanitary.com\/wp-content\/uploads\/2025\/04\/Wholesale-Bathroom-Mirror-Vanity-Dark-Grey-Stainless-Steel-Cabinet-Bulk-1-1-100x100.webp 100w\" sizes=\"(max-width: 1000px) 100vw, 1000px\" \/><\/figure>\n<\/div><\/div>\n<\/div>","protected":false},"excerpt":{"rendered":"<p>Venta al por mayor tocador espejo de ba\u00f1o, material de acero inoxidable de alta calidad, con la instalaci\u00f3n montada en la pared, durable y hermoso, adecuado para diversos espacios de ba\u00f1o. Shouya f\u00e1brica de suministro directo, soporte OEM\/ODM personalizaci\u00f3n, p\u00f3ngase en contacto con nosotros para cotizaciones por mayor.<\/p>\n<h2>Espejo de ba\u00f1o Vanidad Atributos\uff1a<\/h2>\n<p><strong>Art\u00edculo No: <\/strong>SY2505<strong><br \/>Material del armario:<\/strong> Acero inoxidable<br \/><strong>Color del armario:<\/strong>Gris oscuro<br \/><strong>Espejo: <\/strong>Espejo LED (3,5 mm\/3,8 mm), iluminaci\u00f3n tricolor, desempa\u00f1ado con un solo toque, protegido con embalaje de espuma multicapa<strong><br \/>Tipo de instalaci\u00f3n: <\/strong>Montaje en pared<br \/><strong>Dimensiones (L\u00d7A\u00d7H):<\/strong> 80*47*47 cm<br \/><strong>Peso bruto:<\/strong> 28kg\/set<\/p>\n<h2>Personalizaci\u00f3n y servicios:<\/h2>\n<p><strong>OEM Y ODM<\/strong>: Soporte<br \/><strong>Dise\u00f1o<\/strong>: Gratis<br \/><strong>Accesorios<\/strong>: Lavabos, espejos, grifos y otros accesorios de ba\u00f1o<br \/><strong>Embalaje<\/strong>: Listo para montar<\/p>","protected":false},"featured_media":1036,"comment_status":"closed","ping_status":"closed","template":"","meta":{"_acf_changed":false},"product_brand":[],"product_cat":[27],"product_tag":[],"class_list":{"0":"post-1000","1":"product","2":"type-product","3":"status-publish","4":"has-post-thumbnail","6":"product_cat-wholesale-stainless-steel-bathroom-vanity-cabinets","8":"first","9":"instock","10":"shipping-taxable","11":"product-type-simple"},"acf":[],"_links":{"self":[{"href":"https:\/\/www.shouyasanitary.com\/es\/wp-json\/wp\/v2\/product\/1000","targetHints":{"allow":["GET"]}}],"collection":[{"href":"https:\/\/www.shouyasanitary.com\/es\/wp-json\/wp\/v2\/product"}],"about":[{"href":"https:\/\/www.shouyasanitary.com\/es\/wp-json\/wp\/v2\/types\/product"}],"replies":[{"embeddable":true,"href":"https:\/\/www.shouyasanitary.com\/es\/wp-json\/wp\/v2\/comments?post=1000"}],"wp:featuredmedia":[{"embeddable":true,"href":"https:\/\/www.shouyasanitary.com\/es\/wp-json\/wp\/v2\/media\/1036"}],"wp:attachment":[{"href":"https:\/\/www.shouyasanitary.com\/es\/wp-json\/wp\/v2\/media?parent=1000"}],"wp:term":[{"taxonomy":"product_brand","embeddable":true,"href":"https:\/\/www.shouyasanitary.com\/es\/wp-json\/wp\/v2\/product_brand?post=1000"},{"taxonomy":"product_cat","embeddable":true,"href":"https:\/\/www.shouyasanitary.com\/es\/wp-json\/wp\/v2\/product_cat?post=1000"},{"taxonomy":"product_tag","embeddable":true,"href":"https:\/\/www.shouyasanitary.com\/es\/wp-json\/wp\/v2\/product_tag?post=1000"}],"curies":[{"name":"wp","href":"https:\/\/api.w.org\/{rel}","templated":true}]}}