{"id":1061,"date":"2025-05-09T07:41:19","date_gmt":"2025-05-09T07:41:19","guid":{"rendered":"https:\/\/www.shouyasanitary.com\/?post_type=product&#038;p=1061"},"modified":"2025-05-13T10:43:10","modified_gmt":"2025-05-13T10:43:10","slug":"vanity-for-bathroom-wholesale","status":"publish","type":"product","link":"https:\/\/www.shouyasanitary.com\/es\/producto\/vanity-for-bathroom-wholesale\/","title":{"rendered":"Tocador Moderno para Ba\u00f1o al por mayor, armarios de ba\u00f1o de madera contrachapada Cutsom"},"content":{"rendered":"<div class=\"wp-block-columns is-layout-flex wp-container-core-columns-is-layout-9d6595d7 wp-block-columns-is-layout-flex\">\n<div class=\"wp-block-column is-layout-flow wp-block-column-is-layout-flow\">\n<h2 class=\"wp-block-heading\">Caracter\u00edsticas del tocador para ba\u00f1o\uff1a<\/h2>\n\n\n\n<p><strong>Dise\u00f1o de aspecto moderno<\/strong>: L\u00edneas simples y forma elegante, adecuado para una variedad de estilos de decoraci\u00f3n de ba\u00f1o, mejorando la textura general del espacio.<\/p>\n\n\n\n<p><strong>Estructura de instalaci\u00f3n mural:<\/strong> Ahorra espacio en el suelo, visualmente m\u00e1s ligero, f\u00e1cil de limpiar y crea un ambiente de ba\u00f1o limpio y ordenado.<\/p>\n\n\n\n<p><strong>Armario con espejo de dise\u00f1o con luz LED de tres colores<\/strong>: Luz c\u00e1lida incorporada, luz neutra, luz fr\u00eda y tres luces ajustables, proporcionan iluminaci\u00f3n y crean diferentes ambientes de ba\u00f1o para satisfacer las necesidades diarias de maquillaje y lavado.<\/p>\n\n\n\n<p><strong>Lavabo de cer\u00e1mica<\/strong>: La superficie del lavabo de cer\u00e1mica cocida a alta temperatura es brillante y delicada, resistente a las manchas y ara\u00f1azos, no es f\u00e1cil ocultar la suciedad, y la limpieza diaria es m\u00e1s f\u00e1cil.<\/p>\n\n\n\n<p><strong>Armario de doble puerta<\/strong>: El espacio interior es amplio, y los art\u00edculos de aseo, utensilios de limpieza, etc. se pueden guardar por categor\u00edas para mantener el ba\u00f1o limpio y ordenado.<\/p>\n\n\n\n<p><strong>Material de madera maciza preferido:<\/strong> Seleccione madera maciza de alta calidad, textura natural, textura c\u00e1lida, tanto la protecci\u00f3n del medio ambiente y la est\u00e9tica, lo que refleja el sentido de la personalizaci\u00f3n de gama alta.<\/p>\n\n\n\n<p><strong>Venta directa de f\u00e1brica<\/strong>s: Suministro directo del fabricante de origen, lo que reduce los costes intermedios y proporciona precios m\u00e1s competitivos al tiempo que garantiza la calidad. Adecuado para compras al por mayor y necesidades de cooperaci\u00f3n en proyectos, con personalizaci\u00f3n flexible y plazo de entrega estable.<\/p>\n<\/div>\n\n\n\n<div class=\"wp-block-column is-layout-flow wp-block-column-is-layout-flow\"><div class=\"wp-block-image\">\n<figure class=\"aligncenter size-full\"><img decoding=\"async\" width=\"876\" height=\"875\" src=\"https:\/\/www.shouyasanitary.com\/wp-content\/uploads\/2025\/05\/Vanity-for-Bathroom-Wholesale-High-quality-Design-Plywood-Bathroom-Cabinets-Cutsom-1.webp\" alt=\"Tocador de ba\u00f1o al por mayor de alta calidad de dise\u00f1o de madera contrachapada gabinetes de ba\u00f1o Cutsom (1)\" class=\"wp-image-1062\" style=\"object-fit:cover\" srcset=\"https:\/\/www.shouyasanitary.com\/wp-content\/uploads\/2025\/05\/Vanity-for-Bathroom-Wholesale-High-quality-Design-Plywood-Bathroom-Cabinets-Cutsom-1.webp 876w, https:\/\/www.shouyasanitary.com\/wp-content\/uploads\/2025\/05\/Vanity-for-Bathroom-Wholesale-High-quality-Design-Plywood-Bathroom-Cabinets-Cutsom-1-300x300.webp 300w, https:\/\/www.shouyasanitary.com\/wp-content\/uploads\/2025\/05\/Vanity-for-Bathroom-Wholesale-High-quality-Design-Plywood-Bathroom-Cabinets-Cutsom-1-150x150.webp 150w, https:\/\/www.shouyasanitary.com\/wp-content\/uploads\/2025\/05\/Vanity-for-Bathroom-Wholesale-High-quality-Design-Plywood-Bathroom-Cabinets-Cutsom-1-768x767.webp 768w, https:\/\/www.shouyasanitary.com\/wp-content\/uploads\/2025\/05\/Vanity-for-Bathroom-Wholesale-High-quality-Design-Plywood-Bathroom-Cabinets-Cutsom-1-12x12.webp 12w, https:\/\/www.shouyasanitary.com\/wp-content\/uploads\/2025\/05\/Vanity-for-Bathroom-Wholesale-High-quality-Design-Plywood-Bathroom-Cabinets-Cutsom-1-600x599.webp 600w, https:\/\/www.shouyasanitary.com\/wp-content\/uploads\/2025\/05\/Vanity-for-Bathroom-Wholesale-High-quality-Design-Plywood-Bathroom-Cabinets-Cutsom-1-100x100.webp 100w\" sizes=\"(max-width: 876px) 100vw, 876px\" \/><\/figure>\n<\/div><\/div>\n<\/div>","protected":false},"excerpt":{"rendered":"<p>Tocador moderno para ba\u00f1o al por mayor, estructura montada en la pared, con un espejo LED, lavabo de cer\u00e1mica, etc., duradero y hermoso, adecuado para cualquier estilo de ba\u00f1o. Suministro de f\u00e1brica, precios al por mayor. P\u00f3ngase en contacto con nosotros para una consulta.<\/p>\n<h2>Atributos del tocador para ba\u00f1o\uff1a<\/h2>\n<p><strong>Art\u00edculo No: <\/strong>NS24-80<strong><br \/>Material del armario:<\/strong>\u00a0Contrachapado<br \/><strong>Color del armario:<\/strong> Gris oscuro<br \/><strong>Espejo:<\/strong> Espejo LED (3,5 mm\/3,8 mm), iluminaci\u00f3n tricolor, desempa\u00f1ado con un solo toque, protegido con embalaje de espuma multicapa<br \/><strong>Tipo de instalaci\u00f3n:<\/strong>\u00a0Montaje en pared<br \/><strong>Dimensiones (L\u00d7A\u00d7H):<\/strong> 80x47x48 cm<br \/><strong>Peso bruto:<\/strong> 28kg\/set<\/p>\n<h2>Personalizaci\u00f3n y servicios:<\/h2>\n<p><strong>OEM Y ODM<\/strong>: Soporte<br \/><strong>Dise\u00f1o<\/strong>: Gratis<br \/><strong>Accesorios<\/strong>: Lavabos, espejos, grifos y otros accesorios de ba\u00f1o<br \/><strong>Embalaje<\/strong>: Listo para montar<\/p>","protected":false},"featured_media":1062,"comment_status":"closed","ping_status":"closed","template":"","meta":{"_acf_changed":false},"product_brand":[],"product_cat":[20],"product_tag":[],"class_list":{"0":"post-1061","1":"product","2":"type-product","3":"status-publish","4":"has-post-thumbnail","6":"product_cat-wholesale-plywood-bathroom-vanity-cabinets","8":"first","9":"instock","10":"shipping-taxable","11":"product-type-simple"},"acf":[],"_links":{"self":[{"href":"https:\/\/www.shouyasanitary.com\/es\/wp-json\/wp\/v2\/product\/1061","targetHints":{"allow":["GET"]}}],"collection":[{"href":"https:\/\/www.shouyasanitary.com\/es\/wp-json\/wp\/v2\/product"}],"about":[{"href":"https:\/\/www.shouyasanitary.com\/es\/wp-json\/wp\/v2\/types\/product"}],"replies":[{"embeddable":true,"href":"https:\/\/www.shouyasanitary.com\/es\/wp-json\/wp\/v2\/comments?post=1061"}],"wp:featuredmedia":[{"embeddable":true,"href":"https:\/\/www.shouyasanitary.com\/es\/wp-json\/wp\/v2\/media\/1062"}],"wp:attachment":[{"href":"https:\/\/www.shouyasanitary.com\/es\/wp-json\/wp\/v2\/media?parent=1061"}],"wp:term":[{"taxonomy":"product_brand","embeddable":true,"href":"https:\/\/www.shouyasanitary.com\/es\/wp-json\/wp\/v2\/product_brand?post=1061"},{"taxonomy":"product_cat","embeddable":true,"href":"https:\/\/www.shouyasanitary.com\/es\/wp-json\/wp\/v2\/product_cat?post=1061"},{"taxonomy":"product_tag","embeddable":true,"href":"https:\/\/www.shouyasanitary.com\/es\/wp-json\/wp\/v2\/product_tag?post=1061"}],"curies":[{"name":"wp","href":"https:\/\/api.w.org\/{rel}","templated":true}]}}