{"id":1065,"date":"2025-05-09T07:35:53","date_gmt":"2025-05-09T07:35:53","guid":{"rendered":"https:\/\/www.shouyasanitary.com\/?post_type=product&#038;p=1065"},"modified":"2025-05-13T10:41:34","modified_gmt":"2025-05-13T10:41:34","slug":"wholesale-vanities-for-bathroom","status":"publish","type":"product","link":"https:\/\/www.shouyasanitary.com\/es\/producto\/wholesale-vanities-for-bathroom\/","title":{"rendered":"Mayorista Tocadores para Ba\u00f1o con Espejo y Lavabo, Armarios a Medida Ba\u00f1o"},"content":{"rendered":"<div class=\"wp-block-columns is-layout-flex wp-container-core-columns-is-layout-9d6595d7 wp-block-columns-is-layout-flex\">\n<div class=\"wp-block-column is-layout-flow wp-block-column-is-layout-flow\">\n<h2 class=\"wp-block-heading\">Caracter\u00edsticas de los tocadores para ba\u00f1o:<\/h2>\n\n\n\n<p><strong>Material contrachapado de alta calidad<\/strong>: el material de contrachapado mejora la capacidad de carga y la estabilidad estructural, es duradero, a prueba de humedad y f\u00e1cil de limpiar.<\/p>\n\n\n\n<p><strong>Est\u00e9tica minimalista moderna<\/strong>\uff1a el esquema de color blanco puro emparejado con l\u00edneas simples es limpio y elegante, combinando perfectamente con varios estilos de decoraci\u00f3n de ba\u00f1o.<\/p>\n\n\n\n<p><strong>Dise\u00f1o de la configuraci\u00f3n de iluminaci\u00f3n<\/strong>\uff1a la tira de luz por encima del armario con espejo emite una luz suave y brillante, satisface las necesidades de iluminaci\u00f3n para el lavado y el maquillaje y crea un ambiente c\u00e1lido y confortable para el ba\u00f1o, es la opci\u00f3n ideal para ba\u00f1os modernos.<\/p>\n\n\n\n<p><strong>Fregadero de cer\u00e1mica<\/strong>Cer\u00e1mica cocida a alta temperatura, de gran dureza, resistente a los ara\u00f1azos y sin manchas de agua ni ara\u00f1azos en la superficie.<\/p>\n\n\n\n<p><strong>Servicios personalizados de apoyo<\/strong>Admite m\u00faltiples personalizaciones, como el color, el tama\u00f1o, el logotipo, el material, etc., para satisfacer las necesidades de distintos proyectos de decoraci\u00f3n.<\/p>\n\n\n\n<p><strong>Aplicable a m\u00faltiples escenarios<\/strong>: Producci\u00f3n estandarizada, f\u00e1cil instalaci\u00f3n y acoplamiento, varios tama\u00f1os y estilos disponibles, adecuados para diferentes escenarios como el hogar, el hotel y el apartamento.<\/p>\n<\/div>\n\n\n\n<div class=\"wp-block-column is-layout-flow wp-block-column-is-layout-flow\"><div class=\"wp-block-image\">\n<figure class=\"aligncenter size-full\"><img decoding=\"async\" width=\"1000\" height=\"1000\" src=\"https:\/\/www.shouyasanitary.com\/wp-content\/uploads\/2025\/05\/Wholesale-Vanities-for-Bathrooms-with-Mirror-Wash-Basin-1.webp\" alt=\"Mayorista Tocadores de Ba\u00f1o con Espejo Lavabo (1)\" class=\"wp-image-1069\" style=\"object-fit:cover\" srcset=\"https:\/\/www.shouyasanitary.com\/wp-content\/uploads\/2025\/05\/Wholesale-Vanities-for-Bathrooms-with-Mirror-Wash-Basin-1.webp 1000w, https:\/\/www.shouyasanitary.com\/wp-content\/uploads\/2025\/05\/Wholesale-Vanities-for-Bathrooms-with-Mirror-Wash-Basin-1-300x300.webp 300w, https:\/\/www.shouyasanitary.com\/wp-content\/uploads\/2025\/05\/Wholesale-Vanities-for-Bathrooms-with-Mirror-Wash-Basin-1-150x150.webp 150w, https:\/\/www.shouyasanitary.com\/wp-content\/uploads\/2025\/05\/Wholesale-Vanities-for-Bathrooms-with-Mirror-Wash-Basin-1-768x768.webp 768w, https:\/\/www.shouyasanitary.com\/wp-content\/uploads\/2025\/05\/Wholesale-Vanities-for-Bathrooms-with-Mirror-Wash-Basin-1-12x12.webp 12w, https:\/\/www.shouyasanitary.com\/wp-content\/uploads\/2025\/05\/Wholesale-Vanities-for-Bathrooms-with-Mirror-Wash-Basin-1-600x600.webp 600w, https:\/\/www.shouyasanitary.com\/wp-content\/uploads\/2025\/05\/Wholesale-Vanities-for-Bathrooms-with-Mirror-Wash-Basin-1-100x100.webp 100w\" sizes=\"(max-width: 1000px) 100vw, 1000px\" \/><\/figure>\n<\/div><\/div>\n<\/div>","protected":false},"excerpt":{"rendered":"<p>Bienvenido a la venta al por mayor de tocadores para ba\u00f1o con espejo LED, lavabo de cer\u00e1mica, grifo, etc. Elegante dise\u00f1o blanco, suministro directo de un fabricante chino de tocador de ba\u00f1o, y el apoyo a las opciones de personalizaci\u00f3n r\u00e1pida. Bluk est\u00e1 en stock, env\u00edo r\u00e1pido. \u00a1P\u00f3ngase en contacto con nosotros hoy para obtener su soluci\u00f3n de mueble de ba\u00f1o!<\/p>\n<h2>Atributos de los tocadores para ba\u00f1o\uff1a<\/h2>\n<p><strong>Art\u00edculo No: <\/strong>NS06-80<strong><br \/>Material del armario:<\/strong> Contrachapado<br \/><strong>Color del armario:<\/strong> Plateado<br \/><strong>Espejo:<\/strong>\u00a0Espejo LED (3,5 mm \/ 3,8 mm), iluminaci\u00f3n tricolor, desempa\u00f1ado con un solo toque, protegido con embalaje de espuma multicapa<br \/><strong>Tipo de instalaci\u00f3n:<\/strong>\u00a0Montaje en pared<br \/><strong>Dimensiones (L \u00d7 A \u00d7 A):<\/strong> 80 x 47 x 48 cm<br \/><strong>Peso bruto:<\/strong> 28kg\/set<\/p>\n<h2>Personalizaci\u00f3n y servicios:<\/h2>\n<p><strong>OEM Y ODM<\/strong>: Soporte<br \/><strong>Dise\u00f1o<\/strong>: Gratis<br \/><strong>Accesorios<\/strong>: Lavabos, espejos, grifos y otros accesorios de ba\u00f1o<br \/><strong>Embalaje<\/strong>: Listo para montar<\/p>","protected":false},"featured_media":1069,"comment_status":"closed","ping_status":"closed","template":"","meta":{"_acf_changed":false},"product_brand":[],"product_cat":[20],"product_tag":[],"class_list":{"0":"post-1065","1":"product","2":"type-product","3":"status-publish","4":"has-post-thumbnail","6":"product_cat-wholesale-plywood-bathroom-vanity-cabinets","8":"first","9":"instock","10":"shipping-taxable","11":"product-type-simple"},"acf":[],"_links":{"self":[{"href":"https:\/\/www.shouyasanitary.com\/es\/wp-json\/wp\/v2\/product\/1065","targetHints":{"allow":["GET"]}}],"collection":[{"href":"https:\/\/www.shouyasanitary.com\/es\/wp-json\/wp\/v2\/product"}],"about":[{"href":"https:\/\/www.shouyasanitary.com\/es\/wp-json\/wp\/v2\/types\/product"}],"replies":[{"embeddable":true,"href":"https:\/\/www.shouyasanitary.com\/es\/wp-json\/wp\/v2\/comments?post=1065"}],"wp:featuredmedia":[{"embeddable":true,"href":"https:\/\/www.shouyasanitary.com\/es\/wp-json\/wp\/v2\/media\/1069"}],"wp:attachment":[{"href":"https:\/\/www.shouyasanitary.com\/es\/wp-json\/wp\/v2\/media?parent=1065"}],"wp:term":[{"taxonomy":"product_brand","embeddable":true,"href":"https:\/\/www.shouyasanitary.com\/es\/wp-json\/wp\/v2\/product_brand?post=1065"},{"taxonomy":"product_cat","embeddable":true,"href":"https:\/\/www.shouyasanitary.com\/es\/wp-json\/wp\/v2\/product_cat?post=1065"},{"taxonomy":"product_tag","embeddable":true,"href":"https:\/\/www.shouyasanitary.com\/es\/wp-json\/wp\/v2\/product_tag?post=1065"}],"curies":[{"name":"wp","href":"https:\/\/api.w.org\/{rel}","templated":true}]}}