{"id":1076,"date":"2025-05-09T06:48:19","date_gmt":"2025-05-09T06:48:19","guid":{"rendered":"https:\/\/www.shouyasanitary.com\/?post_type=product&#038;p=1076"},"modified":"2025-05-13T10:38:23","modified_gmt":"2025-05-13T10:38:23","slug":"custom-bathroom-vanities-with-sink","status":"publish","type":"product","link":"https:\/\/www.shouyasanitary.com\/es\/producto\/custom-bathroom-vanities-with-sink\/","title":{"rendered":"Tocadores de Ba\u00f1o a Medida con Lavabo, Mayorista Armarios de Madera Contrachapada Gris Oscuro Ba\u00f1o"},"content":{"rendered":"<div class=\"wp-block-columns is-layout-flex wp-container-core-columns-is-layout-9d6595d7 wp-block-columns-is-layout-flex\">\n<div class=\"wp-block-column is-layout-flow wp-block-column-is-layout-flow\">\n<h2 class=\"wp-block-heading\">Caracter\u00edsticas:<\/h2>\n\n\n\n<p><strong>Estilo minimalista moderno<\/strong>se caracteriza principalmente por un tono gris sencillo, con l\u00edneas limpias y suaves, que muestran un estilo minimalista moderno. Tanto si se combina con un espacio de ba\u00f1o minimalista o de lujo luminoso, puede complementarse entre s\u00ed.<\/p>\n\n\n\n<p><strong>Material impermeable duradero: <\/strong>El mueble est\u00e1 fabricado con tablero de alta calidad y ha sido sometido a un tratamiento impermeable especial, resistiendo eficazmente las salpicaduras de agua durante el lavado diario. Las tiras de luz situadas encima y debajo del armario con espejo se han dise\u00f1ado teniendo en cuenta el entorno h\u00famedo del cuarto de ba\u00f1o y son resistentes al agua.<\/p>\n\n\n\n<p><strong>Material cer\u00e1mico de alta calidad<\/strong>: El lavabo est\u00e1 hecho de material cer\u00e1mico, que tiene una textura delicada, una superficie lisa y f\u00e1cil de limpiar, es duradero y resistente al desgaste, y no es f\u00e1cil de rayar incluso despu\u00e9s de un uso prolongado.<\/p>\n\n\n\n<p><strong>Armario con espejo de dise\u00f1o integrado<\/strong>Equipado con espejo y espacio de almacenamiento, es pr\u00e1ctico y funcional para satisfacer las necesidades diarias de aseo y almacenamiento.<\/p>\n\n\n\n<p><strong>Sistema de iluminaci\u00f3n LED inteligente de tres colores<\/strong>: El armario con espejo est\u00e1 equipado con una tira de luz suave, utiliza un simple bot\u00f3n t\u00e1ctil, es de manejo intuitivo, admite el ajuste de fuente de luz de tres colores y proporciona suficiente iluminaci\u00f3n de fuente de luz para satisfacer diferentes escenarios de uso y requisitos de atm\u00f3sfera.<\/p>\n\n\n\n<p><strong>Adaptaci\u00f3n a m\u00faltiples escenarios<\/strong>: El aspecto del tocador es sencillo y moderno, y las m\u00faltiples funciones satisfacen las necesidades de uso del cuarto de ba\u00f1o. Es adecuado para diversos lugares de ba\u00f1o, como residencias, hoteles y apartamentos de alquiler.<\/p>\n\n\n\n<p><strong>Venta directa de f\u00e1brica, mejor precio<\/strong>: La f\u00e1brica de origen Shouya produce de forma independiente, controla estrictamente la calidad, produce en grandes cantidades, conecta directamente con los clientes, no tiene eslabones intermedios y tiene competitividad de precios.<\/p>\n<\/div>\n\n\n\n<div class=\"wp-block-column is-layout-flow wp-block-column-is-layout-flow\"><div class=\"wp-block-image\">\n<figure class=\"aligncenter size-full\"><img decoding=\"async\" width=\"954\" height=\"954\" src=\"https:\/\/www.shouyasanitary.com\/wp-content\/uploads\/2025\/05\/Custom-Bathroom-Vanities-with-Sink-Wholesale-Dark-Grey-Plywood-Cabinets-Bathroom-1.webp\" alt=\"Tocadores de ba\u00f1o con lavabo al por mayor de madera contrachapada de color gris oscuro Gabinetes de ba\u00f1o (1)\" class=\"wp-image-1077\" style=\"object-fit:cover\" srcset=\"https:\/\/www.shouyasanitary.com\/wp-content\/uploads\/2025\/05\/Custom-Bathroom-Vanities-with-Sink-Wholesale-Dark-Grey-Plywood-Cabinets-Bathroom-1.webp 954w, https:\/\/www.shouyasanitary.com\/wp-content\/uploads\/2025\/05\/Custom-Bathroom-Vanities-with-Sink-Wholesale-Dark-Grey-Plywood-Cabinets-Bathroom-1-300x300.webp 300w, https:\/\/www.shouyasanitary.com\/wp-content\/uploads\/2025\/05\/Custom-Bathroom-Vanities-with-Sink-Wholesale-Dark-Grey-Plywood-Cabinets-Bathroom-1-150x150.webp 150w, https:\/\/www.shouyasanitary.com\/wp-content\/uploads\/2025\/05\/Custom-Bathroom-Vanities-with-Sink-Wholesale-Dark-Grey-Plywood-Cabinets-Bathroom-1-768x768.webp 768w, https:\/\/www.shouyasanitary.com\/wp-content\/uploads\/2025\/05\/Custom-Bathroom-Vanities-with-Sink-Wholesale-Dark-Grey-Plywood-Cabinets-Bathroom-1-12x12.webp 12w, https:\/\/www.shouyasanitary.com\/wp-content\/uploads\/2025\/05\/Custom-Bathroom-Vanities-with-Sink-Wholesale-Dark-Grey-Plywood-Cabinets-Bathroom-1-600x600.webp 600w, https:\/\/www.shouyasanitary.com\/wp-content\/uploads\/2025\/05\/Custom-Bathroom-Vanities-with-Sink-Wholesale-Dark-Grey-Plywood-Cabinets-Bathroom-1-100x100.webp 100w\" sizes=\"(max-width: 954px) 100vw, 954px\" \/><\/figure>\n<\/div><\/div>\n<\/div>","protected":false},"excerpt":{"rendered":"<p>Bienvenido a la costumbre tocadores de ba\u00f1o, un dise\u00f1o moderno gris simple, adecuado para diversos estilos de ba\u00f1o. Madera contrachapada a prueba de agua con lavabo de cer\u00e1mica, armario con espejo de almacenamiento integrado y tira de luz LED, duradero y hermoso. Apoyar la venta directa de f\u00e1brica y personalizaci\u00f3n. \u00a1P\u00f3ngase en contacto con nosotros para obtener una cotizaci\u00f3n!<\/p>\n<h2>Atributos de los tocadores de ba\u00f1o\uff1a<\/h2>\n<p><strong>Art\u00edculo No: <\/strong>NS22-80<strong><br \/>Material del armario<\/strong>: Contrachapado<br \/><strong>Color del armario:<\/strong> Gris oscuro<br \/><strong>Espejo:<\/strong> Espejo LED (3,5 mm \/ 3,8 mm), iluminaci\u00f3n tricolor, desempa\u00f1ado con un solo toque, protegido con embalaje de espuma multicapa<br \/><strong>Tipo de instalaci\u00f3n:<\/strong> Montaje en pared<br \/><strong>Dimensiones (L \u00d7 A \u00d7 A):<\/strong> 80 x 47 x 48 cm<br \/><strong>Peso bruto:<\/strong> 28kg\/set<\/p>\n<h2>Personalizaci\u00f3n y servicios:<\/h2>\n<p><strong>OEM Y ODM<\/strong>: Soporte<br \/><strong>Dise\u00f1o<\/strong>: Gratis<br \/><strong>Accesorios<\/strong>: Lavabos, espejos, grifos y otros accesorios de ba\u00f1o<br \/><strong>Embalaje<\/strong>: Listo para montar<\/p>","protected":false},"featured_media":1077,"comment_status":"closed","ping_status":"closed","template":"","meta":{"_acf_changed":false},"product_brand":[],"product_cat":[20],"product_tag":[],"class_list":{"0":"post-1076","1":"product","2":"type-product","3":"status-publish","4":"has-post-thumbnail","6":"product_cat-wholesale-plywood-bathroom-vanity-cabinets","8":"first","9":"instock","10":"shipping-taxable","11":"product-type-simple"},"acf":[],"_links":{"self":[{"href":"https:\/\/www.shouyasanitary.com\/es\/wp-json\/wp\/v2\/product\/1076","targetHints":{"allow":["GET"]}}],"collection":[{"href":"https:\/\/www.shouyasanitary.com\/es\/wp-json\/wp\/v2\/product"}],"about":[{"href":"https:\/\/www.shouyasanitary.com\/es\/wp-json\/wp\/v2\/types\/product"}],"replies":[{"embeddable":true,"href":"https:\/\/www.shouyasanitary.com\/es\/wp-json\/wp\/v2\/comments?post=1076"}],"wp:featuredmedia":[{"embeddable":true,"href":"https:\/\/www.shouyasanitary.com\/es\/wp-json\/wp\/v2\/media\/1077"}],"wp:attachment":[{"href":"https:\/\/www.shouyasanitary.com\/es\/wp-json\/wp\/v2\/media?parent=1076"}],"wp:term":[{"taxonomy":"product_brand","embeddable":true,"href":"https:\/\/www.shouyasanitary.com\/es\/wp-json\/wp\/v2\/product_brand?post=1076"},{"taxonomy":"product_cat","embeddable":true,"href":"https:\/\/www.shouyasanitary.com\/es\/wp-json\/wp\/v2\/product_cat?post=1076"},{"taxonomy":"product_tag","embeddable":true,"href":"https:\/\/www.shouyasanitary.com\/es\/wp-json\/wp\/v2\/product_tag?post=1076"}],"curies":[{"name":"wp","href":"https:\/\/api.w.org\/{rel}","templated":true}]}}