{"id":1080,"date":"2025-05-09T06:40:24","date_gmt":"2025-05-09T06:40:24","guid":{"rendered":"https:\/\/www.shouyasanitary.com\/?post_type=product&#038;p=1080"},"modified":"2025-05-13T10:36:28","modified_gmt":"2025-05-13T10:36:28","slug":"bathroom-vanity-custom","status":"publish","type":"product","link":"https:\/\/www.shouyasanitary.com\/es\/producto\/bathroom-vanity-custom\/","title":{"rendered":"Tocador de madera contrachapada a medida, mueble de ba\u00f1o moderno con espejo a granel"},"content":{"rendered":"<div class=\"wp-block-columns is-layout-flex wp-container-core-columns-is-layout-9d6595d7 wp-block-columns-is-layout-flex\">\n<div class=\"wp-block-column is-layout-flow wp-block-column-is-layout-flow\">\n<h2 class=\"wp-block-heading\">Caracter\u00edsticas del lavabo:<\/h2>\n\n\n\n<p><strong>Armario con espejo multifuncional: <\/strong>Equipado con un espejo de maquillaje, pr\u00e1ctico para el maquillaje diario y el cuidado de la piel. El espacio interior es amplio y est\u00e1 bien dividido. Hay un \u00e1rea de almacenamiento de pa\u00f1uelos, que es f\u00e1cil de tomar y poner para satisfacer las necesidades de uso diario.<\/p>\n\n\n\n<p><strong>Excelente dise\u00f1o del armario principal<\/strong>El caj\u00f3n doble proporciona un amplio espacio de almacenamiento. Puede contener una gran cantidad de art\u00edculos de tocador y necesidades diarias, y el caj\u00f3n tiene una experiencia de apertura y cierre suave, por lo que es f\u00e1cil y c\u00f3modo de usar.<\/p>\n\n\n\n<p><strong>Aspecto sencillo y moderno<\/strong>\uff1a El aspecto general moderno es perfectamente compatible con varios estilos de decoraci\u00f3n de ba\u00f1os. Se hace hincapi\u00e9 en los materiales impermeables y a prueba de humedad, que pueden hacer frente a ambientes de ba\u00f1o h\u00famedos y son duraderos.<\/p>\n\n\n\n<p><strong>Material duradero y resistente a la humedad<\/strong>: La encimera de cer\u00e1mica puede limpiarse con una sola bayeta, y el cuerpo del mueble es de madera contrachapada resistente a la humedad. Los bordes y las esquinas est\u00e1n redondeados para reducir los golpes.<\/p>\n\n\n\n<p><strong>Mueble de ba\u00f1o de pared<\/strong>: El dise\u00f1o montado en la pared es flexible de instalar, y la posici\u00f3n de instalaci\u00f3n se puede ajustar seg\u00fan los h\u00e1bitos de uso y la altura del espacio para mejorar la comodidad.<\/p>\n\n\n\n<p><br><strong>Servicios personalizados de apoyo<\/strong>: Tama\u00f1o, color y configuraci\u00f3n funcional personalizados seg\u00fan las necesidades del cliente, estricto control de calidad, para satisfacer las diversas necesidades del mercado del ba\u00f1o.<\/p>\n<\/div>\n\n\n\n<div class=\"wp-block-column is-layout-flow wp-block-column-is-layout-flow\"><div class=\"wp-block-image\">\n<figure class=\"aligncenter size-full\"><img decoding=\"async\" width=\"877\" height=\"877\" src=\"https:\/\/www.shouyasanitary.com\/wp-content\/uploads\/2025\/05\/Dark-Grey-Bathroom-Vanity-Custom-Plywood-Modern-Bathroom-Cabinet-1.webp\" alt=\"Gris oscuro tocador de ba\u00f1o personalizado, contrachapado moderno gabinete de ba\u00f1o (1)\" class=\"wp-image-1085\" style=\"object-fit:cover\" srcset=\"https:\/\/www.shouyasanitary.com\/wp-content\/uploads\/2025\/05\/Dark-Grey-Bathroom-Vanity-Custom-Plywood-Modern-Bathroom-Cabinet-1.webp 877w, https:\/\/www.shouyasanitary.com\/wp-content\/uploads\/2025\/05\/Dark-Grey-Bathroom-Vanity-Custom-Plywood-Modern-Bathroom-Cabinet-1-300x300.webp 300w, https:\/\/www.shouyasanitary.com\/wp-content\/uploads\/2025\/05\/Dark-Grey-Bathroom-Vanity-Custom-Plywood-Modern-Bathroom-Cabinet-1-150x150.webp 150w, https:\/\/www.shouyasanitary.com\/wp-content\/uploads\/2025\/05\/Dark-Grey-Bathroom-Vanity-Custom-Plywood-Modern-Bathroom-Cabinet-1-768x768.webp 768w, https:\/\/www.shouyasanitary.com\/wp-content\/uploads\/2025\/05\/Dark-Grey-Bathroom-Vanity-Custom-Plywood-Modern-Bathroom-Cabinet-1-12x12.webp 12w, https:\/\/www.shouyasanitary.com\/wp-content\/uploads\/2025\/05\/Dark-Grey-Bathroom-Vanity-Custom-Plywood-Modern-Bathroom-Cabinet-1-600x600.webp 600w, https:\/\/www.shouyasanitary.com\/wp-content\/uploads\/2025\/05\/Dark-Grey-Bathroom-Vanity-Custom-Plywood-Modern-Bathroom-Cabinet-1-100x100.webp 100w\" sizes=\"(max-width: 877px) 100vw, 877px\" \/><\/figure>\n<\/div><\/div>\n<\/div>","protected":false},"excerpt":{"rendered":"<p>Tocador de ba\u00f1o personalizado, material a prueba de humedad y dise\u00f1o montado en la pared, con un armario con espejo multifuncional, encimera de cer\u00e1mica y cajones dobles, vers\u00e1til, duradero. Apoyar el servicio de personalizaci\u00f3n y venta al por mayor. Bienvenido a obtener una cotizaci\u00f3n.<\/p>\n<h2>Atributos del lavabo\uff1a<\/h2>\n<p><strong>Art\u00edculo No: <\/strong>NS25-80<strong><br \/>Material del armario:<\/strong> Contrachapado<br \/><strong>Color del armario:<\/strong> Gris oscuro<br \/><strong>Espejo:<\/strong>\u00a0Espejo LED (3,5 mm \/ 3,8 mm), iluminaci\u00f3n tricolor, desempa\u00f1ado con un solo toque, protegido con embalaje de espuma multicapa<br \/><strong>Tipo de instalaci\u00f3n:<\/strong>\u00a0Montaje en pared<br \/><strong>Dimensiones (L \u00d7 A \u00d7 A):<\/strong> 80 x 47 x 48 cm<br \/><strong>Peso bruto:<\/strong> 28kg\/set<\/p>\n<h2>Personalizaci\u00f3n y servicios:<\/h2>\n<p><strong>OEM Y ODM<\/strong>: Soporte<br \/><strong>Dise\u00f1o<\/strong>: Gratis<br \/><strong>Accesorios<\/strong>: Lavabos, espejos, grifos y otros accesorios de ba\u00f1o<br \/><strong>Embalaje<\/strong>: Listo para montar<\/p>","protected":false},"featured_media":1085,"comment_status":"closed","ping_status":"closed","template":"","meta":{"_acf_changed":false},"product_brand":[],"product_cat":[20],"product_tag":[],"class_list":{"0":"post-1080","1":"product","2":"type-product","3":"status-publish","4":"has-post-thumbnail","6":"product_cat-wholesale-plywood-bathroom-vanity-cabinets","8":"first","9":"instock","10":"shipping-taxable","11":"product-type-simple"},"acf":[],"_links":{"self":[{"href":"https:\/\/www.shouyasanitary.com\/es\/wp-json\/wp\/v2\/product\/1080","targetHints":{"allow":["GET"]}}],"collection":[{"href":"https:\/\/www.shouyasanitary.com\/es\/wp-json\/wp\/v2\/product"}],"about":[{"href":"https:\/\/www.shouyasanitary.com\/es\/wp-json\/wp\/v2\/types\/product"}],"replies":[{"embeddable":true,"href":"https:\/\/www.shouyasanitary.com\/es\/wp-json\/wp\/v2\/comments?post=1080"}],"wp:featuredmedia":[{"embeddable":true,"href":"https:\/\/www.shouyasanitary.com\/es\/wp-json\/wp\/v2\/media\/1085"}],"wp:attachment":[{"href":"https:\/\/www.shouyasanitary.com\/es\/wp-json\/wp\/v2\/media?parent=1080"}],"wp:term":[{"taxonomy":"product_brand","embeddable":true,"href":"https:\/\/www.shouyasanitary.com\/es\/wp-json\/wp\/v2\/product_brand?post=1080"},{"taxonomy":"product_cat","embeddable":true,"href":"https:\/\/www.shouyasanitary.com\/es\/wp-json\/wp\/v2\/product_cat?post=1080"},{"taxonomy":"product_tag","embeddable":true,"href":"https:\/\/www.shouyasanitary.com\/es\/wp-json\/wp\/v2\/product_tag?post=1080"}],"curies":[{"name":"wp","href":"https:\/\/api.w.org\/{rel}","templated":true}]}}