{"id":1113,"date":"2025-05-22T16:40:03","date_gmt":"2025-05-22T16:40:03","guid":{"rendered":"https:\/\/www.shouyasanitary.com\/?post_type=product&#038;p=1113"},"modified":"2025-05-22T16:40:10","modified_gmt":"2025-05-22T16:40:10","slug":"custom-vanities-for-bathrooms","status":"publish","type":"product","link":"https:\/\/www.shouyasanitary.com\/es\/producto\/custom-vanities-for-bathrooms\/","title":{"rendered":"Tocadores a medida para cuartos de ba\u00f1o, mueble de ba\u00f1o moderno de PVC gris al por mayor"},"content":{"rendered":"<div class=\"wp-block-columns is-layout-flex wp-container-core-columns-is-layout-9d6595d7 wp-block-columns-is-layout-flex\">\n<div class=\"wp-block-column is-layout-flow wp-block-column-is-layout-flow\">\n<h2 class=\"wp-block-heading\">Caracter\u00edsticas de los tocadores para ba\u00f1os\uff1a<\/h2>\n\n\n\n<p><strong>Estilo moderno y sencillo<\/strong>con l\u00edneas suaves y un vers\u00e1til tono blanco. Se integra f\u00e1cilmente en diversos estilos de decoraci\u00f3n, realzando el atractivo est\u00e9tico general del cuarto de ba\u00f1o.<\/p>\n\n\n\n<p><strong>Gran capacidad de almacenamiento<\/strong>: Los estantes abiertos de rejilla m\u00faltiple superiores pueden almacenar cosm\u00e9ticos y art\u00edculos de tocador diarios para un f\u00e1cil acceso. La parte inferior est\u00e1 equipada con puertas de armario y cajones para facilitar el almacenamiento de art\u00edculos diversos, manteniendo limpia la encimera.<\/p>\n\n\n\n<p><strong>Armario con espejo multifuncional<\/strong>: El dise\u00f1o rectangular de la superficie del espejo garantiza un reflejo n\u00edtido sin \u00e1ngulos muertos. El lateral reserva espacio de almacenamiento, por lo que resulta m\u00e1s c\u00f3modo colocar objetos peque\u00f1os.<\/p>\n\n\n\n<p><strong>Material de PVC de alta calidad\uff1a <\/strong>El PVC es impermeable y a prueba de humedad, duradero, bonito y adecuado para todo tipo de cuartos de ba\u00f1o h\u00famedos.<\/p>\n\n\n\n<p><strong>F\u00e1cil de limpiar<\/strong>: Con una superficie lisa y plana, no es f\u00e1cil que se adhieran el polvo y las manchas de agua. La limpieza diaria solo requiere pasar suavemente un pa\u00f1o h\u00famedo, lo que reduce los costes y el tiempo de limpieza.<\/p>\n\n\n\n<p><strong>Personalizaci\u00f3n flexible<\/strong>: admite servicios personalizados como m\u00faltiples tama\u00f1os, colores, configuraciones y embalajes para satisfacer diversas necesidades como el uso dom\u00e9stico, el uso comercial y el uso en ingenier\u00eda.<\/p>\n<\/div>\n\n\n\n<div class=\"wp-block-column is-layout-flow wp-block-column-is-layout-flow\"><div class=\"wp-block-image\">\n<figure class=\"aligncenter size-full\"><img decoding=\"async\" width=\"1981\" height=\"1981\" src=\"https:\/\/www.shouyasanitary.com\/wp-content\/uploads\/2025\/05\/Custom-Vanities-for-Bathrooms-Modern-PVC-Bathroom-Cabinet-1.webp\" alt=\"Tocadores de ba\u00f1o a medida, mueble de ba\u00f1o moderno de PVC (1)\" class=\"wp-image-1114\" style=\"object-fit:cover\" srcset=\"https:\/\/www.shouyasanitary.com\/wp-content\/uploads\/2025\/05\/Custom-Vanities-for-Bathrooms-Modern-PVC-Bathroom-Cabinet-1.webp 1981w, https:\/\/www.shouyasanitary.com\/wp-content\/uploads\/2025\/05\/Custom-Vanities-for-Bathrooms-Modern-PVC-Bathroom-Cabinet-1-300x300.webp 300w, https:\/\/www.shouyasanitary.com\/wp-content\/uploads\/2025\/05\/Custom-Vanities-for-Bathrooms-Modern-PVC-Bathroom-Cabinet-1-150x150.webp 150w, https:\/\/www.shouyasanitary.com\/wp-content\/uploads\/2025\/05\/Custom-Vanities-for-Bathrooms-Modern-PVC-Bathroom-Cabinet-1-768x768.webp 768w, https:\/\/www.shouyasanitary.com\/wp-content\/uploads\/2025\/05\/Custom-Vanities-for-Bathrooms-Modern-PVC-Bathroom-Cabinet-1-12x12.webp 12w, https:\/\/www.shouyasanitary.com\/wp-content\/uploads\/2025\/05\/Custom-Vanities-for-Bathrooms-Modern-PVC-Bathroom-Cabinet-1-1200x1200.webp 1200w, https:\/\/www.shouyasanitary.com\/wp-content\/uploads\/2025\/05\/Custom-Vanities-for-Bathrooms-Modern-PVC-Bathroom-Cabinet-1-600x600.webp 600w, https:\/\/www.shouyasanitary.com\/wp-content\/uploads\/2025\/05\/Custom-Vanities-for-Bathrooms-Modern-PVC-Bathroom-Cabinet-1-100x100.webp 100w\" sizes=\"(max-width: 1981px) 100vw, 1981px\" \/><\/figure>\n<\/div><\/div>\n<\/div>","protected":false},"excerpt":{"rendered":"<p>Tocadores a medida para cuartos de ba\u00f1o, material de PVC, dise\u00f1o elegante, amplio espejo, con armario de espejo y espacio de almacenamiento de varios compartimentos, creando un espacio de ba\u00f1o c\u00f3modo y hermoso. Suministro directo de f\u00e1brica, soporte de personalizaci\u00f3n. P\u00f3ngase en contacto con nosotros para un presupuesto.<\/p>\n<h2>Atributos de los tocadores para cuartos de ba\u00f1o\uff1a<\/h2>\n<p><strong>Art\u00edculo No: <\/strong>HR8813-90<strong><br \/>Material del armario:<\/strong> PVC<br \/><strong>Color del armario: <\/strong> Gris claro<br \/><strong>Espejo:<\/strong> Espejo LED (3,5 mm\/3,8 mm), iluminaci\u00f3n tricolor, desempa\u00f1ado con un solo toque, protegido con embalaje de espuma multicapa<br \/><strong>Tipo de instalaci\u00f3n:<\/strong>\u00a0Montaje en pared<br \/><strong>Dimensiones (L\u00d7A\u00d7H):<\/strong> 90*47*48 cm<br \/><strong>Peso bruto:<\/strong> 30 kg\/set<\/p>\n<h2>Personalizaci\u00f3n y servicios:<\/h2>\n<p><strong>OEM Y ODM<\/strong>: Soporte<br \/><strong>Dise\u00f1o<\/strong>: Gratis<br \/><strong>Accesorios<\/strong>: Lavabos, espejos, grifos y otros accesorios de ba\u00f1o<br \/><strong>Embalaje<\/strong>: Listo para montar<\/p>","protected":false},"featured_media":1114,"comment_status":"closed","ping_status":"closed","template":"","meta":{"_acf_changed":false},"product_brand":[],"product_cat":[24],"product_tag":[],"class_list":{"0":"post-1113","1":"product","2":"type-product","3":"status-publish","4":"has-post-thumbnail","6":"product_cat-wholesale-pvc-bathroom-vanity-cabinets","8":"first","9":"instock","10":"shipping-taxable","11":"product-type-simple"},"acf":[],"_links":{"self":[{"href":"https:\/\/www.shouyasanitary.com\/es\/wp-json\/wp\/v2\/product\/1113","targetHints":{"allow":["GET"]}}],"collection":[{"href":"https:\/\/www.shouyasanitary.com\/es\/wp-json\/wp\/v2\/product"}],"about":[{"href":"https:\/\/www.shouyasanitary.com\/es\/wp-json\/wp\/v2\/types\/product"}],"replies":[{"embeddable":true,"href":"https:\/\/www.shouyasanitary.com\/es\/wp-json\/wp\/v2\/comments?post=1113"}],"wp:featuredmedia":[{"embeddable":true,"href":"https:\/\/www.shouyasanitary.com\/es\/wp-json\/wp\/v2\/media\/1114"}],"wp:attachment":[{"href":"https:\/\/www.shouyasanitary.com\/es\/wp-json\/wp\/v2\/media?parent=1113"}],"wp:term":[{"taxonomy":"product_brand","embeddable":true,"href":"https:\/\/www.shouyasanitary.com\/es\/wp-json\/wp\/v2\/product_brand?post=1113"},{"taxonomy":"product_cat","embeddable":true,"href":"https:\/\/www.shouyasanitary.com\/es\/wp-json\/wp\/v2\/product_cat?post=1113"},{"taxonomy":"product_tag","embeddable":true,"href":"https:\/\/www.shouyasanitary.com\/es\/wp-json\/wp\/v2\/product_tag?post=1113"}],"curies":[{"name":"wp","href":"https:\/\/api.w.org\/{rel}","templated":true}]}}