{"id":1117,"date":"2025-05-22T16:55:59","date_gmt":"2025-05-22T16:55:59","guid":{"rendered":"https:\/\/www.shouyasanitary.com\/?post_type=product&#038;p=1117"},"modified":"2025-05-22T16:56:05","modified_gmt":"2025-05-22T16:56:05","slug":"bathroom-vanities-wholesale","status":"publish","type":"product","link":"https:\/\/www.shouyasanitary.com\/es\/producto\/bathroom-vanities-wholesale\/","title":{"rendered":"Tocadores de Ba\u00f1o Blancos al por mayor, Armario de PVC Ba\u00f1o con Espejo al por mayor"},"content":{"rendered":"<div class=\"wp-block-columns is-layout-flex wp-container-core-columns-is-layout-9d6595d7 wp-block-columns-is-layout-flex\">\n<div class=\"wp-block-column is-layout-flow wp-block-column-is-layout-flow\">\n<h2 class=\"wp-block-heading\">Caracter\u00edsticas de los tocadores de ba\u00f1o blancos\uff1a<\/h2>\n\n\n\n<p><strong>Aspecto moderno y minimalista<\/strong>: blanco y gris, l\u00edneas minimalistas combinadas con tiradores hexagonales, \u00fanicos y modernos, m\u00e1s art\u00edsticos.<\/p>\n\n\n\n<p><strong>Material de PVC de alta calidad<\/strong>: Hecho de material de PVC, que tiene un buen rendimiento a prueba de agua y humedad. No es f\u00e1cil de deformar en un ambiente h\u00famedo ba\u00f1o y satisfacer las necesidades de los ba\u00f1os modernos.<\/p>\n\n\n\n<p><strong>Potente funci\u00f3n de almacenamiento<\/strong>: Dise\u00f1o de doble puerta de gran capacidad, que puede utilizarse para guardar art\u00edculos de aseo diario. El compartimento abierto es conveniente para acceder a objetos peque\u00f1os y hacer almacenamiento clasificado m\u00e1s ordenado.<\/p>\n\n\n\n<p><strong>Tiras luminosas alrededor del espejo<\/strong>: Las tiras luminosas situadas a ambos lados proporcionan una iluminaci\u00f3n suplementaria, con una luz suave que satisface las necesidades de iluminaci\u00f3n de escenarios como el aseo personal.<\/p>\n\n\n\n<p><strong>Dise\u00f1o mural<\/strong>: El m\u00e9todo de instalaci\u00f3n suspendida facilita la limpieza del suelo y lo mantiene limpio y ordenado, crea una sensaci\u00f3n visual de ligereza y mejora la sensaci\u00f3n general de espacio.<\/p>\n\n\n\n<p><strong>Venta directa de f\u00e1brica<\/strong>: Suministro de f\u00e1brica, disfrute del precio de f\u00e1brica de origen, calidad estable, plazo de entrega controlable, rendimiento de alto coste.<\/p>\n<\/div>\n\n\n\n<div class=\"wp-block-column is-layout-flow wp-block-column-is-layout-flow\"><div class=\"wp-block-image\">\n<figure class=\"aligncenter size-full\"><img decoding=\"async\" width=\"2086\" height=\"2086\" src=\"https:\/\/www.shouyasanitary.com\/wp-content\/uploads\/2025\/05\/White-Bathroom-Vanities-Wholesale-Light-Luxury-PVC-Cabinet-Bathroom-1.webp\" alt=\"Tocadores de Ba\u00f1o Blanco al por mayor, Luz de lujo de PVC Gabinete de Ba\u00f1o (1)\" class=\"wp-image-1119\" style=\"object-fit:cover\" srcset=\"https:\/\/www.shouyasanitary.com\/wp-content\/uploads\/2025\/05\/White-Bathroom-Vanities-Wholesale-Light-Luxury-PVC-Cabinet-Bathroom-1.webp 2086w, https:\/\/www.shouyasanitary.com\/wp-content\/uploads\/2025\/05\/White-Bathroom-Vanities-Wholesale-Light-Luxury-PVC-Cabinet-Bathroom-1-300x300.webp 300w, https:\/\/www.shouyasanitary.com\/wp-content\/uploads\/2025\/05\/White-Bathroom-Vanities-Wholesale-Light-Luxury-PVC-Cabinet-Bathroom-1-150x150.webp 150w, https:\/\/www.shouyasanitary.com\/wp-content\/uploads\/2025\/05\/White-Bathroom-Vanities-Wholesale-Light-Luxury-PVC-Cabinet-Bathroom-1-768x768.webp 768w, https:\/\/www.shouyasanitary.com\/wp-content\/uploads\/2025\/05\/White-Bathroom-Vanities-Wholesale-Light-Luxury-PVC-Cabinet-Bathroom-1-12x12.webp 12w, https:\/\/www.shouyasanitary.com\/wp-content\/uploads\/2025\/05\/White-Bathroom-Vanities-Wholesale-Light-Luxury-PVC-Cabinet-Bathroom-1-1200x1200.webp 1200w, https:\/\/www.shouyasanitary.com\/wp-content\/uploads\/2025\/05\/White-Bathroom-Vanities-Wholesale-Light-Luxury-PVC-Cabinet-Bathroom-1-600x600.webp 600w, https:\/\/www.shouyasanitary.com\/wp-content\/uploads\/2025\/05\/White-Bathroom-Vanities-Wholesale-Light-Luxury-PVC-Cabinet-Bathroom-1-100x100.webp 100w\" sizes=\"(max-width: 2086px) 100vw, 2086px\" \/><\/figure>\n<\/div><\/div>\n<\/div>","protected":false},"excerpt":{"rendered":"<p>Tocadores de ba\u00f1o blancos al por mayor, luz moderna de estilo lujoso, dise\u00f1o flotante con tiradores geom\u00e9tricos y armario con espejo, de gran capacidad y belleza. Stock a granel semi-personalizado, precio de f\u00e1brica. \u00a1P\u00f3ngase en contacto con nosotros para obtener una cotizaci\u00f3n ahora!<\/p>\n<h2>Tocadores de ba\u00f1o blancos Atributos\uff1a<\/h2>\n<p><strong>Art\u00edculo No:<\/strong>HR8808-90<strong><br \/>Material del armario:<\/strong> PVC<br \/><strong>Color del armario:<\/strong> Blanco<br \/><strong>Espejo:<\/strong> Espejo LED (3,5 mm\/3,8 mm), iluminaci\u00f3n tricolor, desempa\u00f1ado con un solo toque, protegido con embalaje de espuma multicapa<br \/><strong>Tipo de instalaci\u00f3n:<\/strong>\u00a0Montaje en pared<br \/><strong>Dimensiones (L\u00d7A\u00d7H):<\/strong> 90*47*50 cm<br \/><strong>Peso bruto:<\/strong> 30 kg\/set<\/p>\n<h2>Personalizaci\u00f3n y servicios:<\/h2>\n<p><strong>OEM Y ODM<\/strong>: Soporte<br \/><strong>Dise\u00f1o<\/strong>: Gratis<br \/><strong>Accesorios<\/strong>: Lavabos, espejos, grifos y otros accesorios de ba\u00f1o<br \/><strong>Embalaje<\/strong>: Listo para montar<\/p>","protected":false},"featured_media":1119,"comment_status":"closed","ping_status":"closed","template":"","meta":{"_acf_changed":false},"product_brand":[],"product_cat":[24],"product_tag":[],"class_list":{"0":"post-1117","1":"product","2":"type-product","3":"status-publish","4":"has-post-thumbnail","6":"product_cat-wholesale-pvc-bathroom-vanity-cabinets","8":"first","9":"instock","10":"shipping-taxable","11":"product-type-simple"},"acf":[],"_links":{"self":[{"href":"https:\/\/www.shouyasanitary.com\/es\/wp-json\/wp\/v2\/product\/1117","targetHints":{"allow":["GET"]}}],"collection":[{"href":"https:\/\/www.shouyasanitary.com\/es\/wp-json\/wp\/v2\/product"}],"about":[{"href":"https:\/\/www.shouyasanitary.com\/es\/wp-json\/wp\/v2\/types\/product"}],"replies":[{"embeddable":true,"href":"https:\/\/www.shouyasanitary.com\/es\/wp-json\/wp\/v2\/comments?post=1117"}],"wp:featuredmedia":[{"embeddable":true,"href":"https:\/\/www.shouyasanitary.com\/es\/wp-json\/wp\/v2\/media\/1119"}],"wp:attachment":[{"href":"https:\/\/www.shouyasanitary.com\/es\/wp-json\/wp\/v2\/media?parent=1117"}],"wp:term":[{"taxonomy":"product_brand","embeddable":true,"href":"https:\/\/www.shouyasanitary.com\/es\/wp-json\/wp\/v2\/product_brand?post=1117"},{"taxonomy":"product_cat","embeddable":true,"href":"https:\/\/www.shouyasanitary.com\/es\/wp-json\/wp\/v2\/product_cat?post=1117"},{"taxonomy":"product_tag","embeddable":true,"href":"https:\/\/www.shouyasanitary.com\/es\/wp-json\/wp\/v2\/product_tag?post=1117"}],"curies":[{"name":"wp","href":"https:\/\/api.w.org\/{rel}","templated":true}]}}