{"id":1121,"date":"2025-05-22T17:05:14","date_gmt":"2025-05-22T17:05:14","guid":{"rendered":"https:\/\/www.shouyasanitary.com\/?post_type=product&#038;p=1121"},"modified":"2025-05-22T17:05:19","modified_gmt":"2025-05-22T17:05:19","slug":"wholesale-vanity-bathroom","status":"publish","type":"product","link":"https:\/\/www.shouyasanitary.com\/es\/producto\/wholesale-vanity-bathroom\/","title":{"rendered":"Mayorista Tocador Ba\u00f1o PVC Gris con Espejos Armario al por mayor"},"content":{"rendered":"<div class=\"wp-block-columns is-layout-flex wp-container-core-columns-is-layout-9d6595d7 wp-block-columns-is-layout-flex\">\n<div class=\"wp-block-column is-layout-flow wp-block-column-is-layout-flow\">\n<h2 class=\"wp-block-heading\">Caracter\u00edsticas del cuarto de ba\u00f1o del tocador\uff1a<\/h2>\n\n\n\n<p><strong>Material de PVC de alta calidad<\/strong>: Es impermeable, a prueba de humedad y resistente a la corrosi\u00f3n, no es f\u00e1cil que se forme moho o se deforme en un entorno de ba\u00f1o h\u00famedo. Es ligero y f\u00e1cil de instalar y transportar.<\/p>\n\n\n\n<p><strong>Lavabo de cer\u00e1mica de alta gama<\/strong>: El material cer\u00e1mico tiene una superficie lisa, una textura dura y resistente al desgaste.<\/p>\n\n\n\n<p><strong>Dise\u00f1o de doble puerta de armario<\/strong>: proporciona un amplio espacio de almacenamiento cerrado, lo que permite clasificar y guardar art\u00edculos de mayor tama\u00f1o, como toallas de ba\u00f1o y art\u00edculos de aseo, manteniendo el cuarto de ba\u00f1o limpio y ordenado.<\/p>\n\n\n\n<p><strong>Espacio de almacenamiento de la partici\u00f3n abierta<\/strong>: Hay un tabique abierto en el lado derecho, que resulta pr\u00e1ctico para acceder a los objetos de uso frecuente, como las toallas dobladas y los art\u00edculos de aseo diario y de ba\u00f1o.<\/p>\n\n\n\n<p><strong>Armario con espejo multifuncional:<\/strong> Tiene las funciones habituales de un espejo y ofrece espacio de almacenamiento adicional, que puede utilizarse para guardar peque\u00f1os objetos, como productos para el cuidado de la piel y cosm\u00e9ticos.<\/p>\n\n\n\n<p><strong>Soporte OEM\/ODM<\/strong>: El dise\u00f1o, el tama\u00f1o, el color y el material pueden personalizarse para adaptarse a distintos tipos de apartamentos y estilos de dise\u00f1o.<\/p>\n<\/div>\n\n\n\n<div class=\"wp-block-column is-layout-flow wp-block-column-is-layout-flow\"><div class=\"wp-block-image\">\n<figure class=\"aligncenter size-full\"><img decoding=\"async\" width=\"1986\" height=\"1986\" src=\"https:\/\/www.shouyasanitary.com\/wp-content\/uploads\/2025\/05\/Wholesale-Vanity-Bathrooms-PVC-Grey-Factory-Direct-Bathroom-Cabinet-with-Mirrors-1.webp\" alt=\"Mayorista Ba\u00f1o Vanidad PVC Gris, Gabinete de Ba\u00f1o Directo de F\u00e1brica con Espejos (1)\" class=\"wp-image-1123\" style=\"object-fit:cover\" srcset=\"https:\/\/www.shouyasanitary.com\/wp-content\/uploads\/2025\/05\/Wholesale-Vanity-Bathrooms-PVC-Grey-Factory-Direct-Bathroom-Cabinet-with-Mirrors-1.webp 1986w, https:\/\/www.shouyasanitary.com\/wp-content\/uploads\/2025\/05\/Wholesale-Vanity-Bathrooms-PVC-Grey-Factory-Direct-Bathroom-Cabinet-with-Mirrors-1-300x300.webp 300w, https:\/\/www.shouyasanitary.com\/wp-content\/uploads\/2025\/05\/Wholesale-Vanity-Bathrooms-PVC-Grey-Factory-Direct-Bathroom-Cabinet-with-Mirrors-1-150x150.webp 150w, https:\/\/www.shouyasanitary.com\/wp-content\/uploads\/2025\/05\/Wholesale-Vanity-Bathrooms-PVC-Grey-Factory-Direct-Bathroom-Cabinet-with-Mirrors-1-768x768.webp 768w, https:\/\/www.shouyasanitary.com\/wp-content\/uploads\/2025\/05\/Wholesale-Vanity-Bathrooms-PVC-Grey-Factory-Direct-Bathroom-Cabinet-with-Mirrors-1-12x12.webp 12w, https:\/\/www.shouyasanitary.com\/wp-content\/uploads\/2025\/05\/Wholesale-Vanity-Bathrooms-PVC-Grey-Factory-Direct-Bathroom-Cabinet-with-Mirrors-1-1200x1200.webp 1200w, https:\/\/www.shouyasanitary.com\/wp-content\/uploads\/2025\/05\/Wholesale-Vanity-Bathrooms-PVC-Grey-Factory-Direct-Bathroom-Cabinet-with-Mirrors-1-600x600.webp 600w, https:\/\/www.shouyasanitary.com\/wp-content\/uploads\/2025\/05\/Wholesale-Vanity-Bathrooms-PVC-Grey-Factory-Direct-Bathroom-Cabinet-with-Mirrors-1-100x100.webp 100w\" sizes=\"(max-width: 1986px) 100vw, 1986px\" \/><\/figure>\n<\/div><\/div>\n<\/div>","protected":false},"excerpt":{"rendered":"<p>Bienvenido al ba\u00f1o de la vanidad al por mayor, gabinete de ba\u00f1o gris patr\u00f3n vertical, dise\u00f1o flotante, con un lavabo y espejo gabinete. Suministro directo del fabricante chino, el apoyo OEM \/ ODM, y el env\u00edo global. \u00a1Bienvenido a preguntar hoy!<\/p>\n<h2>Atributos del lavabo\uff1a<\/h2>\n<p><strong>Art\u00edculo No: <\/strong>HR8806-90<strong><br \/>Material del armario:<\/strong> PVC<br \/><strong>Color del armario:\u00a0<\/strong>Gris<br \/><strong>Espejo:<\/strong> Espejo LED (3,5 mm\/3,8 mm), iluminaci\u00f3n tricolor, desempa\u00f1ado con un solo toque, protegido con embalaje de espuma multicapa<br \/><strong>Tipo de instalaci\u00f3n:<\/strong>\u00a0Montaje en pared<br \/><strong>Dimensiones (L\u00d7A\u00d7H):<\/strong> 90*47*50 cm<br \/><strong>Peso bruto:<\/strong> 30 kg\/set<\/p>\n<h2>Personalizaci\u00f3n y servicios:<\/h2>\n<p><strong>OEM Y ODM<\/strong>: Soporte<br \/><strong>Dise\u00f1o<\/strong>: Gratis<br \/><strong>Accesorios<\/strong>: Lavabos, espejos, grifos y otros accesorios de ba\u00f1o<br \/><strong>Embalaje<\/strong>: Listo para montar<\/p>","protected":false},"featured_media":1123,"comment_status":"closed","ping_status":"closed","template":"","meta":{"_acf_changed":false},"product_brand":[],"product_cat":[24],"product_tag":[],"class_list":{"0":"post-1121","1":"product","2":"type-product","3":"status-publish","4":"has-post-thumbnail","6":"product_cat-wholesale-pvc-bathroom-vanity-cabinets","8":"first","9":"instock","10":"shipping-taxable","11":"product-type-simple"},"acf":[],"_links":{"self":[{"href":"https:\/\/www.shouyasanitary.com\/es\/wp-json\/wp\/v2\/product\/1121","targetHints":{"allow":["GET"]}}],"collection":[{"href":"https:\/\/www.shouyasanitary.com\/es\/wp-json\/wp\/v2\/product"}],"about":[{"href":"https:\/\/www.shouyasanitary.com\/es\/wp-json\/wp\/v2\/types\/product"}],"replies":[{"embeddable":true,"href":"https:\/\/www.shouyasanitary.com\/es\/wp-json\/wp\/v2\/comments?post=1121"}],"wp:featuredmedia":[{"embeddable":true,"href":"https:\/\/www.shouyasanitary.com\/es\/wp-json\/wp\/v2\/media\/1123"}],"wp:attachment":[{"href":"https:\/\/www.shouyasanitary.com\/es\/wp-json\/wp\/v2\/media?parent=1121"}],"wp:term":[{"taxonomy":"product_brand","embeddable":true,"href":"https:\/\/www.shouyasanitary.com\/es\/wp-json\/wp\/v2\/product_brand?post=1121"},{"taxonomy":"product_cat","embeddable":true,"href":"https:\/\/www.shouyasanitary.com\/es\/wp-json\/wp\/v2\/product_cat?post=1121"},{"taxonomy":"product_tag","embeddable":true,"href":"https:\/\/www.shouyasanitary.com\/es\/wp-json\/wp\/v2\/product_tag?post=1121"}],"curies":[{"name":"wp","href":"https:\/\/api.w.org\/{rel}","templated":true}]}}